{"id":5719,"date":"2025-03-13T16:20:26","date_gmt":"2025-03-13T15:20:26","guid":{"rendered":"https:\/\/app-visiodrom.pixel-tal.de\/soehrete-giden-yol\/"},"modified":"2025-03-21T10:16:18","modified_gmt":"2025-03-21T09:16:18","slug":"soehrete-giden-yol","status":"publish","type":"page","link":"https:\/\/app.visiodrom.de\/tr\/soehrete-giden-yol\/","title":{"rendered":"\u015e\u00f6hrete giden yol"},"content":{"rendered":"<section class=\"gb-container gb-container-d9d80a22\">\n<div class=\"gb-container gb-container-a6fda573\">\n\n\t\t\t<div class=\"page-slider swiper\">\n\t\t\t\t\t\t\t\t<div class=\"page-slider-inner swiper-wrapper\">\n\n\t\t\t\t\t\t\t\t\n\t\t\t\t<div id=\"slide-3f953789635d9fdadd64a3fe32a7b58d\" class=\"swiper-slide slide\">\n\n\t\t\t\t\t<div class=\"acf-innerblocks-container\">\n\n<div class=\"wp-block-pixel-headline headlines is-subheadline-bottom has-text-align-left\"><h3 class=\"headline\" style=\"color:\">\u00c7arpan olarak uzmanlar<\/h3><\/div>\n\n\n\n<p>Bu ki\u015filer Vincent&#8217;\u0131n sanat\u0131ndan erken ya\u015flarda ilham alm\u0131\u015f ve sanat\u0131n yayg\u0131nla\u015fmas\u0131na \u00f6nemli katk\u0131larda bulunmu\u015flard\u0131r.<\/p>\n\n\n\n<div class=\"wp-block-pixel-headline headlines is-subheadline-bottom has-text-align-left\"><h4 class=\"headline\" style=\"color:\">Paul Cassirer<\/h4><span class=\"subheadline\" style=\"color:\">(1871-1926)<\/span><\/div>\n\n\n\n<figure class=\"gb-block-image gb-block-image-8d3aa06f\"><img loading=\"lazy\" decoding=\"async\" width=\"730\" height=\"992\" class=\"gb-image gb-image-8d3aa06f\" src=\"https:\/\/app.visiodrom.de\/wp-content\/uploads\/BAL_3001905.jpg\" alt=\"\" title=\"BAL_3001905\" srcset=\"https:\/\/app.visiodrom.de\/wp-content\/uploads\/BAL_3001905.jpg 730w, https:\/\/app.visiodrom.de\/wp-content\/uploads\/BAL_3001905-221x300.jpg 221w\" sizes=\"auto, (max-width: 730px) 100vw, 730px\" \/>\n<figcaption class=\"gb-headline gb-headline-1090da15 gb-headline-text\">Paul Cassirer&#8217;in (1871-1926) foto\u011fraf\u0131<br>1905 civar\u0131<\/figcaption>\n<\/figure>\n\n\n\n<p>Alman sanat simsar\u0131 ve yay\u0131nc\u0131 Paul Cassirer (1871-1926) \u00e7ok say\u0131da sabit serginin yan\u0131 s\u0131ra Viyana, Dresden ve Hamburg&#8217;a gezici sergiler d\u00fczenledi. Birinci D\u00fcnya Sava\u015f\u0131&#8217;na kadar Almanya&#8217;da yakla\u015f\u0131k 120 Van Gogh tablosu vard\u0131 ve bunlar\u0131n 80&#8217;i sadece Paul Cassirer&#8217;in sanat galerisi taraf\u0131ndan organize edilmi\u015fti.  <\/p>\n\n\n\n<div class=\"wp-block-pixel-headline headlines is-subheadline-bottom has-text-align-left\"><h4 class=\"headline\" style=\"color:\">Julius Meier-Graefe<\/h4><span class=\"subheadline\" style=\"color:\">(1867-1935)<\/span><\/div>\n\n\n\n<figure class=\"gb-block-image gb-block-image-a1d37d70\"><img loading=\"lazy\" decoding=\"async\" width=\"730\" height=\"973\" class=\"gb-image gb-image-a1d37d70\" src=\"https:\/\/app.visiodrom.de\/wp-content\/uploads\/BAL_7308942.jpg\" alt=\"\" title=\"BAL_7308942\" srcset=\"https:\/\/app.visiodrom.de\/wp-content\/uploads\/BAL_7308942.jpg 730w, https:\/\/app.visiodrom.de\/wp-content\/uploads\/BAL_7308942-225x300.jpg 225w\" sizes=\"auto, (max-width: 730px) 100vw, 730px\" \/>\n<figcaption class=\"gb-headline gb-headline-44ddb57c gb-headline-text\">Julius Meier-Graefe<br>Edvard Munch (1863-1944), c. 1894<br>Tuval \u00fczerine ya\u011fl\u0131boya, 100 x 75 cm<br>Ulusal M\u00fcze Oslo, Norve\u00e7<\/figcaption>\n<\/figure>\n\n\n\n<p>Etkili sanat tarih\u00e7isi ve yazar Julius Meier-Graefe (1867-1935) Van Gogh&#8217;un \u00e7al\u0131\u015fmalar\u0131n\u0131n \u00f6nemini erken fark etti. 1900 y\u0131l\u0131nda &#8216;Die Insel&#8217; dergisinde Van Gogh hakk\u0131nda ilk kez yazd\u0131. &#8216;Entwicklungsgeschichte der modernen Kunst&#8217; (Modern Sanat\u0131n Geli\u015fim Tarihi) adl\u0131 kitab\u0131nda Van Gogh&#8217;a tam bir b\u00f6l\u00fcm ay\u0131rd\u0131 ve 1910 y\u0131l\u0131nda ressam hakk\u0131ndaki ilk kitab\u0131 olan &#8216;Vincent van Gogh&#8217;u yay\u0131nlad\u0131.  <\/p>\n\n\n\n<div class=\"wp-block-pixel-headline headlines is-subheadline-bottom has-text-align-left\"><h4 class=\"headline\" style=\"color:\">Helene Kr\u00f6ller-M\u00fcller<\/h4><span class=\"subheadline\" style=\"color:\">(1869-1939)<\/span><\/div>\n\n\n\n<figure class=\"gb-block-image gb-block-image-96983d1e\"><img loading=\"lazy\" decoding=\"async\" width=\"730\" height=\"982\" class=\"gb-image gb-image-96983d1e\" src=\"https:\/\/app.visiodrom.de\/wp-content\/uploads\/Helene_Mueller_and_Anton_Kroeller_cropped-1.jpg\" alt=\"\" title=\"Helene_M\u00fcller_and_Anton_Kr\u00f6ller_(cropped)\" srcset=\"https:\/\/app.visiodrom.de\/wp-content\/uploads\/Helene_Mueller_and_Anton_Kroeller_cropped-1.jpg 730w, https:\/\/app.visiodrom.de\/wp-content\/uploads\/Helene_Mueller_and_Anton_Kroeller_cropped-1-223x300.jpg 223w\" sizes=\"auto, (max-width: 730px) 100vw, 730px\" \/>\n<figcaption class=\"gb-headline gb-headline-29d35730 gb-headline-text\">Helene M\u00fcller 1887\/88 civar\u0131nda<br>K\u0131sa bir s\u00fcre sonra zengin m\u00fcteahhit Anton Kr\u00f6ller ile ni\u015fanland\u0131.<\/figcaption>\n<\/figure>\n\n\n\n<p>Helene Kr\u00f6ller-M\u00fcller, Van Gogh&#8217;un sanat\u0131ndan derinden etkilenmi\u015fti. Zenginli\u011fi onu tutkulu bir koleksiyoncu yapt\u0131. 1908 y\u0131l\u0131nda ilk Van Gogh tablosu olan &#8216;Orman Kenar\u0131&#8217;n\u0131 110 guldene sat\u0131n ald\u0131.  <\/p>\n\n\n\n<p>Bunu 88 resim ve 172 \u00e7izim takip edecekti. 1938&#8217;de e\u015fi Anton ile birlikte Vincent&#8217;\u0131n sanat\u0131n\u0131 herkes i\u00e7in eri\u015filebilir k\u0131lmak amac\u0131yla Hollanda&#8217;n\u0131n Otterlo kentinde Kr\u00f6ller-M\u00fcller M\u00fczesi&#8217;ni kurdular. <\/p>\n\n<\/div>\n\t\t\t\t\t\n\t\t\t\t<\/div>\n\t\t\t\t\n\t\t\t\t\n\t\t\t\n\n\n\t\t\t\t\t\t\t\t\n\t\t\t\t<div id=\"slide-3f953789635d9fdadd64a3fe32a7b58d\" class=\"swiper-slide slide\">\n\n\t\t\t\t\t<div class=\"acf-innerblocks-container\">\n\n<div class=\"wp-block-pixel-headline headlines is-subheadline-bottom has-text-align-left\"><h3 class=\"headline\" style=\"color:\">Ya\u015fam\u0131n\u0131z boyunca tan\u0131n\u0131rl\u0131k<\/h3><\/div>\n\n\n\n<p>17 A\u011fustos 1889&#8217;da &#8216;De Portefeuille: Kunst- en Letterbode&#8217; dergisinde bir ele\u015ftiri yay\u0131mland\u0131:<br\/><br\/><strong>\u00bb<\/strong>Bu on dokuzuncu y\u00fczy\u0131l\u0131n bir kez daha fark\u0131na vard\u0131\u011f\u0131 muhte\u015fem, g\u00fc\u00e7l\u00fc ya\u015fam\u0131 bize bi\u00e7imler ve renklerle kim aktar\u0131yor? [&#8230;] Birini tan\u0131yorum, yaln\u0131z bir \u00f6nc\u00fc, gecenin derinliklerinde tek ba\u015f\u0131na sava\u015f\u0131yor, ad\u0131 Vincent, gelecek nesillere kalacak. Bir Hollandal\u0131 olan bu ola\u011fan\u00fcst\u00fc kahraman hakk\u0131nda daha sonra s\u00f6yleyeceklerimiz olacak.\u00ab  <\/p>\n\n\n\n<p>Van Gogh&#8217;tan sanat bas\u0131n\u0131nda ilk kez bahseden J.J. Isaacson (1859-1942) da bir ressam ve Hollandal\u0131yd\u0131.<\/p>\n\n\n\n<div class=\"wp-block-pixel-headline headlines is-subheadline-bottom has-text-align-left\"><h4 class=\"headline\" style=\"color:\">Mercure de France dergisi<\/h4><span class=\"subheadline\" style=\"color:\">(Say\u0131: 29 Ocak 1890, &#8216;\u0130zole Edilenler&#8217; ba\u015fl\u0131kl\u0131 makale, sayfa 24-29)<\/span><\/div>\n\n\n\n<p>Bu \u00e7ok sayfal\u0131 ilk makalede Frans\u0131z sanat ele\u015ftirmeni Albert Aurier (1865-1892) Van Gogh&#8217;un al\u0131\u015f\u0131lmad\u0131k, tutkulu ve canl\u0131 sanatsal yarat\u0131mlar\u0131na duydu\u011fu hayranl\u0131\u011f\u0131 dile getirmi\u015ftir.<br\/><br\/>Aurier, Van Gogh&#8217;un ger\u00e7ek \u00f6z\u00fcn\u00fcn asla tam olarak anla\u015f\u0131lamayaca\u011f\u0131na inan\u0131yordu \u00e7\u00fcnk\u00fc sanat\u0131 \u00bb\u00e7a\u011fda\u015f burjuva zihni i\u00e7in \u00e7ok basit ve ayn\u0131 zamanda \u00e7ok incelikliydi\u00ab.<br\/><br\/><strong>\u00bb<\/strong>Sanat\u0131m\u0131z\u0131n \u00e7\u00f6k\u00fc\u015f\u00fcn\u00fc yeniden canland\u0131racak bir Mesih, bir &#8216;hakikat ekicisi&#8217; fikrini [&#8230;] hesaba katmadan ekiciyi nas\u0131l a\u00e7\u0131klayabiliriz [&#8230;]?\u00ab<br\/><br\/> Albert Aurier, &#8216;Mercure de France&#8217;, Ocak 1890<\/p>\n\n\n\n<figure class=\"gb-block-image gb-block-image-9918e4f4\"><img loading=\"lazy\" decoding=\"async\" width=\"730\" height=\"1274\" class=\"gb-image gb-image-9918e4f4\" src=\"https:\/\/app.visiodrom.de\/wp-content\/uploads\/mercure_de_france.jpg\" alt=\"\" title=\"mercure_de_france\" srcset=\"https:\/\/app.visiodrom.de\/wp-content\/uploads\/mercure_de_france.jpg 730w, https:\/\/app.visiodrom.de\/wp-content\/uploads\/mercure_de_france-172x300.jpg 172w, https:\/\/app.visiodrom.de\/wp-content\/uploads\/mercure_de_france-587x1024.jpg 587w\" sizes=\"auto, (max-width: 730px) 100vw, 730px\" \/>\n<figcaption class=\"gb-headline gb-headline-b03a96ae gb-headline-text\">Albert Aurier&#8217;in (1865-1892)<br>adresinde yay\u0131nlanan ve sadece Van Gogh ve sanat\u0131n\u0131 konu alan ilk makalesinin ba\u015fl\u0131k sayfas\u0131.<\/figcaption>\n<\/figure>\n\n<\/div>\n\t\t\t\t\t\n\t\t\t\t<\/div>\n\t\t\t\t\n\t\t\t\t\n\t\t\t\n\n\n\t\t\t\t\t\t\t\t\n\t\t\t\t<div id=\"slide-3f953789635d9fdadd64a3fe32a7b58d\" class=\"swiper-slide slide\">\n\n\t\t\t\t\t<div class=\"acf-innerblocks-container\">\n\n<div class=\"wp-block-pixel-headline headlines is-subheadline-bottom has-text-align-left\"><h3 class=\"headline\" style=\"color:\">K\u0131sa \u00e7al\u0131\u015fma, b\u00fcy\u00fck miras<\/h3><\/div>\n\n\n\n<p>Sadece on y\u0131l s\u00fcren Van Gogh&#8217;un yarat\u0131c\u0131l\u0131k d\u00f6nemi son derece k\u0131sayd\u0131 &#8211; Claude Monet yakla\u015f\u0131k 60 y\u0131l, Pablo Picasso ise 83 y\u0131l boyunca resim yapm\u0131\u015ft\u0131 &#8211; ancak yine de Hollandal\u0131 kendi kendini yeti\u015ftirmi\u015f sanat\u00e7\u0131n\u0131n g\u00fc\u00e7l\u00fc ifade tarz\u0131n\u0131 tan\u0131yan \u00e7a\u011fda\u015flar\u0131 vard\u0131 (bkz. &#8216;Ya\u015fad\u0131\u011f\u0131 d\u00f6nemde tan\u0131nma&#8217;).<\/p>\n\n\n\n<div class=\"wp-block-pixel-headline headlines is-subheadline-bottom has-text-align-left\"><h3 class=\"headline\" style=\"color:\">S\u0131ra d\u0131\u015f\u0131 Jo van Gogh-Bonger<\/h3><\/div>\n\n\n\n<figure class=\"gb-block-image gb-block-image-25d8984f\"><img loading=\"lazy\" decoding=\"async\" width=\"730\" height=\"1115\" class=\"gb-image gb-image-25d8984f\" src=\"https:\/\/app.visiodrom.de\/wp-content\/uploads\/urn-gvn-VGM01-b4820-large-1.jpg\" alt=\"\" title=\"urn-gvn-VGM01-b4820-large\" srcset=\"https:\/\/app.visiodrom.de\/wp-content\/uploads\/urn-gvn-VGM01-b4820-large-1.jpg 730w, https:\/\/app.visiodrom.de\/wp-content\/uploads\/urn-gvn-VGM01-b4820-large-1-196x300.jpg 196w, https:\/\/app.visiodrom.de\/wp-content\/uploads\/urn-gvn-VGM01-b4820-large-1-670x1024.jpg 670w\" sizes=\"auto, (max-width: 730px) 100vw, 730px\" \/>\n<figcaption class=\"gb-headline gb-headline-c78c081a gb-headline-text\">Van Gogh&#8217;un \u00f6l\u00fcm\u00fcnden sonra eserlerinin yay\u0131lmas\u0131nda kilit rol oynayan Johanna van Gogh-Bonger&#8217;in Nisan 1889 tarihli bir foto\u011fraf\u0131. <\/figcaption>\n<\/figure>\n\n\n\n<p>&#8216;Jo&#8217; kay\u0131nbiraderinin sanatsal miras\u0131n\u0131 hayat\u0131n\u0131n i\u015fi haline getirdi: \u00bb\u00c7ocuklar\u0131n\u0131 yeti\u015ftirmenin yan\u0131 s\u0131ra [Theo] bana ba\u015fka bir g\u00f6rev daha b\u0131rakt\u0131: Vincent&#8217;\u0131n eserleri &#8211; onlar\u0131 g\u00f6stermek, m\u00fcmk\u00fcn oldu\u011funca s\u0131k be\u011fenilmesini sa\u011flamak\u00ab, 1891&#8217;in ba\u015f\u0131nda g\u00fcnl\u00fc\u011f\u00fcne yazd\u0131.<\/p>\n\n\n\n<figure class=\"gb-block-image gb-block-image-6a30c02b\"><img loading=\"lazy\" decoding=\"async\" width=\"730\" height=\"872\" class=\"gb-image gb-image-6a30c02b\" src=\"https:\/\/app.visiodrom.de\/wp-content\/uploads\/Johanna_Bonger_et_famille_cropped-1.jpg\" alt=\"\" title=\"Johanna_Bonger_et_famille_(cropped)\" srcset=\"https:\/\/app.visiodrom.de\/wp-content\/uploads\/Johanna_Bonger_et_famille_cropped-1.jpg 730w, https:\/\/app.visiodrom.de\/wp-content\/uploads\/Johanna_Bonger_et_famille_cropped-1-251x300.jpg 251w\" sizes=\"auto, (max-width: 730px) 100vw, 730px\" \/>\n<figcaption class=\"gb-headline gb-headline-4ececcae gb-headline-text\">Johanna van Gogh-Bonger 1905 y\u0131l\u0131 civar\u0131nda o\u011flu Vincent Willem (1890-1978) ve ikinci kocas\u0131 ressam Cohen Gosschalk (1873-1912) ile birlikte. Van Gogh&#8217;un &#8216;Langlois K\u00f6pr\u00fcs\u00fc&#8217; adl\u0131 tablosu arka planda g\u00f6r\u00fclebilir. <\/figcaption>\n<\/figure>\n\n\n\n<p>Johanna 1 May\u0131s 1891&#8217;de Amsterdam yak\u0131nlar\u0131ndaki Bussum&#8217;da Van Gogh&#8217;un resimleriyle dekore etti\u011fi &#8216;Villa Helma&#8217; pansiyonunu a\u00e7t\u0131. \u00c9mile Bernard&#8217;a yazd\u0131\u011f\u0131 bir mektupta \u015f\u00f6yle diyordu: <strong>\u00bb<\/strong>&#8220;Ancak i\u00e7iniz rahat olsun: tablolar bir ah\u0131rda ya da lo\u015f bir arka odada kalmayacak. Aksine, t\u00fcm evi onlarla dekore edece\u011fim.\u00ab  <br\/><br\/>Sergiler, iyi d\u00fc\u015f\u00fcn\u00fclm\u00fc\u015f sat\u0131\u015flar, yay\u0131nlar ve bir\u00e7ok ki\u015fisel ba\u011flant\u0131 sayesinde Johanna, kay\u0131nbiraderinin eserlerinin sonraki y\u0131llarda galeri sahipleri, koleksiyonerler ve m\u00fcze m\u00fcd\u00fcrleri taraf\u0131ndan tan\u0131nmas\u0131n\u0131 sa\u011flamay\u0131 ba\u015fard\u0131. Johanna hayat\u0131 boyunca Van Gogh&#8217;un eserlerini \u00f6zenle satt\u0131 ve kay\u0131nbiraderinin sanatsal miras\u0131n\u0131 korumak i\u00e7in bir\u00e7ok tabloyu saklad\u0131. <br\/><br\/><strong>Vak\u0131fla ilgili \u015fey<\/strong><br\/><br\/>Johanna&#8217;n\u0131n o\u011flu Vincent Willem van Gogh annesinin \u00e7al\u0131\u015fmalar\u0131n\u0131 s\u00fcrd\u00fcrd\u00fc. Annesi gibi o da amcas\u0131n\u0131n resimlerini defalarca m\u00fczelere \u00f6d\u00fcn\u00e7 verdi. 1960 y\u0131l\u0131nda miras\u0131n\u0131 y\u00f6netmek i\u00e7in bir vak\u0131f kurdu. Bu vak\u0131f 1973 y\u0131l\u0131nda Amsterdam&#8217;da Van Gogh M\u00fczesi&#8217;ni kurdu. M\u00fcze, halen d\u00fcnyan\u0131n en b\u00fcy\u00fck eser koleksiyonuna ev sahipli\u011fi yapmaktad\u0131r.    <\/p>\n\n<\/div>\n\t\t\t\t\t\n\t\t\t\t<\/div>\n\t\t\t\t\n\t\t\t\t\n\t\t\t\n\n\n\t\t\t\t\t\t\t\t\n\t\t\t\t<div id=\"slide-3f953789635d9fdadd64a3fe32a7b58d\" class=\"swiper-slide slide\">\n\n\t\t\t\t\t<div class=\"acf-innerblocks-container\">\n\n<div class=\"wp-block-pixel-headline headlines is-subheadline-bottom has-text-align-left\"><h3 class=\"headline\" style=\"color:\">Sergiler<\/h3><\/div>\n\n\n\n<p>Johanna van Gogh-Bonger, ba\u015fta Almanya olmak \u00fczere t\u00fcm Avrupa&#8217;daki sergilere defalarca resim ve \u00e7izim \u00f6d\u00fcn\u00e7 verdi.<\/p>\n\n\n\n<figure class=\"gb-block-image gb-block-image-b410521d\"><img loading=\"lazy\" decoding=\"async\" width=\"730\" height=\"1158\" class=\"gb-image gb-image-b410521d\" src=\"https:\/\/app.visiodrom.de\/wp-content\/uploads\/Paris1901-1.jpg\" alt=\"\" title=\"Paris1901\" srcset=\"https:\/\/app.visiodrom.de\/wp-content\/uploads\/Paris1901-1.jpg 730w, https:\/\/app.visiodrom.de\/wp-content\/uploads\/Paris1901-1-189x300.jpg 189w, https:\/\/app.visiodrom.de\/wp-content\/uploads\/Paris1901-1-646x1024.jpg 646w\" sizes=\"auto, (max-width: 730px) 100vw, 730px\" \/><\/figure>\n\n\n\n<p><strong>Paris, 1901<\/strong><br\/><br\/>\u0130lk \u00f6nemli olay, 1901 y\u0131l\u0131nda Paris&#8217;te Van Gogh&#8217;un 70&#8217;ten fazla resminin ilk kez sergilendi\u011fi bir sergiydi. O zaman bile sergiye kat\u0131lanlar aras\u0131nda Auguste Rodin, Camille Pissarro ve di\u011fer \u00f6nemli ressamlar vard\u0131. Sergi, Almanya&#8217;dan gelenler de dahil olmak \u00fczere \u00e7ok say\u0131da ziyaret\u00e7inin ilgisini \u00e7ekti. Van Gogh&#8217;un &#8216;Frans\u0131z resim gelene\u011finin en son doruk noktas\u0131&#8217; oldu\u011fu y\u00f6n\u00fcnde ilk sesler y\u00fckselmeye ba\u015flad\u0131.   <\/p>\n\n\n\n<figure class=\"gb-block-image gb-block-image-8e7ca7fa\"><img loading=\"lazy\" decoding=\"async\" width=\"973\" height=\"1290\" class=\"gb-image gb-image-8e7ca7fa\" src=\"https:\/\/app.visiodrom.de\/wp-content\/uploads\/cartel-de-la-exposicion-de-vincent-van-gogh-en-el-DWP7CHSSLNDN7AC7H3544N4TQI.jpg\" alt=\"\" title=\"cartel-de-la-exposicion-de-vincent-van-gogh-en-el-DWP7CHSSLNDN7AC7H3544N4TQI\" srcset=\"https:\/\/app.visiodrom.de\/wp-content\/uploads\/cartel-de-la-exposicion-de-vincent-van-gogh-en-el-DWP7CHSSLNDN7AC7H3544N4TQI.jpg 973w, https:\/\/app.visiodrom.de\/wp-content\/uploads\/cartel-de-la-exposicion-de-vincent-van-gogh-en-el-DWP7CHSSLNDN7AC7H3544N4TQI-226x300.jpg 226w, https:\/\/app.visiodrom.de\/wp-content\/uploads\/cartel-de-la-exposicion-de-vincent-van-gogh-en-el-DWP7CHSSLNDN7AC7H3544N4TQI-772x1024.jpg 772w, https:\/\/app.visiodrom.de\/wp-content\/uploads\/cartel-de-la-exposicion-de-vincent-van-gogh-en-el-DWP7CHSSLNDN7AC7H3544N4TQI-768x1018.jpg 768w\" sizes=\"auto, (max-width: 973px) 100vw, 973px\" \/>\n<figcaption class=\"gb-headline gb-headline-ed71c943 gb-headline-text\">&#8216;Tentoonstelling &#8211; Sergi&#8217; &#8211; i\u015fte b\u00fcy\u00fck sanat bu kadar basit olabilir. Merak uyand\u0131r\u0131c\u0131: Per\u015fembe g\u00fcnleri giri\u015f iki kat daha y\u00fcksekti. <\/figcaption>\n<\/figure>\n\n\n\n<p><strong>Amsterdam, 1905<\/strong><br\/><br\/>Ticari at\u0131l\u0131m 1905 y\u0131l\u0131nda Johanna&#8217;n\u0131n Amsterdam&#8217;da 450&#8217;den fazla (!) eserin sergilendi\u011fi b\u00fcy\u00fck bir Van Gogh retrospektifi d\u00fczenlemesiyle ger\u00e7ekle\u015fti. Bu sergiden sonra Van Gogh tablolar\u0131n\u0131n fiyatlar\u0131 \u00f6nemli \u00f6l\u00e7\u00fcde y\u00fckseldi.  <\/p>\n\n\n\n<figure class=\"gb-block-image gb-block-image-03d72296\"><img loading=\"lazy\" decoding=\"async\" width=\"730\" height=\"1031\" class=\"gb-image gb-image-03d72296\" src=\"https:\/\/app.visiodrom.de\/wp-content\/uploads\/Bildschirmfoto-2025-03-03-um-15.36.jpg\" alt=\"\" title=\"Bildschirmfoto-2025-03-03-um-15.36\" srcset=\"https:\/\/app.visiodrom.de\/wp-content\/uploads\/Bildschirmfoto-2025-03-03-um-15.36.jpg 730w, https:\/\/app.visiodrom.de\/wp-content\/uploads\/Bildschirmfoto-2025-03-03-um-15.36-212x300.jpg 212w, https:\/\/app.visiodrom.de\/wp-content\/uploads\/Bildschirmfoto-2025-03-03-um-15.36-725x1024.jpg 725w\" sizes=\"auto, (max-width: 730px) 100vw, 730px\" \/><\/figure>\n\n\n\n<p><strong>K\u00f6ln, 1912<\/strong><br\/><br\/>1912&#8217;de K\u00f6ln&#8217;de d\u00fczenlenen Sonderbund sergisinde, Empresyonizm ve Post-Empresyonizm gibi &#8216;tart\u0131\u015fmal\u0131 modern resim&#8217; \u00f6n plana \u00e7\u0131kt\u0131. 29 salonda 634 resim &#8216;modernizmin bir at\u0131l\u0131m yapmas\u0131na yard\u0131mc\u0131 olacakt\u0131&#8217;. Bir ila be\u015finci salonlar sadece Van Gogh&#8217;un eserlerine ayr\u0131lm\u0131\u015ft\u0131 &#8211; toplam 107 eser.  <br\/><br\/>Almanya daha sonra Van Gogh&#8217;un sanat\u0131n\u0131n merkezi haline geldi.<\/p>\n\n\n\n<figure class=\"gb-block-image gb-block-image-a3aa1dc5\"><img loading=\"lazy\" decoding=\"async\" width=\"730\" height=\"960\" class=\"gb-image gb-image-a3aa1dc5\" src=\"https:\/\/app.visiodrom.de\/wp-content\/uploads\/katalog_titel.jpg\" alt=\"\" title=\"catalogue_title\" srcset=\"https:\/\/app.visiodrom.de\/wp-content\/uploads\/katalog_titel.jpg 730w, https:\/\/app.visiodrom.de\/wp-content\/uploads\/katalog_titel-228x300.jpg 228w\" sizes=\"auto, (max-width: 730px) 100vw, 730px\" \/><\/figure>\n\n\n\n<p><strong>Berlin, 1914<\/strong><br\/><br\/>Sanat simsar\u0131 Paul Cassirer (1871-1926) taraf\u0131ndan Berlin&#8217;de d\u00fczenlenen onuncu Van Gogh sergisi, Cassirer&#8217;in b\u00fcy\u00fck ba\u011fl\u0131l\u0131\u011f\u0131n\u0131n bir g\u00f6stergesidir. Katalo\u011fun \u00f6ns\u00f6z\u00fcnde, e\u015fi &#8216;J. van Gogh-Bonger&#8217;e ve \u00e7ok say\u0131da \u00f6zel koleksiyoncuya \u00f6d\u00fcn\u00e7 verdikleri i\u00e7in a\u00e7\u0131k\u00e7a te\u015fekk\u00fcr eder.  <\/p>\n\n<\/div>\n\t\t\t\t\t\n\t\t\t\t<\/div>\n\t\t\t\t\n\t\t\t\t\n\t\t\t\n\n\n\t\t\t\t\t\t\t\t\n\t\t\t\t<div id=\"slide-3f953789635d9fdadd64a3fe32a7b58d\" class=\"swiper-slide slide\">\n\n\t\t\t\t\t<div class=\"acf-innerblocks-container\">\n\n<div class=\"wp-block-pixel-headline headlines is-subheadline-bottom has-text-align-left\"><h3 class=\"headline\" style=\"color:\">X-Ray Rubbel<\/h3><\/div>\n\n\n\n<p>Vincent van Gogh para biriktirmek i\u00e7in iki kez tuval kulland\u0131. Ya\u011fl\u0131 boya alacak paras\u0131 olmad\u0131\u011f\u0131 i\u00e7in haftalarca sadece eskiz \u00e7izdi\u011fi zamanlar olmu\u015ftur. Bu y\u00fczden bir\u00e7ok resim, gizli renk katmanlar\u0131n\u0131 bulmak i\u00e7in X \u0131\u015f\u0131nlar\u0131yla incelenir.  <\/p>\n\n\n\n<figure class=\"gb-block-image gb-block-image-90d8d9c0\"><img loading=\"lazy\" decoding=\"async\" width=\"730\" height=\"970\" class=\"gb-image gb-image-90d8d9c0\" src=\"https:\/\/app.visiodrom.de\/wp-content\/uploads\/Van_Gogh_-_Kopf_einer_Baeuerin_mit_weisser_Haube28.jpg\" alt=\"\" title=\"Van_Gogh_-_Kopf_einer_B\u00e4uerin_mit_wei\u00dfer_Haube28\" srcset=\"https:\/\/app.visiodrom.de\/wp-content\/uploads\/Van_Gogh_-_Kopf_einer_Baeuerin_mit_weisser_Haube28.jpg 730w, https:\/\/app.visiodrom.de\/wp-content\/uploads\/Van_Gogh_-_Kopf_einer_Baeuerin_mit_weisser_Haube28-226x300.jpg 226w\" sizes=\"auto, (max-width: 730px) 100vw, 730px\" \/>\n<figcaption class=\"gb-headline gb-headline-e9657f14 gb-headline-text\"><strong>K\u00f6yl\u00fc Kad\u0131n Ba\u015f\u0131<\/strong>, Nisan 1885<br>Tuval \u00fczerine ya\u011fl\u0131boya, 48 x 36 cm<br>Ulusal Galeri Edinburgh, B\u00fcy\u00fck Britanya<\/figcaption>\n<\/figure>\n\n\n\n<p>\u0130sko\u00e7ya&#8217;daki Ulusal Galeri uzmanlar\u0131 2022 y\u0131l\u0131nda Van Gogh&#8217;un &#8216;K\u00f6yl\u00fc Kad\u0131n\u0131n Ba\u015f\u0131&#8217; adl\u0131 tablosunu incelediklerinde, arka taraftaki kartonun alt\u0131nda ressam\u0131n daha \u00f6nce bilinmeyen bir otoportresini buldular. Monit\u00f6rdeki portreyi parma\u011f\u0131n\u0131zla kaz\u0131yabilirsiniz. <\/p>\n\n<\/div>\n\t\t\t\t\t\n\t\t\t\t<\/div>\n\t\t\t\t\n\t\t\t\t\n\t\t\t\n<\/div>\n\t\t\t\t<div class=\"controls-wrapper\">\n\t\t\t\t\t<div class=\"swiper-controls\">\n\t\t\t\t\t\t<span class=\"page-swiper-button-prev\"><\/span>\n\t\t\t\t\t\t<span class=\"page-swiper-button-next\"><\/span>\n\t\t\t\t\t<\/div>\n\t\t\t\t\t<div class=\"slider-menu\">\n\t\t\t\t\t\t\t\t<nav class=\"main-navigation has-menu-bar-items sub-menu-right\" id=\"site-navigation\" aria-label=\"Primary\"  itemtype=\"https:\/\/schema.org\/SiteNavigationElement\" itemscope>\n\t\t\t<div class=\"inside-navigation grid-container\">\n\t\t\t\t\t\t\t\t<button class=\"menu-toggle\" aria-controls=\"generate-slideout-menu\" aria-expanded=\"false\">\n\t\t\t\t\t<span class=\"gp-icon icon-menu-bars\"><svg viewBox=\"0 0 512 512\" aria-hidden=\"true\" xmlns=\"http:\/\/www.w3.org\/2000\/svg\" width=\"1em\" height=\"1em\"><path d=\"M0 96c0-13.255 10.745-24 24-24h464c13.255 0 24 10.745 24 24s-10.745 24-24 24H24c-13.255 0-24-10.745-24-24zm0 160c0-13.255 10.745-24 24-24h464c13.255 0 24 10.745 24 24s-10.745 24-24 24H24c-13.255 0-24-10.745-24-24zm0 160c0-13.255 10.745-24 24-24h464c13.255 0 24 10.745 24 24s-10.745 24-24 24H24c-13.255 0-24-10.745-24-24z\" \/><\/svg><svg viewBox=\"0 0 512 512\" aria-hidden=\"true\" xmlns=\"http:\/\/www.w3.org\/2000\/svg\" width=\"1em\" height=\"1em\"><path d=\"M71.029 71.029c9.373-9.372 24.569-9.372 33.942 0L256 222.059l151.029-151.03c9.373-9.372 24.569-9.372 33.942 0 9.372 9.373 9.372 24.569 0 33.942L289.941 256l151.03 151.029c9.372 9.373 9.372 24.569 0 33.942-9.373 9.372-24.569 9.372-33.942 0L256 289.941l-151.029 151.03c-9.373 9.372-24.569 9.372-33.942 0-9.372-9.373-9.372-24.569 0-33.942L222.059 256 71.029 104.971c-9.372-9.373-9.372-24.569 0-33.942z\" \/><\/svg><\/span><span class=\"mobile-menu\">B\u00f6l\u00fcme genel bak\u0131\u015f<\/span>\t\t\t\t<\/button>\n\t\t\t\t<div class=\"menu-bar-items\"><\/div>\t\t\t<\/div>\n\t\t<\/nav>\n\t\t\t\t\t\t\t<\/div>\n\t\t\t\t<\/div>\n\t\t\t<\/div>\n\t\t\t\n\t\t\t\n<\/div>\n<\/section>","protected":false},"excerpt":{"rendered":"","protected":false},"author":1,"featured_media":0,"parent":0,"menu_order":12,"comment_status":"closed","ping_status":"closed","template":"","meta":{"footnotes":""},"class_list":["post-5719","page","type-page","status-publish"],"acf":[],"_links":{"self":[{"href":"https:\/\/app.visiodrom.de\/tr\/wp-json\/wp\/v2\/pages\/5719","targetHints":{"allow":["GET"]}}],"collection":[{"href":"https:\/\/app.visiodrom.de\/tr\/wp-json\/wp\/v2\/pages"}],"about":[{"href":"https:\/\/app.visiodrom.de\/tr\/wp-json\/wp\/v2\/types\/page"}],"author":[{"embeddable":true,"href":"https:\/\/app.visiodrom.de\/tr\/wp-json\/wp\/v2\/users\/1"}],"replies":[{"embeddable":true,"href":"https:\/\/app.visiodrom.de\/tr\/wp-json\/wp\/v2\/comments?post=5719"}],"version-history":[{"count":1,"href":"https:\/\/app.visiodrom.de\/tr\/wp-json\/wp\/v2\/pages\/5719\/revisions"}],"predecessor-version":[{"id":5720,"href":"https:\/\/app.visiodrom.de\/tr\/wp-json\/wp\/v2\/pages\/5719\/revisions\/5720"}],"wp:attachment":[{"href":"https:\/\/app.visiodrom.de\/tr\/wp-json\/wp\/v2\/media?parent=5719"}],"curies":[{"name":"wp","href":"https:\/\/api.w.org\/{rel}","templated":true}]}}