{"id":5715,"date":"2023-08-16T11:01:12","date_gmt":"2023-08-16T09:01:12","guid":{"rendered":"https:\/\/app-visiodrom.pixel-tal.de\/kuenye\/"},"modified":"2025-03-21T10:16:16","modified_gmt":"2025-03-21T09:16:16","slug":"kuenye","status":"publish","type":"page","link":"https:\/\/app.visiodrom.de\/tr\/kuenye\/","title":{"rendered":"K\u00fcnye"},"content":{"rendered":"<section class=\"gb-container gb-container-d9d80a22\">\n<div class=\"gb-container gb-container-a6fda573\">\n<div class=\"gb-grid-wrapper gb-grid-wrapper-6995cf4b\">\n<div class=\"gb-grid-column gb-grid-column-518bc6b2\"><div class=\"gb-container gb-container-518bc6b2\">\n\n<div class=\"wp-block-pixel-headline headlines is-subheadline-bottom has-text-align-left\"><h3 class=\"headline\" style=\"color:\">TMG Madde 5 uyar\u0131nca bilgiler<\/h3><\/div>\n\n\n\n<p><strong>Visiodrom GmbH<\/strong><br\/><strong>Im Gaskessel Wuppertal<\/strong><br\/>Mohrenstra\u00dfe 3<br\/>42289 Wuppertal<\/p>\n\n\n\n<p>Ticaret sicili: HRB 28972<br\/>Sicil mahkemesi: Wuppertal<\/p>\n\n\n\n<p><strong>Genel m\u00fcd\u00fcrler taraf\u0131ndan temsil edilmektedir:<\/strong><br\/>Dirk Emde . Faton Zenuni <\/p>\n\n\n\n<div class=\"wp-block-pixel-headline headlines is-subheadline-bottom has-text-align-left\"><h3 class=\"headline\" style=\"color:\">Bize ula\u015f\u0131n<\/h3><\/div>\n\n\n\n<p>Telefon: <a href=\"tel:+4920243048670\">+49 202 430 486-70<\/a><br\/>Faks: +49 202 430 486-79<br\/>E-posta: <a href=\"mailto:info@visiodrom.de\">info@visiodrom.de<\/a><\/p>\n\n\n\n<div class=\"wp-block-pixel-headline headlines is-subheadline-bottom has-text-align-left\"><h3 class=\"headline\" style=\"color:\">Sat\u0131\u015f vergisi kimli\u011fi<\/h3><\/div>\n\n\n\n<p>Sat\u0131\u015f vergisi kanunu \u00a7 27 a uyar\u0131nca sat\u0131\u015f vergisi kimlik numaras\u0131: DE 318276347<\/p>\n\n\n\n<div class=\"wp-block-pixel-headline headlines is-subheadline-bottom has-text-align-left\"><h3 class=\"headline\" style=\"color:\">Ger\u00e7ekle\u015ftirme<\/h3><\/div>\n\n\n\n<p><a rel=\"noreferrer noopener\" href=\"https:\/\/pixelproduction.de\/\" target=\"_blank\">Pazarlama, konsept, tasar\u0131m ve uygulama \u00e7al\u0131\u015fmalar\u0131 PixelProduction &#8211; Wuppertal Pazarlama ve Dijitalle\u015fme Ajans\u0131 taraf\u0131ndan y\u00fcr\u00fct\u00fclm\u00fc\u015ft\u00fcr<\/a><\/p>\n\n\n\n<div class=\"wp-block-pixel-headline headlines is-subheadline-bottom has-text-align-left\"><h3 class=\"headline\" style=\"color:\">\u00a7 55 Abs. 2 RStV uyar\u0131nca i\u00e7erikten sorumludur <\/h3><\/div>\n\n\n\n<p>Genel M\u00fcd\u00fcr: Dirk Emde . Faton Zenuni<br\/>Mohrenstr. 3<br\/>42289 Wuppertal <\/p>\n\n\n\n<div class=\"wp-block-pixel-headline headlines is-subheadline-bottom has-text-align-left\"><h3 class=\"headline\" style=\"color:\">Uyu\u015fmazl\u0131k \u00e7\u00f6z\u00fcm\u00fc<\/h3><\/div>\n\n\n\n<p>Avrupa Komisyonu \u00e7evrimi\u00e7i uyu\u015fmazl\u0131k \u00e7\u00f6z\u00fcm\u00fc i\u00e7in bir platform sa\u011flamaktad\u0131r (OS): <a href=\"https:\/\/ec.europa.eu\/consumers\/odr\" target=\"_blank\" rel=\"noreferrer noopener\">https:\/\/ec.europa.eu\/consumers\/odr.<\/a><br\/>E-posta adresimizi yukar\u0131daki yasal bildirimde bulabilirsiniz.<\/p>\n\n\n\n<p>Bir t\u00fcketici hakem heyeti nezdindeki uyu\u015fmazl\u0131k \u00e7\u00f6z\u00fcm i\u015flemlerine kat\u0131lmaya istekli veya y\u00fck\u00fcml\u00fc de\u011filiz.<\/p>\n\n\n\n<div class=\"wp-block-pixel-headline headlines is-subheadline-bottom has-text-align-left\"><h3 class=\"headline\" style=\"color:\">\u0130\u00e7erik i\u00e7in sorumluluk<\/h3><\/div>\n\n\n\n<p>Bir hizmet sa\u011flay\u0131c\u0131 olarak, TMG (Alman Telemedya Yasas\u0131) Madde 7 (1) ve genel mevzuat uyar\u0131nca bu sayfalardaki kendi i\u00e7eri\u011fimizden sorumluyuz. Bununla birlikte, TMG Madde 8 ila 10&#8217;a g\u00f6re, bir hizmet sa\u011flay\u0131c\u0131 olarak iletilen veya saklanan \u00fc\u00e7\u00fcnc\u00fc taraf bilgilerini izlemek veya yasa d\u0131\u015f\u0131 faaliyetlere i\u015faret eden durumlar\u0131 ara\u015ft\u0131rmak zorunda de\u011filiz.  <\/p>\n\n\n\n<p>Genel mevzuat uyar\u0131nca bilgilerin kullan\u0131m\u0131n\u0131 kald\u0131rma veya engelleme y\u00fck\u00fcml\u00fcl\u00fckleri bundan etkilenmez. Ancak, bu konudaki sorumluluk sadece belirli bir ihlalin fark\u0131na vard\u0131\u011f\u0131m\u0131z andan itibaren m\u00fcmk\u00fcnd\u00fcr. Bu t\u00fcr ihlallerin fark\u0131na var\u0131r varmaz, bu i\u00e7eri\u011fi derhal kald\u0131raca\u011f\u0131z.  <\/p>\n\n\n\n<div class=\"wp-block-pixel-headline headlines is-subheadline-bottom has-text-align-left\"><h3 class=\"headline\" style=\"color:\">Ba\u011flant\u0131lar i\u00e7in sorumluluk<\/h3><\/div>\n\n\n\n<p>Web sitemiz, i\u00e7eri\u011fi \u00fczerinde hi\u00e7bir etkimiz olmayan harici \u00fc\u00e7\u00fcnc\u00fc taraf web sitelerine ba\u011flant\u0131lar i\u00e7ermektedir. Bu nedenle, bu \u00fc\u00e7\u00fcnc\u00fc taraf i\u00e7eri\u011fi i\u00e7in herhangi bir sorumluluk kabul edemeyiz. Ba\u011flant\u0131l\u0131 sayfalar\u0131n i\u00e7eri\u011finden her zaman sayfalar\u0131n ilgili sa\u011flay\u0131c\u0131s\u0131 veya operat\u00f6r\u00fc sorumludur. Ba\u011flant\u0131 verilen sayfalar, ba\u011flant\u0131 verildi\u011fi s\u0131rada olas\u0131 yasal ihlallere kar\u015f\u0131 kontrol edilmi\u015ftir. Ba\u011flant\u0131 s\u0131ras\u0131nda yasa d\u0131\u015f\u0131 i\u00e7erikler tespit edilememi\u015ftir.    <\/p>\n\n\n\n<p>Bununla birlikte, ba\u011flant\u0131l\u0131 sayfalar\u0131n i\u00e7eri\u011finin s\u00fcrekli olarak izlenmesi, bir ihlalin somut kan\u0131t\u0131 olmadan makul de\u011fildir. Herhangi bir yasal ihlalden haberdar olursak, bu t\u00fcr ba\u011flant\u0131lar\u0131 derhal kald\u0131raca\u011f\u0131z. <\/p>\n\n\n\n<div class=\"wp-block-pixel-headline headlines is-subheadline-bottom has-text-align-left\"><h3 class=\"headline\" style=\"color:\">Telif Hakk\u0131<\/h3><\/div>\n\n\n\n<p>Bu sayfalarda site operat\u00f6rleri taraf\u0131ndan olu\u015fturulan i\u00e7erik ve eserler Alman telif hakk\u0131 yasas\u0131na tabidir. \u00c7o\u011faltma, i\u015fleme, da\u011f\u0131t\u0131m ve telif hakk\u0131 yasas\u0131n\u0131n s\u0131n\u0131rlar\u0131 d\u0131\u015f\u0131ndaki her t\u00fcrl\u00fc kullan\u0131m, ilgili yazar\u0131n veya yarat\u0131c\u0131n\u0131n yaz\u0131l\u0131 onay\u0131n\u0131 gerektirir. Bu sitenin indirilmesine ve kopyalanmas\u0131na yaln\u0131zca \u00f6zel, ticari olmayan kullan\u0131m i\u00e7in izin verilir.  <\/p>\n\n\n\n<p>Bu sitedeki i\u00e7erik operat\u00f6r taraf\u0131ndan olu\u015fturulmad\u0131\u011f\u0131 s\u00fcrece, \u00fc\u00e7\u00fcnc\u00fc taraflar\u0131n telif haklar\u0131na sayg\u0131 duyulur. \u00d6zellikle, \u00fc\u00e7\u00fcnc\u00fc taraf i\u00e7eri\u011fi bu \u015fekilde etiketlenmi\u015ftir. Yine de bir telif hakk\u0131 ihlalinden haberdar olursan\u0131z, l\u00fctfen bizi uygun \u015fekilde bilgilendirin. Herhangi bir ihlalden haberdar olursak, bu t\u00fcr i\u00e7eri\u011fi derhal kald\u0131raca\u011f\u0131z.   <\/p>\n\n<\/div><\/div>\n<\/div>\n<\/div>\n<\/section>","protected":false},"excerpt":{"rendered":"","protected":false},"author":1,"featured_media":0,"parent":0,"menu_order":18,"comment_status":"closed","ping_status":"closed","template":"","meta":{"footnotes":""},"class_list":["post-5715","page","type-page","status-publish"],"acf":[],"_links":{"self":[{"href":"https:\/\/app.visiodrom.de\/tr\/wp-json\/wp\/v2\/pages\/5715","targetHints":{"allow":["GET"]}}],"collection":[{"href":"https:\/\/app.visiodrom.de\/tr\/wp-json\/wp\/v2\/pages"}],"about":[{"href":"https:\/\/app.visiodrom.de\/tr\/wp-json\/wp\/v2\/types\/page"}],"author":[{"embeddable":true,"href":"https:\/\/app.visiodrom.de\/tr\/wp-json\/wp\/v2\/users\/1"}],"replies":[{"embeddable":true,"href":"https:\/\/app.visiodrom.de\/tr\/wp-json\/wp\/v2\/comments?post=5715"}],"version-history":[{"count":1,"href":"https:\/\/app.visiodrom.de\/tr\/wp-json\/wp\/v2\/pages\/5715\/revisions"}],"predecessor-version":[{"id":5716,"href":"https:\/\/app.visiodrom.de\/tr\/wp-json\/wp\/v2\/pages\/5715\/revisions\/5716"}],"wp:attachment":[{"href":"https:\/\/app.visiodrom.de\/tr\/wp-json\/wp\/v2\/media?parent=5715"}],"curies":[{"name":"wp","href":"https:\/\/api.w.org\/{rel}","templated":true}]}}