{"id":5713,"date":"2025-03-11T13:10:35","date_gmt":"2025-03-11T12:10:35","guid":{"rendered":"https:\/\/app-visiodrom.pixel-tal.de\/gercekler\/"},"modified":"2025-03-21T10:16:08","modified_gmt":"2025-03-21T09:16:08","slug":"gercekler","status":"publish","type":"page","link":"https:\/\/app.visiodrom.de\/tr\/gercekler\/","title":{"rendered":"Ger\u00e7ekler"},"content":{"rendered":"<section class=\"gb-container gb-container-d9d80a22\">\n<div class=\"gb-container gb-container-a6fda573\">\n\n\t\t\t<div class=\"page-slider swiper\">\n\t\t\t\t\t\t\t\t<div class=\"page-slider-inner swiper-wrapper\">\n\n\t\t\t\t\t\t\t\t\n\t\t\t\t<div id=\"slide-8deb8c7d6596910721c930d2efb6670d\" class=\"swiper-slide slide\">\n\n\t\t\t\t\t<div class=\"acf-innerblocks-container\">\n\n<div class=\"wp-block-pixel-headline headlines is-subheadline-bottom has-text-align-left\"><h3 class=\"headline\" style=\"color:\">Vincent van Gogh hakk\u0131nda ger\u00e7ekler<\/h3><\/div>\n\n\n\n<ul class=\"wp-block-list\">\n<li>Neredeyse rahip oluyordu<\/li>\n\n\n\n<li>Sadece 10 y\u0131l boyunca boyand\u0131<\/li>\n\n\n\n<li>1000&#8217;den fazla resim yapt\u0131<\/li>\n\n\n\n<li>Sadece 37 ya\u015f\u0131na girdi<\/li>\n<\/ul>\n\n\n\n<figure class=\"gb-block-image gb-block-image-c0960891\"><img loading=\"lazy\" decoding=\"async\" width=\"730\" height=\"913\" class=\"gb-image gb-image-c0960891\" src=\"https:\/\/app.visiodrom.de\/wp-content\/uploads\/BAL_213435.jpg\" alt=\"\" title=\"BAL_213435\" srcset=\"https:\/\/app.visiodrom.de\/wp-content\/uploads\/BAL_213435.jpg 730w, https:\/\/app.visiodrom.de\/wp-content\/uploads\/BAL_213435-240x300.jpg 240w\" sizes=\"auto, (max-width: 730px) 100vw, 730px\" \/>\n<figcaption class=\"gb-headline gb-headline-2d4863b3 gb-headline-text\"><strong>Ekici (Millet&#8217;den sonra),<\/strong> Ekim 1889<br>Tuval \u00fczerine ya\u011fl\u0131boya, 81 x 66 cm<br>\u00d6zel koleksiyon<\/figcaption>\n<\/figure>\n\n\n\n<p>Van Gogh ekici motifine tekrar tekrar d\u00f6nm\u00fc\u015ft\u00fcr. Onun i\u00e7in bu fig\u00fcr\u00fcn dini, hayat veren bir anlam\u0131 vard\u0131r. <br\/><br\/>Van Gogh dini motiflere b\u00fcy\u00fck sayg\u0131 duymu\u015f ve \u0130ncil sahnelerini sadece ba\u015fka sanat\u00e7\u0131lar\u0131 \u00f6rnek alarak resmetmi\u015ftir. Burada Van Gogh&#8217;a ilham veren ve derin bir yak\u0131nl\u0131k hissetti\u011fi Jean-Fran\u00e7ois Millet&#8217;dir (1814-1875). <\/p>\n\n<\/div>\n\t\t\t\t\t\n\t\t\t\t<\/div>\n\t\t\t\t\n\t\t\t\t\n\t\t\t\n<\/div>\n\t\t\t\t<div class=\"controls-wrapper\">\n\t\t\t\t\t<div class=\"swiper-controls\">\n\t\t\t\t\t\t<span class=\"page-swiper-button-prev\"><\/span>\n\t\t\t\t\t\t<span class=\"page-swiper-button-next\"><\/span>\n\t\t\t\t\t<\/div>\n\t\t\t\t\t<div class=\"slider-menu\">\n\t\t\t\t\t\t\t\t<nav class=\"main-navigation has-menu-bar-items sub-menu-right\" id=\"site-navigation\" aria-label=\"Primary\"  itemtype=\"https:\/\/schema.org\/SiteNavigationElement\" itemscope>\n\t\t\t<div class=\"inside-navigation grid-container\">\n\t\t\t\t\t\t\t\t<button class=\"menu-toggle\" aria-controls=\"generate-slideout-menu\" aria-expanded=\"false\">\n\t\t\t\t\t<span class=\"gp-icon icon-menu-bars\"><svg viewBox=\"0 0 512 512\" aria-hidden=\"true\" xmlns=\"http:\/\/www.w3.org\/2000\/svg\" width=\"1em\" height=\"1em\"><path d=\"M0 96c0-13.255 10.745-24 24-24h464c13.255 0 24 10.745 24 24s-10.745 24-24 24H24c-13.255 0-24-10.745-24-24zm0 160c0-13.255 10.745-24 24-24h464c13.255 0 24 10.745 24 24s-10.745 24-24 24H24c-13.255 0-24-10.745-24-24zm0 160c0-13.255 10.745-24 24-24h464c13.255 0 24 10.745 24 24s-10.745 24-24 24H24c-13.255 0-24-10.745-24-24z\" \/><\/svg><svg viewBox=\"0 0 512 512\" aria-hidden=\"true\" xmlns=\"http:\/\/www.w3.org\/2000\/svg\" width=\"1em\" height=\"1em\"><path d=\"M71.029 71.029c9.373-9.372 24.569-9.372 33.942 0L256 222.059l151.029-151.03c9.373-9.372 24.569-9.372 33.942 0 9.372 9.373 9.372 24.569 0 33.942L289.941 256l151.03 151.029c9.372 9.373 9.372 24.569 0 33.942-9.373 9.372-24.569 9.372-33.942 0L256 289.941l-151.029 151.03c-9.373 9.372-24.569 9.372-33.942 0-9.372-9.373-9.372-24.569 0-33.942L222.059 256 71.029 104.971c-9.372-9.373-9.372-24.569 0-33.942z\" \/><\/svg><\/span><span class=\"mobile-menu\">B\u00f6l\u00fcme genel bak\u0131\u015f<\/span>\t\t\t\t<\/button>\n\t\t\t\t<div class=\"menu-bar-items\"><\/div>\t\t\t<\/div>\n\t\t<\/nav>\n\t\t\t\t\t\t\t<\/div>\n\t\t\t\t<\/div>\n\t\t\t<\/div>\n\t\t\t\n\t\t\t\n<\/div>\n<\/section>","protected":false},"excerpt":{"rendered":"","protected":false},"author":1,"featured_media":0,"parent":0,"menu_order":1,"comment_status":"closed","ping_status":"closed","template":"","meta":{"footnotes":""},"class_list":["post-5713","page","type-page","status-publish"],"acf":[],"_links":{"self":[{"href":"https:\/\/app.visiodrom.de\/tr\/wp-json\/wp\/v2\/pages\/5713","targetHints":{"allow":["GET"]}}],"collection":[{"href":"https:\/\/app.visiodrom.de\/tr\/wp-json\/wp\/v2\/pages"}],"about":[{"href":"https:\/\/app.visiodrom.de\/tr\/wp-json\/wp\/v2\/types\/page"}],"author":[{"embeddable":true,"href":"https:\/\/app.visiodrom.de\/tr\/wp-json\/wp\/v2\/users\/1"}],"replies":[{"embeddable":true,"href":"https:\/\/app.visiodrom.de\/tr\/wp-json\/wp\/v2\/comments?post=5713"}],"version-history":[{"count":1,"href":"https:\/\/app.visiodrom.de\/tr\/wp-json\/wp\/v2\/pages\/5713\/revisions"}],"predecessor-version":[{"id":5714,"href":"https:\/\/app.visiodrom.de\/tr\/wp-json\/wp\/v2\/pages\/5713\/revisions\/5714"}],"wp:attachment":[{"href":"https:\/\/app.visiodrom.de\/tr\/wp-json\/wp\/v2\/media?parent=5713"}],"curies":[{"name":"wp","href":"https:\/\/api.w.org\/{rel}","templated":true}]}}