{"id":5707,"date":"2025-03-13T14:57:08","date_gmt":"2025-03-13T13:57:08","guid":{"rendered":"https:\/\/app-visiodrom.pixel-tal.de\/yildizli-gece\/"},"modified":"2025-03-21T10:16:05","modified_gmt":"2025-03-21T09:16:05","slug":"yildizli-gece","status":"publish","type":"page","link":"https:\/\/app.visiodrom.de\/tr\/yildizli-gece\/","title":{"rendered":"Y\u0131ld\u0131zl\u0131 gece"},"content":{"rendered":"<section class=\"gb-container gb-container-d9d80a22\">\n<div class=\"gb-container gb-container-a6fda573\">\n\n\t\t\t<div class=\"page-slider swiper\">\n\t\t\t\t\t\t\t\t<div class=\"page-slider-inner swiper-wrapper\">\n\n\t\t\t\t\t\t\t\t\n\t\t\t\t<div id=\"slide-853108071231173cf6ea0807280cc00b\" class=\"swiper-slide slide\">\n\n\t\t\t\t\t<div class=\"acf-innerblocks-container\">\n\n<figure class=\"gb-block-image gb-block-image-97336339\"><img loading=\"lazy\" decoding=\"async\" width=\"730\" height=\"580\" class=\"gb-image gb-image-97336339\" src=\"https:\/\/app.visiodrom.de\/wp-content\/uploads\/BAL_4680375-1.jpg\" alt=\"\" title=\"BAL_4680375\" srcset=\"https:\/\/app.visiodrom.de\/wp-content\/uploads\/BAL_4680375-1.jpg 730w, https:\/\/app.visiodrom.de\/wp-content\/uploads\/BAL_4680375-1-300x238.jpg 300w\" sizes=\"auto, (max-width: 730px) 100vw, 730px\" \/>\n<figcaption class=\"gb-headline gb-headline-8f019864 gb-headline-text\"><strong>Rh\u00f4ne \u00dczerinde Y\u0131ld\u0131zl\u0131 Gece,<\/strong> Eyl\u00fcl 1888<br>Tuval \u00fczerine ya\u011fl\u0131boya, 73 x 92 cm<br>Mus\u00e9e d&#8217;Orsay Paris, Fransa<\/figcaption>\n<\/figure>\n\n\n\n<p>Vincent van Gogh da gece resimlerinde teselli ar\u0131yor gibiydi. Huzurlu ruh hali ve renklendirme bunu g\u00f6steriyor. <\/p>\n\n\n\n<p>&#8216;B\u00fcy\u00fckay\u0131&#8217; tak\u0131my\u0131ld\u0131z\u0131 g\u00f6ky\u00fcz\u00fcn\u00fcn ortas\u0131nda a\u00e7\u0131k\u00e7a g\u00f6r\u00fclebiliyor. Van Gogh y\u0131ld\u0131zlar\u0131 renklendirmi\u015ftir: <strong>\u00bb<\/strong>[&#8230;] baz\u0131 y\u0131ld\u0131zlar\u0131n limon rengi, di\u011ferlerinin pembe, ye\u015fil, mavi oldu\u011funu g\u00f6receksiniz, [&#8230;] y\u0131ld\u0131zl\u0131 bir g\u00f6ky\u00fcz\u00fc \u00e7izmek i\u00e7in mavi-siyah \u00fczerine beyaz noktalar [&#8230;] koyman\u0131n yeterli olmad\u0131\u011f\u0131 a\u00e7\u0131kt\u0131r.\u00ab <\/p>\n\n\n\n<p>Su \u00fczerindeki yans\u0131malar da ilk elektrikli sokak lambalar\u0131ndan geliyor olabilir. Bu da Van Gogh&#8217;u elektrik \u0131\u015f\u0131\u011f\u0131n\u0131 tuvale aktaran ilk ressamlardan biri yapar. <\/p>\n\n\n\n<figure class=\"gb-block-image gb-block-image-32afffc9\"><img loading=\"lazy\" decoding=\"async\" width=\"730\" height=\"578\" class=\"gb-image gb-image-32afffc9\" src=\"https:\/\/app.visiodrom.de\/wp-content\/uploads\/BAL_702746.jpg\" alt=\"\" title=\"BAL_702746\" srcset=\"https:\/\/app.visiodrom.de\/wp-content\/uploads\/BAL_702746.jpg 730w, https:\/\/app.visiodrom.de\/wp-content\/uploads\/BAL_702746-300x238.jpg 300w\" sizes=\"auto, (max-width: 730px) 100vw, 730px\" \/>\n<figcaption class=\"gb-headline gb-headline-d20cbe0a gb-headline-text\"><strong>Y\u0131ld\u0131zl\u0131 Gece<\/strong>, Haziran 1889<br>Tuval \u00fczerine ya\u011fl\u0131boya, 74 x 92 cm<br>Modern Sanat M\u00fczesi New York, Amerika Birle\u015fik Devletleri<\/figcaption>\n<\/figure>\n\n\n\n<p>Vincent van Gogh bu \u00fcnl\u00fc eserini Saint-R\u00e9my&#8217;deki ak\u0131l hastanesindeyken yapm\u0131\u015ft\u0131r. Van Gogh&#8217;un bir\u00e7ok resminde oldu\u011fu gibi, y\u0131ld\u0131zlar\u0131n konumlar\u0131 ger\u00e7ek\u00e7i bir \u015fekilde tasvir edilmi\u015ftir. Van Gogh&#8217;un merkezdeki girdab\u0131 ger\u00e7ekten g\u00f6r\u00fcp g\u00f6rmedi\u011fi ya da bunun onun duygusal durumunun bir sembol\u00fc olup olmad\u0131\u011f\u0131 sonsuza dek bir s\u0131r olarak kalacakt\u0131r.  <br\/><br\/>Resmin perspektifi izleyiciyi sanatoryumun birinci kat\u0131ndaki bir pencereye g\u00f6t\u00fcr\u00fcr. Van Gogh&#8217;un orada sadece g\u00f6zetim alt\u0131nda resim yapmas\u0131na izin verildi\u011finden, bug\u00fcn uzmanlar tablonun st\u00fcdyoda haf\u0131zadan \u00e7izilmi\u015f olma ihtimalini g\u00f6z \u00f6n\u00fcnde bulunduruyor. <\/p>\n\n<\/div>\n\t\t\t\t\t\n\t\t\t\t<\/div>\n\t\t\t\t\n\t\t\t\t\n\t\t\t\n<\/div>\n\t\t\t\t<div class=\"controls-wrapper\">\n\t\t\t\t\t<div class=\"swiper-controls\">\n\t\t\t\t\t\t<span class=\"page-swiper-button-prev\"><\/span>\n\t\t\t\t\t\t<span class=\"page-swiper-button-next\"><\/span>\n\t\t\t\t\t<\/div>\n\t\t\t\t\t<div class=\"slider-menu\">\n\t\t\t\t\t\t\t\t<nav class=\"main-navigation has-menu-bar-items sub-menu-right\" id=\"site-navigation\" aria-label=\"Primary\"  itemtype=\"https:\/\/schema.org\/SiteNavigationElement\" itemscope>\n\t\t\t<div class=\"inside-navigation grid-container\">\n\t\t\t\t\t\t\t\t<button class=\"menu-toggle\" aria-controls=\"generate-slideout-menu\" aria-expanded=\"false\">\n\t\t\t\t\t<span class=\"gp-icon icon-menu-bars\"><svg viewBox=\"0 0 512 512\" aria-hidden=\"true\" xmlns=\"http:\/\/www.w3.org\/2000\/svg\" width=\"1em\" height=\"1em\"><path d=\"M0 96c0-13.255 10.745-24 24-24h464c13.255 0 24 10.745 24 24s-10.745 24-24 24H24c-13.255 0-24-10.745-24-24zm0 160c0-13.255 10.745-24 24-24h464c13.255 0 24 10.745 24 24s-10.745 24-24 24H24c-13.255 0-24-10.745-24-24zm0 160c0-13.255 10.745-24 24-24h464c13.255 0 24 10.745 24 24s-10.745 24-24 24H24c-13.255 0-24-10.745-24-24z\" \/><\/svg><svg viewBox=\"0 0 512 512\" aria-hidden=\"true\" xmlns=\"http:\/\/www.w3.org\/2000\/svg\" width=\"1em\" height=\"1em\"><path d=\"M71.029 71.029c9.373-9.372 24.569-9.372 33.942 0L256 222.059l151.029-151.03c9.373-9.372 24.569-9.372 33.942 0 9.372 9.373 9.372 24.569 0 33.942L289.941 256l151.03 151.029c9.372 9.373 9.372 24.569 0 33.942-9.373 9.372-24.569 9.372-33.942 0L256 289.941l-151.029 151.03c-9.373 9.372-24.569 9.372-33.942 0-9.372-9.373-9.372-24.569 0-33.942L222.059 256 71.029 104.971c-9.372-9.373-9.372-24.569 0-33.942z\" \/><\/svg><\/span><span class=\"mobile-menu\">B\u00f6l\u00fcme genel bak\u0131\u015f<\/span>\t\t\t\t<\/button>\n\t\t\t\t<div class=\"menu-bar-items\"><\/div>\t\t\t<\/div>\n\t\t<\/nav>\n\t\t\t\t\t\t\t<\/div>\n\t\t\t\t<\/div>\n\t\t\t<\/div>\n\t\t\t\n\t\t\t\n<\/div>\n<\/section>","protected":false},"excerpt":{"rendered":"","protected":false},"author":1,"featured_media":0,"parent":0,"menu_order":10,"comment_status":"closed","ping_status":"closed","template":"","meta":{"footnotes":""},"class_list":["post-5707","page","type-page","status-publish"],"acf":[],"_links":{"self":[{"href":"https:\/\/app.visiodrom.de\/tr\/wp-json\/wp\/v2\/pages\/5707","targetHints":{"allow":["GET"]}}],"collection":[{"href":"https:\/\/app.visiodrom.de\/tr\/wp-json\/wp\/v2\/pages"}],"about":[{"href":"https:\/\/app.visiodrom.de\/tr\/wp-json\/wp\/v2\/types\/page"}],"author":[{"embeddable":true,"href":"https:\/\/app.visiodrom.de\/tr\/wp-json\/wp\/v2\/users\/1"}],"replies":[{"embeddable":true,"href":"https:\/\/app.visiodrom.de\/tr\/wp-json\/wp\/v2\/comments?post=5707"}],"version-history":[{"count":1,"href":"https:\/\/app.visiodrom.de\/tr\/wp-json\/wp\/v2\/pages\/5707\/revisions"}],"predecessor-version":[{"id":5708,"href":"https:\/\/app.visiodrom.de\/tr\/wp-json\/wp\/v2\/pages\/5707\/revisions\/5708"}],"wp:attachment":[{"href":"https:\/\/app.visiodrom.de\/tr\/wp-json\/wp\/v2\/media?parent=5707"}],"curies":[{"name":"wp","href":"https:\/\/api.w.org\/{rel}","templated":true}]}}