{"id":5705,"date":"2025-03-17T17:09:45","date_gmt":"2025-03-17T16:09:45","guid":{"rendered":"https:\/\/app-visiodrom.pixel-tal.de\/portreler\/"},"modified":"2025-03-21T10:15:16","modified_gmt":"2025-03-21T09:15:16","slug":"portreler","status":"publish","type":"page","link":"https:\/\/app.visiodrom.de\/tr\/portreler\/","title":{"rendered":"Portreler"},"content":{"rendered":"<section class=\"gb-container gb-container-d9d80a22\">\n<div class=\"gb-container gb-container-a6fda573\">\n\n\t\t\t<div class=\"page-slider swiper\">\n\t\t\t\t\t\t\t\t<div class=\"page-slider-inner swiper-wrapper\">\n\n\t\t\t\t\t\t\t\t\n\t\t\t\t<div id=\"slide-fac2b3d77848451de83a2b9bd7a7717e\" class=\"swiper-slide slide\">\n\n\t\t\t\t\t<div class=\"acf-innerblocks-container\">\n\n<p><strong>Ba\u015fkalar\u0131n\u0131n g\u00f6r\u00fc\u015f\u00fc<\/strong><\/p>\n\n\n\n<p>Vincent van Gogh nadiren modellerini \u00f6zg\u00fcrce se\u00e7me f\u0131rsat\u0131 buldu. Genellikle toplumdan d\u0131\u015flanm\u0131\u015f biri olarak g\u00f6r\u00fcld\u00fc\u011f\u00fc i\u00e7in, \u00e7a\u011fda\u015flar\u0131n\u0131n \u00e7o\u011fu portrelerini ona yapt\u0131rmak istemiyordu. Bu nedenle genellikle tan\u0131d\u0131klar\u0131n\u0131 ya da arkada\u015flar\u0131n\u0131 resmetmi\u015ftir. Van Gogh&#8217;un postac\u0131 arkada\u015f\u0131 Joseph Roulin&#8217;in ailesi bu duvarda \u00fc\u00e7 kez temsil edilmi\u015ftir.   <br\/><br\/>Portreler Van Gogh&#8217;a t\u00fcm yarat\u0131c\u0131l\u0131k evrelerinde e\u015flik etmi\u015ftir. Burada g\u00f6sterilen se\u00e7ki a\u011f\u0131rl\u0131kl\u0131 olarak hayat\u0131n\u0131n son iki y\u0131l\u0131na aittir ve sanatsal geli\u015fiminin h\u0131z\u0131n\u0131 g\u00f6stermektedir. &#8216;\u0130ki K\u00fc\u00e7\u00fck K\u0131z&#8217; tablosu \u00f6l\u00fcm\u00fcnden yakla\u015f\u0131k bir ay \u00f6nce yap\u0131lm\u0131\u015ft\u0131r. Van Gogh burada salt betimlemenin \u00f6tesine ge\u00e7mi\u015f ve fig\u00fcrlerin \u00f6z\u00fcn\u00fc yakalamaya \u00e7al\u0131\u015fm\u0131\u015ft\u0131r. Resim Van Gogh&#8217;un g\u00f6steri\u015fli, son tarz\u0131n\u0131 g\u00f6stermektedir. Buna kar\u015f\u0131l\u0131k Alexander Reid&#8217;in portresi 1887 civar\u0131ndaki Paris d\u00f6nemine aittir ve di\u011fer sanatsal tarzlar\u0131n ke\u015ffi burada da a\u00e7\u0131k\u00e7a fark edilmektedir.      <br\/><\/p>\n\n\n\n<figure class=\"gb-block-image gb-block-image-64e120c0\"><img loading=\"lazy\" decoding=\"async\" width=\"730\" height=\"953\" class=\"gb-image gb-image-64e120c0\" src=\"https:\/\/app.visiodrom.de\/wp-content\/uploads\/BAL_4588710-1.jpg\" alt=\"\" title=\"JLJ4588710\" srcset=\"https:\/\/app.visiodrom.de\/wp-content\/uploads\/BAL_4588710-1.jpg 730w, https:\/\/app.visiodrom.de\/wp-content\/uploads\/BAL_4588710-1-230x300.jpg 230w\" sizes=\"auto, (max-width: 730px) 100vw, 730px\" \/>\n<figcaption class=\"gb-headline gb-headline-7b44ed58 gb-headline-text\"><strong>P\u00e8re Tanguy&#8217;un Portresi<\/strong>, 1887\/88 k\u0131\u015f\u0131<br>Tuval \u00fczerine ya\u011fl\u0131boya, 65 x 51 cm<br>Stavros S. Niarchos Koleksiyonu, Yunanistan<\/figcaption>\n<\/figure>\n\n\n\n<figure class=\"gb-block-image gb-block-image-43bdf518\"><img loading=\"lazy\" decoding=\"async\" width=\"730\" height=\"879\" class=\"gb-image gb-image-43bdf518\" src=\"https:\/\/app.visiodrom.de\/wp-content\/uploads\/BAL_37574.jpg\" alt=\"\" title=\"BAL_37574\" srcset=\"https:\/\/app.visiodrom.de\/wp-content\/uploads\/BAL_37574.jpg 730w, https:\/\/app.visiodrom.de\/wp-content\/uploads\/BAL_37574-249x300.jpg 249w\" sizes=\"auto, (max-width: 730px) 100vw, 730px\" \/>\n<figcaption class=\"gb-headline gb-headline-8e8a250a gb-headline-text\"><strong>Doktor F\u00e9lix Rey&#8217;in Portresi<\/strong>, Ocak 1889<br>Tuval \u00fczerine ya\u011fl\u0131boya, 64 x 53 cm<br>Pu\u015fkin M\u00fczesi Moskova, Rusya<\/figcaption>\n<\/figure>\n\n\n\n<figure class=\"gb-block-image gb-block-image-375a5b5e\"><img loading=\"lazy\" decoding=\"async\" width=\"730\" height=\"902\" class=\"gb-image gb-image-375a5b5e\" src=\"https:\/\/app.visiodrom.de\/wp-content\/uploads\/BAL_4664424.jpg\" alt=\"\" title=\"BAL_4664424\" srcset=\"https:\/\/app.visiodrom.de\/wp-content\/uploads\/BAL_4664424.jpg 730w, https:\/\/app.visiodrom.de\/wp-content\/uploads\/BAL_4664424-243x300.jpg 243w\" sizes=\"auto, (max-width: 730px) 100vw, 730px\" \/>\n<figcaption class=\"gb-headline gb-headline-31d53748 gb-headline-text\"><strong>L&#8217;Arl\u00e9sienne (Madam Ginoux),<\/strong> \u015eubat 1890<br>Tuval \u00fczerine ya\u011fl\u0131boya, 60 x 50 cm<br>Galleria Nazionale d&#8217;Arte Moderna Roma, \u0130talya<\/figcaption>\n<\/figure>\n\n\n\n<figure class=\"gb-block-image gb-block-image-335454ae\"><img loading=\"lazy\" decoding=\"async\" width=\"730\" height=\"911\" class=\"gb-image gb-image-335454ae\" src=\"https:\/\/app.visiodrom.de\/wp-content\/uploads\/BAL_221092.jpg\" alt=\"\" title=\"BAL_221092\" srcset=\"https:\/\/app.visiodrom.de\/wp-content\/uploads\/BAL_221092.jpg 730w, https:\/\/app.visiodrom.de\/wp-content\/uploads\/BAL_221092-240x300.jpg 240w\" sizes=\"auto, (max-width: 730px) 100vw, 730px\" \/>\n<figcaption class=\"gb-headline gb-headline-2f8824da gb-headline-text\"><strong>Zuave,<\/strong> Haziran 1888<br>Tuval \u00fczerine ya\u011fl\u0131boya, 81 x 65 cm<br>\u00d6zel koleksiyon, Arjantin<\/figcaption>\n<\/figure>\n\n\n\n<figure class=\"gb-block-image gb-block-image-48259a46\"><img loading=\"lazy\" decoding=\"async\" width=\"730\" height=\"918\" class=\"gb-image gb-image-48259a46\" src=\"https:\/\/app.visiodrom.de\/wp-content\/uploads\/BAL_30719.jpg\" alt=\"\" title=\"BAL_30719\" srcset=\"https:\/\/app.visiodrom.de\/wp-content\/uploads\/BAL_30719.jpg 730w, https:\/\/app.visiodrom.de\/wp-content\/uploads\/BAL_30719-239x300.jpg 239w\" sizes=\"auto, (max-width: 730px) 100vw, 730px\" \/>\n<figcaption class=\"gb-headline gb-headline-806ae362 gb-headline-text\"><strong>Ninni (Augustine Roulin),<\/strong> Ocak 1889<br>Tuval \u00fczerine ya\u011fl\u0131boya, 93 x 73 cm<br>The Art Institute of Chicago, Amerika Birle\u015fik Devletleri<\/figcaption>\n<\/figure>\n\n\n\n<figure class=\"gb-block-image gb-block-image-c4a1860d\"><img loading=\"lazy\" decoding=\"async\" width=\"730\" height=\"725\" class=\"gb-image gb-image-c4a1860d\" src=\"https:\/\/app.visiodrom.de\/wp-content\/uploads\/BAL_4591676-1.jpg\" alt=\"\" title=\"JLJ4591676\" srcset=\"https:\/\/app.visiodrom.de\/wp-content\/uploads\/BAL_4591676-1.jpg 730w, https:\/\/app.visiodrom.de\/wp-content\/uploads\/BAL_4591676-1-300x298.jpg 300w, https:\/\/app.visiodrom.de\/wp-content\/uploads\/BAL_4591676-1-150x150.jpg 150w\" sizes=\"auto, (max-width: 730px) 100vw, 730px\" \/>\n<figcaption class=\"gb-headline gb-headline-288ba032 gb-headline-text\"><strong>\u0130ki k\u00fc\u00e7\u00fck k\u0131z<\/strong>, Haziran 1890<br>Tuval \u00fczerine ya\u011fl\u0131boya, 51 x 51 cm<br>Mus\u00e9e d&#8217;Orsay Paris, Fransa<\/figcaption>\n<\/figure>\n\n\n\n<figure class=\"gb-block-image gb-block-image-e65bcb05\"><img loading=\"lazy\" decoding=\"async\" width=\"730\" height=\"882\" class=\"gb-image gb-image-e65bcb05\" src=\"https:\/\/app.visiodrom.de\/wp-content\/uploads\/BAL_8610756.jpg\" alt=\"\" title=\"BAL_8610756\" srcset=\"https:\/\/app.visiodrom.de\/wp-content\/uploads\/BAL_8610756.jpg 730w, https:\/\/app.visiodrom.de\/wp-content\/uploads\/BAL_8610756-248x300.jpg 248w\" sizes=\"auto, (max-width: 730px) 100vw, 730px\" \/>\n<figcaption class=\"gb-headline gb-headline-2caae0d7 gb-headline-text\"><strong>Joseph Roulin&#8217;in Portresi<\/strong>, Mart 1889<br>Tuval \u00fczerine ya\u011fl\u0131boya, 65 x 54 cm<br>Kr\u00f6ller-M\u00fcller M\u00fczesi Otterlo, Hollanda<\/figcaption>\n<\/figure>\n\n\n\n<figure class=\"gb-block-image gb-block-image-5431f2bd\"><img loading=\"lazy\" decoding=\"async\" width=\"730\" height=\"1017\" class=\"gb-image gb-image-5431f2bd\" src=\"https:\/\/app.visiodrom.de\/wp-content\/uploads\/BAL_5223.jpg\" alt=\"\" title=\"BAL_5223\" srcset=\"https:\/\/app.visiodrom.de\/wp-content\/uploads\/BAL_5223.jpg 730w, https:\/\/app.visiodrom.de\/wp-content\/uploads\/BAL_5223-215x300.jpg 215w\" sizes=\"auto, (max-width: 730px) 100vw, 730px\" \/>\n<figcaption class=\"gb-headline gb-headline-a1dffc0d gb-headline-text\"><strong>Adeline Ravoux&#8217;nun Portresi<\/strong>, Haziran 1890<br>Tuval \u00fczerine ya\u011fl\u0131boya, 74 x 55 cm<br>\u00d6zel koleksiyon<\/figcaption>\n<\/figure>\n\n\n\n<figure class=\"gb-block-image gb-block-image-f7cffd69\"><img loading=\"lazy\" decoding=\"async\" width=\"730\" height=\"915\" class=\"gb-image gb-image-f7cffd69\" src=\"https:\/\/app.visiodrom.de\/wp-content\/uploads\/BAL_9035677-1.jpg\" alt=\"\" title=\"BAL_9035677\" srcset=\"https:\/\/app.visiodrom.de\/wp-content\/uploads\/BAL_9035677-1.jpg 730w, https:\/\/app.visiodrom.de\/wp-content\/uploads\/BAL_9035677-1-239x300.jpg 239w\" sizes=\"auto, (max-width: 730px) 100vw, 730px\" \/>\n<figcaption class=\"gb-headline gb-headline-928879bd gb-headline-text\"><strong>Peygamber \u00c7i\u00e7e\u011fi ile Gen\u00e7 Bir Adam\u0131n Portresi<\/strong><br>Haziran 1890, tuval \u00fczerine ya\u011fl\u0131boya, 41 x 32 cm<br>\u00d6zel Koleksiyon Dallas, Amerika Birle\u015fik Devletleri<\/figcaption>\n<\/figure>\n\n\n\n<figure class=\"gb-block-image gb-block-image-d2086831\"><img loading=\"lazy\" decoding=\"async\" width=\"730\" height=\"922\" class=\"gb-image gb-image-d2086831\" src=\"https:\/\/app.visiodrom.de\/wp-content\/uploads\/BAL_7063.jpg\" alt=\"\" title=\"BAL_7063\" srcset=\"https:\/\/app.visiodrom.de\/wp-content\/uploads\/BAL_7063.jpg 730w, https:\/\/app.visiodrom.de\/wp-content\/uploads\/BAL_7063-238x300.jpg 238w\" sizes=\"auto, (max-width: 730px) 100vw, 730px\" \/>\n<figcaption class=\"gb-headline gb-headline-e96da89e gb-headline-text\"><strong>Alexander Reid (sanat simsar\u0131),<\/strong> Bahar 1887<br>Tahta \u00fczerine ya\u011fl\u0131boya, 42 x 34 cm<br>Sanat Galerisi ve M\u00fczesi Glasgow, B\u00fcy\u00fck Britanya<\/figcaption>\n<\/figure>\n\n\n\n<figure class=\"gb-block-image gb-block-image-ba53ac18\"><img loading=\"lazy\" decoding=\"async\" width=\"730\" height=\"896\" class=\"gb-image gb-image-ba53ac18\" src=\"https:\/\/app.visiodrom.de\/wp-content\/uploads\/BAL_221903.jpg\" alt=\"\" title=\"BAL_221903\" srcset=\"https:\/\/app.visiodrom.de\/wp-content\/uploads\/BAL_221903.jpg 730w, https:\/\/app.visiodrom.de\/wp-content\/uploads\/BAL_221903-244x300.jpg 244w\" sizes=\"auto, (max-width: 730px) 100vw, 730px\" \/>\n<figcaption class=\"gb-headline gb-headline-9a57131c gb-headline-text\"><strong>Patience Escalier&#8217;in Portresi<\/strong>, A\u011fustos 1888<br>Tuval \u00fczerine ya\u011fl\u0131boya, 69 x 56 cm<br>Stavros S. Niarchos Koleksiyonu, Yunanistan<\/figcaption>\n<\/figure>\n\n\n\n<figure class=\"gb-block-image gb-block-image-928b9bae\"><img loading=\"lazy\" decoding=\"async\" width=\"730\" height=\"903\" class=\"gb-image gb-image-928b9bae\" src=\"https:\/\/app.visiodrom.de\/wp-content\/uploads\/BAL_60961.jpg\" alt=\"\" title=\"BAL_60961\" srcset=\"https:\/\/app.visiodrom.de\/wp-content\/uploads\/BAL_60961.jpg 730w, https:\/\/app.visiodrom.de\/wp-content\/uploads\/BAL_60961-243x300.jpg 243w\" sizes=\"auto, (max-width: 730px) 100vw, 730px\" \/>\n<figcaption class=\"gb-headline gb-headline-7afef26f gb-headline-text\"><strong>Armand Roulin&#8217;in 17 ya\u015f\u0131nda portresi<\/strong>, Kas\u0131m\/Aral\u0131k 1888<br>Tuval \u00fczerine ya\u011fl\u0131boya, 65 x 54 cm<br>Museum Folkwang Essen, Almanya<\/figcaption>\n<\/figure>\n\n<\/div>\n\t\t\t\t\t\n\t\t\t\t<\/div>\n\t\t\t\t\n\t\t\t\t\n\t\t\t\n<\/div>\n\t\t\t\t<div class=\"controls-wrapper\">\n\t\t\t\t\t<div class=\"swiper-controls\">\n\t\t\t\t\t\t<span class=\"page-swiper-button-prev\"><\/span>\n\t\t\t\t\t\t<span class=\"page-swiper-button-next\"><\/span>\n\t\t\t\t\t<\/div>\n\t\t\t\t\t<div class=\"slider-menu\">\n\t\t\t\t\t\t\t\t<nav class=\"main-navigation has-menu-bar-items sub-menu-right\" id=\"site-navigation\" aria-label=\"Primary\"  itemtype=\"https:\/\/schema.org\/SiteNavigationElement\" itemscope>\n\t\t\t<div class=\"inside-navigation grid-container\">\n\t\t\t\t\t\t\t\t<button class=\"menu-toggle\" aria-controls=\"generate-slideout-menu\" aria-expanded=\"false\">\n\t\t\t\t\t<span class=\"gp-icon icon-menu-bars\"><svg viewBox=\"0 0 512 512\" aria-hidden=\"true\" xmlns=\"http:\/\/www.w3.org\/2000\/svg\" width=\"1em\" height=\"1em\"><path d=\"M0 96c0-13.255 10.745-24 24-24h464c13.255 0 24 10.745 24 24s-10.745 24-24 24H24c-13.255 0-24-10.745-24-24zm0 160c0-13.255 10.745-24 24-24h464c13.255 0 24 10.745 24 24s-10.745 24-24 24H24c-13.255 0-24-10.745-24-24zm0 160c0-13.255 10.745-24 24-24h464c13.255 0 24 10.745 24 24s-10.745 24-24 24H24c-13.255 0-24-10.745-24-24z\" \/><\/svg><svg viewBox=\"0 0 512 512\" aria-hidden=\"true\" xmlns=\"http:\/\/www.w3.org\/2000\/svg\" width=\"1em\" height=\"1em\"><path d=\"M71.029 71.029c9.373-9.372 24.569-9.372 33.942 0L256 222.059l151.029-151.03c9.373-9.372 24.569-9.372 33.942 0 9.372 9.373 9.372 24.569 0 33.942L289.941 256l151.03 151.029c9.372 9.373 9.372 24.569 0 33.942-9.373 9.372-24.569 9.372-33.942 0L256 289.941l-151.029 151.03c-9.373 9.372-24.569 9.372-33.942 0-9.372-9.373-9.372-24.569 0-33.942L222.059 256 71.029 104.971c-9.372-9.373-9.372-24.569 0-33.942z\" \/><\/svg><\/span><span class=\"mobile-menu\">B\u00f6l\u00fcme genel bak\u0131\u015f<\/span>\t\t\t\t<\/button>\n\t\t\t\t<div class=\"menu-bar-items\"><\/div>\t\t\t<\/div>\n\t\t<\/nav>\n\t\t\t\t\t\t\t<\/div>\n\t\t\t\t<\/div>\n\t\t\t<\/div>\n\t\t\t\n\t\t\t\n<\/div>\n<\/section>","protected":false},"excerpt":{"rendered":"","protected":false},"author":1,"featured_media":0,"parent":0,"menu_order":5,"comment_status":"closed","ping_status":"closed","template":"","meta":{"footnotes":""},"class_list":["post-5705","page","type-page","status-publish"],"acf":[],"_links":{"self":[{"href":"https:\/\/app.visiodrom.de\/tr\/wp-json\/wp\/v2\/pages\/5705","targetHints":{"allow":["GET"]}}],"collection":[{"href":"https:\/\/app.visiodrom.de\/tr\/wp-json\/wp\/v2\/pages"}],"about":[{"href":"https:\/\/app.visiodrom.de\/tr\/wp-json\/wp\/v2\/types\/page"}],"author":[{"embeddable":true,"href":"https:\/\/app.visiodrom.de\/tr\/wp-json\/wp\/v2\/users\/1"}],"replies":[{"embeddable":true,"href":"https:\/\/app.visiodrom.de\/tr\/wp-json\/wp\/v2\/comments?post=5705"}],"version-history":[{"count":1,"href":"https:\/\/app.visiodrom.de\/tr\/wp-json\/wp\/v2\/pages\/5705\/revisions"}],"predecessor-version":[{"id":5706,"href":"https:\/\/app.visiodrom.de\/tr\/wp-json\/wp\/v2\/pages\/5705\/revisions\/5706"}],"wp:attachment":[{"href":"https:\/\/app.visiodrom.de\/tr\/wp-json\/wp\/v2\/media?parent=5705"}],"curies":[{"name":"wp","href":"https:\/\/api.w.org\/{rel}","templated":true}]}}