{"id":5699,"date":"2025-03-17T17:28:34","date_gmt":"2025-03-17T16:28:34","guid":{"rendered":"https:\/\/app-visiodrom.pixel-tal.de\/kardes-theo-van-gogh\/"},"modified":"2025-03-21T10:15:13","modified_gmt":"2025-03-21T09:15:13","slug":"kardes-theo-van-gogh","status":"publish","type":"page","link":"https:\/\/app.visiodrom.de\/tr\/kardes-theo-van-gogh\/","title":{"rendered":"Karde\u015f Theo van Gogh"},"content":{"rendered":"<section class=\"gb-container gb-container-d9d80a22\">\n<div class=\"gb-container gb-container-a6fda573\">\n\n\t\t\t<div class=\"page-slider swiper\">\n\t\t\t\t\t\t\t\t<div class=\"page-slider-inner swiper-wrapper\">\n\n\t\t\t\t\t\t\t\t\n\t\t\t\t<div id=\"slide-7911a41e27fdf380e94f7589299c5823\" class=\"swiper-slide slide\">\n\n\t\t\t\t\t<div class=\"acf-innerblocks-container\">\n\n<p><strong>Esrarengiz bir portre<\/strong><\/p>\n\n\n\n<p>Bu resmi tan\u0131d\u0131n\u0131z m\u0131? Bu resim de bir\u00e7ok otoportrenin bulundu\u011fu odada as\u0131l\u0131d\u0131r &#8211; ancak resimde kimin tasvir edildi\u011fi hala belirsizli\u011fini korumaktad\u0131r. Uzmanlar resmin Vincent&#8217;\u0131 m\u0131 yoksa Theo van Gogh&#8217;u mu g\u00f6sterdi\u011fi konusunda hemfikir de\u011fil. Her iki karde\u015f de g\u00f6r\u00fcn\u00fc\u015f olarak birbirlerine \u00e7ok benziyorlar. Bug\u00fcn h\u00e2l\u00e2 kesin bir kan\u0131t yoktur.    <br\/><br\/>Portre al\u0131\u015f\u0131lmad\u0131k derecede k\u00fc\u00e7\u00fckt\u00fcr, muhtemelen bu t\u00fcr formatlar\u0131n tipik oldu\u011fu foto\u011fraf\u00e7\u0131l\u0131\u011f\u0131n bir etkisidir. Vincent 14 Aral\u0131k 1885&#8217;te karde\u015fine yazd\u0131\u011f\u0131 bir mektupta kendini \u015f\u00f6yle a\u00e7\u0131klar: <strong>\u00bb<\/strong>&#8216;Ve portre fikrimden vazge\u00e7miyorum [&#8230;] insanlara insanda foto\u011fraf\u00e7\u0131n\u0131n makinesiyle elde edebilece\u011finden ba\u015fka bir \u015fey oldu\u011funu g\u00f6stermek i\u00e7in.\u00ab <br\/><br\/>B\u00f6ylece Van Gogh, resmini &#8216;g\u00f6r\u00fclebilir&#8217; olan\u0131 de\u011fil, &#8216;olan\u0131&#8217; yakalamak i\u00e7in kullanma arzusunu \u00f6ng\u00f6r\u00fcr. Bu amaca ula\u015fmak i\u00e7in, resim tarzlar\u0131n\u0131 tan\u0131mlayan bi\u00e7imsel kurallar\u0131 y\u0131kar. <\/p>\n\n\n\n<figure class=\"gb-block-image gb-block-image-f6c197e5\"><img loading=\"lazy\" decoding=\"async\" width=\"730\" height=\"992\" class=\"gb-image gb-image-f6c197e5\" src=\"https:\/\/app.visiodrom.de\/wp-content\/uploads\/BAL_5403720.jpg\" alt=\"\" title=\"BAL_5403720\" srcset=\"https:\/\/app.visiodrom.de\/wp-content\/uploads\/BAL_5403720.jpg 730w, https:\/\/app.visiodrom.de\/wp-content\/uploads\/BAL_5403720-221x300.jpg 221w\" sizes=\"auto, (max-width: 730px) 100vw, 730px\" \/>\n<figcaption class=\"gb-headline gb-headline-1fb4522d gb-headline-text\"><strong>Otoportre veya Theo van Gogh&#8217;un portresi<\/strong>, 1887 yaz\u0131<br>Karton \u00fczerine ya\u011fl\u0131boya, 19 x 14 cm<br>Van Gogh M\u00fczesi Amsterdam, Hollanda<\/figcaption>\n<\/figure>\n\n\n\n<p>Karde\u015fi Vincent&#8217;\u0131 ressam olmaya ikna eden ki\u015fi Theo van Gogh&#8217;tu. Onu hayat\u0131n her alan\u0131nda destekledi ve Paris&#8217;te bir sanat simsar\u0131 olarak her zaman resmin nabz\u0131n\u0131 tuttu. Paris&#8217;te bulundu\u011fu s\u00fcre boyunca Vincent karde\u015fiyle birlikte ya\u015fad\u0131. Paul Gauguin&#8217;i Vincent&#8217;\u0131 sar\u0131 evinde ziyaret etmeye ikna eden de Theo&#8217;ydu. Ve Vincent&#8217;\u0131n hayat\u0131n\u0131n sonunda Paris yak\u0131nlar\u0131ndaki Auvers-sur-Oise&#8217;a ta\u015f\u0131nmas\u0131 da her yerde haz\u0131r ve naz\u0131r olan karde\u015finin ilgisi ve sevgisi sayesinde oldu.    <br\/><br\/>Theo&#8217;nun o\u011flu Vincent Willem van Gogh, anne ve babas\u0131n\u0131n ya\u015fam\u0131 boyunca s\u00fcrd\u00fcrd\u00fc\u011f\u00fc \u00e7al\u0131\u015fmalar\u0131 devam ettirdi. 1960&#8217;larda Van Gogh&#8217;un eserlerinin kal\u0131c\u0131 olarak eri\u015filebilir olmas\u0131 i\u00e7in bir m\u00fcze kurulmas\u0131n\u0131 destekledi ve t\u00fcm miras\u0131 &#8216;Vincent van Gogh Vakf\u0131&#8217;na devretti. 1973 y\u0131l\u0131nda Amsterdam&#8217;da Van Gogh M\u00fczesi a\u00e7\u0131ld\u0131 ve halen Van Gogh&#8217;un eserlerinden olu\u015fan d\u00fcnyan\u0131n en b\u00fcy\u00fck koleksiyonuna ev sahipli\u011fi yap\u0131yor.  <\/p>\n\n\n\n<figure class=\"gb-block-image gb-block-image-12092769\"><img loading=\"lazy\" decoding=\"async\" width=\"730\" height=\"973\" class=\"gb-image gb-image-12092769\" src=\"https:\/\/app.visiodrom.de\/wp-content\/uploads\/BAL_3134776-1.jpg\" alt=\"\" title=\"BAL_3134776\" srcset=\"https:\/\/app.visiodrom.de\/wp-content\/uploads\/BAL_3134776-1.jpg 730w, https:\/\/app.visiodrom.de\/wp-content\/uploads\/BAL_3134776-1-225x300.jpg 225w\" sizes=\"auto, (max-width: 730px) 100vw, 730px\" \/>\n<figcaption class=\"gb-headline gb-headline-4874a8fe gb-headline-text\"><strong>Theodorus van Gogh<\/strong><br>1889&#8217;da Paris&#8217;te Foto\u011frafland\u0131<\/figcaption>\n<\/figure>\n\n\n\n<p class=\"has-text-align-center\"><strong>\u00bb<\/strong>Ne buldu\u011fumu, i\u015fimi g\u00f6r\u00fcyorsunuz; ve ayn\u0131 zamanda<br\/>ne bulamad\u0131\u011f\u0131m\u0131, ya\u015famak i\u00e7in ihtiyac\u0131m olan di\u011fer her \u015feyi de g\u00f6r\u00fcyorsunuz.\u00ab<\/p>\n\n\n\n<p class=\"has-text-align-right\"><em>Theo&#8217;ya mektup (249), Temmuz 1882<\/em><\/p>\n\n<\/div>\n\t\t\t\t\t\n\t\t\t\t<\/div>\n\t\t\t\t\n\t\t\t\t\n\t\t\t\n<\/div>\n\t\t\t\t<div class=\"controls-wrapper\">\n\t\t\t\t\t<div class=\"swiper-controls\">\n\t\t\t\t\t\t<span class=\"page-swiper-button-prev\"><\/span>\n\t\t\t\t\t\t<span class=\"page-swiper-button-next\"><\/span>\n\t\t\t\t\t<\/div>\n\t\t\t\t\t<div class=\"slider-menu\">\n\t\t\t\t\t\t\t\t<nav class=\"main-navigation has-menu-bar-items sub-menu-right\" id=\"site-navigation\" aria-label=\"Primary\"  itemtype=\"https:\/\/schema.org\/SiteNavigationElement\" itemscope>\n\t\t\t<div class=\"inside-navigation grid-container\">\n\t\t\t\t\t\t\t\t<button class=\"menu-toggle\" aria-controls=\"generate-slideout-menu\" aria-expanded=\"false\">\n\t\t\t\t\t<span class=\"gp-icon icon-menu-bars\"><svg viewBox=\"0 0 512 512\" aria-hidden=\"true\" xmlns=\"http:\/\/www.w3.org\/2000\/svg\" width=\"1em\" height=\"1em\"><path d=\"M0 96c0-13.255 10.745-24 24-24h464c13.255 0 24 10.745 24 24s-10.745 24-24 24H24c-13.255 0-24-10.745-24-24zm0 160c0-13.255 10.745-24 24-24h464c13.255 0 24 10.745 24 24s-10.745 24-24 24H24c-13.255 0-24-10.745-24-24zm0 160c0-13.255 10.745-24 24-24h464c13.255 0 24 10.745 24 24s-10.745 24-24 24H24c-13.255 0-24-10.745-24-24z\" \/><\/svg><svg viewBox=\"0 0 512 512\" aria-hidden=\"true\" xmlns=\"http:\/\/www.w3.org\/2000\/svg\" width=\"1em\" height=\"1em\"><path d=\"M71.029 71.029c9.373-9.372 24.569-9.372 33.942 0L256 222.059l151.029-151.03c9.373-9.372 24.569-9.372 33.942 0 9.372 9.373 9.372 24.569 0 33.942L289.941 256l151.03 151.029c9.372 9.373 9.372 24.569 0 33.942-9.373 9.372-24.569 9.372-33.942 0L256 289.941l-151.029 151.03c-9.373 9.372-24.569 9.372-33.942 0-9.372-9.373-9.372-24.569 0-33.942L222.059 256 71.029 104.971c-9.372-9.373-9.372-24.569 0-33.942z\" \/><\/svg><\/span><span class=\"mobile-menu\">B\u00f6l\u00fcme genel bak\u0131\u015f<\/span>\t\t\t\t<\/button>\n\t\t\t\t<div class=\"menu-bar-items\"><\/div>\t\t\t<\/div>\n\t\t<\/nav>\n\t\t\t\t\t\t\t<\/div>\n\t\t\t\t<\/div>\n\t\t\t<\/div>\n\t\t\t\n\t\t\t\n<\/div>\n<\/section>","protected":false},"excerpt":{"rendered":"","protected":false},"author":1,"featured_media":0,"parent":0,"menu_order":7,"comment_status":"closed","ping_status":"closed","template":"","meta":{"footnotes":""},"class_list":["post-5699","page","type-page","status-publish"],"acf":[],"_links":{"self":[{"href":"https:\/\/app.visiodrom.de\/tr\/wp-json\/wp\/v2\/pages\/5699","targetHints":{"allow":["GET"]}}],"collection":[{"href":"https:\/\/app.visiodrom.de\/tr\/wp-json\/wp\/v2\/pages"}],"about":[{"href":"https:\/\/app.visiodrom.de\/tr\/wp-json\/wp\/v2\/types\/page"}],"author":[{"embeddable":true,"href":"https:\/\/app.visiodrom.de\/tr\/wp-json\/wp\/v2\/users\/1"}],"replies":[{"embeddable":true,"href":"https:\/\/app.visiodrom.de\/tr\/wp-json\/wp\/v2\/comments?post=5699"}],"version-history":[{"count":1,"href":"https:\/\/app.visiodrom.de\/tr\/wp-json\/wp\/v2\/pages\/5699\/revisions"}],"predecessor-version":[{"id":5701,"href":"https:\/\/app.visiodrom.de\/tr\/wp-json\/wp\/v2\/pages\/5699\/revisions\/5701"}],"wp:attachment":[{"href":"https:\/\/app.visiodrom.de\/tr\/wp-json\/wp\/v2\/media?parent=5699"}],"curies":[{"name":"wp","href":"https:\/\/api.w.org\/{rel}","templated":true}]}}