{"id":5296,"date":"2025-03-13T16:28:57","date_gmt":"2025-03-13T15:28:57","guid":{"rendered":"https:\/\/app-visiodrom.pixel-tal.de\/rebel-van-de-avant-garde\/"},"modified":"2025-03-20T15:17:12","modified_gmt":"2025-03-20T14:17:12","slug":"rebel-van-de-avant-garde","status":"publish","type":"page","link":"https:\/\/app.visiodrom.de\/nl\/rebel-van-de-avant-garde\/","title":{"rendered":"Rebel van de avant-garde"},"content":{"rendered":"<section class=\"gb-container gb-container-d9d80a22\">\n<div class=\"gb-container gb-container-a6fda573\">\n\n\t\t\t<div class=\"page-slider swiper\">\n\t\t\t\t\t\t\t\t<div class=\"page-slider-inner swiper-wrapper\">\n\n\t\t\t\t\t\t\t\t\n\t\t\t\t<div id=\"slide-59d51edef5f1c52a3f3ff7e42494adb9\" class=\"swiper-slide slide\">\n\n\t\t\t\t\t<div class=\"acf-innerblocks-container\">\n\n<div class=\"wp-block-pixel-headline headlines is-subheadline-bottom has-text-align-left\"><h3 class=\"headline\" style=\"color:\"><strong>Van Goghs invloed op andere schilders<\/strong><\/h3><\/div>\n\n\n\n<p><strong>Invloed op de moderne kunst<\/strong><\/p>\n\n\n\n<p>Rond 1880 vormden de impressionisten de avant-garde in de schilderkunst. Ze negeerden de &#8216;gangbare regels van het schilderen&#8217; om hun eigen subjectieve indruk van de natuur op het doek te brengen. Maar het moest altijd een als realistisch ervaren indruk van de natuur blijven. Zo werden de kleuren altijd natuurgetrouw weergegeven. Van Gogh onderwierp zich niet aan deze beperkingen. Hij gebruikte kleur om de gevoelens uit te drukken die hij had bij het observeren van de natuur. Misschien zonder het bewust te willen, werd Van Gogh daarmee de wegbereider voor de komende generaties schilders die, dankzij zijn voorbeeld, nu in absolute vrijheid, zonder externe regels, hun &#8216;innerlijke indruk van dingen&#8217; in hun schilderijen weergaven. Jonge kunstenaars, onder de indruk van Van Goghs moed en uitbeelding, noemden hem al snel de &#8216;vader van de moderne kunst&#8217;.       <\/p>\n\n\n\n<figure class=\"gb-block-image gb-block-image-b85bfa9d\"><img loading=\"lazy\" decoding=\"async\" width=\"730\" height=\"609\" class=\"gb-image gb-image-b85bfa9d\" src=\"https:\/\/app.visiodrom.de\/wp-content\/uploads\/BAL_5377694.jpg\" alt=\"\" title=\"BAL_5377694\" srcset=\"https:\/\/app.visiodrom.de\/wp-content\/uploads\/BAL_5377694.jpg 730w, https:\/\/app.visiodrom.de\/wp-content\/uploads\/BAL_5377694-300x250.jpg 300w\" sizes=\"auto, (max-width: 730px) 100vw, 730px\" \/>\n<figcaption class=\"gb-headline gb-headline-3101d83a gb-headline-text\"><strong>Vissersbootjes in Collioure, <\/strong>1905<strong><br><\/strong>Andr\u00e9 Derain (1880\u20131954)<br>Olieverf op doek, 38 x 46 cm<br>Museum of Modern Art New York Verenigde Staten<\/figcaption>\n<\/figure>\n\n\n\n<p>Andr\u00e9 Derain (1880\u20131954) was naast Henri Matisse (1869\u20131954) en Maurice de Vlaminck (1876\u20131958) een van de hoofdvertegenwoordigers van het fauvisme, een kunststroming die gekenmerkt werd door felle kleuren en expressief kleurgebruik. Van Gogh schilderde zijn boten al in 1888 met grote kleurvlakken die niet echt het perspectief willen volgen omdat ze te tweedimensionaal zijn. <\/p>\n\n\n\n<figure class=\"gb-block-image gb-block-image-2e107d36\"><img loading=\"lazy\" decoding=\"async\" width=\"730\" height=\"590\" class=\"gb-image gb-image-2e107d36\" src=\"https:\/\/app.visiodrom.de\/wp-content\/uploads\/BAL_1765541.jpg\" alt=\"\" title=\"BAL_1765541\" srcset=\"https:\/\/app.visiodrom.de\/wp-content\/uploads\/BAL_1765541.jpg 730w, https:\/\/app.visiodrom.de\/wp-content\/uploads\/BAL_1765541-300x242.jpg 300w\" sizes=\"auto, (max-width: 730px) 100vw, 730px\" \/>\n<figcaption class=\"gb-headline gb-headline-d8658495 gb-headline-text\"><strong>Vissersbootjes bij Les Saintes-Maries-de-la-Mer, <\/strong>juni 1888<strong><br><\/strong>Vincent van Gogh (1853\u20131890)<br>Olieverf op doek, 65 x 82 cm<br>Van Gogh Museum Amsterdam, Nederland<\/figcaption>\n<\/figure>\n\n<\/div>\n\t\t\t\t\t\n\t\t\t\t<\/div>\n\t\t\t\t\n\t\t\t\t\n\t\t\t\n\n\n\t\t\t\t\t\t\t\t\n\t\t\t\t<div id=\"slide-59d51edef5f1c52a3f3ff7e42494adb9\" class=\"swiper-slide slide\">\n\n\t\t\t\t\t<div class=\"acf-innerblocks-container\">\n\n<figure class=\"gb-block-image gb-block-image-ea1d6324\"><img loading=\"lazy\" decoding=\"async\" width=\"730\" height=\"886\" class=\"gb-image gb-image-ea1d6324\" src=\"https:\/\/app.visiodrom.de\/wp-content\/uploads\/BAL_11741305.jpg\" alt=\"\" title=\"BAL_11741305\" srcset=\"https:\/\/app.visiodrom.de\/wp-content\/uploads\/BAL_11741305.jpg 730w, https:\/\/app.visiodrom.de\/wp-content\/uploads\/BAL_11741305-247x300.jpg 247w\" sizes=\"auto, (max-width: 730px) 100vw, 730px\" \/>\n<figcaption class=\"gb-headline gb-headline-5d93e1d2 gb-headline-text\"><strong>Zelfportret, <\/strong>1904<strong><br><\/strong>Alexej von Jawlensky (1865\u20131941)<br>Olieverf op doek, 48 x 59 cm<br>Priv\u00e9collectie<\/figcaption>\n<\/figure>\n\n\n\n<figure class=\"gb-block-image gb-block-image-14fa0ac8\"><img loading=\"lazy\" decoding=\"async\" width=\"730\" height=\"886\" class=\"gb-image gb-image-14fa0ac8\" src=\"https:\/\/app.visiodrom.de\/wp-content\/uploads\/BAL_5404481.jpg\" alt=\"\" title=\"BAL_5404481\" srcset=\"https:\/\/app.visiodrom.de\/wp-content\/uploads\/BAL_5404481.jpg 730w, https:\/\/app.visiodrom.de\/wp-content\/uploads\/BAL_5404481-247x300.jpg 247w\" sizes=\"auto, (max-width: 730px) 100vw, 730px\" \/>\n<figcaption class=\"gb-headline gb-headline-edced97d gb-headline-text\"><strong>Zelfportret met vilthoed, <\/strong>winter 1887\/88<strong><br><\/strong>Vincent van Gogh (1853\u20131890)<br>Olieverf op doek, 44 x 38 cm<br>Van Gogh Museum Amsterdam, Nederland<\/figcaption>\n<\/figure>\n\n\n\n<p>De Duits-Russische expressionist Alexej von Jawlensky was medeoprichter van de kunstenaarsgroep &#8216;Der Blaue Reiter&#8217; in M\u00fcnchen, samen met Wassily Kandinsky en Franz Marc. Anders dan bij Van Gogh volgt de penseelvoering in de achtergrond echter niet de contour van het hoofd. <\/p>\n\n\n\n<figure class=\"gb-block-image gb-block-image-25ea2209\"><img loading=\"lazy\" decoding=\"async\" width=\"730\" height=\"577\" class=\"gb-image gb-image-25ea2209\" src=\"https:\/\/app.visiodrom.de\/wp-content\/uploads\/BAL_1765646.jpg\" alt=\"\" title=\"BAL_1765646\" srcset=\"https:\/\/app.visiodrom.de\/wp-content\/uploads\/BAL_1765646.jpg 730w, https:\/\/app.visiodrom.de\/wp-content\/uploads\/BAL_1765646-300x237.jpg 300w\" sizes=\"auto, (max-width: 730px) 100vw, 730px\" \/>\n<figcaption class=\"gb-headline gb-headline-044f48c1 gb-headline-text\"><strong>Amandelbloesem,<\/strong> februari 1890<strong><br><\/strong>Vincent van Gogh (1853\u20131890)<br>Olieverf op doek, 73 x 92 cm<br>Van Gogh Museum Amsterdam, Nederland<\/figcaption>\n<\/figure>\n\n\n\n<figure class=\"gb-block-image gb-block-image-0d24a64f\"><img loading=\"lazy\" decoding=\"async\" width=\"730\" height=\"1424\" class=\"gb-image gb-image-0d24a64f\" src=\"https:\/\/app.visiodrom.de\/wp-content\/uploads\/BAL_5400562.jpg\" alt=\"\" title=\"BAL_5400562\" srcset=\"https:\/\/app.visiodrom.de\/wp-content\/uploads\/BAL_5400562.jpg 730w, https:\/\/app.visiodrom.de\/wp-content\/uploads\/BAL_5400562-154x300.jpg 154w, https:\/\/app.visiodrom.de\/wp-content\/uploads\/BAL_5400562-525x1024.jpg 525w\" sizes=\"auto, (max-width: 730px) 100vw, 730px\" \/>\n<figcaption class=\"gb-headline gb-headline-e458fd21 gb-headline-text\"><strong>De rode boom, <\/strong>1905<strong><br><\/strong>Odilon Redon (1840\u20131916)<br>Lijmverf op doek, 173 x 88 cm<br>Van Gogh Museum Amsterdam, Nederland<\/figcaption>\n<\/figure>\n\n\n\n<p>Vergelijkbaar motief \u2013 dezelfde boodschap. Odilon Redon nam het motief van de amandelbloesem over en versterkte de spirituele dimensie uit Van Goghs werk met een Boeddha-figuur onder zijn boom. <\/p>\n\n<\/div>\n\t\t\t\t\t\n\t\t\t\t<\/div>\n\t\t\t\t\n\t\t\t\t\n\t\t\t\n\n\n\t\t\t\t\t\t\t\t\n\t\t\t\t<div id=\"slide-59d51edef5f1c52a3f3ff7e42494adb9\" class=\"swiper-slide slide\">\n\n\t\t\t\t\t<div class=\"acf-innerblocks-container\">\n\n<div class=\"wp-block-pixel-headline headlines is-subheadline-bottom has-text-align-left\"><h3 class=\"headline\" style=\"color:\">Op \u00e9\u00e9n&#8230; op twee&#8230; en&#8230; op drie!  <\/h3><\/div>\n\n\n\n<div class=\"wp-block-pixel-headline headlines is-subheadline-bottom has-text-align-left\"><h4 class=\"headline\" style=\"color:\"><strong>De duurste &#8216;Van Goghs&#8217; aller tijden<\/strong><\/h4><\/div>\n\n\n\n<figure class=\"gb-block-image gb-block-image-8e0351e5\"><img loading=\"lazy\" decoding=\"async\" width=\"730\" height=\"880\" class=\"gb-image gb-image-8e0351e5\" src=\"https:\/\/app.visiodrom.de\/wp-content\/uploads\/BAL_2639904.jpg\" alt=\"\" title=\"BAL_2639904\" srcset=\"https:\/\/app.visiodrom.de\/wp-content\/uploads\/BAL_2639904.jpg 730w, https:\/\/app.visiodrom.de\/wp-content\/uploads\/BAL_2639904-249x300.jpg 249w\" sizes=\"auto, (max-width: 730px) 100vw, 730px\" \/>\n<figcaption class=\"gb-headline gb-headline-2467d305 gb-headline-text\"><strong>Titel: Portret van Dr. Gachet<\/strong><br><strong>Datum:<\/strong> 15.5.1990<br><strong>Verkoper:<\/strong> Erfgenamen van Siegfried Kramarsky<br><strong>Koper:<\/strong> Sait\u014d Ry\u014dei<br><strong>Prijs: <\/strong>82,5 miljoen $<br><strong>Plaats:<\/strong> Christie&#8217;s New York<\/figcaption>\n<\/figure>\n\n\n\n<figure class=\"gb-block-image gb-block-image-b8c07b04\"><img loading=\"lazy\" decoding=\"async\" width=\"730\" height=\"562\" class=\"gb-image gb-image-b8c07b04\" src=\"https:\/\/app.visiodrom.de\/wp-content\/uploads\/BAL_40070.jpg\" alt=\"\" title=\"BAL_40070\" srcset=\"https:\/\/app.visiodrom.de\/wp-content\/uploads\/BAL_40070.jpg 730w, https:\/\/app.visiodrom.de\/wp-content\/uploads\/BAL_40070-300x231.jpg 300w\" sizes=\"auto, (max-width: 730px) 100vw, 730px\" \/>\n<figcaption class=\"gb-headline gb-headline-041f3002 gb-headline-text\"><strong>Titel: Irissen<\/strong><br><strong>Datum:<\/strong> 11.11.1987 <br><strong>Verkoper:<\/strong> John Whitney Payson<br><strong>Koper:<\/strong> Alan Bond<br><strong>Prijs: <\/strong>53,9 miljoen $<br><strong>Plaats:<\/strong> Sotheby&#8217;s New York<\/figcaption>\n<\/figure>\n\n\n\n<figure class=\"gb-block-image gb-block-image-2388a259\"><img loading=\"lazy\" decoding=\"async\" width=\"730\" height=\"919\" class=\"gb-image gb-image-2388a259\" src=\"https:\/\/app.visiodrom.de\/wp-content\/uploads\/BAL_119794.jpg\" alt=\"\" title=\"BAL_119794\" srcset=\"https:\/\/app.visiodrom.de\/wp-content\/uploads\/BAL_119794.jpg 730w, https:\/\/app.visiodrom.de\/wp-content\/uploads\/BAL_119794-238x300.jpg 238w\" sizes=\"auto, (max-width: 730px) 100vw, 730px\" \/>\n<figcaption class=\"gb-headline gb-headline-f3894660 gb-headline-text\"><strong>Titel:<\/strong> <strong>Vijftien zonnebloemen in een vaas<\/strong><br><strong>Datum:<\/strong> 30.3.1987<br><strong>Verkoper:<\/strong> Helen G. Beatty<br><strong>Koper:<\/strong> Yasuda Verzekering Japan<br><strong>Prijs: <\/strong>39,9 miljoen $<br><strong>Plaats:<\/strong> Christie&#8217;s Londen<\/figcaption>\n<\/figure>\n\n\n\n<p>Al deze schilderijen waren in hun tijd het duurste schilderij ooit. Opmerkelijk: tussen de verkoop van de &#8216;Zonnebloemen&#8217; en het &#8216;Portret van Dr. Gachet&#8217; zitten maar drie jaar. De prijs is in die tijd verdubbeld.  <\/p>\n\n<\/div>\n\t\t\t\t\t\n\t\t\t\t<\/div>\n\t\t\t\t\n\t\t\t\t\n\t\t\t\n\n\n\t\t\t\t\t\t\t\t\n\t\t\t\t<div id=\"slide-59d51edef5f1c52a3f3ff7e42494adb9\" class=\"swiper-slide slide\">\n\n\t\t\t\t\t<div class=\"acf-innerblocks-container\">\n\n<div class=\"wp-block-pixel-headline headlines is-subheadline-bottom has-text-align-left\"><h3 class=\"headline\" style=\"color:\">De duurste schilderijen ter wereld (stand 2024)<\/h3><\/div>\n\n\n\n<figure class=\"gb-block-image gb-block-image-bb009045\"><img loading=\"lazy\" decoding=\"async\" width=\"730\" height=\"1056\" class=\"gb-image gb-image-bb009045\" src=\"https:\/\/app.visiodrom.de\/wp-content\/uploads\/BAL_5385563-1.jpg\" alt=\"\" title=\"BAL_5385563\" srcset=\"https:\/\/app.visiodrom.de\/wp-content\/uploads\/BAL_5385563-1.jpg 730w, https:\/\/app.visiodrom.de\/wp-content\/uploads\/BAL_5385563-1-207x300.jpg 207w, https:\/\/app.visiodrom.de\/wp-content\/uploads\/BAL_5385563-1-708x1024.jpg 708w\" sizes=\"auto, (max-width: 730px) 100vw, 730px\" \/>\n<figcaption class=\"gb-headline gb-headline-f0ae1cac gb-headline-text\"><strong>Titel: Salvator Mundi,<\/strong> Leonardo da Vinci<br><strong>Datum:<\/strong> 15.11.2017 <br><strong>Verkoper:<\/strong> Dmitri Yevgenyevich Rybolovlev<br><strong>Koper:<\/strong> Cultuurautoriteit van Abu Dhabi<br><strong>Prijs: <\/strong>450,3 miljoen $<br><strong>Plaats:<\/strong> Christie&#8217;s New York<\/figcaption>\n<\/figure>\n\n\n<div class=\"gb-container gb-container-99939b28\">\n\n<p class=\"has-text-align-center\">Afbeelding kan om auteursrechtelijke redenen niet worden getoond.<\/p>\n\n<\/div>\n\n\n<p><em><strong>Titel: Shot Sage Blue,<\/strong> Marilyn Andy Warhol<br\/><strong>Datum:<\/strong> 10.5.2022<br\/><strong>Verkoper:<\/strong> Thomas en Doris Ammann Stichting<br\/><strong>Koper:<\/strong> onbekend<br\/><strong>Prijs: <\/strong>195,04 miljoen $<br\/><strong>Plaats:<\/strong> Christie&#8217;s New York<\/em><\/p>\n\n\n<div class=\"gb-container gb-container-8d851d1c\">\n\n<p class=\"has-text-align-center\">Afbeelding kan om auteursrechtelijke redenen niet worden getoond.<\/p>\n\n<\/div>\n\n\n<p><em><strong>Titel: De vrouwen van Algiers<\/strong> (Versie &#8216;O&#8217;), Pablo Picasso<br\/><strong>Datum:<\/strong> 11.5.2015<br\/><strong>Verkoper:<\/strong> onbekend<br\/><strong>Koper:<\/strong> onbekend<br\/><strong>Prijs: <\/strong>179,4 miljoen $<br\/><strong>Plaats:<\/strong> Christie&#8217;s New York<\/em><\/p>\n\n\n\n<figure class=\"gb-block-image gb-block-image-bda66a54\"><img loading=\"lazy\" decoding=\"async\" width=\"730\" height=\"484\" class=\"gb-image gb-image-bda66a54\" src=\"https:\/\/app.visiodrom.de\/wp-content\/uploads\/BAL_2899511-1.jpg\" alt=\"\" title=\"BAL_2899511\" srcset=\"https:\/\/app.visiodrom.de\/wp-content\/uploads\/BAL_2899511-1.jpg 730w, https:\/\/app.visiodrom.de\/wp-content\/uploads\/BAL_2899511-1-300x199.jpg 300w\" sizes=\"auto, (max-width: 730px) 100vw, 730px\" \/>\n<figcaption class=\"gb-headline gb-headline-d929ffc9 gb-headline-text\"><strong>Titel: Nu couch\u00e9,<\/strong> Amedeo Clemente Modigliani<br><strong>Datum:<\/strong> 9.11. 2015 <br><strong>Verkoper:<\/strong> Laura Mattioli Rossi<br><strong>Koper:<\/strong> Long Museum China<br><strong>Prijs: <\/strong>170,4 miljoen $<br><strong>Locatie:<\/strong> Christie&#8217;s New York<\/figcaption>\n<\/figure>\n\n\n\n<figure class=\"gb-block-image gb-block-image-3ac506ab\"><img loading=\"lazy\" decoding=\"async\" width=\"730\" height=\"441\" class=\"gb-image gb-image-3ac506ab\" src=\"https:\/\/app.visiodrom.de\/wp-content\/uploads\/BAL_5946554.jpg\" alt=\"\" title=\"BAL_5946554\" srcset=\"https:\/\/app.visiodrom.de\/wp-content\/uploads\/BAL_5946554.jpg 730w, https:\/\/app.visiodrom.de\/wp-content\/uploads\/BAL_5946554-300x181.jpg 300w\" sizes=\"auto, (max-width: 730px) 100vw, 730px\" \/>\n<figcaption class=\"gb-headline gb-headline-ce73f6fb gb-headline-text\"><strong>Titel: Nu couch\u00e9 (sur le c\u00f4t\u00e9 gauche),<\/strong> Amedeo Clemente Modigliani<br><strong>Datum:<\/strong> 14.5.2018<br><strong>Verkoper:<\/strong> onbekend<br><strong>Koper:<\/strong> onbekend<br><strong>Prijs: <\/strong>157 miljoen $<br><strong>Locatie:<\/strong> Sotheby&#8217;s New York<\/figcaption>\n<\/figure>\n\n\n<div class=\"gb-container gb-container-28f38100\">\n\n<p class=\"has-text-align-center\">Afbeelding kan om auteursrechtelijke redenen niet worden getoond.<\/p>\n\n<\/div>\n\n\n<p><em><strong>Titel: Three Studies of Lucian Freud,<\/strong> Francis Bacon<br\/><strong>Datum:<\/strong> 11.2013<br\/><strong>Verkoper:<\/strong> onbekend<br\/><strong>Koper:<\/strong> onbekend<br\/><strong>Prijs: <\/strong>142,4 miljoen $<br\/><strong>Locatie:<\/strong> Christie&#8217;s New York<\/em><\/p>\n\n\n\n<figure class=\"gb-block-image gb-block-image-a4a9c9af\"><img loading=\"lazy\" decoding=\"async\" width=\"730\" height=\"581\" class=\"gb-image gb-image-a4a9c9af\" src=\"https:\/\/app.visiodrom.de\/wp-content\/uploads\/BAL_9019541.jpg\" alt=\"\" title=\"BAL_9019541\" srcset=\"https:\/\/app.visiodrom.de\/wp-content\/uploads\/BAL_9019541.jpg 730w, https:\/\/app.visiodrom.de\/wp-content\/uploads\/BAL_9019541-300x239.jpg 300w\" sizes=\"auto, (max-width: 730px) 100vw, 730px\" \/>\n<figcaption class=\"gb-headline gb-headline-5f78fc22 gb-headline-text\"><strong>Titel: Les Poseuses<\/strong> (kleine versie), Georges Seurat<br><strong>Datum:<\/strong> 9.11. 2022 <br><strong>Verkoper:<\/strong> Erfgenamen van Paul Allen<br><strong>Koper:<\/strong> onbekend<br><strong>Prijs: <\/strong>149,2 miljoen $<br><strong>Locatie:<\/strong> Christie&#8217;s New York<\/figcaption>\n<\/figure>\n\n\n<div class=\"gb-container gb-container-ba86c6d5\">\n\n<p class=\"has-text-align-center\">Afbeelding kan om auteursrechtelijke redenen niet worden getoond.<\/p>\n\n<\/div>\n\n\n<p><em><strong>Titel: No. 5, 1948,<\/strong> Jackson Pollock<br\/><strong>Datum:<\/strong> 2.11.2006<br\/><strong>Verkoper:<\/strong> David Geffen<br\/><strong>Koper:<\/strong> onbekend<br\/><strong>Prijs: <\/strong>140 miljoen $<br\/><strong>Locatie:<\/strong> Priv\u00e9verkoop via Sotheby&#8217;s<\/em><\/p>\n\n\n<div class=\"gb-container gb-container-d8b3f1c9\">\n\n<p class=\"has-text-align-center\">Afbeelding kan om auteursrechtelijke redenen niet worden getoond.<\/p>\n\n<\/div>\n\n\n<p><em><strong>Titel: Femme \u00e0 la montre,<\/strong> Pablo Picasso<br\/><strong>Datum:<\/strong> 8.11. 2023 <br\/><strong>Verkoper:<\/strong> Erfgenamen van Emily Fisher Landau<br\/><strong>Koper:<\/strong> onbekend<br\/><strong>Prijs: <\/strong>139,4 miljoen $<br\/><strong>Locatie:<\/strong> Sotheby&#8217;s New York<\/em><\/p>\n\n\n\n<figure class=\"gb-block-image gb-block-image-2eef59c0\"><img loading=\"lazy\" decoding=\"async\" width=\"730\" height=\"586\" class=\"gb-image gb-image-2eef59c0\" src=\"https:\/\/app.visiodrom.de\/wp-content\/uploads\/BAL_4654643-1.jpg\" alt=\"\" title=\"JLJ4654643\" srcset=\"https:\/\/app.visiodrom.de\/wp-content\/uploads\/BAL_4654643-1.jpg 730w, https:\/\/app.visiodrom.de\/wp-content\/uploads\/BAL_4654643-1-300x241.jpg 300w\" sizes=\"auto, (max-width: 730px) 100vw, 730px\" \/>\n<figcaption class=\"gb-headline gb-headline-513cd384 gb-headline-text\"><strong>Titel: Montagne Sainte-Victoire,<\/strong> Paul C\u00e9zanne<br><strong>Datum:<\/strong> 9.11.2022<br><strong>Verkoper:<\/strong> Erfgenamen van Paul Allen<br><strong>Koper:<\/strong> onbekend<br><strong>Prijs: <\/strong>137,8 miljoen $<br><strong>Locatie:<\/strong> Christie&#8217;s New York<\/figcaption>\n<\/figure>\n\n\n\n<figure class=\"gb-block-image gb-block-image-01e028dd\"><img loading=\"lazy\" decoding=\"async\" width=\"730\" height=\"586\" class=\"gb-image gb-image-01e028dd\" src=\"https:\/\/app.visiodrom.de\/wp-content\/uploads\/BAL_7345250.jpg\" alt=\"\" title=\"BAL_7345250\" srcset=\"https:\/\/app.visiodrom.de\/wp-content\/uploads\/BAL_7345250.jpg 730w, https:\/\/app.visiodrom.de\/wp-content\/uploads\/BAL_7345250-300x241.jpg 300w\" sizes=\"auto, (max-width: 730px) 100vw, 730px\" \/>\n<figcaption class=\"gb-headline gb-headline-b3a40523 gb-headline-text\"><strong>Titel: Boomgaard met cipressen,<\/strong> Vincent van Gogh<br><strong>Datum:<\/strong> 9.11. 2022 <br><strong>Verkoper:<\/strong> Erfgenamen van Paul Allen<br><strong>Koper:<\/strong> onbekend<br><strong>Prijs: <\/strong>117,2 miljoen $<br><strong>Locatie:<\/strong> Christie&#8217;s New York<\/figcaption>\n<\/figure>\n\n<\/div>\n\t\t\t\t\t\n\t\t\t\t<\/div>\n\t\t\t\t\n\t\t\t\t\n\t\t\t\n\n\n\t\t\t\t\t\t\t\t\n\t\t\t\t<div id=\"slide-59d51edef5f1c52a3f3ff7e42494adb9\" class=\"swiper-slide slide\">\n\n\t\t\t\t\t<div class=\"acf-innerblocks-container\">\n\n<div class=\"wp-block-pixel-headline headlines is-subheadline-bottom has-text-align-left\"><h3 class=\"headline\" style=\"color:\">Van Gogh \u2013 nu<\/h3><\/div>\n\n\n\n<p>Ongeveer 100 jaar na Van Goghs dood bereikten zijn schilderijen een marktwaarde die overeenkwam met hun kunsthistorische betekenis. In 1987 werd een &#8216;Van Gogh&#8217; meteen twee keer het &#8216;duurste schilderij ter wereld&#8217; \u2013 in 1990 voor de derde keer. In 2022 haalde het schilderij &#8216;Boomgaard met cipressen&#8217; bij een veiling in New York een prijs van meer dan 100 miljoen dollar.<br\/>Zulke astronomische bedragen zijn tot nu toe slechts betaald voor werken van 14 kunstenaars wereldwijd<br\/>(stand 2024).  <\/p>\n\n\n\n<figure class=\"gb-block-image gb-block-image-925e40e3\"><img loading=\"lazy\" decoding=\"async\" width=\"730\" height=\"880\" class=\"gb-image gb-image-925e40e3\" src=\"https:\/\/app.visiodrom.de\/wp-content\/uploads\/BAL_2639904.jpg\" alt=\"\" title=\"BAL_2639904\" srcset=\"https:\/\/app.visiodrom.de\/wp-content\/uploads\/BAL_2639904.jpg 730w, https:\/\/app.visiodrom.de\/wp-content\/uploads\/BAL_2639904-249x300.jpg 249w\" sizes=\"auto, (max-width: 730px) 100vw, 730px\" \/>\n<figcaption class=\"gb-headline gb-headline-6cf5f505 gb-headline-text\">Portret van Dr. Gachet, juni 1890<strong><br>Prijs: 82,5 miljoen dollar<\/strong><br>Olieverf op doek, 67 x 56 cm<br>Priv\u00e9collectie<\/figcaption>\n<\/figure>\n\n\n\n<figure class=\"gb-block-image gb-block-image-4da4bdfd\"><img loading=\"lazy\" decoding=\"async\" width=\"730\" height=\"562\" class=\"gb-image gb-image-4da4bdfd\" src=\"https:\/\/app.visiodrom.de\/wp-content\/uploads\/BAL_40070.jpg\" alt=\"\" title=\"BAL_40070\" srcset=\"https:\/\/app.visiodrom.de\/wp-content\/uploads\/BAL_40070.jpg 730w, https:\/\/app.visiodrom.de\/wp-content\/uploads\/BAL_40070-300x231.jpg 300w\" sizes=\"auto, (max-width: 730px) 100vw, 730px\" \/>\n<figcaption class=\"gb-headline gb-headline-8a294dc2 gb-headline-text\">Irissen, mei 1889<br><strong>Prijs: 53,9 miljoen dollar<\/strong><br>Olieverf op doek, 71 x 93 cm<br>J. Paul Getty Museum Los Angeles<br>Verenigde Staten<\/figcaption>\n<\/figure>\n\n\n\n<figure class=\"gb-block-image gb-block-image-0f25f929\"><img loading=\"lazy\" decoding=\"async\" width=\"730\" height=\"919\" class=\"gb-image gb-image-0f25f929\" src=\"https:\/\/app.visiodrom.de\/wp-content\/uploads\/BAL_119794.jpg\" alt=\"\" title=\"BAL_119794\" srcset=\"https:\/\/app.visiodrom.de\/wp-content\/uploads\/BAL_119794.jpg 730w, https:\/\/app.visiodrom.de\/wp-content\/uploads\/BAL_119794-238x300.jpg 238w\" sizes=\"auto, (max-width: 730px) 100vw, 730px\" \/>\n<figcaption class=\"gb-headline gb-headline-c5f60733 gb-headline-text\">Zonnebloemen, januari 1889<strong><br>Prijs: 39,9 miljoen dollar<\/strong><br>Olieverf op doek, 95 x 73 cm<br>Sompo Museum of Art Tokyo, Japan<\/figcaption>\n<\/figure>\n\n\n\n<figure class=\"gb-block-image gb-block-image-2e8da37e\"><img loading=\"lazy\" decoding=\"async\" width=\"730\" height=\"586\" class=\"gb-image gb-image-2e8da37e\" src=\"https:\/\/app.visiodrom.de\/wp-content\/uploads\/BAL_7345250.jpg\" alt=\"\" title=\"BAL_7345250\" srcset=\"https:\/\/app.visiodrom.de\/wp-content\/uploads\/BAL_7345250.jpg 730w, https:\/\/app.visiodrom.de\/wp-content\/uploads\/BAL_7345250-300x241.jpg 300w\" sizes=\"auto, (max-width: 730px) 100vw, 730px\" \/>\n<figcaption class=\"gb-headline gb-headline-876b6508 gb-headline-text\">Boomgaard met cipressen, april 1888<strong><br>Prijs: 117,2 miljoen dollar<\/strong><br>Olieverf op doek, 65 x 81 cm<br>Priv\u00e9collectie<\/figcaption>\n<\/figure>\n\n\n\n<p>De bloeiende fruitbomen rond Arles deden Van Gogh denken aan Japanse houtsneden, waar hij een grote bewonderaar van was. Hij kwam in Arles aan in de lente van 1888, en bloeiende fruitbomen in de open lucht waren een van zijn favoriete onderwerpen. <\/p>\n\n<\/div>\n\t\t\t\t\t\n\t\t\t\t<\/div>\n\t\t\t\t\n\t\t\t\t\n\t\t\t\n<\/div>\n\t\t\t\t<div class=\"controls-wrapper\">\n\t\t\t\t\t<div class=\"swiper-controls\">\n\t\t\t\t\t\t<span class=\"page-swiper-button-prev\"><\/span>\n\t\t\t\t\t\t<span class=\"page-swiper-button-next\"><\/span>\n\t\t\t\t\t<\/div>\n\t\t\t\t\t<div class=\"slider-menu\">\n\t\t\t\t\t\t\t\t<nav class=\"main-navigation has-menu-bar-items sub-menu-right\" id=\"site-navigation\" aria-label=\"Primaire\"  itemtype=\"https:\/\/schema.org\/SiteNavigationElement\" itemscope>\n\t\t\t<div class=\"inside-navigation grid-container\">\n\t\t\t\t\t\t\t\t<button class=\"menu-toggle\" aria-controls=\"generate-slideout-menu\" aria-expanded=\"false\">\n\t\t\t\t\t<span class=\"gp-icon icon-menu-bars\"><svg viewBox=\"0 0 512 512\" aria-hidden=\"true\" xmlns=\"http:\/\/www.w3.org\/2000\/svg\" width=\"1em\" height=\"1em\"><path d=\"M0 96c0-13.255 10.745-24 24-24h464c13.255 0 24 10.745 24 24s-10.745 24-24 24H24c-13.255 0-24-10.745-24-24zm0 160c0-13.255 10.745-24 24-24h464c13.255 0 24 10.745 24 24s-10.745 24-24 24H24c-13.255 0-24-10.745-24-24zm0 160c0-13.255 10.745-24 24-24h464c13.255 0 24 10.745 24 24s-10.745 24-24 24H24c-13.255 0-24-10.745-24-24z\" \/><\/svg><svg viewBox=\"0 0 512 512\" aria-hidden=\"true\" xmlns=\"http:\/\/www.w3.org\/2000\/svg\" width=\"1em\" height=\"1em\"><path d=\"M71.029 71.029c9.373-9.372 24.569-9.372 33.942 0L256 222.059l151.029-151.03c9.373-9.372 24.569-9.372 33.942 0 9.372 9.373 9.372 24.569 0 33.942L289.941 256l151.03 151.029c9.372 9.373 9.372 24.569 0 33.942-9.373 9.372-24.569 9.372-33.942 0L256 289.941l-151.029 151.03c-9.373 9.372-24.569 9.372-33.942 0-9.372-9.373-9.372-24.569 0-33.942L222.059 256 71.029 104.971c-9.372-9.373-9.372-24.569 0-33.942z\" \/><\/svg><\/span><span class=\"mobile-menu\">Hoofdstuk overzicht<\/span>\t\t\t\t<\/button>\n\t\t\t\t<div class=\"menu-bar-items\"><\/div>\t\t\t<\/div>\n\t\t<\/nav>\n\t\t\t\t\t\t\t<\/div>\n\t\t\t\t<\/div>\n\t\t\t<\/div>\n\t\t\t\n\t\t\t\n<\/div>\n<\/section>","protected":false},"excerpt":{"rendered":"","protected":false},"author":1,"featured_media":0,"parent":0,"menu_order":13,"comment_status":"closed","ping_status":"closed","template":"","meta":{"footnotes":""},"class_list":["post-5296","page","type-page","status-publish"],"acf":[],"_links":{"self":[{"href":"https:\/\/app.visiodrom.de\/nl\/wp-json\/wp\/v2\/pages\/5296","targetHints":{"allow":["GET"]}}],"collection":[{"href":"https:\/\/app.visiodrom.de\/nl\/wp-json\/wp\/v2\/pages"}],"about":[{"href":"https:\/\/app.visiodrom.de\/nl\/wp-json\/wp\/v2\/types\/page"}],"author":[{"embeddable":true,"href":"https:\/\/app.visiodrom.de\/nl\/wp-json\/wp\/v2\/users\/1"}],"replies":[{"embeddable":true,"href":"https:\/\/app.visiodrom.de\/nl\/wp-json\/wp\/v2\/comments?post=5296"}],"version-history":[{"count":2,"href":"https:\/\/app.visiodrom.de\/nl\/wp-json\/wp\/v2\/pages\/5296\/revisions"}],"predecessor-version":[{"id":5627,"href":"https:\/\/app.visiodrom.de\/nl\/wp-json\/wp\/v2\/pages\/5296\/revisions\/5627"}],"wp:attachment":[{"href":"https:\/\/app.visiodrom.de\/nl\/wp-json\/wp\/v2\/media?parent=5296"}],"curies":[{"name":"wp","href":"https:\/\/api.w.org\/{rel}","templated":true}]}}