{"id":5609,"date":"2025-03-17T17:09:45","date_gmt":"2025-03-17T16:09:45","guid":{"rendered":"https:\/\/app-visiodrom.pixel-tal.de\/ritratti\/"},"modified":"2025-03-20T15:13:38","modified_gmt":"2025-03-20T14:13:38","slug":"ritratti","status":"publish","type":"page","link":"https:\/\/app.visiodrom.de\/it\/ritratti\/","title":{"rendered":"Ritratti"},"content":{"rendered":"<section class=\"gb-container gb-container-d9d80a22\">\n<div class=\"gb-container gb-container-a6fda573\">\n\n\t\t\t<div class=\"page-slider swiper\">\n\t\t\t\t\t\t\t\t<div class=\"page-slider-inner swiper-wrapper\">\n\n\t\t\t\t\t\t\t\t\n\t\t\t\t<div id=\"slide-9cd4c9d2573d3aa425d5c08c245ec388\" class=\"swiper-slide slide\">\n\n\t\t\t\t\t<div class=\"acf-innerblocks-container\">\n\n<p><strong>Lo sguardo sugli altri<\/strong><\/p>\n\n\n\n<p>Vincent van Gogh raramente aveva la possibilit\u00e0 di scegliere liberamente i suoi modelli. Dato che spesso era considerato un tipo strano, molti suoi contemporanei non erano disposti a farsi ritrarre da lui. Cos\u00ec dipingeva spesso conoscenti o amici. La famiglia del postino Joseph Roulin, amico di Van Gogh, \u00e8 rappresentata ben tre volte su questa parete.   <br\/><br\/>I ritratti hanno accompagnato Van Gogh attraverso tutte le fasi della sua carriera. La selezione qui mostrata proviene principalmente dai suoi ultimi due anni di vita e mostra la rapidit\u00e0 del suo sviluppo artistico. Il dipinto &#8216;Due bambine&#8217; \u00e8 stato creato circa un mese prima della sua morte. Qui Van Gogh \u00e8 andato oltre la pura rappresentazione e ha cercato di catturare l&#8217;essenza delle figure. Il quadro mostra lo stile fiammeggiante e finale di Van Gogh. Al contrario, il ritratto di Alexander Reid risale al periodo parigino intorno al 1887. Qui \u00e8 ancora chiaramente riconoscibile il confronto con altri stili artistici.      <br\/><\/p>\n\n\n\n<figure class=\"gb-block-image gb-block-image-64e120c0\"><img loading=\"lazy\" decoding=\"async\" width=\"730\" height=\"953\" class=\"gb-image gb-image-64e120c0\" src=\"https:\/\/app.visiodrom.de\/wp-content\/uploads\/BAL_4588710-1.jpg\" alt=\"\" title=\"JLJ4588710\" srcset=\"https:\/\/app.visiodrom.de\/wp-content\/uploads\/BAL_4588710-1.jpg 730w, https:\/\/app.visiodrom.de\/wp-content\/uploads\/BAL_4588710-1-230x300.jpg 230w\" sizes=\"auto, (max-width: 730px) 100vw, 730px\" \/>\n<figcaption class=\"gb-headline gb-headline-7b44ed58 gb-headline-text\"><strong>Ritratto di P\u00e8re Tanguy,<\/strong> inverno 1887\/88<br>Olio su tela, 65 x 51 cm<br>Collezione Stavros S. Niarchos, Grecia<\/figcaption>\n<\/figure>\n\n\n\n<figure class=\"gb-block-image gb-block-image-43bdf518\"><img loading=\"lazy\" decoding=\"async\" width=\"730\" height=\"879\" class=\"gb-image gb-image-43bdf518\" src=\"https:\/\/app.visiodrom.de\/wp-content\/uploads\/BAL_37574.jpg\" alt=\"\" title=\"BAL_37574\" srcset=\"https:\/\/app.visiodrom.de\/wp-content\/uploads\/BAL_37574.jpg 730w, https:\/\/app.visiodrom.de\/wp-content\/uploads\/BAL_37574-249x300.jpg 249w\" sizes=\"auto, (max-width: 730px) 100vw, 730px\" \/>\n<figcaption class=\"gb-headline gb-headline-8e8a250a gb-headline-text\"><strong>Ritratto del dottor F\u00e9lix Rey,<\/strong> gennaio 1889<br>Olio su tela, 64 x 53 cm<br>Museo Pushkin Mosca, Russia<\/figcaption>\n<\/figure>\n\n\n\n<figure class=\"gb-block-image gb-block-image-375a5b5e\"><img loading=\"lazy\" decoding=\"async\" width=\"730\" height=\"902\" class=\"gb-image gb-image-375a5b5e\" src=\"https:\/\/app.visiodrom.de\/wp-content\/uploads\/BAL_4664424.jpg\" alt=\"\" title=\"BAL_4664424\" srcset=\"https:\/\/app.visiodrom.de\/wp-content\/uploads\/BAL_4664424.jpg 730w, https:\/\/app.visiodrom.de\/wp-content\/uploads\/BAL_4664424-243x300.jpg 243w\" sizes=\"auto, (max-width: 730px) 100vw, 730px\" \/>\n<figcaption class=\"gb-headline gb-headline-31d53748 gb-headline-text\"><strong>L&#8217;Arl\u00e9sienne (Madame Ginoux),<\/strong> febbraio 1890<br>Olio su tela, 60 x 50 cm<br>Galleria Nazionale d&#8217;Arte Moderna Roma, Italia<\/figcaption>\n<\/figure>\n\n\n\n<figure class=\"gb-block-image gb-block-image-335454ae\"><img loading=\"lazy\" decoding=\"async\" width=\"730\" height=\"911\" class=\"gb-image gb-image-335454ae\" src=\"https:\/\/app.visiodrom.de\/wp-content\/uploads\/BAL_221092.jpg\" alt=\"\" title=\"BAL_221092\" srcset=\"https:\/\/app.visiodrom.de\/wp-content\/uploads\/BAL_221092.jpg 730w, https:\/\/app.visiodrom.de\/wp-content\/uploads\/BAL_221092-240x300.jpg 240w\" sizes=\"auto, (max-width: 730px) 100vw, 730px\" \/>\n<figcaption class=\"gb-headline gb-headline-2f8824da gb-headline-text\"><strong>Lo Zuavo,<\/strong> giugno 1888<br>Olio su tela, 81 x 65 cm<br>Collezione privata, Argentina<\/figcaption>\n<\/figure>\n\n\n\n<figure class=\"gb-block-image gb-block-image-48259a46\"><img loading=\"lazy\" decoding=\"async\" width=\"730\" height=\"918\" class=\"gb-image gb-image-48259a46\" src=\"https:\/\/app.visiodrom.de\/wp-content\/uploads\/BAL_30719.jpg\" alt=\"\" title=\"BAL_30719\" srcset=\"https:\/\/app.visiodrom.de\/wp-content\/uploads\/BAL_30719.jpg 730w, https:\/\/app.visiodrom.de\/wp-content\/uploads\/BAL_30719-239x300.jpg 239w\" sizes=\"auto, (max-width: 730px) 100vw, 730px\" \/>\n<figcaption class=\"gb-headline gb-headline-806ae362 gb-headline-text\"><strong>La ninna nanna (Augustine Roulin),<\/strong> gennaio 1889<br>Olio su tela, 93 x 73 cm<br>The Art Institute of Chicago, Stati Uniti<\/figcaption>\n<\/figure>\n\n\n\n<figure class=\"gb-block-image gb-block-image-c4a1860d\"><img loading=\"lazy\" decoding=\"async\" width=\"730\" height=\"725\" class=\"gb-image gb-image-c4a1860d\" src=\"https:\/\/app.visiodrom.de\/wp-content\/uploads\/BAL_4591676-1.jpg\" alt=\"\" title=\"JLJ4591676\" srcset=\"https:\/\/app.visiodrom.de\/wp-content\/uploads\/BAL_4591676-1.jpg 730w, https:\/\/app.visiodrom.de\/wp-content\/uploads\/BAL_4591676-1-300x298.jpg 300w, https:\/\/app.visiodrom.de\/wp-content\/uploads\/BAL_4591676-1-150x150.jpg 150w\" sizes=\"auto, (max-width: 730px) 100vw, 730px\" \/>\n<figcaption class=\"gb-headline gb-headline-288ba032 gb-headline-text\"><strong>Due bambine,<\/strong> giugno 1890<br>Olio su tela, 51 x 51 cm<br>Mus\u00e9e d&#8217;Orsay Parigi, Francia<\/figcaption>\n<\/figure>\n\n\n\n<figure class=\"gb-block-image gb-block-image-e65bcb05\"><img loading=\"lazy\" decoding=\"async\" width=\"730\" height=\"882\" class=\"gb-image gb-image-e65bcb05\" src=\"https:\/\/app.visiodrom.de\/wp-content\/uploads\/BAL_8610756.jpg\" alt=\"\" title=\"BAL_8610756\" srcset=\"https:\/\/app.visiodrom.de\/wp-content\/uploads\/BAL_8610756.jpg 730w, https:\/\/app.visiodrom.de\/wp-content\/uploads\/BAL_8610756-248x300.jpg 248w\" sizes=\"auto, (max-width: 730px) 100vw, 730px\" \/>\n<figcaption class=\"gb-headline gb-headline-2caae0d7 gb-headline-text\"><strong>Ritratto di Joseph Roulin,<\/strong> marzo 1889<br>Olio su tela, 65 x 54 cm<br>Kr\u00f6ller-M\u00fcller Museum Otterlo, Paesi Bassi<\/figcaption>\n<\/figure>\n\n\n\n<figure class=\"gb-block-image gb-block-image-5431f2bd\"><img loading=\"lazy\" decoding=\"async\" width=\"730\" height=\"1017\" class=\"gb-image gb-image-5431f2bd\" src=\"https:\/\/app.visiodrom.de\/wp-content\/uploads\/BAL_5223.jpg\" alt=\"\" title=\"BAL_5223\" srcset=\"https:\/\/app.visiodrom.de\/wp-content\/uploads\/BAL_5223.jpg 730w, https:\/\/app.visiodrom.de\/wp-content\/uploads\/BAL_5223-215x300.jpg 215w\" sizes=\"auto, (max-width: 730px) 100vw, 730px\" \/>\n<figcaption class=\"gb-headline gb-headline-a1dffc0d gb-headline-text\"><strong>Ritratto di Adeline Ravoux,<\/strong> giugno 1890<br>Olio su tela, 74 x 55 cm<br>Collezione privata<\/figcaption>\n<\/figure>\n\n\n\n<figure class=\"gb-block-image gb-block-image-f7cffd69\"><img loading=\"lazy\" decoding=\"async\" width=\"730\" height=\"915\" class=\"gb-image gb-image-f7cffd69\" src=\"https:\/\/app.visiodrom.de\/wp-content\/uploads\/BAL_9035677-1.jpg\" alt=\"\" title=\"BAL_9035677\" srcset=\"https:\/\/app.visiodrom.de\/wp-content\/uploads\/BAL_9035677-1.jpg 730w, https:\/\/app.visiodrom.de\/wp-content\/uploads\/BAL_9035677-1-239x300.jpg 239w\" sizes=\"auto, (max-width: 730px) 100vw, 730px\" \/>\n<figcaption class=\"gb-headline gb-headline-928879bd gb-headline-text\"><strong>Ritratto di un giovane uomo con fiordaliso<\/strong><br>Giugno 1890, olio su tela, 41 x 32 cm<br>Collezione privata Dallas, Stati Uniti<\/figcaption>\n<\/figure>\n\n\n\n<figure class=\"gb-block-image gb-block-image-d2086831\"><img loading=\"lazy\" decoding=\"async\" width=\"730\" height=\"922\" class=\"gb-image gb-image-d2086831\" src=\"https:\/\/app.visiodrom.de\/wp-content\/uploads\/BAL_7063.jpg\" alt=\"\" title=\"BAL_7063\" srcset=\"https:\/\/app.visiodrom.de\/wp-content\/uploads\/BAL_7063.jpg 730w, https:\/\/app.visiodrom.de\/wp-content\/uploads\/BAL_7063-238x300.jpg 238w\" sizes=\"auto, (max-width: 730px) 100vw, 730px\" \/>\n<figcaption class=\"gb-headline gb-headline-e96da89e gb-headline-text\"><strong>Alexander Reid (mercante d&#8217;arte),<\/strong> primavera 1887<br>Olio su cartone, 42 x 34 cm<br>Art Gallery and Museum Glasgow, Gran Bretagna<\/figcaption>\n<\/figure>\n\n\n\n<figure class=\"gb-block-image gb-block-image-ba53ac18\"><img loading=\"lazy\" decoding=\"async\" width=\"730\" height=\"896\" class=\"gb-image gb-image-ba53ac18\" src=\"https:\/\/app.visiodrom.de\/wp-content\/uploads\/BAL_221903.jpg\" alt=\"\" title=\"BAL_221903\" srcset=\"https:\/\/app.visiodrom.de\/wp-content\/uploads\/BAL_221903.jpg 730w, https:\/\/app.visiodrom.de\/wp-content\/uploads\/BAL_221903-244x300.jpg 244w\" sizes=\"auto, (max-width: 730px) 100vw, 730px\" \/>\n<figcaption class=\"gb-headline gb-headline-9a57131c gb-headline-text\"><strong>Ritratto di Patience Escalier,<\/strong> agosto 1888<br>Olio su tela, 69 x 56 cm<br>Collezione Stavros S. Niarchos, Grecia<\/figcaption>\n<\/figure>\n\n\n\n<figure class=\"gb-block-image gb-block-image-928b9bae\"><img loading=\"lazy\" decoding=\"async\" width=\"730\" height=\"903\" class=\"gb-image gb-image-928b9bae\" src=\"https:\/\/app.visiodrom.de\/wp-content\/uploads\/BAL_60961.jpg\" alt=\"\" title=\"BAL_60961\" srcset=\"https:\/\/app.visiodrom.de\/wp-content\/uploads\/BAL_60961.jpg 730w, https:\/\/app.visiodrom.de\/wp-content\/uploads\/BAL_60961-243x300.jpg 243w\" sizes=\"auto, (max-width: 730px) 100vw, 730px\" \/>\n<figcaption class=\"gb-headline gb-headline-7afef26f gb-headline-text\"><strong>Ritratto di Armand Roulin all&#8217;et\u00e0 di 17 anni,<\/strong> nov.\/dic. 1888<br>Olio su tela, 65 x 54 cm<br>Museum Folkwang Essen, Germania<\/figcaption>\n<\/figure>\n\n<\/div>\n\t\t\t\t\t\n\t\t\t\t<\/div>\n\t\t\t\t\n\t\t\t\t\n\t\t\t\n<\/div>\n\t\t\t\t<div class=\"controls-wrapper\">\n\t\t\t\t\t<div class=\"swiper-controls\">\n\t\t\t\t\t\t<span class=\"page-swiper-button-prev\"><\/span>\n\t\t\t\t\t\t<span class=\"page-swiper-button-next\"><\/span>\n\t\t\t\t\t<\/div>\n\t\t\t\t\t<div class=\"slider-menu\">\n\t\t\t\t\t\t\t\t<nav class=\"main-navigation has-menu-bar-items sub-menu-right\" id=\"site-navigation\" aria-label=\"Principale\"  itemtype=\"https:\/\/schema.org\/SiteNavigationElement\" itemscope>\n\t\t\t<div class=\"inside-navigation grid-container\">\n\t\t\t\t\t\t\t\t<button class=\"menu-toggle\" aria-controls=\"generate-slideout-menu\" aria-expanded=\"false\">\n\t\t\t\t\t<span class=\"gp-icon icon-menu-bars\"><svg viewBox=\"0 0 512 512\" aria-hidden=\"true\" xmlns=\"http:\/\/www.w3.org\/2000\/svg\" width=\"1em\" height=\"1em\"><path d=\"M0 96c0-13.255 10.745-24 24-24h464c13.255 0 24 10.745 24 24s-10.745 24-24 24H24c-13.255 0-24-10.745-24-24zm0 160c0-13.255 10.745-24 24-24h464c13.255 0 24 10.745 24 24s-10.745 24-24 24H24c-13.255 0-24-10.745-24-24zm0 160c0-13.255 10.745-24 24-24h464c13.255 0 24 10.745 24 24s-10.745 24-24 24H24c-13.255 0-24-10.745-24-24z\" \/><\/svg><svg viewBox=\"0 0 512 512\" aria-hidden=\"true\" xmlns=\"http:\/\/www.w3.org\/2000\/svg\" width=\"1em\" height=\"1em\"><path d=\"M71.029 71.029c9.373-9.372 24.569-9.372 33.942 0L256 222.059l151.029-151.03c9.373-9.372 24.569-9.372 33.942 0 9.372 9.373 9.372 24.569 0 33.942L289.941 256l151.03 151.029c9.372 9.373 9.372 24.569 0 33.942-9.373 9.372-24.569 9.372-33.942 0L256 289.941l-151.029 151.03c-9.373 9.372-24.569 9.372-33.942 0-9.372-9.373-9.372-24.569 0-33.942L222.059 256 71.029 104.971c-9.372-9.373-9.372-24.569 0-33.942z\" \/><\/svg><\/span><span class=\"mobile-menu\">Panoramica del capitolo<\/span>\t\t\t\t<\/button>\n\t\t\t\t<div class=\"menu-bar-items\"><\/div>\t\t\t<\/div>\n\t\t<\/nav>\n\t\t\t\t\t\t\t<\/div>\n\t\t\t\t<\/div>\n\t\t\t<\/div>\n\t\t\t\n\t\t\t\n<\/div>\n<\/section>","protected":false},"excerpt":{"rendered":"","protected":false},"author":1,"featured_media":0,"parent":0,"menu_order":5,"comment_status":"closed","ping_status":"closed","template":"","meta":{"footnotes":""},"class_list":["post-5609","page","type-page","status-publish"],"acf":[],"_links":{"self":[{"href":"https:\/\/app.visiodrom.de\/it\/wp-json\/wp\/v2\/pages\/5609","targetHints":{"allow":["GET"]}}],"collection":[{"href":"https:\/\/app.visiodrom.de\/it\/wp-json\/wp\/v2\/pages"}],"about":[{"href":"https:\/\/app.visiodrom.de\/it\/wp-json\/wp\/v2\/types\/page"}],"author":[{"embeddable":true,"href":"https:\/\/app.visiodrom.de\/it\/wp-json\/wp\/v2\/users\/1"}],"replies":[{"embeddable":true,"href":"https:\/\/app.visiodrom.de\/it\/wp-json\/wp\/v2\/comments?post=5609"}],"version-history":[{"count":1,"href":"https:\/\/app.visiodrom.de\/it\/wp-json\/wp\/v2\/pages\/5609\/revisions"}],"predecessor-version":[{"id":5610,"href":"https:\/\/app.visiodrom.de\/it\/wp-json\/wp\/v2\/pages\/5609\/revisions\/5610"}],"wp:attachment":[{"href":"https:\/\/app.visiodrom.de\/it\/wp-json\/wp\/v2\/media?parent=5609"}],"curies":[{"name":"wp","href":"https:\/\/api.w.org\/{rel}","templated":true}]}}