{"id":5580,"date":"2025-03-17T17:28:34","date_gmt":"2025-03-17T16:28:34","guid":{"rendered":"https:\/\/app-visiodrom.pixel-tal.de\/il-fratello-theo-van-gogh\/"},"modified":"2025-03-20T15:11:55","modified_gmt":"2025-03-20T14:11:55","slug":"il-fratello-theo-van-gogh","status":"publish","type":"page","link":"https:\/\/app.visiodrom.de\/it\/il-fratello-theo-van-gogh\/","title":{"rendered":"Il fratello Theo van Gogh"},"content":{"rendered":"<section class=\"gb-container gb-container-d9d80a22\">\n<div class=\"gb-container gb-container-a6fda573\">\n\n\t\t\t<div class=\"page-slider swiper\">\n\t\t\t\t\t\t\t\t<div class=\"page-slider-inner swiper-wrapper\">\n\n\t\t\t\t\t\t\t\t\n\t\t\t\t<div id=\"slide-99631830f68fc1208a9305764ea39f6e\" class=\"swiper-slide slide\">\n\n\t\t\t\t\t<div class=\"acf-innerblocks-container\">\n\n<p><strong>Un ritratto misterioso<\/strong><\/p>\n\n\n\n<p>Lo conosci questo quadro? \u00c8 appeso anche nella stanza con tutti quei autoritratti &#8211; ma non si capisce chi sia raffigurato. Gli esperti non sono d&#8217;accordo se mostra Vincent o Theo van Gogh. Si diceva che i due fratelli si somigliassero un sacco. Fino ad oggi manca una prova decisiva.    <br\/><br\/>Il ritratto \u00e8 insolitamente piccolo, probabilmente influenzato dalla fotografia, per cui questi formati erano tipici. In una lettera Vincent spieg\u00f2 a suo fratello il 14 dicembre 1885: <strong>\u201c<\/strong>E non rinuncio alla mia idea dei ritratti, [&#8230;] per mostrare alla gente che c&#8217;\u00e8 qualcos&#8217;altro nell&#8217;uomo oltre a ci\u00f2 che il fotografo pu\u00f2 tirare fuori da lui con la sua macchina.\u201c <br\/><br\/>Con questo Van Gogh anticipa il desiderio di catturare con la sua pittura ci\u00f2 che &#8216;\u00e8&#8217;, non ci\u00f2 che &#8216;si vede&#8217;. Per raggiungere questo obiettivo, rompe con le regole formali con cui si definiscono gli stili pittorici. <\/p>\n\n\n\n<figure class=\"gb-block-image gb-block-image-f6c197e5\"><img loading=\"lazy\" decoding=\"async\" width=\"730\" height=\"992\" class=\"gb-image gb-image-f6c197e5\" src=\"https:\/\/app.visiodrom.de\/wp-content\/uploads\/BAL_5403720.jpg\" alt=\"\" title=\"BAL_5403720\" srcset=\"https:\/\/app.visiodrom.de\/wp-content\/uploads\/BAL_5403720.jpg 730w, https:\/\/app.visiodrom.de\/wp-content\/uploads\/BAL_5403720-221x300.jpg 221w\" sizes=\"auto, (max-width: 730px) 100vw, 730px\" \/>\n<figcaption class=\"gb-headline gb-headline-1fb4522d gb-headline-text\"><strong>Autoritratto o ritratto di Theo van Gogh,<\/strong> estate 1887<br>Olio su cartone, 19 x 14 cm<br>Van Gogh Museum Amsterdam, Paesi Bassi<\/figcaption>\n<\/figure>\n\n\n\n<p>Fu Theo van Gogh a convincere suo fratello Vincent a diventare pittore. Lo sosteneva in tutte le situazioni della vita ed era sempre al polso della pittura come mercante d&#8217;arte a Parigi. Durante il suo periodo a Parigi, Vincent viveva con suo fratello. Fu anche Theo a convincere Paul Gauguin a visitare Vincent nella sua casa gialla. E anche il fatto che Vincent si trasfer\u00ec ad Auvers-sur-Oise vicino a Parigi alla fine della sua vita fu dovuto all&#8217;amore e alla cura del fratello onnipresente.    <br\/><br\/>Il figlio di Theo, Vincent Willem van Gogh, port\u00f2 avanti l&#8217;opera dei suoi genitori. Negli anni &#8217;60 sostenne la creazione di un museo che rendesse l&#8217;opera di Van Gogh accessibile in modo permanente e cedette l&#8217;intera eredit\u00e0 alla &#8216;Fondazione Vincent van Gogh&#8217;. Nel 1973 fu aperto il Museo Van Gogh ad Amsterdam, che ospita ancora oggi la pi\u00f9 grande collezione al mondo delle sue opere.  <\/p>\n\n\n\n<figure class=\"gb-block-image gb-block-image-12092769\"><img loading=\"lazy\" decoding=\"async\" width=\"730\" height=\"973\" class=\"gb-image gb-image-12092769\" src=\"https:\/\/app.visiodrom.de\/wp-content\/uploads\/BAL_3134776-1.jpg\" alt=\"\" title=\"BAL_3134776\" srcset=\"https:\/\/app.visiodrom.de\/wp-content\/uploads\/BAL_3134776-1.jpg 730w, https:\/\/app.visiodrom.de\/wp-content\/uploads\/BAL_3134776-1-225x300.jpg 225w\" sizes=\"auto, (max-width: 730px) 100vw, 730px\" \/>\n<figcaption class=\"gb-headline gb-headline-4874a8fe gb-headline-text\"><strong>Theodorus van Gogh<\/strong><br>fotografato nel 1889 a Parigi<\/figcaption>\n<\/figure>\n\n\n\n<p class=\"has-text-align-center\"><strong>\u201c<\/strong>Vedi, ho trovato il mio lavoro; E vedi anche,<br\/>quello che non ho trovato, tutto il resto che serve per vivere.\u201c<\/p>\n\n\n\n<p class=\"has-text-align-right\"><em>Lettera (249) a Theo, luglio 1882<\/em><\/p>\n\n<\/div>\n\t\t\t\t\t\n\t\t\t\t<\/div>\n\t\t\t\t\n\t\t\t\t\n\t\t\t\n<\/div>\n\t\t\t\t<div class=\"controls-wrapper\">\n\t\t\t\t\t<div class=\"swiper-controls\">\n\t\t\t\t\t\t<span class=\"page-swiper-button-prev\"><\/span>\n\t\t\t\t\t\t<span class=\"page-swiper-button-next\"><\/span>\n\t\t\t\t\t<\/div>\n\t\t\t\t\t<div class=\"slider-menu\">\n\t\t\t\t\t\t\t\t<nav class=\"main-navigation has-menu-bar-items sub-menu-right\" id=\"site-navigation\" aria-label=\"Principale\"  itemtype=\"https:\/\/schema.org\/SiteNavigationElement\" itemscope>\n\t\t\t<div class=\"inside-navigation grid-container\">\n\t\t\t\t\t\t\t\t<button class=\"menu-toggle\" aria-controls=\"generate-slideout-menu\" aria-expanded=\"false\">\n\t\t\t\t\t<span class=\"gp-icon icon-menu-bars\"><svg viewBox=\"0 0 512 512\" aria-hidden=\"true\" xmlns=\"http:\/\/www.w3.org\/2000\/svg\" width=\"1em\" height=\"1em\"><path d=\"M0 96c0-13.255 10.745-24 24-24h464c13.255 0 24 10.745 24 24s-10.745 24-24 24H24c-13.255 0-24-10.745-24-24zm0 160c0-13.255 10.745-24 24-24h464c13.255 0 24 10.745 24 24s-10.745 24-24 24H24c-13.255 0-24-10.745-24-24zm0 160c0-13.255 10.745-24 24-24h464c13.255 0 24 10.745 24 24s-10.745 24-24 24H24c-13.255 0-24-10.745-24-24z\" \/><\/svg><svg viewBox=\"0 0 512 512\" aria-hidden=\"true\" xmlns=\"http:\/\/www.w3.org\/2000\/svg\" width=\"1em\" height=\"1em\"><path d=\"M71.029 71.029c9.373-9.372 24.569-9.372 33.942 0L256 222.059l151.029-151.03c9.373-9.372 24.569-9.372 33.942 0 9.372 9.373 9.372 24.569 0 33.942L289.941 256l151.03 151.029c9.372 9.373 9.372 24.569 0 33.942-9.373 9.372-24.569 9.372-33.942 0L256 289.941l-151.029 151.03c-9.373 9.372-24.569 9.372-33.942 0-9.372-9.373-9.372-24.569 0-33.942L222.059 256 71.029 104.971c-9.372-9.373-9.372-24.569 0-33.942z\" \/><\/svg><\/span><span class=\"mobile-menu\">Panoramica del capitolo<\/span>\t\t\t\t<\/button>\n\t\t\t\t<div class=\"menu-bar-items\"><\/div>\t\t\t<\/div>\n\t\t<\/nav>\n\t\t\t\t\t\t\t<\/div>\n\t\t\t\t<\/div>\n\t\t\t<\/div>\n\t\t\t\n\t\t\t\n<\/div>\n<\/section>","protected":false},"excerpt":{"rendered":"","protected":false},"author":1,"featured_media":0,"parent":0,"menu_order":7,"comment_status":"closed","ping_status":"closed","template":"","meta":{"footnotes":""},"class_list":["post-5580","page","type-page","status-publish"],"acf":[],"_links":{"self":[{"href":"https:\/\/app.visiodrom.de\/it\/wp-json\/wp\/v2\/pages\/5580","targetHints":{"allow":["GET"]}}],"collection":[{"href":"https:\/\/app.visiodrom.de\/it\/wp-json\/wp\/v2\/pages"}],"about":[{"href":"https:\/\/app.visiodrom.de\/it\/wp-json\/wp\/v2\/types\/page"}],"author":[{"embeddable":true,"href":"https:\/\/app.visiodrom.de\/it\/wp-json\/wp\/v2\/users\/1"}],"replies":[{"embeddable":true,"href":"https:\/\/app.visiodrom.de\/it\/wp-json\/wp\/v2\/comments?post=5580"}],"version-history":[{"count":1,"href":"https:\/\/app.visiodrom.de\/it\/wp-json\/wp\/v2\/pages\/5580\/revisions"}],"predecessor-version":[{"id":5581,"href":"https:\/\/app.visiodrom.de\/it\/wp-json\/wp\/v2\/pages\/5580\/revisions\/5581"}],"wp:attachment":[{"href":"https:\/\/app.visiodrom.de\/it\/wp-json\/wp\/v2\/media?parent=5580"}],"curies":[{"name":"wp","href":"https:\/\/api.w.org\/{rel}","templated":true}]}}