{"id":5409,"date":"2025-03-11T13:26:04","date_gmt":"2025-03-11T12:26:04","guid":{"rendered":"https:\/\/app-visiodrom.pixel-tal.de\/capanna\/"},"modified":"2025-03-20T15:19:54","modified_gmt":"2025-03-20T14:19:54","slug":"capanna","status":"publish","type":"page","link":"https:\/\/app.visiodrom.de\/it\/capanna\/","title":{"rendered":"soggiorno nei paesi bassi (capanna)"},"content":{"rendered":"<section class=\"gb-container gb-container-d9d80a22\">\n<div class=\"gb-container gb-container-a6fda573\">\n\n\t\t\t<div class=\"page-slider swiper\">\n\t\t\t\t\t\t\t\t<div class=\"page-slider-inner swiper-wrapper\">\n\n\t\t\t\t\t\t\t\t\n\t\t\t\t<div id=\"slide-5aa6dbe33bfe63847eb1cc33c767fa1d\" class=\"swiper-slide slide\">\n\n\t\t\t\t\t<div class=\"acf-innerblocks-container\">\n\n<div class=\"wp-block-pixel-headline headlines is-subheadline-bottom has-text-align-left\"><h3 class=\"headline\" style=\"color:\">Una vita per la fede<\/h3><\/div>\n\n\n\n<p><strong>Religione e natura<\/strong><br\/><br\/>La religione cristiana ebbe una profonda influenza sulla vita e sul lavoro di Vincent van Gogh. Fino all&#8217;et\u00e0 di 26 anni, voleva diventare un sacerdote o un missionario. Essendo figlio di un sacerdote, crebbe in modo strettamente religioso. Con il tempo, la concezione della fede di Vincent si allontan\u00f2 sempre pi\u00f9 dagli insegnamenti della Chiesa. Per lui, la fede era radicata nella compassione della gente comune &#8211; operai e contadini. Vedeva Dio ovunque: nella creazione del mondo, nei dettagli della natura, nelle persone, in tutto ci\u00f2 che esiste.     <\/p>\n\n\n\n<figure class=\"gb-block-image gb-block-image-09798e32\"><img loading=\"lazy\" decoding=\"async\" width=\"730\" height=\"605\" class=\"gb-image gb-image-09798e32\" src=\"https:\/\/app.visiodrom.de\/wp-content\/uploads\/BAL_1765526.jpg\" alt=\"\" title=\"BAL_1765526\" srcset=\"https:\/\/app.visiodrom.de\/wp-content\/uploads\/BAL_1765526.jpg 730w, https:\/\/app.visiodrom.de\/wp-content\/uploads\/BAL_1765526-300x249.jpg 300w\" sizes=\"auto, (max-width: 730px) 100vw, 730px\" \/>\n<figcaption class=\"gb-headline gb-headline-9fdc44d8 gb-headline-text\"><strong>Natura morta con Bibbia,<\/strong> aprile 1885<br>Olio su tela, 66 x 79 cm<br>Van Gogh Museum Amsterdam, Paesi Bassi<\/figcaption>\n<\/figure>\n\n\n\n<p>In quest&#8217;opera, Vincent van Gogh mostra il suo atteggiamento verso la fede e l&#8217;illuminazione. La Bibbia occupa la maggior parte del quadro. In primo piano, il romanzo di \u00c9mile Zola <strong>\u201c<\/strong>La gioia di vivere\u201c (<strong>\u201c<\/strong>La joie de vivre\u201c) si staglia in un giallo brillante, simbolo di un pensiero moderno e illuminato. La candela nella foto si \u00e8 spenta, la sua luce non collega i libri. Resta da vedere quale sia la scuola di pensiero preferita da Vincent.    <\/p>\n\n<\/div>\n\t\t\t\t\t\n\t\t\t\t<\/div>\n\t\t\t\t\n\t\t\t\t\n\t\t\t\n\n\n\t\t\t\t\t\t\t\t\n\t\t\t\t<div id=\"slide-5aa6dbe33bfe63847eb1cc33c767fa1d\" class=\"swiper-slide slide\">\n\n\t\t\t\t\t<div class=\"acf-innerblocks-container\">\n\n<div class=\"wp-block-pixel-headline headlines is-subheadline-bottom has-text-align-left\"><h3 class=\"headline\" style=\"color:\">Gli inizi<\/h3><\/div>\n\n\n\n<div class=\"wp-block-pixel-headline headlines is-subheadline-bottom has-text-align-left\"><h4 class=\"headline\" style=\"color:\">Omaggio alla dura vita di campagna<\/h4><\/div>\n\n\n\n<p>In questo dipinto, Van Gogh cattura l&#8217;umore e la durezza della semplice vita contadina. La tavolozza dei colori \u00e8 composta da toni scuri e marroni. Le figure sembrano rilassate. Vincent rimase colpito dall&#8217;originale schiettezza di questa vita:   <br\/><strong><strong>\u201c<\/strong><\/strong>[&#8230;] che queste persone [&#8230;] hanno lavorato la terra con le loro mani, che hanno messo nella ciotola [&#8230;] e hanno cos\u00ec guadagnato onestamente il loro cibo.<strong>\u201c<\/strong><\/p>\n\n\n\n<p>Il dipinto fu molto criticato all&#8217;epoca per il suo carattere rozzo e i suoi colori scuri. Per Van Gogh, tuttavia, il messaggio del dipinto era pi\u00f9 importante della perfezione tecnica. Documenta il profondo rispetto di Van Gogh per la classe operaia e mostra la sua evoluzione in pittore realista. Oggi questo quadro \u00e8 considerato un capolavoro della sua fase iniziale ed \u00e8 uno dei suoi dipinti pi\u00f9 famosi.   <\/p>\n\n\n\n<figure class=\"gb-block-image gb-block-image-57428d64\"><img loading=\"lazy\" decoding=\"async\" width=\"730\" height=\"518\" class=\"gb-image gb-image-57428d64\" src=\"https:\/\/app.visiodrom.de\/wp-content\/uploads\/BAL_1765540.jpg\" alt=\"\" title=\"BAL_1765540\" srcset=\"https:\/\/app.visiodrom.de\/wp-content\/uploads\/BAL_1765540.jpg 730w, https:\/\/app.visiodrom.de\/wp-content\/uploads\/BAL_1765540-300x213.jpg 300w\" sizes=\"auto, (max-width: 730px) 100vw, 730px\" \/>\n<figcaption class=\"gb-headline gb-headline-462a9c3e gb-headline-text\"><strong>I mangiatori di patate,<\/strong> aprile 1885<br>Olio su tela, 82 x 115 cm<br>Van Gogh Museum Amsterdam, Paesi Bassi<\/figcaption>\n<\/figure>\n\n\n\n<h4 class=\"gb-headline gb-headline-5b895480 gb-headline-text\">La famiglia Van Gogh<\/h4>\n\n\n<div class=\"gb-grid-wrapper gb-grid-wrapper-c82f257c\">\n<div class=\"gb-grid-column gb-grid-column-59c410a9\"><div class=\"gb-container gb-container-59c410a9\">\n\n<figure class=\"gb-block-image gb-block-image-52909b1f\"><img loading=\"lazy\" decoding=\"async\" width=\"730\" height=\"1047\" class=\"gb-image gb-image-52909b1f\" src=\"https:\/\/app.visiodrom.de\/wp-content\/uploads\/Father_of_Van_Gogh.png\" alt=\"\" title=\"Father_of_Van_Gogh\" srcset=\"https:\/\/app.visiodrom.de\/wp-content\/uploads\/Father_of_Van_Gogh.png 730w, https:\/\/app.visiodrom.de\/wp-content\/uploads\/Father_of_Van_Gogh-209x300.png 209w, https:\/\/app.visiodrom.de\/wp-content\/uploads\/Father_of_Van_Gogh-714x1024.png 714w\" sizes=\"auto, (max-width: 730px) 100vw, 730px\" \/>\n<figcaption class=\"gb-headline gb-headline-f0577dd9 gb-headline-text\">Padre Theodorus van Gogh<br>(1822-1885)<\/figcaption>\n<\/figure>\n\n\n\n<figure class=\"gb-block-image gb-block-image-6e698151\"><img loading=\"lazy\" decoding=\"async\" width=\"730\" height=\"973\" class=\"gb-image gb-image-6e698151\" src=\"https:\/\/app.visiodrom.de\/wp-content\/uploads\/BAL_5362404-1.jpg\" alt=\"\" title=\"BAL_5362404\" srcset=\"https:\/\/app.visiodrom.de\/wp-content\/uploads\/BAL_5362404-1.jpg 730w, https:\/\/app.visiodrom.de\/wp-content\/uploads\/BAL_5362404-1-225x300.jpg 225w\" sizes=\"auto, (max-width: 730px) 100vw, 730px\" \/>\n<figcaption class=\"gb-headline gb-headline-5b756296 gb-headline-text\">Vincent van Gogh nel 1871 all&#8217;et\u00e0 di 18 anni<\/figcaption>\n<\/figure>\n\n<\/div><\/div>\n\n<div class=\"gb-grid-column gb-grid-column-7f4d823f\"><div class=\"gb-container gb-container-7f4d823f\">\n\n<figure class=\"gb-block-image gb-block-image-3703f786\"><img loading=\"lazy\" decoding=\"async\" width=\"730\" height=\"1047\" class=\"gb-image gb-image-3703f786\" src=\"https:\/\/app.visiodrom.de\/wp-content\/uploads\/Mother_of_Van_Gogh.png\" alt=\"\" title=\"Mother_of_Van_Gogh\" srcset=\"https:\/\/app.visiodrom.de\/wp-content\/uploads\/Mother_of_Van_Gogh.png 730w, https:\/\/app.visiodrom.de\/wp-content\/uploads\/Mother_of_Van_Gogh-209x300.png 209w, https:\/\/app.visiodrom.de\/wp-content\/uploads\/Mother_of_Van_Gogh-714x1024.png 714w\" sizes=\"auto, (max-width: 730px) 100vw, 730px\" \/>\n<figcaption class=\"gb-headline gb-headline-09e9ddb7 gb-headline-text\">Madre Anna Cornelia van Gogh<br>nata Carbentus (1819-1907)<\/figcaption>\n<\/figure>\n\n\n\n<figure class=\"gb-block-image gb-block-image-a16495a2\"><img loading=\"lazy\" decoding=\"async\" width=\"730\" height=\"973\" class=\"gb-image gb-image-a16495a2\" src=\"https:\/\/app.visiodrom.de\/wp-content\/uploads\/BAL_3134776-1.jpg\" alt=\"\" title=\"BAL_3134776\" srcset=\"https:\/\/app.visiodrom.de\/wp-content\/uploads\/BAL_3134776-1.jpg 730w, https:\/\/app.visiodrom.de\/wp-content\/uploads\/BAL_3134776-1-225x300.jpg 225w\" sizes=\"auto, (max-width: 730px) 100vw, 730px\" \/>\n<figcaption class=\"gb-headline gb-headline-a4b61cbc gb-headline-text\">Il fratello minore di Vincent, Theodorus van Gogh, detto Theo (1857-1891), fotografato intorno al 1889<\/figcaption>\n<\/figure>\n\n<\/div><\/div>\n<\/div>\n\n\n<p>Vincent van Gogh nacque il 30 marzo 1853 nel villaggio di Zundert, nel sud dei Paesi Bassi. Suo padre Teodoro era un sacerdote profondamente religioso e conservatore, mentre sua madre Anna si prese cura del giovane Vincent pi\u00f9 che amorevolmente. Il suo primo figlio, anch&#8217;egli chiamato Vincent, era nato morto esattamente un anno prima. La famiglia continu\u00f2 a crescere: Vincent aveva cinque fratelli minori: tre sorelle e due fratelli, tra cui l&#8217;amico di sempre Theodorus, conosciuto come Theo.   <\/p>\n\n\n\n<p>La famiglia Van Gogh allargata era notevolmente pi\u00f9 ricca e privilegiata rispetto alla povera popolazione rurale che Vincent dipinse con tanta passione nei suoi primi anni di vita. Tra questi c&#8217;erano lo zio &#8216;Jan&#8217;, un contrammiraglio della marina, e lo zio &#8216;Cent&#8217;, che aveva co-fondato la concessionaria d&#8217;arte Goupil &amp; Cie e aveva addestrato Vincent e Theo presso la filiale dell&#8217;Aia. <\/p>\n\n\n\n<p><strong>Il fratello insostituibile<\/strong><\/p>\n\n\n\n<p>Il rapporto tra Vincent van Gogh e suo fratello minore Theo era eccezionalmente stretto. 652 lettere sopravvissute documentano come Vincent condividesse con Theo la sua vita, il suo lavoro e i suoi pensieri pi\u00f9 intimi. Soprattutto nei momenti di malattia e di dubbio, Theo sostenne Vincent come consigliere, mecenate, critico e amico intimo. Come mercante d&#8217;arte di successo, Theo contribu\u00ec in modo decisivo allo sviluppo artistico di Vincent. La vita e il lavoro di Vincent sarebbero stati inimmaginabili senza il sostegno finanziario e morale di Theo.    <\/p>\n\n\n\n<p><strong>Natura<\/strong><\/p>\n\n\n\n<p>La famiglia Van Gogh amava le lunghe passeggiate nella campagna circostante, che risvegliarono in Vincent un profondo legame con la natura gi\u00e0 in tenera et\u00e0. La sua forza primordiale e la dura vita dei contadini lo impressionarono molto pi\u00f9 della scuola, che termin\u00f2 all&#8217;et\u00e0 di 15 anni senza alcuna qualifica. <\/p>\n\n\n\n<p>Vincent ha sempre disegnato regolarmente, ma ha deciso di diventare pittore solo all&#8217;et\u00e0 di 27 anni. Nella sua prima fase, quella iniziale, si vedeva come un <strong>\u201c<\/strong>pittore di braccianti e contadini\u201c. Le sue opere di questo periodo erano caratterizzate dai toni bruni e terrosi dei campi che caratterizzavano la vita della gente comune.  <\/p>\n\n\n\n<figure class=\"gb-block-image gb-block-image-0d55efa5\"><img loading=\"lazy\" decoding=\"async\" width=\"730\" height=\"609\" class=\"gb-image gb-image-0d55efa5\" src=\"https:\/\/app.visiodrom.de\/wp-content\/uploads\/BAL_8604955.jpg\" alt=\"\" title=\"BAL_8604955\" srcset=\"https:\/\/app.visiodrom.de\/wp-content\/uploads\/BAL_8604955.jpg 730w, https:\/\/app.visiodrom.de\/wp-content\/uploads\/BAL_8604955-300x250.jpg 300w\" sizes=\"auto, (max-width: 730px) 100vw, 730px\" \/>\n<figcaption class=\"gb-headline gb-headline-3a3a8468 gb-headline-text\"><strong>Capanna di paglia al tramonto,<\/strong> maggio 1885<br>Olio su tela, 66 x 79 cm<br>Van Gogh Museum Amsterdam, Paesi Bassi<\/figcaption>\n<\/figure>\n\n\n\n<p>La capanna in cui ti trovi \u00e8 modellata su questo motivo tipico di Vincent van Gogh. Egli chiam\u00f2 queste modeste case coloniche <strong>\u201c<\/strong>nidi di persone\u201c, sottolineando il loro effetto protettivo. <\/p>\n\n\n\n<figure class=\"gb-block-image gb-block-image-4cd8091e\"><img loading=\"lazy\" decoding=\"async\" width=\"730\" height=\"943\" class=\"gb-image gb-image-4cd8091e\" src=\"https:\/\/app.visiodrom.de\/wp-content\/uploads\/BAL_3106588.jpg\" alt=\"\" title=\"BAL_3106588\" srcset=\"https:\/\/app.visiodrom.de\/wp-content\/uploads\/BAL_3106588.jpg 730w, https:\/\/app.visiodrom.de\/wp-content\/uploads\/BAL_3106588-232x300.jpg 232w\" sizes=\"auto, (max-width: 730px) 100vw, 730px\" \/>\n<figcaption class=\"gb-headline gb-headline-f2846455 gb-headline-text\"><strong>Testa di contadina con cappellino bianco<br>(Gordina de Groot),<\/strong> marzo 1885<br>Olio su tela, 33 x 43 cm<br>Van Gogh Museum Amsterdam, Paesi Bassi<\/figcaption>\n<\/figure>\n\n\n\n<p>Van Gogh dipinse molto in serie. Nella primavera del 1885, realizz\u00f2 molti ritratti di donne contadine. Era affascinato dal contrasto tra le loro tradizionali cuffiette bianche e i loro volti scuri e segnati dalle intemperie.  <\/p>\n\n\n\n<p>Tra i ritratti di contadini di questo periodo, questo \u00e8 l&#8217;unico in cui si conosce il nome della modella: Gordina de Groot. La si pu\u00f2 vedere anche nel dipinto <strong>\u201c<\/strong>I mangiatori di patate\u201c. <\/p>\n\n\n\n<figure class=\"gb-block-image gb-block-image-a8f18419\"><img loading=\"lazy\" decoding=\"async\" width=\"730\" height=\"505\" class=\"gb-image gb-image-a8f18419\" src=\"https:\/\/app.visiodrom.de\/wp-content\/uploads\/BAL_5404423.jpg\" alt=\"\" title=\"BAL_5404423\" srcset=\"https:\/\/app.visiodrom.de\/wp-content\/uploads\/BAL_5404423.jpg 730w, https:\/\/app.visiodrom.de\/wp-content\/uploads\/BAL_5404423-300x208.jpg 300w\" sizes=\"auto, (max-width: 730px) 100vw, 730px\" \/>\n<figcaption class=\"gb-headline gb-headline-b783784f gb-headline-text\"><strong>Spiaggia di Scheveningen in tempo di tempesta,<\/strong> agosto 1882<br>Olio su carta su tela, 36 x 52 cm<br>Van Gogh Museum Amsterdam, Paesi Bassi<\/figcaption>\n<\/figure>\n\n\n\n<p><strong>\u201c<\/strong>Le onde si susseguivano cos\u00ec rapidamente che una spostava l&#8217;altra e la collisione delle masse d&#8217;acqua creava una specie di schiuma [&#8230;], tanto pi\u00f9 impressionante se la si osservava pi\u00f9 a lungo, perch\u00e9 faceva cos\u00ec poco rumore. Il mare aveva il colore dell&#8217;acqua sporca e saponata.\u201c<br\/> Vincent descrisse cos\u00ec il dipinto in una lettera al fratello Theo del 26 agosto 1882. Si dimostr\u00f2 un osservatore preciso delle forze della natura e le cattur\u00f2 con altrettanta precisione sulla tela.  <\/p>\n\n<\/div>\n\t\t\t\t\t\n\t\t\t\t<\/div>\n\t\t\t\t\n\t\t\t\t\n\t\t\t\n\n\n\t\t\t\t\t\t\t\t\n\t\t\t\t<div id=\"slide-5aa6dbe33bfe63847eb1cc33c767fa1d\" class=\"swiper-slide slide\">\n\n\t\t\t\t\t<div class=\"acf-innerblocks-container\">\n\n<p><strong>Artisticamente figlio del suo tempo<\/strong><\/p>\n\n\n\n<p>Vincent van Gogh nacque all&#8217;inizio dell&#8217;industrializzazione. Era particolarmente affascinato dai telai nelle anguste case coloniche. Nell&#8217;aprile del 1884, disse a suo fratello Theo: <strong>\u201c<\/strong>&#8216;Dovr\u00f2 lavorare ancora molto su questi telai, ma in realt\u00e0 le cose sono cos\u00ec belle &#8211; tutto quel vecchio legno di quercia contro un muro grigiastro &#8211; che penso sia giusto dipingerle&#8217;.\u201c Van Gogh pensava intensamente all&#8217;effetto e al messaggio dei suoi dipinti. Il suo desiderio era quello di toccare le persone, risvegliare il loro fascino e spiegare il mondo attraverso la pittura, che si tratti di un telaio o della bellezza della natura.  <\/p>\n\n\n\n<figure class=\"gb-block-image gb-block-image-a6c2c77b\"><img loading=\"lazy\" decoding=\"async\" width=\"730\" height=\"589\" class=\"gb-image gb-image-a6c2c77b\" src=\"https:\/\/app.visiodrom.de\/wp-content\/uploads\/BAL_6383801.jpg\" alt=\"\" title=\"BAL_6383801\" srcset=\"https:\/\/app.visiodrom.de\/wp-content\/uploads\/BAL_6383801.jpg 730w, https:\/\/app.visiodrom.de\/wp-content\/uploads\/BAL_6383801-300x242.jpg 300w\" sizes=\"auto, (max-width: 730px) 100vw, 730px\" \/>\n<figcaption class=\"gb-headline gb-headline-7e68c43f gb-headline-text\"><strong>tessitore al telaio,<\/strong> maggio 1884<br>olio su tela, 70 x 85 cm<br>kr\u00f6ller-m\u00fcller museum, paesi bassi<\/figcaption>\n<\/figure>\n\n\n\n<p>Contro la parete chiara, la figura della tessitrice si fonde quasi con l&#8217;imponente macchina. La luce della piccola lampada sulla destra dell&#8217;immagine non \u00e8 sufficiente per illuminare cos\u00ec intensamente la parete sullo sfondo. Tuttavia, Van Gogh ha bisogno della superficie luminosa per enfatizzare i dettagli del telaio.  <\/p>\n\n\n\n<p><strong>Natura morta: l&#8217;inizio di tutto<\/strong><\/p>\n\n\n\n<p>Le nature morte sono una sfida pittorica: l&#8217;obiettivo \u00e8 quello di far emergere la poesia del momento da semplici motivi attraverso l&#8217;uso della luce, della tecnica pittorica e del colore, per creare uno stato d&#8217;animo tangibile o un significato dominante. Le oltre 170 nature morte create da Vincent van Gogh mostrano la sua evoluzione artistica, dagli inizi cupi ai girasoli dai colori vivaci. <\/p>\n\n\n\n<figure class=\"gb-block-image gb-block-image-19db9617\"><img loading=\"lazy\" decoding=\"async\" width=\"730\" height=\"449\" class=\"gb-image gb-image-19db9617\" src=\"https:\/\/app.visiodrom.de\/wp-content\/uploads\/BAL_8604957.jpg\" alt=\"\" title=\"BAL_8604957\" srcset=\"https:\/\/app.visiodrom.de\/wp-content\/uploads\/BAL_8604957.jpg 730w, https:\/\/app.visiodrom.de\/wp-content\/uploads\/BAL_8604957-300x185.jpg 300w\" sizes=\"auto, (max-width: 730px) 100vw, 730px\" \/>\n<figcaption class=\"gb-headline gb-headline-40a00521 gb-headline-text\"><strong>Natura morta con cavoli e zoccoli,<\/strong> novembre 1881<br>Olio su carta su legno, 35 x 55 cm<br>Museo Van Gogh Amsterdam, Paesi Bassi<\/figcaption>\n<\/figure>\n\n\n\n<p>Questa natura morta \u00e8 uno dei primi dipinti di Van Gogh. In questo primo tentativo ad olio, Vincent sta ancora lottando con le superfici dei vari materiali. <\/p>\n\n\n\n<figure class=\"gb-block-image gb-block-image-d488959d\"><img loading=\"lazy\" decoding=\"async\" width=\"730\" height=\"554\" class=\"gb-image gb-image-d488959d\" src=\"https:\/\/app.visiodrom.de\/wp-content\/uploads\/BAL_115428.jpg\" alt=\"\" title=\"BAL_115428\" srcset=\"https:\/\/app.visiodrom.de\/wp-content\/uploads\/BAL_115428.jpg 730w, https:\/\/app.visiodrom.de\/wp-content\/uploads\/BAL_115428-300x228.jpg 300w\" sizes=\"auto, (max-width: 730px) 100vw, 730px\" \/>\n<figcaption class=\"gb-headline gb-headline-498f85ec gb-headline-text\"><strong>Natura morta con terracotta, bicchiere da birra e bottiglie,<\/strong> novembre 1884<br>Olio su tela su legno, 31 x 41 cm<br>Collezione privata, USA<\/figcaption>\n<\/figure>\n\n\n\n<p>Un ritratto tipico del suo tempo. In questo caso, Van Gogh utilizza come motivo la ceramica e il vetro. Questi sono stati tra i primi beni che le fabbriche sono state in grado di produrre su scala di massa.  <\/p>\n\n<\/div>\n\t\t\t\t\t\n\t\t\t\t<\/div>\n\t\t\t\t\n\t\t\t\t\n\t\t\t\n\n\n\t\t\t\t\t\t\t\t\n\t\t\t\t<div id=\"slide-5aa6dbe33bfe63847eb1cc33c767fa1d\" class=\"swiper-slide slide\">\n\n\t\t\t\t\t<div class=\"acf-innerblocks-container\">\n\n<figure class=\"gb-block-image gb-block-image-48e4c3de\"><img loading=\"lazy\" decoding=\"async\" width=\"730\" height=\"297\" class=\"gb-image gb-image-48e4c3de\" src=\"https:\/\/app.visiodrom.de\/wp-content\/uploads\/BAL_166547.jpg\" alt=\"\" title=\"BAL_166547\" srcset=\"https:\/\/app.visiodrom.de\/wp-content\/uploads\/BAL_166547.jpg 730w, https:\/\/app.visiodrom.de\/wp-content\/uploads\/BAL_166547-300x122.jpg 300w\" sizes=\"auto, (max-width: 730px) 100vw, 730px\" \/>\n<figcaption class=\"gb-headline gb-headline-b42910c5 gb-headline-text\"><strong>Piantagione di patate,<\/strong> settembre 1884<br>Olio su tela, 71 x 170 cm<br>Von der Heydt-Museum Wuppertal, Germania<\/figcaption>\n<\/figure>\n\n\n\n<p>Articolo ospite: Descrizione dell&#8217;immagine a cura del Dr. Roland M\u00f6nig, Direttore<br\/>Von der Heydt-Museum, Wuppertal<br\/><br\/>Il quadro appartiene a un gruppo di dipinti che l&#8217;orafo di Eindhoven Antoon Hermans ordin\u00f2 nel 1884 per decorare una stanza della sua casa. Il loro scopo era quello di illustrare le quattro stagioni utilizzando rappresentazioni della vita dei contadini. Van Gogh scelse come motivi il seminatore, l&#8217;aratore, il raccolto, la semina delle patate e, per l&#8217;inverno, un pastore con un carro di buoi.  <\/p>\n\n\n\n<p>Il dipinto di Wuppertal \u00e8 il pezzo pi\u00f9 famoso di questo ciclo, che \u00e8 sopravvissuto solo in frammenti. Rappresenta un punto culminante di questa fase del lavoro dell&#8217;artista. Il dipinto trae il suo effetto speciale dalla striscia di luce all&#8217;orizzonte: un fenomeno naturale osservato con precisione che senza dubbio aveva anche un significato religioso per il profondamente religioso Van Gogh.  <\/p>\n\n<\/div>\n\t\t\t\t\t\n\t\t\t\t<\/div>\n\t\t\t\t\n\t\t\t\t\n\t\t\t\n\n\n\t\t\t\t\t\t\t\t\n\t\t\t\t<div id=\"slide-5aa6dbe33bfe63847eb1cc33c767fa1d\" class=\"swiper-slide slide\">\n\n\t\t\t\t\t<div class=\"acf-innerblocks-container\">\n\n<figure class=\"gb-block-image gb-block-image-3bd97627\"><img loading=\"lazy\" decoding=\"async\" width=\"730\" height=\"968\" class=\"gb-image gb-image-3bd97627\" src=\"https:\/\/app.visiodrom.de\/wp-content\/uploads\/BAL_7225175.jpg\" alt=\"\" title=\"BAL_7225175\" srcset=\"https:\/\/app.visiodrom.de\/wp-content\/uploads\/BAL_7225175.jpg 730w, https:\/\/app.visiodrom.de\/wp-content\/uploads\/BAL_7225175-226x300.jpg 226w\" sizes=\"auto, (max-width: 730px) 100vw, 730px\" \/>\n<figcaption class=\"gb-headline gb-headline-a7cd05b3 gb-headline-text\"><strong>Teschio con sigaretta accesa,<\/strong> gennaio 1886<br>Olio su tela, 32 x 25 cm<br>Van Gogh Museum Amsterdam, Paesi Bassi<\/figcaption>\n<\/figure>\n\n\n\n<figure class=\"gb-block-image gb-block-image-1c6b3113\"><img loading=\"lazy\" decoding=\"async\" width=\"730\" height=\"518\" class=\"gb-image gb-image-1c6b3113\" src=\"https:\/\/app.visiodrom.de\/wp-content\/uploads\/BAL_100768.jpg\" alt=\"\" title=\"BAL_100768\" srcset=\"https:\/\/app.visiodrom.de\/wp-content\/uploads\/BAL_100768.jpg 730w, https:\/\/app.visiodrom.de\/wp-content\/uploads\/BAL_100768-300x213.jpg 300w\" sizes=\"auto, (max-width: 730px) 100vw, 730px\" \/>\n<figcaption class=\"gb-headline gb-headline-381a3642 gb-headline-text\"><strong>Due topi,<\/strong> novembre 1884<br>Olio su legno, 30 x42 cm<br>Collezione privata<\/figcaption>\n<\/figure>\n\n\n\n<figure class=\"gb-block-image gb-block-image-28d3b072\"><img loading=\"lazy\" decoding=\"async\" width=\"730\" height=\"591\" class=\"gb-image gb-image-28d3b072\" src=\"https:\/\/app.visiodrom.de\/wp-content\/uploads\/BAL_433466.jpg\" alt=\"\" title=\"BAL_433466\" srcset=\"https:\/\/app.visiodrom.de\/wp-content\/uploads\/BAL_433466.jpg 730w, https:\/\/app.visiodrom.de\/wp-content\/uploads\/BAL_433466-300x243.jpg 300w\" sizes=\"auto, (max-width: 730px) 100vw, 730px\" \/>\n<figcaption class=\"gb-headline gb-headline-b6b0a979 gb-headline-text\"><strong>Un paio di scarpe,<\/strong> primavera 1887<br>Olio su tela, 38 x 46 cm<br>Collezione privata<\/figcaption>\n<\/figure>\n\n\n\n<figure class=\"gb-block-image gb-block-image-6732af60\"><img loading=\"lazy\" decoding=\"async\" width=\"730\" height=\"376\" class=\"gb-image gb-image-6732af60\" src=\"https:\/\/app.visiodrom.de\/wp-content\/uploads\/BAL_5404447.jpg\" alt=\"\" title=\"BAL_5404447\" srcset=\"https:\/\/app.visiodrom.de\/wp-content\/uploads\/BAL_5404447.jpg 730w, https:\/\/app.visiodrom.de\/wp-content\/uploads\/BAL_5404447-300x155.jpg 300w\" sizes=\"auto, (max-width: 730px) 100vw, 730px\" \/>\n<figcaption class=\"gb-headline gb-headline-03ca1f9c gb-headline-text\"><strong>Il pipistrello,<\/strong> seconda met\u00e0 del 1886<br>Olio su tela, 41 x 79 cm<br>Van Gogh Museum Amsterdam, Paesi Bassi<\/figcaption>\n<\/figure>\n\n<\/div>\n\t\t\t\t\t\n\t\t\t\t<\/div>\n\t\t\t\t\n\t\t\t\t\n\t\t\t\n<\/div>\n\t\t\t\t<div class=\"controls-wrapper\">\n\t\t\t\t\t<div class=\"swiper-controls\">\n\t\t\t\t\t\t<span class=\"page-swiper-button-prev\"><\/span>\n\t\t\t\t\t\t<span class=\"page-swiper-button-next\"><\/span>\n\t\t\t\t\t<\/div>\n\t\t\t\t\t<div class=\"slider-menu\">\n\t\t\t\t\t\t\t\t<nav class=\"main-navigation has-menu-bar-items sub-menu-right\" id=\"site-navigation\" aria-label=\"Principale\"  itemtype=\"https:\/\/schema.org\/SiteNavigationElement\" itemscope>\n\t\t\t<div class=\"inside-navigation grid-container\">\n\t\t\t\t\t\t\t\t<button class=\"menu-toggle\" aria-controls=\"generate-slideout-menu\" aria-expanded=\"false\">\n\t\t\t\t\t<span class=\"gp-icon icon-menu-bars\"><svg viewBox=\"0 0 512 512\" aria-hidden=\"true\" xmlns=\"http:\/\/www.w3.org\/2000\/svg\" width=\"1em\" height=\"1em\"><path d=\"M0 96c0-13.255 10.745-24 24-24h464c13.255 0 24 10.745 24 24s-10.745 24-24 24H24c-13.255 0-24-10.745-24-24zm0 160c0-13.255 10.745-24 24-24h464c13.255 0 24 10.745 24 24s-10.745 24-24 24H24c-13.255 0-24-10.745-24-24zm0 160c0-13.255 10.745-24 24-24h464c13.255 0 24 10.745 24 24s-10.745 24-24 24H24c-13.255 0-24-10.745-24-24z\" \/><\/svg><svg viewBox=\"0 0 512 512\" aria-hidden=\"true\" xmlns=\"http:\/\/www.w3.org\/2000\/svg\" width=\"1em\" height=\"1em\"><path d=\"M71.029 71.029c9.373-9.372 24.569-9.372 33.942 0L256 222.059l151.029-151.03c9.373-9.372 24.569-9.372 33.942 0 9.372 9.373 9.372 24.569 0 33.942L289.941 256l151.03 151.029c9.372 9.373 9.372 24.569 0 33.942-9.373 9.372-24.569 9.372-33.942 0L256 289.941l-151.029 151.03c-9.373 9.372-24.569 9.372-33.942 0-9.372-9.373-9.372-24.569 0-33.942L222.059 256 71.029 104.971c-9.372-9.373-9.372-24.569 0-33.942z\" \/><\/svg><\/span><span class=\"mobile-menu\">Panoramica del capitolo<\/span>\t\t\t\t<\/button>\n\t\t\t\t<div class=\"menu-bar-items\"><\/div>\t\t\t<\/div>\n\t\t<\/nav>\n\t\t\t\t\t\t\t<\/div>\n\t\t\t\t<\/div>\n\t\t\t<\/div>\n\t\t\t\n\t\t\t\n<\/div>\n<\/section>","protected":false},"excerpt":{"rendered":"","protected":false},"author":1,"featured_media":0,"parent":0,"menu_order":2,"comment_status":"closed","ping_status":"closed","template":"","meta":{"footnotes":""},"class_list":["post-5409","page","type-page","status-publish"],"acf":[],"_links":{"self":[{"href":"https:\/\/app.visiodrom.de\/it\/wp-json\/wp\/v2\/pages\/5409","targetHints":{"allow":["GET"]}}],"collection":[{"href":"https:\/\/app.visiodrom.de\/it\/wp-json\/wp\/v2\/pages"}],"about":[{"href":"https:\/\/app.visiodrom.de\/it\/wp-json\/wp\/v2\/types\/page"}],"author":[{"embeddable":true,"href":"https:\/\/app.visiodrom.de\/it\/wp-json\/wp\/v2\/users\/1"}],"replies":[{"embeddable":true,"href":"https:\/\/app.visiodrom.de\/it\/wp-json\/wp\/v2\/comments?post=5409"}],"version-history":[{"count":3,"href":"https:\/\/app.visiodrom.de\/it\/wp-json\/wp\/v2\/pages\/5409\/revisions"}],"predecessor-version":[{"id":5678,"href":"https:\/\/app.visiodrom.de\/it\/wp-json\/wp\/v2\/pages\/5409\/revisions\/5678"}],"wp:attachment":[{"href":"https:\/\/app.visiodrom.de\/it\/wp-json\/wp\/v2\/media?parent=5409"}],"curies":[{"name":"wp","href":"https:\/\/api.w.org\/{rel}","templated":true}]}}