{"id":5286,"date":"2025-03-13T16:20:26","date_gmt":"2025-03-13T15:20:26","guid":{"rendered":"https:\/\/app-visiodrom.pixel-tal.de\/la-strada-verso-la-fama\/"},"modified":"2025-03-21T10:45:36","modified_gmt":"2025-03-21T09:45:36","slug":"la-strada-verso-la-fama","status":"publish","type":"page","link":"https:\/\/app.visiodrom.de\/it\/la-strada-verso-la-fama\/","title":{"rendered":"la strada verso la gloria"},"content":{"rendered":"<section class=\"gb-container gb-container-d9d80a22\">\n<div class=\"gb-container gb-container-a6fda573\">\n\n\t\t\t<div class=\"page-slider swiper\">\n\t\t\t\t\t\t\t\t<div class=\"page-slider-inner swiper-wrapper\">\n\n\t\t\t\t\t\t\t\t\n\t\t\t\t<div id=\"slide-7038a696df158a4b6c5b6d3249243735\" class=\"swiper-slide slide\">\n\n\t\t\t\t\t<div class=\"acf-innerblocks-container\">\n\n<div class=\"wp-block-pixel-headline headlines is-subheadline-bottom has-text-align-left\"><h3 class=\"headline\" style=\"color:\">esperti come influencer<\/h3><\/div>\n\n\n\n<p>queste persone sono state ispirate presto dall&#8217;arte di vincent e hanno contribuito in modo significativo alla sua diffusione.<\/p>\n\n\n\n<div class=\"wp-block-pixel-headline headlines is-subheadline-bottom has-text-align-left\"><h4 class=\"headline\" style=\"color:\">paul cassirer<\/h4><span class=\"subheadline\" style=\"color:\">(1871\u20131926)<\/span><\/div>\n\n\n\n<figure class=\"gb-block-image gb-block-image-8d3aa06f\"><img loading=\"lazy\" decoding=\"async\" width=\"730\" height=\"992\" class=\"gb-image gb-image-8d3aa06f\" src=\"https:\/\/app.visiodrom.de\/wp-content\/uploads\/BAL_3001905.jpg\" alt=\"\" title=\"BAL_3001905\" srcset=\"https:\/\/app.visiodrom.de\/wp-content\/uploads\/BAL_3001905.jpg 730w, https:\/\/app.visiodrom.de\/wp-content\/uploads\/BAL_3001905-221x300.jpg 221w\" sizes=\"auto, (max-width: 730px) 100vw, 730px\" \/>\n<figcaption class=\"gb-headline gb-headline-1090da15 gb-headline-text\">fotografia di paul cassirer (1871\u20131926)<br>circa 1905<\/figcaption>\n<\/figure>\n\n\n\n<p>il mercante d&#8217;arte e editore tedesco paul cassirer (1871\u20131926) ha organizzato, oltre a numerose mostre fisse, anche mostre itineranti a vienna, dresda e amburgo. fino alla prima guerra mondiale, c&#8217;erano circa 120 dipinti di van gogh in germania. 80 di questi sono stati mediati esclusivamente dal commercio d&#8217;arte di paul cassirer.  <\/p>\n\n\n\n<div class=\"wp-block-pixel-headline headlines is-subheadline-bottom has-text-align-left\"><h4 class=\"headline\" style=\"color:\">julius meier-graefe<\/h4><span class=\"subheadline\" style=\"color:\">(1867\u20131935)<\/span><\/div>\n\n\n\n<figure class=\"gb-block-image gb-block-image-a1d37d70\"><img loading=\"lazy\" decoding=\"async\" width=\"730\" height=\"973\" class=\"gb-image gb-image-a1d37d70\" src=\"https:\/\/app.visiodrom.de\/wp-content\/uploads\/BAL_7308942.jpg\" alt=\"\" title=\"BAL_7308942\" srcset=\"https:\/\/app.visiodrom.de\/wp-content\/uploads\/BAL_7308942.jpg 730w, https:\/\/app.visiodrom.de\/wp-content\/uploads\/BAL_7308942-225x300.jpg 225w\" sizes=\"auto, (max-width: 730px) 100vw, 730px\" \/>\n<figcaption class=\"gb-headline gb-headline-44ddb57c gb-headline-text\">julius meier-graefe<br>edvard munch (1863\u20131944), intorno al 1894<br>olio su tela, 100 x 75 cm<br>museo nazionale di oslo, norvegia<\/figcaption>\n<\/figure>\n\n\n\n<p>l&#8217;influente storico dell&#8217;arte e scrittore julius meier-graefe (1867\u20131935) ha riconosciuto presto l&#8217;importanza dell&#8217;opera di van gogh. nel 1900 ha scritto per la prima volta di van gogh nella rivista &#8216;die insel&#8217;. nel suo libro &#8216;storia dello sviluppo dell&#8217;arte moderna&#8217; gli ha gi\u00e0 dedicato un intero capitolo, prima di pubblicare nel 1910 &#8216;vincent van gogh&#8217;, il primo libro dedicato interamente al pittore &#8211; un&#8217;opera che viene ancora oggi pubblicata.  <\/p>\n\n\n\n<div class=\"wp-block-pixel-headline headlines is-subheadline-bottom has-text-align-left\"><h4 class=\"headline\" style=\"color:\">helene kr\u00f6ller-m\u00fcller<\/h4><span class=\"subheadline\" style=\"color:\">(1869\u20131939)<\/span><\/div>\n\n\n\n<figure class=\"gb-block-image gb-block-image-96983d1e\"><img loading=\"lazy\" decoding=\"async\" width=\"730\" height=\"982\" class=\"gb-image gb-image-96983d1e\" src=\"https:\/\/app.visiodrom.de\/wp-content\/uploads\/Helene_Mueller_and_Anton_Kroeller_cropped-1.jpg\" alt=\"\" title=\"Helene_M\u00fcller_and_Anton_Kr\u00f6ller_(cropped)\" srcset=\"https:\/\/app.visiodrom.de\/wp-content\/uploads\/Helene_Mueller_and_Anton_Kroeller_cropped-1.jpg 730w, https:\/\/app.visiodrom.de\/wp-content\/uploads\/Helene_Mueller_and_Anton_Kroeller_cropped-1-223x300.jpg 223w\" sizes=\"auto, (max-width: 730px) 100vw, 730px\" \/>\n<figcaption class=\"gb-headline gb-headline-29d35730 gb-headline-text\">helene m\u00fcller intorno al 1887\/88<br>poco dopo segu\u00ec il suo fidanzamento con il ricco imprenditore edile anton kr\u00f6ller.<\/figcaption>\n<\/figure>\n\n\n\n<p>helene kr\u00f6ller-m\u00fcller \u00e8 stata profondamente toccata dal tipo di arte di van gogh. la sua ricchezza l&#8217;ha resa una appassionata collezionista. nel 1908 ha acquistato il suo primo dipinto di van gogh &#8216;bordo del bosco&#8217; per 110 fiorini.  <\/p>\n\n\n\n<p>seguirono 88 dipinti e 172 disegni. nel 1938 fond\u00f2 con suo marito anton il museo kr\u00f6ller-m\u00fcller a otterlo, paesi bassi, per rendere l&#8217;arte di vincent accessibile a tutti. <\/p>\n\n<\/div>\n\t\t\t\t\t\n\t\t\t\t<\/div>\n\t\t\t\t\n\t\t\t\t\n\t\t\t\n\n\n\t\t\t\t\t\t\t\t\n\t\t\t\t<div id=\"slide-7038a696df158a4b6c5b6d3249243735\" class=\"swiper-slide slide\">\n\n\t\t\t\t\t<div class=\"acf-innerblocks-container\">\n\n<div class=\"wp-block-pixel-headline headlines is-subheadline-bottom has-text-align-left\"><h3 class=\"headline\" style=\"color:\">riconoscimento in vita<\/h3><\/div>\n\n\n\n<p>il 17 agosto 1889 \u00e8 apparsa una recensione sulla rivista &#8216;de portefeuille: kunst- en letterbode&#8217;:<br><br><strong>\u201c<\/strong>chi ci trasmette in forme e colori la grandiosa e potente vita di cui questo diciannovesimo secolo \u00e8 nuovamente consapevole? [&#8230;] ne conosco uno, un pioniere solitario, sta combattendo da solo nella notte profonda, il suo nome, vincent, \u00e8 destinato alla posterit\u00e0. di questo notevole eroe &#8211; un olandese &#8211; ci sar\u00e0 ancora molto da dire in seguito.\u201c  <\/p>\n\n\n\n<p>l&#8217;autore di questa prima menzione di van gogh nella stampa artistica, j.j. isaacson (1859\u20131942), era anche lui pittore e olandese.<\/p>\n\n\n\n<div class=\"wp-block-pixel-headline headlines is-subheadline-bottom has-text-align-left\"><h4 class=\"headline\" style=\"color:\">rivista mercure de france<\/h4><span class=\"subheadline\" style=\"color:\">(edizione: 29 gennaio 1890, articolo &#8216;gli isolati&#8217;, pagine 24\u201329)<\/span><\/div>\n\n\n\n<p>in questo primo articolo di pi\u00f9 pagine, il critico d&#8217;arte francese albert aurier (1865\u20131892) espresse la sua ammirazione per le creazioni anticonvenzionali, appassionate e vivaci di van gogh.<br><br>aurier riteneva che l&#8217;essenza vera di van gogh non potesse mai essere compresa completamente perch\u00e9 la sua arte era &#8220;troppo semplice e allo stesso tempo troppo sottile per la mentalit\u00e0 borghese contemporanea&#8221;.<br><br><strong>\u201c<\/strong>come potremmo spiegare il seminatore senza considerare l&#8217;idea [&#8230;] di un messia, di un &#8216;seminatore di verit\u00e0&#8217;, che rigenererebbe la decadenza della nostra arte [&#8230;]?\u201c<br><br>albert aurier in &#8216;mercure de france&#8217;, gennaio 1890<\/p>\n\n\n\n<figure class=\"gb-block-image gb-block-image-9918e4f4\"><img loading=\"lazy\" decoding=\"async\" width=\"730\" height=\"1274\" class=\"gb-image gb-image-9918e4f4\" src=\"https:\/\/app.visiodrom.de\/wp-content\/uploads\/mercure_de_france.jpg\" alt=\"\" title=\"mercure_de_france\" srcset=\"https:\/\/app.visiodrom.de\/wp-content\/uploads\/mercure_de_france.jpg 730w, https:\/\/app.visiodrom.de\/wp-content\/uploads\/mercure_de_france-172x300.jpg 172w, https:\/\/app.visiodrom.de\/wp-content\/uploads\/mercure_de_france-587x1024.jpg 587w\" sizes=\"auto, (max-width: 730px) 100vw, 730px\" \/>\n<figcaption class=\"gb-headline gb-headline-b03a96ae gb-headline-text\">copertina del primo articolo di albert aurier (1865\u20131892),<br>che si occupa esclusivamente di van gogh e della sua arte.<\/figcaption>\n<\/figure>\n\n<\/div>\n\t\t\t\t\t\n\t\t\t\t<\/div>\n\t\t\t\t\n\t\t\t\t\n\t\t\t\n\n\n\t\t\t\t\t\t\t\t\n\t\t\t\t<div id=\"slide-7038a696df158a4b6c5b6d3249243735\" class=\"swiper-slide slide\">\n\n\t\t\t\t\t<div class=\"acf-innerblocks-container\">\n\n<div class=\"wp-block-pixel-headline headlines is-subheadline-bottom has-text-align-left\"><h3 class=\"headline\" style=\"color:\">breve produzione, grande eredit\u00e0<\/h3><\/div>\n\n\n\n<p>con soli dieci anni, il periodo creativo di van gogh \u00e8 stato eccezionalmente breve &#8211; per fare un confronto: claude monet ha dipinto per circa 60 anni, pablo picasso addirittura per 83. tuttavia, c&#8217;erano contemporanei che riconoscevano il potente modo di esprimersi dell&#8217;autodidatta olandese (vedi &#8216;riconoscimento in vita&#8217;).<\/p>\n\n\n\n<div class=\"wp-block-pixel-headline headlines is-subheadline-bottom has-text-align-left\"><h3 class=\"headline\" style=\"color:\">la straordinaria jo van gogh-bonger<\/h3><\/div>\n\n\n\n<figure class=\"gb-block-image gb-block-image-25d8984f\"><img loading=\"lazy\" decoding=\"async\" width=\"730\" height=\"1115\" class=\"gb-image gb-image-25d8984f\" src=\"https:\/\/app.visiodrom.de\/wp-content\/uploads\/urn-gvn-VGM01-b4820-large-1.jpg\" alt=\"\" title=\"urn-gvn-VGM01-b4820-large\" srcset=\"https:\/\/app.visiodrom.de\/wp-content\/uploads\/urn-gvn-VGM01-b4820-large-1.jpg 730w, https:\/\/app.visiodrom.de\/wp-content\/uploads\/urn-gvn-VGM01-b4820-large-1-196x300.jpg 196w, https:\/\/app.visiodrom.de\/wp-content\/uploads\/urn-gvn-VGM01-b4820-large-1-670x1024.jpg 670w\" sizes=\"auto, (max-width: 730px) 100vw, 730px\" \/>\n<figcaption class=\"gb-headline gb-headline-c78c081a gb-headline-text\">una fotografia di johanna van gogh-bonger dell&#8217;aprile 1889. \u00e8 stata la persona decisiva nella diffusione dell&#8217;opera di van gogh dopo la sua morte. <\/figcaption>\n<\/figure>\n\n\n\n<p>&#8216;jo&#8217; ha fatto dell&#8217;eredit\u00e0 artistica di suo cognato la missione della sua vita: &#8220;oltre all&#8217;educazione dei figli, mi ha lasciato [Theo] un altro compito: l&#8217;opera di vincent &#8211; mostrarla, farla ammirare il pi\u00f9 spesso possibile&#8221;, scrisse nel suo diario all&#8217;inizio del 1891.<\/p>\n\n\n\n<figure class=\"gb-block-image gb-block-image-6a30c02b\"><img loading=\"lazy\" decoding=\"async\" width=\"730\" height=\"872\" class=\"gb-image gb-image-6a30c02b\" src=\"https:\/\/app.visiodrom.de\/wp-content\/uploads\/Johanna_Bonger_et_famille_cropped-1.jpg\" alt=\"\" title=\"Johanna_Bonger_et_famille_(cropped)\" srcset=\"https:\/\/app.visiodrom.de\/wp-content\/uploads\/Johanna_Bonger_et_famille_cropped-1.jpg 730w, https:\/\/app.visiodrom.de\/wp-content\/uploads\/Johanna_Bonger_et_famille_cropped-1-251x300.jpg 251w\" sizes=\"auto, (max-width: 730px) 100vw, 730px\" \/>\n<figcaption class=\"gb-headline gb-headline-4ececcae gb-headline-text\">johanna van gogh-bonger intorno al 1905 con suo figlio vincent willem (1890\u20131978) e il secondo marito, il pittore cohen gosschalk (1873\u20131912). sullo sfondo si pu\u00f2 vedere il dipinto di van gogh &#8216;il ponte di langlois&#8217;. <\/figcaption>\n<\/figure>\n\n\n\n<p>il 1\u00b0 maggio 1891, johanna apr\u00ec la pensione &#8216;villa helma&#8217; a bussum vicino ad amsterdam, che decor\u00f2 con i quadri di van gogh. in una lettera a \u00e9mile bernard scrisse: <strong>\u201c<\/strong>stai tranquillo: i quadri non finiranno in un fienile o in una stanza buia sul retro. anzi, decorer\u00f2 tutta la casa con essi.\u201c  <br><br>Con mostre, vendite ben ponderate, pubblicazioni e tanti contatti personali, negli anni successivi Johanna riusc\u00ec a far conoscere l&#8217;opera di suo cognato a galleristi, collezionisti e direttori di musei. Per tutta la vita, Johanna vendette con cautela le opere di Van Gogh e ne conserv\u00f2 molte per proteggere l&#8217;eredit\u00e0 artistica di suo cognato. <br><br><strong>La faccenda della fondazione<\/strong><br><br>Il figlio di Johanna, Vincent Willem van Gogh, continu\u00f2 l&#8217;opera della madre. Come lei, prestava spesso i dipinti di suo zio ai musei. Nel 1960 fond\u00f2 una fondazione per gestire l&#8217;eredit\u00e0. Questa costru\u00ec il Museo Van Gogh ad Amsterdam nel 1973. Ancora oggi ospita la pi\u00f9 grande collezione al mondo delle sue opere.    <\/p>\n\n<\/div>\n\t\t\t\t\t\n\t\t\t\t<\/div>\n\t\t\t\t\n\t\t\t\t\n\t\t\t\n\n\n\t\t\t\t\t\t\t\t\n\t\t\t\t<div id=\"slide-7038a696df158a4b6c5b6d3249243735\" class=\"swiper-slide slide\">\n\n\t\t\t\t\t<div class=\"acf-innerblocks-container\">\n\n<div class=\"wp-block-pixel-headline headlines is-subheadline-bottom has-text-align-left\"><h3 class=\"headline\" style=\"color:\">Le mostre<\/h3><\/div>\n\n\n\n<p>Johanna van Gogh-Bonger prestava di continuo dipinti e disegni a mostre in tutta Europa, soprattutto in Germania.<\/p>\n\n\n\n<figure class=\"gb-block-image gb-block-image-b410521d\"><img loading=\"lazy\" decoding=\"async\" width=\"730\" height=\"1158\" class=\"gb-image gb-image-b410521d\" src=\"https:\/\/app.visiodrom.de\/wp-content\/uploads\/Paris1901-1.jpg\" alt=\"\" title=\"Paris1901\" srcset=\"https:\/\/app.visiodrom.de\/wp-content\/uploads\/Paris1901-1.jpg 730w, https:\/\/app.visiodrom.de\/wp-content\/uploads\/Paris1901-1-189x300.jpg 189w, https:\/\/app.visiodrom.de\/wp-content\/uploads\/Paris1901-1-646x1024.jpg 646w\" sizes=\"auto, (max-width: 730px) 100vw, 730px\" \/><\/figure>\n\n\n\n<p><strong>Parigi, 1901<\/strong><br><br>Il primo momento clou fu una mostra a Parigi nel 1901, che espose per la prima volta oltre 70 dipinti di Van Gogh. Tra i prestatori c&#8217;erano gi\u00e0 allora Auguste Rodin, Camille Pissarro e altri importanti pittori. La retrospettiva entusiasm\u00f2 molti visitatori, anche dalla Germania. Si alzarono le prime voci che consideravano Van Gogh &#8216;il pi\u00f9 recente apice della tradizione pittorica francese&#8217;.   <\/p>\n\n\n\n<figure class=\"gb-block-image gb-block-image-8e7ca7fa\"><img loading=\"lazy\" decoding=\"async\" width=\"973\" height=\"1290\" class=\"gb-image gb-image-8e7ca7fa\" src=\"https:\/\/app.visiodrom.de\/wp-content\/uploads\/cartel-de-la-exposicion-de-vincent-van-gogh-en-el-DWP7CHSSLNDN7AC7H3544N4TQI.jpg\" alt=\"\" title=\"cartel-de-la-exposicion-de-vincent-van-gogh-en-el-DWP7CHSSLNDN7AC7H3544N4TQI\" srcset=\"https:\/\/app.visiodrom.de\/wp-content\/uploads\/cartel-de-la-exposicion-de-vincent-van-gogh-en-el-DWP7CHSSLNDN7AC7H3544N4TQI.jpg 973w, https:\/\/app.visiodrom.de\/wp-content\/uploads\/cartel-de-la-exposicion-de-vincent-van-gogh-en-el-DWP7CHSSLNDN7AC7H3544N4TQI-226x300.jpg 226w, https:\/\/app.visiodrom.de\/wp-content\/uploads\/cartel-de-la-exposicion-de-vincent-van-gogh-en-el-DWP7CHSSLNDN7AC7H3544N4TQI-772x1024.jpg 772w, https:\/\/app.visiodrom.de\/wp-content\/uploads\/cartel-de-la-exposicion-de-vincent-van-gogh-en-el-DWP7CHSSLNDN7AC7H3544N4TQI-768x1018.jpg 768w\" sizes=\"auto, (max-width: 973px) 100vw, 973px\" \/>\n<figcaption class=\"gb-headline gb-headline-ed71c943 gb-headline-text\">&#8216;Tentoonstelling \u2013 Mostra&#8217; &#8211; cos\u00ec semplice pu\u00f2 presentarsi la grande arte. Curiosit\u00e0: il gioved\u00ec l&#8217;ingresso costava il doppio. <\/figcaption>\n<\/figure>\n\n\n\n<p><strong>Amsterdam, 1905<\/strong><br><br>La svolta economica arriv\u00f2 nel 1905. Johanna stessa organizz\u00f2 una grande retrospettiva di Van Gogh ad Amsterdam con oltre 450 (!) pezzi in mostra. Dopo questa esposizione, i prezzi dei dipinti di Van Gogh aumentarono notevolmente.  <\/p>\n\n\n\n<figure class=\"gb-block-image gb-block-image-03d72296\"><img loading=\"lazy\" decoding=\"async\" width=\"730\" height=\"1031\" class=\"gb-image gb-image-03d72296\" src=\"https:\/\/app.visiodrom.de\/wp-content\/uploads\/Bildschirmfoto-2025-03-03-um-15.36.jpg\" alt=\"\" title=\"Bildschirmfoto-2025-03-03-um-15.36\" srcset=\"https:\/\/app.visiodrom.de\/wp-content\/uploads\/Bildschirmfoto-2025-03-03-um-15.36.jpg 730w, https:\/\/app.visiodrom.de\/wp-content\/uploads\/Bildschirmfoto-2025-03-03-um-15.36-212x300.jpg 212w, https:\/\/app.visiodrom.de\/wp-content\/uploads\/Bildschirmfoto-2025-03-03-um-15.36-725x1024.jpg 725w\" sizes=\"auto, (max-width: 730px) 100vw, 730px\" \/><\/figure>\n\n\n\n<p><strong>Colonia, 1912<\/strong><br><br>Alla mostra del Sonderbund del 1912 a Colonia, l&#8217;attenzione era concentrata sulla &#8216;pittura moderna controversa&#8217; come l&#8217;Impressionismo e il Postimpressionismo. In 29 sale, con 634 dipinti, si voleva &#8216;far affermare il Moderno&#8217;. Le sale da uno a cinque erano riservate esclusivamente alle opere di Van Gogh &#8211; 107 in totale.  <br><br>Di conseguenza, la Germania divenne un centro dell&#8217;arte di Van Gogh.<\/p>\n\n\n\n<figure class=\"gb-block-image gb-block-image-a3aa1dc5\"><img loading=\"lazy\" decoding=\"async\" width=\"730\" height=\"960\" class=\"gb-image gb-image-a3aa1dc5\" src=\"https:\/\/app.visiodrom.de\/wp-content\/uploads\/katalog_titel.jpg\" alt=\"\" title=\"katalog_titel\" srcset=\"https:\/\/app.visiodrom.de\/wp-content\/uploads\/katalog_titel.jpg 730w, https:\/\/app.visiodrom.de\/wp-content\/uploads\/katalog_titel-228x300.jpg 228w\" sizes=\"auto, (max-width: 730px) 100vw, 730px\" \/><\/figure>\n\n\n\n<p><strong>Berlino, 1914<\/strong><br><br>Come esempio del grande impegno del mercante d&#8217;arte Paul Cassirer (1871-1926), qui menzioniamo la decima mostra di Van Gogh da lui organizzata a Berlino. Nella prefazione del catalogo, ringrazia esplicitamente la signora &#8216;J. van Gogh-Bonger&#8217;, ma anche i numerosi collezionisti privati gi\u00e0 presenti per i loro prestiti.  <\/p>\n\n<\/div>\n\t\t\t\t\t\n\t\t\t\t<\/div>\n\t\t\t\t\n\t\t\t\t\n\t\t\t\n\n\n\t\t\t\t\t\t\t\t\n\t\t\t\t<div id=\"slide-7038a696df158a4b6c5b6d3249243735\" class=\"swiper-slide slide\">\n\n\t\t\t\t\t<div class=\"acf-innerblocks-container\">\n\n<div class=\"wp-block-pixel-headline headlines is-subheadline-bottom has-text-align-left\"><h3 class=\"headline\" style=\"color:\">X-Ray-Rubbel<\/h3><\/div>\n\n\n\n<p>Vincent van Gogh usava le tele due volte per risparmiare soldi. Ci sono stati periodi in cui disegnava solo schizzi per settimane perch\u00e9 non poteva permettersi colori a olio. Per questo, molti dipinti vengono esaminati ai raggi X alla ricerca di strati di colore nascosti.  <\/p>\n\n\n\n<figure class=\"gb-block-image gb-block-image-90d8d9c0\"><img loading=\"lazy\" decoding=\"async\" width=\"730\" height=\"970\" class=\"gb-image gb-image-90d8d9c0\" src=\"https:\/\/app.visiodrom.de\/wp-content\/uploads\/Van_Gogh_-_Kopf_einer_Baeuerin_mit_weisser_Haube28.jpg\" alt=\"\" title=\"Van_Gogh_-_Kopf_einer_B\u00e4uerin_mit_wei\u00dfer_Haube28\" srcset=\"https:\/\/app.visiodrom.de\/wp-content\/uploads\/Van_Gogh_-_Kopf_einer_Baeuerin_mit_weisser_Haube28.jpg 730w, https:\/\/app.visiodrom.de\/wp-content\/uploads\/Van_Gogh_-_Kopf_einer_Baeuerin_mit_weisser_Haube28-226x300.jpg 226w\" sizes=\"auto, (max-width: 730px) 100vw, 730px\" \/>\n<figcaption class=\"gb-headline gb-headline-e9657f14 gb-headline-text\"><strong>Testa di contadina,<\/strong> aprile 1885<br>olio su tela, 48 x 36 cm<br>National Gallery Edimburgo, Gran Bretagna<\/figcaption>\n<\/figure>\n\n\n\n<p>Quando gli esperti della National Gallery in Scozia esaminarono il dipinto di Van Gogh &#8216;Testa di contadina&#8217; nel 2022, trovarono un autoritratto del pittore finora sconosciuto sotto il cartone sul retro. Puoi scoprire il ritratto sullo schermo strofinando con il dito. <\/p>\n\n<\/div>\n\t\t\t\t\t\n\t\t\t\t<\/div>\n\t\t\t\t\n\t\t\t\t\n\t\t\t\n<\/div>\n\t\t\t\t<div class=\"controls-wrapper\">\n\t\t\t\t\t<div class=\"swiper-controls\">\n\t\t\t\t\t\t<span class=\"page-swiper-button-prev\"><\/span>\n\t\t\t\t\t\t<span class=\"page-swiper-button-next\"><\/span>\n\t\t\t\t\t<\/div>\n\t\t\t\t\t<div class=\"slider-menu\">\n\t\t\t\t\t\t\t\t<nav class=\"main-navigation has-menu-bar-items sub-menu-right\" id=\"site-navigation\" aria-label=\"Principale\"  itemtype=\"https:\/\/schema.org\/SiteNavigationElement\" itemscope>\n\t\t\t<div class=\"inside-navigation grid-container\">\n\t\t\t\t\t\t\t\t<button class=\"menu-toggle\" aria-controls=\"generate-slideout-menu\" aria-expanded=\"false\">\n\t\t\t\t\t<span class=\"gp-icon icon-menu-bars\"><svg viewBox=\"0 0 512 512\" aria-hidden=\"true\" xmlns=\"http:\/\/www.w3.org\/2000\/svg\" width=\"1em\" height=\"1em\"><path d=\"M0 96c0-13.255 10.745-24 24-24h464c13.255 0 24 10.745 24 24s-10.745 24-24 24H24c-13.255 0-24-10.745-24-24zm0 160c0-13.255 10.745-24 24-24h464c13.255 0 24 10.745 24 24s-10.745 24-24 24H24c-13.255 0-24-10.745-24-24zm0 160c0-13.255 10.745-24 24-24h464c13.255 0 24 10.745 24 24s-10.745 24-24 24H24c-13.255 0-24-10.745-24-24z\" \/><\/svg><svg viewBox=\"0 0 512 512\" aria-hidden=\"true\" xmlns=\"http:\/\/www.w3.org\/2000\/svg\" width=\"1em\" height=\"1em\"><path d=\"M71.029 71.029c9.373-9.372 24.569-9.372 33.942 0L256 222.059l151.029-151.03c9.373-9.372 24.569-9.372 33.942 0 9.372 9.373 9.372 24.569 0 33.942L289.941 256l151.03 151.029c9.372 9.373 9.372 24.569 0 33.942-9.373 9.372-24.569 9.372-33.942 0L256 289.941l-151.029 151.03c-9.373 9.372-24.569 9.372-33.942 0-9.372-9.373-9.372-24.569 0-33.942L222.059 256 71.029 104.971c-9.372-9.373-9.372-24.569 0-33.942z\" \/><\/svg><\/span><span class=\"mobile-menu\">Panoramica del capitolo<\/span>\t\t\t\t<\/button>\n\t\t\t\t<div class=\"menu-bar-items\"><\/div>\t\t\t<\/div>\n\t\t<\/nav>\n\t\t\t\t\t\t\t<\/div>\n\t\t\t\t<\/div>\n\t\t\t<\/div>\n\t\t\t\n\t\t\t\n<\/div>\n<\/section>","protected":false},"excerpt":{"rendered":"","protected":false},"author":1,"featured_media":0,"parent":0,"menu_order":12,"comment_status":"closed","ping_status":"closed","template":"","meta":{"footnotes":""},"class_list":["post-5286","page","type-page","status-publish"],"acf":[],"_links":{"self":[{"href":"https:\/\/app.visiodrom.de\/it\/wp-json\/wp\/v2\/pages\/5286","targetHints":{"allow":["GET"]}}],"collection":[{"href":"https:\/\/app.visiodrom.de\/it\/wp-json\/wp\/v2\/pages"}],"about":[{"href":"https:\/\/app.visiodrom.de\/it\/wp-json\/wp\/v2\/types\/page"}],"author":[{"embeddable":true,"href":"https:\/\/app.visiodrom.de\/it\/wp-json\/wp\/v2\/users\/1"}],"replies":[{"embeddable":true,"href":"https:\/\/app.visiodrom.de\/it\/wp-json\/wp\/v2\/comments?post=5286"}],"version-history":[{"count":4,"href":"https:\/\/app.visiodrom.de\/it\/wp-json\/wp\/v2\/pages\/5286\/revisions"}],"predecessor-version":[{"id":5801,"href":"https:\/\/app.visiodrom.de\/it\/wp-json\/wp\/v2\/pages\/5286\/revisions\/5801"}],"wp:attachment":[{"href":"https:\/\/app.visiodrom.de\/it\/wp-json\/wp\/v2\/media?parent=5286"}],"curies":[{"name":"wp","href":"https:\/\/api.w.org\/{rel}","templated":true}]}}