{"id":5282,"date":"2025-03-13T15:41:55","date_gmt":"2025-03-13T14:41:55","guid":{"rendered":"https:\/\/app-visiodrom.pixel-tal.de\/lettere\/"},"modified":"2025-03-21T10:45:14","modified_gmt":"2025-03-21T09:45:14","slug":"lettere","status":"publish","type":"page","link":"https:\/\/app.visiodrom.de\/it\/lettere\/","title":{"rendered":"Lettere"},"content":{"rendered":"<section class=\"gb-container gb-container-d9d80a22\">\n<div class=\"gb-container gb-container-a6fda573\">\n\n\t\t\t<div class=\"page-slider swiper\">\n\t\t\t\t\t\t\t\t<div class=\"page-slider-inner swiper-wrapper\">\n\n\t\t\t\t\t\t\t\t\n\t\t\t\t<div id=\"slide-b94928a14a4f10eae5d83f286a1a0fc1\" class=\"swiper-slide slide\">\n\n\t\t\t\t\t<div class=\"acf-innerblocks-container\">\n\n<div class=\"wp-block-pixel-headline headlines is-subheadline-bottom has-text-align-left\"><h3 class=\"headline\" style=\"color:\"><strong>Una vita in lettere<\/strong><\/h3><\/div>\n\n\n\n<p>Ehi, sai che Vincent van Gogh non ha lasciato solo i suoi dipinti? Ha scritto anche centinaia di lettere! Si dice che ne abbia scritte pi\u00f9 di 2.000, ma ne sono rimaste solo 903. Pi\u00f9 di 600 le ha mandate al fratello Theo, il suo confidente numero uno e il suo pi\u00f9 grande fan. Le lettere di Vincent sono una figata pazzesca per capire la sua vita, i suoi pensieri, l&#8217;epoca in cui \u00e8 vissuto e la sua arte.   <br><br>Nelle lettere ci sono pi\u00f9 di 240 schizzi, per lo pi\u00f9 di dipinti che ha fatto dopo. Vincent li chiamava &#8216;scarabocchi&#8217;, quel modesto! Nelle lettere a Theo, parlava spesso di altri artisti che lo ispiravano, tipo Millet, Delacroix e Rembrandt. Ah, e dal 1886 ha iniziato a scrivere tutte le lettere in francese per farsi notare come artista in Francia, visto che era la lingua pi\u00f9 figa a livello internazionale.   <br><br>Guarda a destra, c&#8217;\u00e8 una tipica lettera di Vincent al fratello. \u00c8 datata 29 settembre 1888. Vincent era ad Arles e impazziva per la luce e il caldo l\u00ec, mentre il povero Theo era a Parigi con una gamba messa male.  <br><br>Le lettere ci mostrano un Vincent van Gogh sensibile e riflessivo, uno che voleva disperatamente spiegare il mondo con l&#8217;arte e allo stesso tempo cercava di connettersi al mondo attraverso l&#8217;arte.<br><br>Oltre alle mille lettere, Vincent mandava anche i suoi quadri al fratello Theo, che faceva ancora il mercante d&#8217;arte a Parigi e cercava di venderli. I corrieri portavano le tele arrotolate o in scatole a Parigi. All&#8217;inizio i quadri erano un po&#8217; come una lezione morale, ma poi sono diventati un vero e proprio pagamento per il supporto mensile che Theo dava a Vincent.  <\/p>\n\n<\/div>\n\t\t\t\t\t\n\t\t\t\t<\/div>\n\t\t\t\t\n\t\t\t\t\n\t\t\t\n\n\n\t\t\t\t\t\t\t\t\n\t\t\t\t<div id=\"slide-b94928a14a4f10eae5d83f286a1a0fc1\" class=\"swiper-slide slide\">\n\n\t\t\t\t\t<div class=\"acf-innerblocks-container\">\n\n<figure class=\"gb-block-image gb-block-image-14aea125\"><img loading=\"lazy\" decoding=\"async\" width=\"730\" height=\"1115\" class=\"gb-image gb-image-14aea125\" src=\"https:\/\/app.visiodrom.de\/wp-content\/uploads\/brief_1.jpg\" alt=\"\" title=\"brief_1\" srcset=\"https:\/\/app.visiodrom.de\/wp-content\/uploads\/brief_1.jpg 730w, https:\/\/app.visiodrom.de\/wp-content\/uploads\/brief_1-196x300.jpg 196w, https:\/\/app.visiodrom.de\/wp-content\/uploads\/brief_1-670x1024.jpg 670w\" sizes=\"auto, (max-width: 730px) 100vw, 730px\" \/><\/figure>\n\n\n\n<p><strong>1 | Un inizio tipico<\/strong><\/p>\n\n\n\n<p>All&#8217;inizio Vincent ringraziava sempre il fratello per il suo aiuto.<\/p>\n\n\n\n<p>&#8220;Caro Theo mio,<br>grazie mille per la tua lettera e il biglietto da 50 franchi dentro. Non sembra un granch\u00e9 se il dolore alla gamba \u00e8 tornato &#8211; cavolo &#8211; dovresti poter vivere anche tu al sud, perch\u00e9 penso sempre che abbiamo bisogno di sole, bel tempo e aria blu come la cura pi\u00f9 affidabile.\u201c<\/p>\n\n\n\n<p><strong>2 | La nostalgia degli amici<\/strong><\/p>\n\n\n\n<p>Vincent non vedeva l&#8217;ora di creare la sua colonia di artisti al sud.<\/p>\n\n\n\n<p>&#8220;Quanto penso a te, a Gauguin e a Bernard, ogni momento e ovunque. \u00c8 cos\u00ec bello e vorrei tanto vedervi tutti qui.\u201c<\/p>\n\n\n\n<p><strong>3 | Discussione sull&#8217;arte<\/strong><\/p>\n\n\n\n<p>Qui Vincent descriveva in dettaglio il suo dipinto &#8216;Notte stellata sul Rodano&#8217; e aggiungeva uno schizzo.<\/p>\n\n<\/div>\n\t\t\t\t\t\n\t\t\t\t<\/div>\n\t\t\t\t\n\t\t\t\t\n\t\t\t\n\n\n\t\t\t\t\t\t\t\t\n\t\t\t\t<div id=\"slide-b94928a14a4f10eae5d83f286a1a0fc1\" class=\"swiper-slide slide\">\n\n\t\t\t\t\t<div class=\"acf-innerblocks-container\">\n\n<figure class=\"gb-block-image gb-block-image-b9ae6ea9\"><img loading=\"lazy\" decoding=\"async\" width=\"730\" height=\"976\" class=\"gb-image gb-image-b9ae6ea9\" src=\"https:\/\/app.visiodrom.de\/wp-content\/uploads\/brief_2.jpg\" alt=\"\" title=\"brief_2\" srcset=\"https:\/\/app.visiodrom.de\/wp-content\/uploads\/brief_2.jpg 730w, https:\/\/app.visiodrom.de\/wp-content\/uploads\/brief_2-224x300.jpg 224w\" sizes=\"auto, (max-width: 730px) 100vw, 730px\" \/><\/figure>\n\n\n\n<p><strong>4 | <\/strong>Seguiva un&#8217;altra descrizione con uno schizzo del dipinto &#8216;La casa gialla&#8217;.<\/p>\n\n\n\n<p><strong>5 | Lavoro e religione<\/strong><\/p>\n\n\n\n<p>Sembrava che Vincent si rifugiasse anche nella pittura. Il tema della religione non l&#8217;ha mai abbandonato ed era probabilmente anche la motivazione per il dipinto &#8216;Notte stellata sul Rodano&#8217;. <\/p>\n\n\n\n<p>&#8220;E mi fa bene fare qualcosa di difficile. Questo non cambia il fatto che ho un terribile bisogno di, dovrei dire la parola? &#8211; religione &#8211; quindi esco di notte per dipingere le stelle, e sogno costantemente un quadro del genere con un gruppo di figure viventi, gli amici.\u201c<\/p>\n\n\n\n<figure class=\"gb-block-image gb-block-image-0d19125d\"><img loading=\"lazy\" decoding=\"async\" width=\"730\" height=\"1130\" class=\"gb-image gb-image-0d19125d\" src=\"https:\/\/app.visiodrom.de\/wp-content\/uploads\/brief_3.jpg\" alt=\"\" title=\"brief_3\" srcset=\"https:\/\/app.visiodrom.de\/wp-content\/uploads\/brief_3.jpg 730w, https:\/\/app.visiodrom.de\/wp-content\/uploads\/brief_3-194x300.jpg 194w, https:\/\/app.visiodrom.de\/wp-content\/uploads\/brief_3-662x1024.jpg 662w\" sizes=\"auto, (max-width: 730px) 100vw, 730px\" \/><\/figure>\n\n<\/div>\n\t\t\t\t\t\n\t\t\t\t<\/div>\n\t\t\t\t\n\t\t\t\t\n\t\t\t\n\n\n\t\t\t\t\t\t\t\t\n\t\t\t\t<div id=\"slide-b94928a14a4f10eae5d83f286a1a0fc1\" class=\"swiper-slide slide\">\n\n\t\t\t\t\t<div class=\"acf-innerblocks-container\">\n\n<figure class=\"gb-block-image gb-block-image-8ea1c112\"><img loading=\"lazy\" decoding=\"async\" width=\"730\" height=\"1117\" class=\"gb-image gb-image-8ea1c112\" src=\"https:\/\/app.visiodrom.de\/wp-content\/uploads\/brief_4.jpg\" alt=\"\" title=\"brief_4\" srcset=\"https:\/\/app.visiodrom.de\/wp-content\/uploads\/brief_4.jpg 730w, https:\/\/app.visiodrom.de\/wp-content\/uploads\/brief_4-196x300.jpg 196w, https:\/\/app.visiodrom.de\/wp-content\/uploads\/brief_4-669x1024.jpg 669w\" sizes=\"auto, (max-width: 730px) 100vw, 730px\" \/><\/figure>\n\n\n\n<p><strong>6 | Fiducia nel proprio gusto<\/strong><\/p>\n\n\n\n<p>Dipingere secondo la propria convinzione o per vendere? Una domanda che ogni pittore deve porsi. La risposta di Van Gogh mostra quanto prendesse sul serio la pittura. <br><br>&#8220;Credo sempre di pi\u00f9 che dobbiamo credere che il vero e giusto commercio di quadri consista nel fidarsi del proprio gusto, dell&#8217;educazione acquisita davanti ai maestri, in una parola, della propria fede. Non \u00e8 pi\u00f9 facile, ne sono convinto, fare un buon quadro che trovare un diamante o una perla, richiede fatica e si rischia la vita, sia come commerciante che come artista.\u201c<\/p>\n\n<\/div>\n\t\t\t\t\t\n\t\t\t\t<\/div>\n\t\t\t\t\n\t\t\t\t\n\t\t\t\n\n\n\t\t\t\t\t\t\t\t\n\t\t\t\t<div id=\"slide-b94928a14a4f10eae5d83f286a1a0fc1\" class=\"swiper-slide slide\">\n\n\t\t\t\t\t<div class=\"acf-innerblocks-container\">\n\n<figure class=\"gb-block-image gb-block-image-1027ba3f\"><img loading=\"lazy\" decoding=\"async\" width=\"730\" height=\"1124\" class=\"gb-image gb-image-1027ba3f\" src=\"https:\/\/app.visiodrom.de\/wp-content\/uploads\/brief_5.jpg\" alt=\"\" title=\"brief_5\" srcset=\"https:\/\/app.visiodrom.de\/wp-content\/uploads\/brief_5.jpg 730w, https:\/\/app.visiodrom.de\/wp-content\/uploads\/brief_5-195x300.jpg 195w, https:\/\/app.visiodrom.de\/wp-content\/uploads\/brief_5-665x1024.jpg 665w\" sizes=\"auto, (max-width: 730px) 100vw, 730px\" \/><\/figure>\n\n\n\n<p><strong>7 | Scambio di quadri<\/strong><\/p>\n\n\n\n<p>Qui Van Gogh parla del suo amico Paul-Eug\u00e8ne Milliet &#8211; un tenente che ammirava per le sue avventure amorose (ecco perch\u00e9 il suo ritratto si chiama ora &#8216;L&#8217;amante&#8217;).<br><br>&#8220;Milliet ti manda i suoi saluti pi\u00f9 cari, ora ho il suo ritratto con il berretto rosso su sfondo smeraldo, e in questo sfondo i segni del suo reggimento, la mezzaluna e una stella a 5 punte.\u201c<\/p>\n\n<\/div>\n\t\t\t\t\t\n\t\t\t\t<\/div>\n\t\t\t\t\n\t\t\t\t\n\t\t\t\n\n\n\t\t\t\t\t\t\t\t\n\t\t\t\t<div id=\"slide-b94928a14a4f10eae5d83f286a1a0fc1\" class=\"swiper-slide slide\">\n\n\t\t\t\t\t<div class=\"acf-innerblocks-container\">\n\n<figure class=\"gb-block-image gb-block-image-661ddd0d\"><img loading=\"lazy\" decoding=\"async\" width=\"1000\" height=\"645\" class=\"gb-image gb-image-661ddd0d\" src=\"https:\/\/app.visiodrom.de\/wp-content\/uploads\/brief_skizze_7.jpg\" alt=\"\" title=\"brief_skizze_7\" srcset=\"https:\/\/app.visiodrom.de\/wp-content\/uploads\/brief_skizze_7.jpg 1000w, https:\/\/app.visiodrom.de\/wp-content\/uploads\/brief_skizze_7-300x194.jpg 300w, https:\/\/app.visiodrom.de\/wp-content\/uploads\/brief_skizze_7-768x495.jpg 768w\" sizes=\"auto, (max-width: 1000px) 100vw, 1000px\" \/><\/figure>\n\n\n\n<p>&#8220;Ecco un piccolo schizzo di una tela quadrata n. 30 &#8211; finalmente il cielo stellato, dipinto di notte, con la luce del gas. Il cielo \u00e8 verde-blu, l&#8217;acqua \u00e8 blu reale, i campi sono viola pallido. La citt\u00e0 \u00e8 blu e viola. La luce del gas \u00e8 gialla, e i suoi riflessi vanno dall&#8217;oro rosso fino al verde bronzo. Sul campo verde-blu del cielo, l&#8217;Orsa Maggiore ha un bagliore verde e rosa, il cui pallore delicato contrasta con l&#8217;oro grezzo della luce del gas. Due figure colorate di amanti in primo piano.\u201c<\/p>\n\n\n\n<figure class=\"gb-block-image gb-block-image-e94d3434\"><img loading=\"lazy\" decoding=\"async\" width=\"1000\" height=\"635\" class=\"gb-image gb-image-e94d3434\" src=\"https:\/\/app.visiodrom.de\/wp-content\/uploads\/brief_skizze_6.jpg\" alt=\"\" title=\"breve_schizzo_6\" srcset=\"https:\/\/app.visiodrom.de\/wp-content\/uploads\/brief_skizze_6.jpg 1000w, https:\/\/app.visiodrom.de\/wp-content\/uploads\/brief_skizze_6-300x191.jpg 300w, https:\/\/app.visiodrom.de\/wp-content\/uploads\/brief_skizze_6-768x488.jpg 768w\" sizes=\"auto, (max-width: 1000px) 100vw, 1000px\" \/><\/figure>\n\n\n\n<p>&#8220;Ecco lo schizzo di una tela quadrata n. 30 che mostra la casa e i suoi dintorni sotto un sole giallo zolfo, sotto un cielo di puro cobalto. \u00c8 un soggetto davvero difficile! Ma proprio per questo voglio conquistarlo. Perch\u00e9 \u00e8 terribile, queste case gialle sotto il sole, e poi l&#8217;incomparabile freschezza del blu.<\/p>\n\n\n\n<p>Anche tutto il terreno \u00e8 giallo. Ti mander\u00f2 un altro disegno che \u00e8 meglio di questo schizzo a memoria; la casa a sinistra \u00e8 rosa, con persiane verdi; quella all&#8217;ombra dell&#8217;albero \u00e8 il ristorante dove ceno ogni giorno. Il mio amico, il capo dell&#8217;ufficio postale, vive alla fine della strada a sinistra, tra i due ponti ferroviari.\u201c  <\/p>\n\n<\/div>\n\t\t\t\t\t\n\t\t\t\t<\/div>\n\t\t\t\t\n\t\t\t\t\n\t\t\t\n<\/div>\n\t\t\t\t<div class=\"controls-wrapper\">\n\t\t\t\t\t<div class=\"swiper-controls\">\n\t\t\t\t\t\t<span class=\"page-swiper-button-prev\"><\/span>\n\t\t\t\t\t\t<span class=\"page-swiper-button-next\"><\/span>\n\t\t\t\t\t<\/div>\n\t\t\t\t\t<div class=\"slider-menu\">\n\t\t\t\t\t\t\t\t<nav class=\"main-navigation has-menu-bar-items sub-menu-right\" id=\"site-navigation\" aria-label=\"Principale\"  itemtype=\"https:\/\/schema.org\/SiteNavigationElement\" itemscope>\n\t\t\t<div class=\"inside-navigation grid-container\">\n\t\t\t\t\t\t\t\t<button class=\"menu-toggle\" aria-controls=\"generate-slideout-menu\" aria-expanded=\"false\">\n\t\t\t\t\t<span class=\"gp-icon icon-menu-bars\"><svg viewBox=\"0 0 512 512\" aria-hidden=\"true\" xmlns=\"http:\/\/www.w3.org\/2000\/svg\" width=\"1em\" height=\"1em\"><path d=\"M0 96c0-13.255 10.745-24 24-24h464c13.255 0 24 10.745 24 24s-10.745 24-24 24H24c-13.255 0-24-10.745-24-24zm0 160c0-13.255 10.745-24 24-24h464c13.255 0 24 10.745 24 24s-10.745 24-24 24H24c-13.255 0-24-10.745-24-24zm0 160c0-13.255 10.745-24 24-24h464c13.255 0 24 10.745 24 24s-10.745 24-24 24H24c-13.255 0-24-10.745-24-24z\" \/><\/svg><svg viewBox=\"0 0 512 512\" aria-hidden=\"true\" xmlns=\"http:\/\/www.w3.org\/2000\/svg\" width=\"1em\" height=\"1em\"><path d=\"M71.029 71.029c9.373-9.372 24.569-9.372 33.942 0L256 222.059l151.029-151.03c9.373-9.372 24.569-9.372 33.942 0 9.372 9.373 9.372 24.569 0 33.942L289.941 256l151.03 151.029c9.372 9.373 9.372 24.569 0 33.942-9.373 9.372-24.569 9.372-33.942 0L256 289.941l-151.029 151.03c-9.373 9.372-24.569 9.372-33.942 0-9.372-9.373-9.372-24.569 0-33.942L222.059 256 71.029 104.971c-9.372-9.373-9.372-24.569 0-33.942z\" \/><\/svg><\/span><span class=\"mobile-menu\">Panoramica del capitolo<\/span>\t\t\t\t<\/button>\n\t\t\t\t<div class=\"menu-bar-items\"><\/div>\t\t\t<\/div>\n\t\t<\/nav>\n\t\t\t\t\t\t\t<\/div>\n\t\t\t\t<\/div>\n\t\t\t<\/div>\n\t\t\t\n\t\t\t\n<\/div>\n<\/section>","protected":false},"excerpt":{"rendered":"","protected":false},"author":1,"featured_media":0,"parent":0,"menu_order":11,"comment_status":"closed","ping_status":"closed","template":"","meta":{"footnotes":""},"class_list":["post-5282","page","type-page","status-publish"],"acf":[],"_links":{"self":[{"href":"https:\/\/app.visiodrom.de\/it\/wp-json\/wp\/v2\/pages\/5282","targetHints":{"allow":["GET"]}}],"collection":[{"href":"https:\/\/app.visiodrom.de\/it\/wp-json\/wp\/v2\/pages"}],"about":[{"href":"https:\/\/app.visiodrom.de\/it\/wp-json\/wp\/v2\/types\/page"}],"author":[{"embeddable":true,"href":"https:\/\/app.visiodrom.de\/it\/wp-json\/wp\/v2\/users\/1"}],"replies":[{"embeddable":true,"href":"https:\/\/app.visiodrom.de\/it\/wp-json\/wp\/v2\/comments?post=5282"}],"version-history":[{"count":3,"href":"https:\/\/app.visiodrom.de\/it\/wp-json\/wp\/v2\/pages\/5282\/revisions"}],"predecessor-version":[{"id":5799,"href":"https:\/\/app.visiodrom.de\/it\/wp-json\/wp\/v2\/pages\/5282\/revisions\/5799"}],"wp:attachment":[{"href":"https:\/\/app.visiodrom.de\/it\/wp-json\/wp\/v2\/media?parent=5282"}],"curies":[{"name":"wp","href":"https:\/\/api.w.org\/{rel}","templated":true}]}}