{"id":5273,"date":"2025-03-13T16:28:57","date_gmt":"2025-03-13T15:28:57","guid":{"rendered":"https:\/\/app-visiodrom.pixel-tal.de\/ribelle-davanguardia\/"},"modified":"2025-03-20T15:15:29","modified_gmt":"2025-03-20T14:15:29","slug":"ribelle-davanguardia","status":"publish","type":"page","link":"https:\/\/app.visiodrom.de\/it\/ribelle-davanguardia\/","title":{"rendered":"Ribelle dell&#8217;avanguardia"},"content":{"rendered":"<section class=\"gb-container gb-container-d9d80a22\">\n<div class=\"gb-container gb-container-a6fda573\">\n\n\t\t\t<div class=\"page-slider swiper\">\n\t\t\t\t\t\t\t\t<div class=\"page-slider-inner swiper-wrapper\">\n\n\t\t\t\t\t\t\t\t\n\t\t\t\t<div id=\"slide-b87fbce9a50c663b9ce2e1ee006a04e6\" class=\"swiper-slide slide\">\n\n\t\t\t\t\t<div class=\"acf-innerblocks-container\">\n\n<div class=\"wp-block-pixel-headline headlines is-subheadline-bottom has-text-align-left\"><h3 class=\"headline\" style=\"color:\"><strong>L&#8217;influenza di van gogh su altri pittori<\/strong><\/h3><\/div>\n\n\n\n<p><strong>Influenza sul moderno<\/strong><\/p>\n\n\n\n<p>Gli impressionisti formavano l&#8217;avanguardia pittorica intorno al 1880. Se ne fregavano delle &#8216;regole comuni della pittura&#8217; per mettere sulla tela la loro impressione soggettiva della natura. Ma doveva sempre rimanere un&#8217;impressione della natura percepita come realistica. Cos\u00ec i colori venivano sempre riprodotti fedelmente alla natura. Van gogh non si sottometteva a queste limitazioni. Usava il colore per esprimere le emozioni che provava guardando la natura. Forse senza volerlo consapevolmente, van gogh divent\u00f2 cos\u00ec il precursore delle generazioni future di pittori che, grazie al suo esempio, ora rappresentavano nei loro quadri la loro &#8216;impressione interiore delle cose&#8217; in assoluta libert\u00e0, senza regole esterne. I giovani artisti, colpiti dal coraggio e dalla rappresentazione di van gogh, presto lo chiamarono &#8216;padre del moderno&#8217;.       <\/p>\n\n\n\n<figure class=\"gb-block-image gb-block-image-b85bfa9d\"><img loading=\"lazy\" decoding=\"async\" width=\"730\" height=\"609\" class=\"gb-image gb-image-b85bfa9d\" src=\"https:\/\/app.visiodrom.de\/wp-content\/uploads\/BAL_5377694.jpg\" alt=\"\" title=\"BAL_5377694\" srcset=\"https:\/\/app.visiodrom.de\/wp-content\/uploads\/BAL_5377694.jpg 730w, https:\/\/app.visiodrom.de\/wp-content\/uploads\/BAL_5377694-300x250.jpg 300w\" sizes=\"auto, (max-width: 730px) 100vw, 730px\" \/>\n<figcaption class=\"gb-headline gb-headline-3101d83a gb-headline-text\"><strong>Pescherecci a collioure, <\/strong>1905<strong><br><\/strong>Andr\u00e9 derain (1880\u20131954)<br>Olio su tela, 38 x 46 cm<br>Museum of modern art new york stati uniti<\/figcaption>\n<\/figure>\n\n\n\n<p>Andr\u00e9 derain (1880\u20131954) era, insieme a henri matisse (1869\u20131954) e maurice de vlaminck (1876\u20131958), uno dei principali esponenti del fauvismo, un movimento artistico caratterizzato da colori vivaci e un uso espressivo del colore. Van gogh dipingeva gi\u00e0 le sue barche nel 1888 con grandi aree di colore che non vogliono davvero seguire la prospettiva, essendo troppo bidimensionali. <\/p>\n\n\n\n<figure class=\"gb-block-image gb-block-image-2e107d36\"><img loading=\"lazy\" decoding=\"async\" width=\"730\" height=\"590\" class=\"gb-image gb-image-2e107d36\" src=\"https:\/\/app.visiodrom.de\/wp-content\/uploads\/BAL_1765541.jpg\" alt=\"\" title=\"BAL_1765541\" srcset=\"https:\/\/app.visiodrom.de\/wp-content\/uploads\/BAL_1765541.jpg 730w, https:\/\/app.visiodrom.de\/wp-content\/uploads\/BAL_1765541-300x242.jpg 300w\" sizes=\"auto, (max-width: 730px) 100vw, 730px\" \/>\n<figcaption class=\"gb-headline gb-headline-d8658495 gb-headline-text\"><strong>Pescherecci a les saintes-maries-de-la-mer, <\/strong>Giugno 1888<strong><br><\/strong>Vincent van gogh (1853\u20131890)<br>Olio su tela, 65 x 82 cm<br>Van gogh museum amsterdam, paesi bassi<\/figcaption>\n<\/figure>\n\n<\/div>\n\t\t\t\t\t\n\t\t\t\t<\/div>\n\t\t\t\t\n\t\t\t\t\n\t\t\t\n\n\n\t\t\t\t\t\t\t\t\n\t\t\t\t<div id=\"slide-b87fbce9a50c663b9ce2e1ee006a04e6\" class=\"swiper-slide slide\">\n\n\t\t\t\t\t<div class=\"acf-innerblocks-container\">\n\n<figure class=\"gb-block-image gb-block-image-ea1d6324\"><img loading=\"lazy\" decoding=\"async\" width=\"730\" height=\"886\" class=\"gb-image gb-image-ea1d6324\" src=\"https:\/\/app.visiodrom.de\/wp-content\/uploads\/BAL_11741305.jpg\" alt=\"\" title=\"BAL_11741305\" srcset=\"https:\/\/app.visiodrom.de\/wp-content\/uploads\/BAL_11741305.jpg 730w, https:\/\/app.visiodrom.de\/wp-content\/uploads\/BAL_11741305-247x300.jpg 247w\" sizes=\"auto, (max-width: 730px) 100vw, 730px\" \/>\n<figcaption class=\"gb-headline gb-headline-5d93e1d2 gb-headline-text\"><strong>Autoritratto, <\/strong>1904<strong><br><\/strong>Alexej von jawlensky (1865\u20131941)<br>Olio su tela, 48 x 59 cm<br>Collezione privata<\/figcaption>\n<\/figure>\n\n\n\n<figure class=\"gb-block-image gb-block-image-14fa0ac8\"><img loading=\"lazy\" decoding=\"async\" width=\"730\" height=\"886\" class=\"gb-image gb-image-14fa0ac8\" src=\"https:\/\/app.visiodrom.de\/wp-content\/uploads\/BAL_5404481.jpg\" alt=\"\" title=\"BAL_5404481\" srcset=\"https:\/\/app.visiodrom.de\/wp-content\/uploads\/BAL_5404481.jpg 730w, https:\/\/app.visiodrom.de\/wp-content\/uploads\/BAL_5404481-247x300.jpg 247w\" sizes=\"auto, (max-width: 730px) 100vw, 730px\" \/>\n<figcaption class=\"gb-headline gb-headline-edced97d gb-headline-text\"><strong>Autoritratto con cappello di feltro, <\/strong>Inverno 1887\/88<strong><br><\/strong>Vincent van gogh (1853\u20131890)<br>Olio su tela, 44 x 38 cm<br>Van gogh museum amsterdam, paesi bassi<\/figcaption>\n<\/figure>\n\n\n\n<p>L&#8217;espressionista tedesco-russo alexej von jawlensky era co-fondatore del gruppo artistico &#8216;cavaliere azzurro&#8217; a monaco, insieme a wassily kandinsky e franz marc. Diversamente da van gogh, per\u00f2, la pennellata nello sfondo non segue il contorno della testa. <\/p>\n\n\n\n<figure class=\"gb-block-image gb-block-image-25ea2209\"><img loading=\"lazy\" decoding=\"async\" width=\"730\" height=\"577\" class=\"gb-image gb-image-25ea2209\" src=\"https:\/\/app.visiodrom.de\/wp-content\/uploads\/BAL_1765646.jpg\" alt=\"\" title=\"BAL_1765646\" srcset=\"https:\/\/app.visiodrom.de\/wp-content\/uploads\/BAL_1765646.jpg 730w, https:\/\/app.visiodrom.de\/wp-content\/uploads\/BAL_1765646-300x237.jpg 300w\" sizes=\"auto, (max-width: 730px) 100vw, 730px\" \/>\n<figcaption class=\"gb-headline gb-headline-044f48c1 gb-headline-text\"><strong>Mandorlo in fiore,<\/strong> Febbraio 1890<strong><br><\/strong>Vincent van gogh (1853\u20131890)<br>Olio su tela, 73 x 92 cm<br>Van gogh museum amsterdam, paesi bassi<\/figcaption>\n<\/figure>\n\n\n\n<figure class=\"gb-block-image gb-block-image-0d24a64f\"><img loading=\"lazy\" decoding=\"async\" width=\"730\" height=\"1424\" class=\"gb-image gb-image-0d24a64f\" src=\"https:\/\/app.visiodrom.de\/wp-content\/uploads\/BAL_5400562.jpg\" alt=\"\" title=\"BAL_5400562\" srcset=\"https:\/\/app.visiodrom.de\/wp-content\/uploads\/BAL_5400562.jpg 730w, https:\/\/app.visiodrom.de\/wp-content\/uploads\/BAL_5400562-154x300.jpg 154w, https:\/\/app.visiodrom.de\/wp-content\/uploads\/BAL_5400562-525x1024.jpg 525w\" sizes=\"auto, (max-width: 730px) 100vw, 730px\" \/>\n<figcaption class=\"gb-headline gb-headline-e458fd21 gb-headline-text\"><strong>L&#8217;albero rosso, <\/strong>1905<strong><br><\/strong>Odilon redon (1840\u20131916)<br>Tempera su tela, 173 x 88 cm<br>Van gogh museum amsterdam, paesi bassi<\/figcaption>\n<\/figure>\n\n\n\n<p>Motivo simile &#8211; stesso messaggio. Odilon redon ha preso il motivo del mandorlo in fiore e ha rafforzato la dimensione spirituale dell&#8217;opera di van gogh con una figura di buddha sotto il suo albero. <\/p>\n\n<\/div>\n\t\t\t\t\t\n\t\t\t\t<\/div>\n\t\t\t\t\n\t\t\t\t\n\t\t\t\n\n\n\t\t\t\t\t\t\t\t\n\t\t\t\t<div id=\"slide-b87fbce9a50c663b9ce2e1ee006a04e6\" class=\"swiper-slide slide\">\n\n\t\t\t\t\t<div class=\"acf-innerblocks-container\">\n\n<div class=\"wp-block-pixel-headline headlines is-subheadline-bottom has-text-align-left\"><h3 class=\"headline\" style=\"color:\">Al primo&#8230; al secondo&#8230; e&#8230; al terzo!  <\/h3><\/div>\n\n\n\n<div class=\"wp-block-pixel-headline headlines is-subheadline-bottom has-text-align-left\"><h4 class=\"headline\" style=\"color:\"><strong>I &#8216;van gogh&#8217; pi\u00f9 costosi di tutti i tempi<\/strong><\/h4><\/div>\n\n\n\n<figure class=\"gb-block-image gb-block-image-8e0351e5\"><img loading=\"lazy\" decoding=\"async\" width=\"730\" height=\"880\" class=\"gb-image gb-image-8e0351e5\" src=\"https:\/\/app.visiodrom.de\/wp-content\/uploads\/BAL_2639904.jpg\" alt=\"\" title=\"BAL_2639904\" srcset=\"https:\/\/app.visiodrom.de\/wp-content\/uploads\/BAL_2639904.jpg 730w, https:\/\/app.visiodrom.de\/wp-content\/uploads\/BAL_2639904-249x300.jpg 249w\" sizes=\"auto, (max-width: 730px) 100vw, 730px\" \/>\n<figcaption class=\"gb-headline gb-headline-2467d305 gb-headline-text\"><strong>Titolo: Ritratto del dr. gachet<\/strong><br><strong>Data:<\/strong> 15.5.1990<br><strong>Venditore:<\/strong> Eredi di siegfried kramarsky<br><strong>Acquirente:<\/strong> Sait\u014d ry\u014dei<br><strong>Prezzo: <\/strong>82,5 Mln $<br><strong>Luogo:<\/strong> Christie&#8217;s new york<\/figcaption>\n<\/figure>\n\n\n\n<figure class=\"gb-block-image gb-block-image-b8c07b04\"><img loading=\"lazy\" decoding=\"async\" width=\"730\" height=\"562\" class=\"gb-image gb-image-b8c07b04\" src=\"https:\/\/app.visiodrom.de\/wp-content\/uploads\/BAL_40070.jpg\" alt=\"\" title=\"BAL_40070\" srcset=\"https:\/\/app.visiodrom.de\/wp-content\/uploads\/BAL_40070.jpg 730w, https:\/\/app.visiodrom.de\/wp-content\/uploads\/BAL_40070-300x231.jpg 300w\" sizes=\"auto, (max-width: 730px) 100vw, 730px\" \/>\n<figcaption class=\"gb-headline gb-headline-041f3002 gb-headline-text\"><strong>Titolo: Iris<\/strong><br><strong>Data:<\/strong> 11.11. 1987 <br><strong>Venditore:<\/strong> John whitney payson<br><strong>Acquirente:<\/strong> Alan bond<br><strong>Prezzo: <\/strong>53,9 Mln $<br><strong>Luogo:<\/strong> Sotheby&#8217;s new york<\/figcaption>\n<\/figure>\n\n\n\n<figure class=\"gb-block-image gb-block-image-2388a259\"><img loading=\"lazy\" decoding=\"async\" width=\"730\" height=\"919\" class=\"gb-image gb-image-2388a259\" src=\"https:\/\/app.visiodrom.de\/wp-content\/uploads\/BAL_119794.jpg\" alt=\"\" title=\"BAL_119794\" srcset=\"https:\/\/app.visiodrom.de\/wp-content\/uploads\/BAL_119794.jpg 730w, https:\/\/app.visiodrom.de\/wp-content\/uploads\/BAL_119794-238x300.jpg 238w\" sizes=\"auto, (max-width: 730px) 100vw, 730px\" \/>\n<figcaption class=\"gb-headline gb-headline-f3894660 gb-headline-text\"><strong>Titolo:<\/strong> <strong>Quindici girasoli in un vaso<\/strong><br><strong>Data:<\/strong> 30.3.1987<br><strong>Venditore:<\/strong> Helen g. beatty<br><strong>Acquirente:<\/strong> Yasuda assicurazioni giappone<br><strong>Prezzo: <\/strong>39,9 Mln $<br><strong>Luogo:<\/strong> Christie&#8217;s london<\/figcaption>\n<\/figure>\n\n\n\n<p>Tutti questi quadri erano a loro tempo il dipinto pi\u00f9 costoso di sempre. Notevole: tra la vendita dei &#8216;girasoli&#8217; e il &#8216;ritratto del dr. gachet&#8217; passano solo tre anni. Il prezzo \u00e8 raddoppiato in questo periodo.  <\/p>\n\n<\/div>\n\t\t\t\t\t\n\t\t\t\t<\/div>\n\t\t\t\t\n\t\t\t\t\n\t\t\t\n\n\n\t\t\t\t\t\t\t\t\n\t\t\t\t<div id=\"slide-b87fbce9a50c663b9ce2e1ee006a04e6\" class=\"swiper-slide slide\">\n\n\t\t\t\t\t<div class=\"acf-innerblocks-container\">\n\n<div class=\"wp-block-pixel-headline headlines is-subheadline-bottom has-text-align-left\"><h3 class=\"headline\" style=\"color:\">I dipinti pi\u00f9 costosi del mondo (aggiornato al 2024)<\/h3><\/div>\n\n\n\n<figure class=\"gb-block-image gb-block-image-bb009045\"><img loading=\"lazy\" decoding=\"async\" width=\"730\" height=\"1056\" class=\"gb-image gb-image-bb009045\" src=\"https:\/\/app.visiodrom.de\/wp-content\/uploads\/BAL_5385563-1.jpg\" alt=\"\" title=\"BAL_5385563\" srcset=\"https:\/\/app.visiodrom.de\/wp-content\/uploads\/BAL_5385563-1.jpg 730w, https:\/\/app.visiodrom.de\/wp-content\/uploads\/BAL_5385563-1-207x300.jpg 207w, https:\/\/app.visiodrom.de\/wp-content\/uploads\/BAL_5385563-1-708x1024.jpg 708w\" sizes=\"auto, (max-width: 730px) 100vw, 730px\" \/>\n<figcaption class=\"gb-headline gb-headline-f0ae1cac gb-headline-text\"><strong>Titolo: Salvator mundi,<\/strong> Leonardo da vinci<br><strong>Data:<\/strong> 15.11. 2017 <br><strong>Venditore:<\/strong> Dmitri evgenevi\u010d rybolovlev<br><strong>Acquirente:<\/strong> Autorit\u00e0 culturale di abu dhabi<br><strong>Prezzo: <\/strong>450,3 Mln $<br><strong>Luogo:<\/strong> Christie&#8217;s new york<\/figcaption>\n<\/figure>\n\n\n<div class=\"gb-container gb-container-99939b28\">\n\n<p class=\"has-text-align-center\">L&#8217;immagine non pu\u00f2 essere mostrata per motivi di copyright.<\/p>\n\n<\/div>\n\n\n<p><em><strong>Titolo: Shot sage blue,<\/strong> Marilyn andy warhol<br\/><strong>Data:<\/strong> 10.5.2022<br\/><strong>Venditore:<\/strong> Fondazione thomas e doris ammann<br\/><strong>Acquirente:<\/strong> sconosciuto<br\/><strong>Prezzo: <\/strong>195,04 Mln $<br\/><strong>Luogo:<\/strong> Christie&#8217;s new york<\/em><\/p>\n\n\n<div class=\"gb-container gb-container-8d851d1c\">\n\n<p class=\"has-text-align-center\">L&#8217;immagine non pu\u00f2 essere mostrata per motivi di copyright.<\/p>\n\n<\/div>\n\n\n<p><em><strong>Titolo: Le donne di algeri<\/strong> (Versione &#8216;o&#8217;), Pablo picasso<br\/><strong>Data:<\/strong> 11.5.2015<br\/><strong>Venditore:<\/strong> sconosciuto<br\/><strong>Acquirente:<\/strong> sconosciuto<br\/><strong>Prezzo: <\/strong>179,4 Mln $<br\/><strong>Luogo:<\/strong> Christie&#8217;s new york<\/em><\/p>\n\n\n\n<figure class=\"gb-block-image gb-block-image-bda66a54\"><img loading=\"lazy\" decoding=\"async\" width=\"730\" height=\"484\" class=\"gb-image gb-image-bda66a54\" src=\"https:\/\/app.visiodrom.de\/wp-content\/uploads\/BAL_2899511-1.jpg\" alt=\"\" title=\"BAL_2899511\" srcset=\"https:\/\/app.visiodrom.de\/wp-content\/uploads\/BAL_2899511-1.jpg 730w, https:\/\/app.visiodrom.de\/wp-content\/uploads\/BAL_2899511-1-300x199.jpg 300w\" sizes=\"auto, (max-width: 730px) 100vw, 730px\" \/>\n<figcaption class=\"gb-headline gb-headline-d929ffc9 gb-headline-text\"><strong>Titolo: Nu couch\u00e9,<\/strong> Amedeo Clemente Modigliani<br><strong>Data:<\/strong> 9.11.2015 <br><strong>Venditore:<\/strong> Laura Mattioli Rossi<br><strong>Acquirente:<\/strong> Long Museum China<br><strong>Prezzo: <\/strong>170,4 milioni di $<br><strong>Luogo:<\/strong> Christie&#8217;s New York<\/figcaption>\n<\/figure>\n\n\n\n<figure class=\"gb-block-image gb-block-image-3ac506ab\"><img loading=\"lazy\" decoding=\"async\" width=\"730\" height=\"441\" class=\"gb-image gb-image-3ac506ab\" src=\"https:\/\/app.visiodrom.de\/wp-content\/uploads\/BAL_5946554.jpg\" alt=\"\" title=\"BAL_5946554\" srcset=\"https:\/\/app.visiodrom.de\/wp-content\/uploads\/BAL_5946554.jpg 730w, https:\/\/app.visiodrom.de\/wp-content\/uploads\/BAL_5946554-300x181.jpg 300w\" sizes=\"auto, (max-width: 730px) 100vw, 730px\" \/>\n<figcaption class=\"gb-headline gb-headline-ce73f6fb gb-headline-text\"><strong>Titolo: Nu couch\u00e9 (sur le c\u00f4t\u00e9 gauche),<\/strong> Amedeo Clemente Modigliani<br><strong>Data:<\/strong> 14.5.2018<br><strong>Venditore:<\/strong> sconosciuto<br><strong>Acquirente:<\/strong> sconosciuto<br><strong>Prezzo: <\/strong>157 milioni di $<br><strong>Luogo:<\/strong> Sotheby&#8217;s New York<\/figcaption>\n<\/figure>\n\n\n<div class=\"gb-container gb-container-28f38100\">\n\n<p class=\"has-text-align-center\">L&#8217;immagine non pu\u00f2 essere mostrata per motivi di copyright.<\/p>\n\n<\/div>\n\n\n<p><em><strong>Titolo: Three Studies of Lucian Freud,<\/strong> Francis Bacon<br\/><strong>Data:<\/strong> 11.2013<br\/><strong>Venditore:<\/strong> sconosciuto<br\/><strong>Acquirente:<\/strong> sconosciuto<br\/><strong>Prezzo: <\/strong>142,4 milioni di $<br\/><strong>Luogo:<\/strong> Christie&#8217;s New York<\/em><\/p>\n\n\n\n<figure class=\"gb-block-image gb-block-image-a4a9c9af\"><img loading=\"lazy\" decoding=\"async\" width=\"730\" height=\"581\" class=\"gb-image gb-image-a4a9c9af\" src=\"https:\/\/app.visiodrom.de\/wp-content\/uploads\/BAL_9019541.jpg\" alt=\"\" title=\"BAL_9019541\" srcset=\"https:\/\/app.visiodrom.de\/wp-content\/uploads\/BAL_9019541.jpg 730w, https:\/\/app.visiodrom.de\/wp-content\/uploads\/BAL_9019541-300x239.jpg 300w\" sizes=\"auto, (max-width: 730px) 100vw, 730px\" \/>\n<figcaption class=\"gb-headline gb-headline-5f78fc22 gb-headline-text\"><strong>Titolo: Les Poseuses<\/strong> (versione piccola), Georges Seurat<br><strong>Data:<\/strong> 9.11.2022 <br><strong>Venditore:<\/strong> Eredi di Paul Allen<br><strong>Acquirente:<\/strong> sconosciuto<br><strong>Prezzo: <\/strong>149,2 milioni di $<br><strong>Luogo:<\/strong> Christie&#8217;s New York<\/figcaption>\n<\/figure>\n\n\n<div class=\"gb-container gb-container-ba86c6d5\">\n\n<p class=\"has-text-align-center\">L&#8217;immagine non pu\u00f2 essere mostrata per motivi di copyright.<\/p>\n\n<\/div>\n\n\n<p><em><strong>Titolo: No. 5, 1948,<\/strong> Jackson Pollock<br\/><strong>Data:<\/strong> 2.11.2006<br\/><strong>Venditore:<\/strong> David Geffen<br\/><strong>Acquirente:<\/strong> sconosciuto<br\/><strong>Prezzo: <\/strong>140 milioni di $<br\/><strong>Luogo:<\/strong> Vendita privata tramite Sotheby&#8217;s<\/em><\/p>\n\n\n<div class=\"gb-container gb-container-d8b3f1c9\">\n\n<p class=\"has-text-align-center\">L&#8217;immagine non pu\u00f2 essere mostrata per motivi di copyright.<\/p>\n\n<\/div>\n\n\n<p><em><strong>Titolo: Femme \u00e0 la montre,<\/strong> Pablo Picasso<br\/><strong>Data:<\/strong> 8.11.2023 <br\/><strong>Venditore:<\/strong> Eredi di Emily Fisher Landau<br\/><strong>Acquirente:<\/strong> sconosciuto<br\/><strong>Prezzo: <\/strong>139,4 milioni di $<br\/><strong>Luogo:<\/strong> Sotheby&#8217;s New York<\/em><\/p>\n\n\n\n<figure class=\"gb-block-image gb-block-image-2eef59c0\"><img loading=\"lazy\" decoding=\"async\" width=\"730\" height=\"586\" class=\"gb-image gb-image-2eef59c0\" src=\"https:\/\/app.visiodrom.de\/wp-content\/uploads\/BAL_4654643-1.jpg\" alt=\"\" title=\"JLJ4654643\" srcset=\"https:\/\/app.visiodrom.de\/wp-content\/uploads\/BAL_4654643-1.jpg 730w, https:\/\/app.visiodrom.de\/wp-content\/uploads\/BAL_4654643-1-300x241.jpg 300w\" sizes=\"auto, (max-width: 730px) 100vw, 730px\" \/>\n<figcaption class=\"gb-headline gb-headline-513cd384 gb-headline-text\"><strong>Titolo: Montagne Sainte-Victoire,<\/strong> Paul C\u00e9zanne<br><strong>Data:<\/strong> 9.11.2022<br><strong>Venditore:<\/strong> Eredi di Paul Allen<br><strong>Acquirente:<\/strong> sconosciuto<br><strong>Prezzo: <\/strong>137,8 milioni di $<br><strong>Luogo:<\/strong> Christie&#8217;s New York<\/figcaption>\n<\/figure>\n\n\n\n<figure class=\"gb-block-image gb-block-image-01e028dd\"><img loading=\"lazy\" decoding=\"async\" width=\"730\" height=\"586\" class=\"gb-image gb-image-01e028dd\" src=\"https:\/\/app.visiodrom.de\/wp-content\/uploads\/BAL_7345250.jpg\" alt=\"\" title=\"BAL_7345250\" srcset=\"https:\/\/app.visiodrom.de\/wp-content\/uploads\/BAL_7345250.jpg 730w, https:\/\/app.visiodrom.de\/wp-content\/uploads\/BAL_7345250-300x241.jpg 300w\" sizes=\"auto, (max-width: 730px) 100vw, 730px\" \/>\n<figcaption class=\"gb-headline gb-headline-b3a40523 gb-headline-text\"><strong>Titolo: Frutteto con cipressi,<\/strong> Vincent van Gogh<br><strong>Data:<\/strong> 9.11.2022 <br><strong>Venditore:<\/strong> Eredi di Paul Allen<br><strong>Acquirente:<\/strong> sconosciuto<br><strong>Prezzo: <\/strong>117,2 milioni di $<br><strong>Luogo:<\/strong> Christie&#8217;s New York<\/figcaption>\n<\/figure>\n\n<\/div>\n\t\t\t\t\t\n\t\t\t\t<\/div>\n\t\t\t\t\n\t\t\t\t\n\t\t\t\n\n\n\t\t\t\t\t\t\t\t\n\t\t\t\t<div id=\"slide-b87fbce9a50c663b9ce2e1ee006a04e6\" class=\"swiper-slide slide\">\n\n\t\t\t\t\t<div class=\"acf-innerblocks-container\">\n\n<div class=\"wp-block-pixel-headline headlines is-subheadline-bottom has-text-align-left\"><h3 class=\"headline\" style=\"color:\">Van Gogh \u2013 oggi<\/h3><\/div>\n\n\n\n<p>Circa 100 anni dopo la morte di Van Gogh, i suoi dipinti hanno raggiunto un valore di mercato che corrisponde alla loro importanza storico-artistica. Nel 1987, un &#8216;Van Gogh&#8217; \u00e8 diventato due volte di fila il &#8216;dipinto pi\u00f9 costoso del mondo&#8217; &#8211; e una terza volta nel 1990. Nel 2022, il dipinto &#8216;Frutteto con cipressi&#8217; ha ottenuto un prezzo di oltre 100 milioni di dollari in un&#8217;asta a New York.<br\/>Finora, somme cos\u00ec astronomiche sono state pagate solo per opere di 14 artisti in tutto il mondo<br\/>(aggiornato al 2024).  <\/p>\n\n\n\n<figure class=\"gb-block-image gb-block-image-925e40e3\"><img loading=\"lazy\" decoding=\"async\" width=\"730\" height=\"880\" class=\"gb-image gb-image-925e40e3\" src=\"https:\/\/app.visiodrom.de\/wp-content\/uploads\/BAL_2639904.jpg\" alt=\"\" title=\"BAL_2639904\" srcset=\"https:\/\/app.visiodrom.de\/wp-content\/uploads\/BAL_2639904.jpg 730w, https:\/\/app.visiodrom.de\/wp-content\/uploads\/BAL_2639904-249x300.jpg 249w\" sizes=\"auto, (max-width: 730px) 100vw, 730px\" \/>\n<figcaption class=\"gb-headline gb-headline-6cf5f505 gb-headline-text\">Ritratto del dottor Gachet, giugno 1890<strong><br>Prezzo: 82,5 milioni di dollari<\/strong><br>Olio su tela, 67 x 56 cm<br>Collezione privata<\/figcaption>\n<\/figure>\n\n\n\n<figure class=\"gb-block-image gb-block-image-4da4bdfd\"><img loading=\"lazy\" decoding=\"async\" width=\"730\" height=\"562\" class=\"gb-image gb-image-4da4bdfd\" src=\"https:\/\/app.visiodrom.de\/wp-content\/uploads\/BAL_40070.jpg\" alt=\"\" title=\"BAL_40070\" srcset=\"https:\/\/app.visiodrom.de\/wp-content\/uploads\/BAL_40070.jpg 730w, https:\/\/app.visiodrom.de\/wp-content\/uploads\/BAL_40070-300x231.jpg 300w\" sizes=\"auto, (max-width: 730px) 100vw, 730px\" \/>\n<figcaption class=\"gb-headline gb-headline-8a294dc2 gb-headline-text\">Iris (Giaggioli), maggio 1889<br><strong>Prezzo: 53,9 milioni di dollari<\/strong><br>Olio su tela, 71 x 93 cm<br>J. Paul Getty Museum Los Angeles<br>Stati Uniti<\/figcaption>\n<\/figure>\n\n\n\n<figure class=\"gb-block-image gb-block-image-0f25f929\"><img loading=\"lazy\" decoding=\"async\" width=\"730\" height=\"919\" class=\"gb-image gb-image-0f25f929\" src=\"https:\/\/app.visiodrom.de\/wp-content\/uploads\/BAL_119794.jpg\" alt=\"\" title=\"BAL_119794\" srcset=\"https:\/\/app.visiodrom.de\/wp-content\/uploads\/BAL_119794.jpg 730w, https:\/\/app.visiodrom.de\/wp-content\/uploads\/BAL_119794-238x300.jpg 238w\" sizes=\"auto, (max-width: 730px) 100vw, 730px\" \/>\n<figcaption class=\"gb-headline gb-headline-c5f60733 gb-headline-text\">Girasoli, gennaio 1889<strong><br>Prezzo: 39,9 milioni di dollari<\/strong><br>Olio su tela, 95 x 73 cm<br>Sompo Museum of Art Tokyo, Giappone<\/figcaption>\n<\/figure>\n\n\n\n<figure class=\"gb-block-image gb-block-image-2e8da37e\"><img loading=\"lazy\" decoding=\"async\" width=\"730\" height=\"586\" class=\"gb-image gb-image-2e8da37e\" src=\"https:\/\/app.visiodrom.de\/wp-content\/uploads\/BAL_7345250.jpg\" alt=\"\" title=\"BAL_7345250\" srcset=\"https:\/\/app.visiodrom.de\/wp-content\/uploads\/BAL_7345250.jpg 730w, https:\/\/app.visiodrom.de\/wp-content\/uploads\/BAL_7345250-300x241.jpg 300w\" sizes=\"auto, (max-width: 730px) 100vw, 730px\" \/>\n<figcaption class=\"gb-headline gb-headline-876b6508 gb-headline-text\">Frutteto con cipressi, aprile 1888<strong><br>Prezzo: 117,2 milioni di dollari<\/strong><br>Olio su tela, 65 x 81 cm<br>Collezione privata<\/figcaption>\n<\/figure>\n\n\n\n<p>Gli alberi da frutto in fiore intorno ad Arles ricordavano a Van Gogh le xilografie giapponesi che ammirava molto. Arriv\u00f2 ad Arles in primavera nel 1888, e gli alberi da frutto in fiore all&#8217;aperto erano tra i suoi soggetti preferiti. <\/p>\n\n<\/div>\n\t\t\t\t\t\n\t\t\t\t<\/div>\n\t\t\t\t\n\t\t\t\t\n\t\t\t\n<\/div>\n\t\t\t\t<div class=\"controls-wrapper\">\n\t\t\t\t\t<div class=\"swiper-controls\">\n\t\t\t\t\t\t<span class=\"page-swiper-button-prev\"><\/span>\n\t\t\t\t\t\t<span class=\"page-swiper-button-next\"><\/span>\n\t\t\t\t\t<\/div>\n\t\t\t\t\t<div class=\"slider-menu\">\n\t\t\t\t\t\t\t\t<nav class=\"main-navigation has-menu-bar-items sub-menu-right\" id=\"site-navigation\" aria-label=\"Principale\"  itemtype=\"https:\/\/schema.org\/SiteNavigationElement\" itemscope>\n\t\t\t<div class=\"inside-navigation grid-container\">\n\t\t\t\t\t\t\t\t<button class=\"menu-toggle\" aria-controls=\"generate-slideout-menu\" aria-expanded=\"false\">\n\t\t\t\t\t<span class=\"gp-icon icon-menu-bars\"><svg viewBox=\"0 0 512 512\" aria-hidden=\"true\" xmlns=\"http:\/\/www.w3.org\/2000\/svg\" width=\"1em\" height=\"1em\"><path d=\"M0 96c0-13.255 10.745-24 24-24h464c13.255 0 24 10.745 24 24s-10.745 24-24 24H24c-13.255 0-24-10.745-24-24zm0 160c0-13.255 10.745-24 24-24h464c13.255 0 24 10.745 24 24s-10.745 24-24 24H24c-13.255 0-24-10.745-24-24zm0 160c0-13.255 10.745-24 24-24h464c13.255 0 24 10.745 24 24s-10.745 24-24 24H24c-13.255 0-24-10.745-24-24z\" \/><\/svg><svg viewBox=\"0 0 512 512\" aria-hidden=\"true\" xmlns=\"http:\/\/www.w3.org\/2000\/svg\" width=\"1em\" height=\"1em\"><path d=\"M71.029 71.029c9.373-9.372 24.569-9.372 33.942 0L256 222.059l151.029-151.03c9.373-9.372 24.569-9.372 33.942 0 9.372 9.373 9.372 24.569 0 33.942L289.941 256l151.03 151.029c9.372 9.373 9.372 24.569 0 33.942-9.373 9.372-24.569 9.372-33.942 0L256 289.941l-151.029 151.03c-9.373 9.372-24.569 9.372-33.942 0-9.372-9.373-9.372-24.569 0-33.942L222.059 256 71.029 104.971c-9.372-9.373-9.372-24.569 0-33.942z\" \/><\/svg><\/span><span class=\"mobile-menu\">Panoramica del capitolo<\/span>\t\t\t\t<\/button>\n\t\t\t\t<div class=\"menu-bar-items\"><\/div>\t\t\t<\/div>\n\t\t<\/nav>\n\t\t\t\t\t\t\t<\/div>\n\t\t\t\t<\/div>\n\t\t\t<\/div>\n\t\t\t\n\t\t\t\n<\/div>\n<\/section>","protected":false},"excerpt":{"rendered":"","protected":false},"author":1,"featured_media":0,"parent":0,"menu_order":13,"comment_status":"closed","ping_status":"closed","template":"","meta":{"footnotes":""},"class_list":["post-5273","page","type-page","status-publish"],"acf":[],"_links":{"self":[{"href":"https:\/\/app.visiodrom.de\/it\/wp-json\/wp\/v2\/pages\/5273","targetHints":{"allow":["GET"]}}],"collection":[{"href":"https:\/\/app.visiodrom.de\/it\/wp-json\/wp\/v2\/pages"}],"about":[{"href":"https:\/\/app.visiodrom.de\/it\/wp-json\/wp\/v2\/types\/page"}],"author":[{"embeddable":true,"href":"https:\/\/app.visiodrom.de\/it\/wp-json\/wp\/v2\/users\/1"}],"replies":[{"embeddable":true,"href":"https:\/\/app.visiodrom.de\/it\/wp-json\/wp\/v2\/comments?post=5273"}],"version-history":[{"count":3,"href":"https:\/\/app.visiodrom.de\/it\/wp-json\/wp\/v2\/pages\/5273\/revisions"}],"predecessor-version":[{"id":5619,"href":"https:\/\/app.visiodrom.de\/it\/wp-json\/wp\/v2\/pages\/5273\/revisions\/5619"}],"wp:attachment":[{"href":"https:\/\/app.visiodrom.de\/it\/wp-json\/wp\/v2\/media?parent=5273"}],"curies":[{"name":"wp","href":"https:\/\/api.w.org\/{rel}","templated":true}]}}