{"id":2180,"date":"2023-08-22T13:55:58","date_gmt":"2023-08-22T11:55:58","guid":{"rendered":"https:\/\/app.visiodrom.de\/protezione-dei-dati\/"},"modified":"2023-08-22T15:16:50","modified_gmt":"2023-08-22T13:16:50","slug":"protezione-dei-dati","status":"publish","type":"page","link":"https:\/\/app.visiodrom.de\/it\/protezione-dei-dati\/","title":{"rendered":"Protezione dei dati"},"content":{"rendered":"<section class=\"gb-container gb-container-d9d80a22\">\n<div class=\"gb-container gb-container-a6fda573\">\n<div class=\"gb-grid-wrapper gb-grid-wrapper-6995cf4b\">\n<div class=\"gb-grid-column gb-grid-column-518bc6b2\"><div class=\"gb-container gb-container-518bc6b2\">\n\n<div class=\"wp-block-pixel-headline headlines is-subheadline-bottom has-text-align-left\"><h3 class=\"headline\" style=\"color:\">1. La protezione dei dati in sintesi<\/h3><\/div>\n\n\n\n<div class=\"wp-block-pixel-headline headlines is-subheadline-bottom has-text-align-left\"><h4 class=\"headline\" style=\"color:\">Note generali<\/h4><\/div>\n\n\n\n<p>Le seguenti note forniscono una semplice panoramica di ci\u00f2 che accade ai vostri dati personali quando visitate il nostro sito web. Per dati personali si intendono tutti i dati che consentono di identificare personalmente l&#8217;utente. Per informazioni dettagliate sul tema della protezione dei dati, si prega di consultare la nostra dichiarazione sulla protezione dei dati riportata sotto questo testo.<\/p>\n\n\n\n<div class=\"wp-block-pixel-headline headlines is-subheadline-bottom has-text-align-left\"><h4 class=\"headline\" style=\"color:\">Raccolta di dati sul nostro sito web<\/h4><\/div>\n\n\n\n<p><strong>Chi \u00e8 responsabile della raccolta dei dati su questo sito?<\/strong><\/p>\n\n\n\n<p>Il trattamento dei dati su questo sito web viene effettuato dal gestore del sito. I suoi dati di contatto sono riportati nell&#8217;imprinting di questo sito.<\/p>\n\n\n\n<p><strong>Come raccogliamo i vostri dati?<\/strong><\/p>\n\n\n\n<p>Da un lato, i vostri dati sono raccolti da voi che ce li fornite. Pu\u00f2 trattarsi, ad esempio, dei dati inseriti in un modulo di contatto.<\/p>\n\n\n\n<p>Altri dati vengono raccolti automaticamente dai nostri sistemi informatici quando visitate il sito web. Si tratta principalmente di dati tecnici (ad es. browser internet, sistema operativo o tempo di visualizzazione della pagina). Questi dati vengono raccolti automaticamente non appena si entra nel nostro sito web.<\/p>\n\n\n\n<p><strong>Per cosa utilizziamo i vostri dati?<\/strong><\/p>\n\n\n\n<p>Una parte dei dati viene raccolta per garantire una fornitura senza errori del sito web. Altri dati possono essere utilizzati per analizzare il comportamento degli utenti.<\/p>\n\n\n\n<p><strong>Quali diritti avete sui vostri dati?<\/strong><\/p>\n\n\n\n<p>Avete il diritto di ricevere in qualsiasi momento informazioni gratuite sull&#8217;origine, il destinatario e lo scopo dei vostri dati personali memorizzati. L&#8217;utente ha inoltre il diritto di richiedere la correzione, il blocco o la cancellazione di tali dati. Potete contattarci in qualsiasi momento all&#8217;indirizzo indicato nell&#8217;imprinting per questa e altre domande sul tema della protezione dei dati. Inoltre, avete il diritto di presentare un reclamo all&#8217;autorit\u00e0 di vigilanza competente.<\/p>\n\n\n\n<div class=\"wp-block-pixel-headline headlines is-subheadline-bottom has-text-align-left\"><h4 class=\"headline\" style=\"color:\">Strumenti di analisi e strumenti di terze parti<\/h4><\/div>\n\n\n\n<p>Quando visitate il nostro sito web, il vostro comportamento di navigazione pu\u00f2 essere valutato statisticamente. Ci\u00f2 avviene principalmente con i cookie e con i cosiddetti programmi di analisi. L&#8217;analisi del vostro comportamento di navigazione \u00e8 solitamente anonima; il comportamento di navigazione non pu\u00f2 essere ricondotto all&#8217;utente. \u00c8 possibile opporsi a questa analisi o impedirla non utilizzando determinati strumenti. Troverete informazioni dettagliate al riguardo nella seguente informativa sulla privacy.<\/p>\n\n\n\n<p>\u00c8 possibile opporsi a questa analisi. Vi informeremo sulle opzioni di opposizione in questa informativa sulla privacy.<\/p>\n\n\n\n<div class=\"wp-block-pixel-headline headlines is-subheadline-bottom has-text-align-left\"><h3 class=\"headline\" style=\"color:\">2 Note generali e informazioni obbligatorie<\/h3><\/div>\n\n\n\n<div class=\"wp-block-pixel-headline headlines is-subheadline-bottom has-text-align-left\"><h4 class=\"headline\" style=\"color:\">Protezione dei dati<\/h4><\/div>\n\n\n\n<p>I gestori di queste pagine prendono molto sul serio la protezione dei vostri dati personali. Trattiamo i vostri dati personali in modo confidenziale e in conformit\u00e0 alle norme di legge sulla protezione dei dati e alla presente dichiarazione sulla protezione dei dati.<\/p>\n\n\n\n<p>Quando si utilizza questo sito web, vengono raccolti diversi dati personali. I dati personali sono dati con i quali \u00e8 possibile identificarvi personalmente. La presente informativa sulla privacy spiega quali dati raccogliamo e per quali scopi li utilizziamo. Spiega anche come e a quale scopo ci\u00f2 avviene.<\/p>\n\n\n\n<p>Desideriamo sottolineare che la trasmissione di dati su Internet (ad esempio la comunicazione via e-mail) pu\u00f2 presentare lacune nella sicurezza. Non \u00e8 possibile proteggere completamente i dati dall&#8217;accesso di terzi.<\/p>\n\n\n\n<div class=\"wp-block-pixel-headline headlines is-subheadline-bottom has-text-align-left\"><h4 class=\"headline\" style=\"color:\">Nota sull&#8217;organismo responsabile<\/h4><\/div>\n\n\n\n<p>Il responsabile del trattamento dei dati per questo sito web \u00e8:<\/p>\n\n\n\n<p><strong>Visiodrom GmbH<\/strong><br\/>Friedrich-Ebert-Str. 130<br\/>42117 Wuppertal<\/p>\n\n\n\n<p>Telefono: <a href=\"tel:+4920243048670\">+49 202 430 486-70<\/a><br\/>Fax: +49 202 430 486-79<br\/>E-mail: <a href=\"mailto:info@visiodrom.de\">info@visiodrom.de<\/a><\/p>\n\n\n\n<p>Il responsabile del trattamento \u00e8 la persona fisica o giuridica che, da sola o insieme ad altri, determina le finalit\u00e0 e i mezzi del trattamento dei dati personali (ad esempio, nomi, indirizzi e-mail, ecc.).<\/p>\n\n\n\n<div class=\"wp-block-pixel-headline headlines is-subheadline-bottom has-text-align-left\"><h4 class=\"headline\" style=\"color:\">Revoca del consenso al trattamento dei dati<\/h4><\/div>\n\n\n\n<p>Molte operazioni di trattamento dei dati sono possibili solo con il vostro esplicito consenso. \u00c8 possibile revocare il consenso gi\u00e0 dato in qualsiasi momento. \u00c8 sufficiente inviare un messaggio informale via e-mail. La legalit\u00e0 del trattamento dei dati effettuato fino alla revoca rimane inalterata dalla revoca stessa.<\/p>\n\n\n\n<div class=\"wp-block-pixel-headline headlines is-subheadline-bottom has-text-align-left\"><h4 class=\"headline\" style=\"color:\">Diritto di ricorso all&#8217;autorit\u00e0 di vigilanza competente<\/h4><\/div>\n\n\n\n<p>In caso di violazione della legge sulla protezione dei dati, l&#8217;interessato ha il diritto di ricorrere all&#8217;autorit\u00e0 di controllo competente. L&#8217;autorit\u00e0 di controllo competente in materia di legge sulla protezione dei dati \u00e8 il Commissario di Stato per la protezione dei dati dello Stato federale in cui ha sede la nostra azienda. L&#8217;elenco dei responsabili della protezione dei dati e i loro dati di contatto sono disponibili al seguente link: <a href=\"https:\/\/www.bfdi.bund.de\/DE\/Infothek\/Anschriften_Links\/anschriften_links-node.html\" target=\"_blank\" rel=\"noreferrer noopener\">https:\/\/www.bfdi.bund.de\/DE\/Infothek\/Anschriften_Links\/anschriften_links-node.html.<\/a><\/p>\n\n\n\n<div class=\"wp-block-pixel-headline headlines is-subheadline-bottom has-text-align-left\"><h4 class=\"headline\" style=\"color:\">Crittografia SSL o TLS<\/h4><\/div>\n\n\n\n<p>Questo sito utilizza la crittografia SSL o TLS per motivi di sicurezza e per proteggere la trasmissione di contenuti riservati, come gli ordini o le richieste di informazioni che ci inviate in qualit\u00e0 di gestore del sito. Una connessione criptata si riconosce dal fatto che la riga dell&#8217;indirizzo del browser passa da &#8220;http:\/\/&#8221; a &#8220;https:\/\/&#8221; e dal simbolo del lucchetto nella riga del browser.<\/p>\n\n\n\n<p>Se la crittografia SSL o TLS \u00e8 attivata, i dati che ci trasmettete non possono essere letti da terzi.<\/p>\n\n\n\n<div class=\"wp-block-pixel-headline headlines is-subheadline-bottom has-text-align-left\"><h4 class=\"headline\" style=\"color:\">Informazioni, blocco, cancellazione<\/h4><\/div>\n\n\n\n<p>Nell&#8217;ambito delle disposizioni di legge applicabili, l&#8217;utente ha il diritto di ottenere in qualsiasi momento informazioni gratuite sui propri dati personali memorizzati, sulla loro origine e sul loro destinatario e sullo scopo del trattamento dei dati e, se del caso, il diritto alla correzione, al blocco o alla cancellazione di tali dati. Potete contattarci in qualsiasi momento all&#8217;indirizzo indicato nell&#8217;imprinting a questo scopo e per ulteriori domande sul tema dei dati personali.<\/p>\n\n\n\n<div class=\"wp-block-pixel-headline headlines is-subheadline-bottom has-text-align-left\"><h3 class=\"headline\" style=\"color:\">3. raccolta di dati sul nostro sito web<\/h3><\/div>\n\n\n\n<div class=\"wp-block-pixel-headline headlines is-subheadline-bottom has-text-align-left\"><h4 class=\"headline\" style=\"color:\">Biscotti<\/h4><\/div>\n\n\n\n<p>Le pagine Internet utilizzano in parte i cosiddetti cookie. I cookie non causano alcun danno al computer e non contengono virus. I cookie vengono utilizzati per rendere il nostro sito web pi\u00f9 facile da usare, efficace e sicuro. I cookie sono piccoli file di testo che vengono memorizzati sul computer e salvati dal browser.<\/p>\n\n\n\n<p>La maggior parte dei cookie che utilizziamo sono i cosiddetti &#8220;cookie di sessione&#8221;. Vengono cancellati automaticamente al termine della visita. Altri cookie rimangono memorizzati sul vostro terminale finch\u00e9 non li cancellate. Questi cookie ci permettono di riconoscere il vostro browser alla vostra prossima visita.<\/p>\n\n\n\n<p>Potete impostare il vostro browser in modo da essere informati sull&#8217;impostazione dei cookie e consentire i cookie solo in singoli casi, escludere l&#8217;accettazione dei cookie per determinati casi o in generale e attivare la cancellazione automatica dei cookie alla chiusura del browser. Se i cookie vengono disattivati, la funzionalit\u00e0 di questo sito web potrebbe essere limitata.<\/p>\n\n\n\n<p>I cookie necessari per eseguire il processo di comunicazione elettronica o per fornire determinate funzioni richieste dall&#8217;utente (ad esempio, la funzione del carrello della spesa) vengono memorizzati sulla base dell&#8217;Art. 6 Para. 1 lit. f DSGVO memorizzato. L&#8217;operatore del sito web ha un interesse legittimo a memorizzare i cookie per la fornitura tecnicamente priva di errori e ottimizzata dei propri servizi. Nella misura in cui vengono memorizzati altri cookie (ad es. cookie per l&#8217;analisi del comportamento di navigazione), questi vengono trattati separatamente nella presente dichiarazione sulla protezione dei dati.<\/p>\n\n\n<a href=\"#\" class=\"borlabs-cookie-preference\">\u00c4ndern Sie Ihre Cookie-Zustimmungseinstellungen.<\/a>\n\n\n\n<div class=\"wp-block-pixel-headline headlines is-subheadline-bottom has-text-align-left\"><h4 class=\"headline\" style=\"color:\">File di log del server<\/h4><\/div>\n\n\n\n<p>Il fornitore delle pagine raccoglie e memorizza automaticamente le informazioni nei cosiddetti file di log del server, che il vostro browser ci trasmette automaticamente. Questi sono:<\/p>\n\n\n\n<ul class=\"wp-block-list\">\n<li>Tipo e versione del browser<\/li>\n\n\n\n<li>Sistema operativo utilizzato<\/li>\n\n\n\n<li>URL di riferimento<\/li>\n\n\n\n<li>Nome host del computer di accesso<\/li>\n\n\n\n<li>Ora della richiesta del server<\/li>\n\n\n\n<li>Indirizzo IP<\/li>\n<\/ul>\n\n\n\n<p>Questi dati non vengono uniti ad altre fonti di dati.<\/p>\n\n\n\n<p>La base per il trattamento dei dati \u00e8 l&#8217;art. 6 par. 1 lit. f DSGVO, che consente il trattamento dei dati per l&#8217;esecuzione di un contratto o di misure precontrattuali.<\/p>\n\n\n\n<div class=\"wp-block-pixel-headline headlines is-subheadline-bottom has-text-align-left\"><h4 class=\"headline\" style=\"color:\">Modulo di contatto<\/h4><\/div>\n\n\n\n<p>Se ci inviate richieste di informazioni tramite il modulo di contatto, i vostri dati dal modulo di richiesta, compresi i dati di contatto che avete fornito, saranno memorizzati da noi allo scopo di elaborare la richiesta e in caso di richieste successive. Non trasmettiamo questi dati senza il vostro consenso.<\/p>\n\n\n\n<p>Il trattamento dei dati inseriti nel modulo di contatto si basa pertanto esclusivamente sul vostro consenso (art. 6 cpv. 1 lett. a DSGVO). Il consenso pu\u00f2 essere revocato in qualsiasi momento. \u00c8 sufficiente inviare un messaggio informale via e-mail. La legalit\u00e0 delle operazioni di trattamento dei dati effettuate fino alla revoca rimane inalterata dalla revoca stessa.<\/p>\n\n\n\n<p>I dati inseriti nel modulo di contatto rimarranno presso di noi fino a quando non ci chiederete di cancellarli, non revocherete il vostro consenso alla loro memorizzazione o fino a quando lo scopo della memorizzazione dei dati non sar\u00e0 pi\u00f9 valido (ad esempio, al termine dell&#8217;elaborazione della vostra richiesta). Le disposizioni di legge obbligatorie, in particolare i periodi di conservazione, rimangono inalterate.<\/p>\n\n\n\n<div class=\"wp-block-pixel-headline headlines is-subheadline-bottom has-text-align-left\"><h3 class=\"headline\" style=\"color:\">4. strumenti di analisi e pubblicit\u00e0<\/h3><\/div>\n\n\n\n<div class=\"wp-block-pixel-headline headlines is-subheadline-bottom has-text-align-left\"><h4 class=\"headline\" style=\"color:\">Google Analytics<\/h4><\/div>\n\n\n\n<p>Questo sito web utilizza le funzioni del servizio di analisi web Google Analytics. Il fornitore \u00e8 Google Inc, 1600 Amphitheatre Parkway, Mountain View, CA 94043, USA.<\/p>\n\n\n\n<p>Google Analytics utilizza i cosiddetti &#8220;cookie&#8221;. Si tratta di file di testo che vengono memorizzati sul vostro computer e che consentono di analizzare l&#8217;utilizzo del sito web da parte vostra. Le informazioni generate dal cookie sull&#8217;utilizzo di questo sito web da parte dell&#8217;utente vengono solitamente trasmesse a un server di Google negli Stati Uniti e l\u00ec memorizzate.<\/p>\n\n\n\n<p>I cookie di Google Analytics vengono memorizzati sulla base dell&#8217;art. 6 par. 1 lit. f GDPR. L&#8217;operatore del sito web ha un interesse legittimo ad analizzare il comportamento degli utenti al fine di ottimizzare il proprio sito web e la propria pubblicit\u00e0.<\/p>\n\n\n\n<p><strong>Anonimizzazione dell&#8217;IP<\/strong><\/p>\n\n\n\n<p>Abbiamo attivato la funzione di anonimizzazione dell&#8217;IP su questo sito web. Ci\u00f2 significa che il vostro indirizzo IP verr\u00e0 abbreviato da Google all&#8217;interno degli Stati membri dell&#8217;Unione Europea o in altri Stati contraenti dell&#8217;Accordo sullo Spazio Economico Europeo prima di essere trasmesso agli USA. Solo in casi eccezionali l&#8217;indirizzo IP completo viene trasmesso a un server di Google negli Stati Uniti e l\u00ec abbreviato. Per conto del gestore di questo sito web, Google utilizzer\u00e0 queste informazioni allo scopo di valutare l&#8217;utilizzo del sito web da parte dell&#8217;utente, compilare report sulle attivit\u00e0 del sito web e fornire altri servizi relativi alle attivit\u00e0 del sito web e all&#8217;utilizzo di Internet al gestore del sito web. L&#8217;indirizzo IP trasmesso dal vostro browser nell&#8217;ambito di Google Analytics non viene unito ad altri dati di Google.<\/p>\n\n\n\n<p><strong>Plugin del browser<\/strong><\/p>\n\n\n\n<p>L&#8217;utente pu\u00f2 rifiutare l&#8217;uso dei cookie selezionando l&#8217;impostazione appropriata sul proprio browser, ma si prega di notare che in tal caso potrebbe non essere in grado di utilizzare tutte le funzionalit\u00e0 di questo sito web. Potete inoltre impedire la raccolta dei dati generati dal cookie e relativi al vostro utilizzo del sito web (compreso il vostro indirizzo IP) da parte di Google e il trattamento di questi dati da parte di Google scaricando e installando il plugin del browser disponibile al seguente link: <a href=\"https:\/\/tools.google.com\/dlpage\/gaoptout?hl=de\" target=\"_blank\" rel=\"noreferrer noopener\">https:\/\/tools.google.com\/dlpage\/gaoptout?hl=de.<\/a><\/p>\n\n\n\n<p><strong>Elaborazione dei dati dell&#8217;ordine<\/strong><\/p>\n\n\n\n<p>Abbiamo stipulato un contratto per l&#8217;elaborazione dei dati dell&#8217;ordine con Google e attuiamo pienamente i severi requisiti delle autorit\u00e0 tedesche per la protezione dei dati nell&#8217;utilizzo di Google Analytics.<\/p>\n\n\n\n<p><strong>Caratteristiche demografiche in Google Analytics<\/strong><\/p>\n\n\n\n<p>Questo sito web utilizza la funzione &#8220;caratteristiche demografiche&#8221; di Google Analytics. In questo modo \u00e8 possibile creare rapporti che contengono dichiarazioni sull&#8217;et\u00e0, il sesso e gli interessi dei visitatori del sito. Questi dati provengono dalla pubblicit\u00e0 basata sugli interessi di Google e dai dati dei visitatori di fornitori terzi. Questi dati non possono essere assegnati a una persona specifica. Potete disattivare questa funzione in qualsiasi momento tramite le impostazioni degli annunci del vostro account Google o vietare in generale la raccolta dei vostri dati da parte di Google Analytics come indicato al punto &#8220;Obiezione alla raccolta dei dati&#8221;.<\/p>\n\n<\/div><\/div>\n<\/div>\n<\/div>\n<\/section>","protected":false},"excerpt":{"rendered":"","protected":false},"author":1,"featured_media":0,"parent":0,"menu_order":17,"comment_status":"closed","ping_status":"closed","template":"","meta":{"footnotes":""},"class_list":["post-2180","page","type-page","status-publish"],"acf":[],"_links":{"self":[{"href":"https:\/\/app.visiodrom.de\/it\/wp-json\/wp\/v2\/pages\/2180","targetHints":{"allow":["GET"]}}],"collection":[{"href":"https:\/\/app.visiodrom.de\/it\/wp-json\/wp\/v2\/pages"}],"about":[{"href":"https:\/\/app.visiodrom.de\/it\/wp-json\/wp\/v2\/types\/page"}],"author":[{"embeddable":true,"href":"https:\/\/app.visiodrom.de\/it\/wp-json\/wp\/v2\/users\/1"}],"replies":[{"embeddable":true,"href":"https:\/\/app.visiodrom.de\/it\/wp-json\/wp\/v2\/comments?post=2180"}],"version-history":[{"count":2,"href":"https:\/\/app.visiodrom.de\/it\/wp-json\/wp\/v2\/pages\/2180\/revisions"}],"predecessor-version":[{"id":2189,"href":"https:\/\/app.visiodrom.de\/it\/wp-json\/wp\/v2\/pages\/2180\/revisions\/2189"}],"wp:attachment":[{"href":"https:\/\/app.visiodrom.de\/it\/wp-json\/wp\/v2\/media?parent=2180"}],"curies":[{"name":"wp","href":"https:\/\/api.w.org\/{rel}","templated":true}]}}