{"id":1865,"date":"2023-08-16T11:01:12","date_gmt":"2023-08-16T09:01:12","guid":{"rendered":"https:\/\/app.visiodrom.de\/impronta\/"},"modified":"2023-08-22T12:52:33","modified_gmt":"2023-08-22T10:52:33","slug":"impronta","status":"publish","type":"page","link":"https:\/\/app.visiodrom.de\/it\/impronta\/","title":{"rendered":"Impronta"},"content":{"rendered":"<section class=\"gb-container gb-container-d9d80a22\">\n<div class=\"gb-container gb-container-a6fda573\">\n<div class=\"gb-grid-wrapper gb-grid-wrapper-6995cf4b\">\n<div class=\"gb-grid-column gb-grid-column-518bc6b2\"><div class=\"gb-container gb-container-518bc6b2\">\n\n<div class=\"wp-block-pixel-headline headlines is-subheadline-bottom has-text-align-left\"><h3 class=\"headline\" style=\"color:\">Informazioni ai sensi del \u00a7 5 TMG<\/h3><\/div>\n\n\n\n<p><strong>Visiodrom GmbH<\/strong><br><strong>Im Gaskessel Wupperta<\/strong>l<br>Mohrenstra\u00dfe 3<br>42289 Wuppertal<\/p>\n\n\n\n<p>Registro delle imprese: HRB 28972<br>Tribunale del registro: Wuppertal<\/p>\n\n\n\n<p><strong>Rappresentati dagli amministratori delegati:<\/strong><br>Dirk Emde . Faton Zenuni<\/p>\n\n\n\n<div class=\"wp-block-pixel-headline headlines is-subheadline-bottom has-text-align-left\"><h3 class=\"headline\" style=\"color:\">Contatto<\/h3><\/div>\n\n\n\n<p>Telefono: <a href=\"tel:+4920243048670\">+49 202 430 486-70<\/a><br>Fax: +49 202 430 486-79<br>E-mail: <a href=\"mailto:info@visiodrom.de\">info@visiodrom.de<\/a><\/p>\n\n\n\n<div class=\"wp-block-pixel-headline headlines is-subheadline-bottom has-text-align-left\"><h3 class=\"headline\" style=\"color:\">ID IVA<\/h3><\/div>\n\n\n\n<p>Numero di identificazione dell&#8217;imposta sulle vendite secondo il \u00a7 27 a della legge sull&#8217;imposta sulle vendite: DE 318276347<\/p>\n\n\n\n<div class=\"wp-block-pixel-headline headlines is-subheadline-bottom has-text-align-left\"><h3 class=\"headline\" style=\"color:\">Realizzazione<\/h3><\/div>\n\n\n\n<p><a rel=\"noreferrer noopener\" href=\"https:\/\/pixelproduction.de\/\" target=\"_blank\">Marketing, ideazione, progettazione e realizzazione sono stati curati da PixelProduction &#8211; Agenzia per il marketing e la digitalizzazione di Wuppertal.<\/a><\/p>\n\n\n\n<div class=\"wp-block-pixel-headline headlines is-subheadline-bottom has-text-align-left\"><h3 class=\"headline\" style=\"color:\">Responsabile del contenuto ai sensi del \u00a7 55 para. 2 RStV<\/h3><\/div>\n\n\n\n<p>Amministratore delegato: Dirk Emde . Faton Zenuni<br>Mohrenstr. 3<br>42289 Wuppertal<\/p>\n\n\n\n<div class=\"wp-block-pixel-headline headlines is-subheadline-bottom has-text-align-left\"><h3 class=\"headline\" style=\"color:\">Risoluzione delle controversie<\/h3><\/div>\n\n\n\n<p>La Commissione europea offre una piattaforma per la risoluzione delle controversie online (ODR): <a href=\"https:\/\/ec.europa.eu\/consumers\/odr\" target=\"_blank\" rel=\"noreferrer noopener\">https:\/\/ec.europa.eu\/consumers\/odr.<\/a><br>Il nostro indirizzo e-mail \u00e8 riportato nel riquadro in alto.<\/p>\n\n\n\n<p>Non siamo disposti o obbligati a partecipare a procedure di risoluzione delle controversie davanti a un collegio arbitrale dei consumatori.<\/p>\n\n\n\n<div class=\"wp-block-pixel-headline headlines is-subheadline-bottom has-text-align-left\"><h3 class=\"headline\" style=\"color:\">Responsabilit\u00e0 per i contenuti<\/h3><\/div>\n\n\n\n<p>In qualit\u00e0 di fornitore di servizi, siamo obbligati, ai sensi del \u00a7 7 par. 1 TMG \u00e8 responsabile dei propri contenuti su queste pagine in conformit\u00e0 alle leggi generali. Ai sensi dei \u00a7\u00a7 8-10 TMG, tuttavia, non siamo obbligati, in qualit\u00e0 di fornitore di servizi, a monitorare le informazioni trasmesse o memorizzate da terzi o a indagare su circostanze che indicano un&#8217;attivit\u00e0 illegale.<\/p>\n\n\n\n<p>L&#8217;obbligo di rimuovere o bloccare l&#8217;uso delle informazioni in conformit\u00e0 alle leggi generali rimane inalterato. Tuttavia, la responsabilit\u00e0 in questo senso \u00e8 possibile solo a partire dal momento in cui si viene a conoscenza di una violazione concreta. Se veniamo a conoscenza di tali violazioni, rimuoveremo immediatamente i contenuti.<\/p>\n\n\n\n<div class=\"wp-block-pixel-headline headlines is-subheadline-bottom has-text-align-left\"><h3 class=\"headline\" style=\"color:\">Responsabilit\u00e0 per i link<\/h3><\/div>\n\n\n\n<p>La nostra offerta contiene link a siti web esterni di terzi, sui cui contenuti non abbiamo alcuna influenza. Pertanto, non possiamo assumerci alcuna responsabilit\u00e0 per questi contenuti esterni. Il rispettivo fornitore o gestore delle pagine \u00e8 sempre responsabile del contenuto delle pagine collegate. Le pagine collegate sono state controllate per verificare eventuali violazioni legali al momento del collegamento. I contenuti illegali non erano riconoscibili al momento del collegamento.<\/p>\n\n\n\n<p>Tuttavia, un controllo permanente dei contenuti delle pagine collegate non \u00e8 ragionevole senza indicazioni concrete di una violazione della legge. Se veniamo a conoscenza di eventuali violazioni della legge, rimuoveremo immediatamente tali link.<\/p>\n\n\n\n<div class=\"wp-block-pixel-headline headlines is-subheadline-bottom has-text-align-left\"><h3 class=\"headline\" style=\"color:\">Copyright<\/h3><\/div>\n\n\n\n<p>I contenuti e le opere create dagli operatori del sito su queste pagine sono soggetti alla legge tedesca sul diritto d&#8217;autore. La riproduzione, la modifica, la distribuzione e qualsiasi tipo di utilizzo al di fuori dei limiti della legge sul copyright richiedono il consenso scritto del rispettivo autore o creatore. Sono consentiti download e copie di questa pagina solo per uso privato e non commerciale.<\/p>\n\n\n\n<p>Nella misura in cui i contenuti di questa pagina non sono stati creati dal gestore, si rispettano i diritti d&#8217;autore di terzi. In particolare, i contenuti di terzi sono identificati come tali. Se tuttavia doveste venire a conoscenza di una violazione del copyright, vi preghiamo di informarci di conseguenza. Se veniamo a conoscenza di eventuali violazioni, rimuoveremo immediatamente tali contenuti.<\/p>\n\n<\/div><\/div>\n<\/div>\n<\/div>\n<\/section>","protected":false},"excerpt":{"rendered":"","protected":false},"author":1,"featured_media":0,"parent":0,"menu_order":18,"comment_status":"closed","ping_status":"closed","template":"","meta":{"footnotes":""},"class_list":["post-1865","page","type-page","status-publish"],"acf":[],"_links":{"self":[{"href":"https:\/\/app.visiodrom.de\/it\/wp-json\/wp\/v2\/pages\/1865","targetHints":{"allow":["GET"]}}],"collection":[{"href":"https:\/\/app.visiodrom.de\/it\/wp-json\/wp\/v2\/pages"}],"about":[{"href":"https:\/\/app.visiodrom.de\/it\/wp-json\/wp\/v2\/types\/page"}],"author":[{"embeddable":true,"href":"https:\/\/app.visiodrom.de\/it\/wp-json\/wp\/v2\/users\/1"}],"replies":[{"embeddable":true,"href":"https:\/\/app.visiodrom.de\/it\/wp-json\/wp\/v2\/comments?post=1865"}],"version-history":[{"count":3,"href":"https:\/\/app.visiodrom.de\/it\/wp-json\/wp\/v2\/pages\/1865\/revisions"}],"predecessor-version":[{"id":2096,"href":"https:\/\/app.visiodrom.de\/it\/wp-json\/wp\/v2\/pages\/1865\/revisions\/2096"}],"wp:attachment":[{"href":"https:\/\/app.visiodrom.de\/it\/wp-json\/wp\/v2\/media?parent=1865"}],"curies":[{"name":"wp","href":"https:\/\/api.w.org\/{rel}","templated":true}]}}