{"id":5595,"date":"2025-03-17T17:28:34","date_gmt":"2025-03-17T16:28:34","guid":{"rendered":"https:\/\/app-visiodrom.pixel-tal.de\/le-frere-theo-van-gogh\/"},"modified":"2025-03-20T15:12:04","modified_gmt":"2025-03-20T14:12:04","slug":"le-frere-theo-van-gogh","status":"publish","type":"page","link":"https:\/\/app.visiodrom.de\/fr\/le-frere-theo-van-gogh\/","title":{"rendered":"Le fr\u00e8re Th\u00e9o van Gogh"},"content":{"rendered":"<section class=\"gb-container gb-container-d9d80a22\">\n<div class=\"gb-container gb-container-a6fda573\">\n\n\t\t\t<div class=\"page-slider swiper\">\n\t\t\t\t\t\t\t\t<div class=\"page-slider-inner swiper-wrapper\">\n\n\t\t\t\t\t\t\t\t\n\t\t\t\t<div id=\"slide-b119ab0fe7cf2dc831fd19635ce37894\" class=\"swiper-slide slide\">\n\n\t\t\t\t\t<div class=\"acf-innerblocks-container\">\n\n<p><strong>Un portrait \u00e9nigmatique<\/strong><\/p>\n\n\n\n<p>\u00cates-vous familier avec cette image ? Elle est \u00e9galement expos\u00e9e dans la salle contenant de nombreux autoportraits &#8211; cependant, l&rsquo;identit\u00e9 du sujet demeure incertaine. Les sp\u00e9cialistes sont en d\u00e9saccord quant \u00e0 savoir s&rsquo;il s&rsquo;agit de Vincent ou de Th\u00e9o van Gogh. Les deux fr\u00e8res ont \u00e9t\u00e9 d\u00e9crits comme ayant une apparence tr\u00e8s similaire. Une preuve d\u00e9cisive fait d\u00e9faut jusqu&rsquo;\u00e0 ce jour.    <br\/><br\/>Le portrait est inhabituellement petit, probablement influenc\u00e9 par la photographie, pour laquelle de tels formats \u00e9taient typiques. Dans une lettre \u00e0 son fr\u00e8re dat\u00e9e du 14 d\u00e9cembre 1885, Vincent expliquait : <strong>\u00ab<\/strong>Et je n&rsquo;abandonne pas mon id\u00e9e des portraits, [&#8230;] pour montrer aux gens qu&rsquo;il y a autre chose dans l&rsquo;\u00eatre humain que ce que le photographe peut en extraire avec sa machine.\u00bb <br\/><br\/>Ainsi, Van Gogh anticipe le d\u00e9sir de capturer avec sa peinture ce qui &lsquo;est&rsquo;, plut\u00f4t que ce qui &lsquo;est visible&rsquo;. Pour atteindre cet objectif, il rompt avec les r\u00e8gles formelles qui d\u00e9finissent les styles picturaux. <\/p>\n\n\n\n<figure class=\"gb-block-image gb-block-image-f6c197e5\"><img loading=\"lazy\" decoding=\"async\" width=\"730\" height=\"992\" class=\"gb-image gb-image-f6c197e5\" src=\"https:\/\/app.visiodrom.de\/wp-content\/uploads\/BAL_5403720.jpg\" alt=\"\" title=\"BAL_5403720\" srcset=\"https:\/\/app.visiodrom.de\/wp-content\/uploads\/BAL_5403720.jpg 730w, https:\/\/app.visiodrom.de\/wp-content\/uploads\/BAL_5403720-221x300.jpg 221w\" sizes=\"auto, (max-width: 730px) 100vw, 730px\" \/>\n<figcaption class=\"gb-headline gb-headline-1fb4522d gb-headline-text\"><strong>Autoportrait ou Portrait de Th\u00e9o van Gogh,<\/strong> \u00e9t\u00e9 1887<br>Huile sur carton, 19 x 14 cm<br>Mus\u00e9e Van Gogh Amsterdam, Pays-Bas<\/figcaption>\n<\/figure>\n\n\n\n<p>C&rsquo;est Th\u00e9o van Gogh qui persuada son fr\u00e8re Vincent de devenir peintre. Il le soutint dans toutes les situations de la vie et, en tant que marchand d&rsquo;art \u00e0 Paris, \u00e9tait toujours au c\u0153ur de la peinture. Pendant son s\u00e9jour \u00e0 Paris, Vincent v\u00e9cut avec son fr\u00e8re. C&rsquo;est \u00e9galement Th\u00e9o qui convainquit Paul Gauguin de rendre visite \u00e0 Vincent dans sa maison jaune. Et c&rsquo;est aussi gr\u00e2ce aux soins et \u00e0 l&rsquo;amour de ce fr\u00e8re omnipr\u00e9sent que Vincent d\u00e9m\u00e9nagea \u00e0 Auvers-sur-Oise, pr\u00e8s de Paris, \u00e0 la fin de sa vie.    <br\/><br\/>Le fils de Th\u00e9o, Vincent Willem van Gogh, poursuivit l&rsquo;\u0153uvre de ses parents. Dans les ann\u00e9es 1960, il soutint la cr\u00e9ation d&rsquo;un mus\u00e9e qui rendrait l&rsquo;\u0153uvre de Van Gogh accessible de mani\u00e8re permanente, et transmit l&rsquo;ensemble de l&rsquo;h\u00e9ritage \u00e0 la &lsquo;Fondation Vincent van Gogh&rsquo;. En 1973, le Mus\u00e9e Van Gogh ouvrit ses portes \u00e0 Amsterdam, abritant jusqu&rsquo;\u00e0 ce jour la plus grande collection de ses \u0153uvres au monde.  <\/p>\n\n\n\n<figure class=\"gb-block-image gb-block-image-12092769\"><img loading=\"lazy\" decoding=\"async\" width=\"730\" height=\"973\" class=\"gb-image gb-image-12092769\" src=\"https:\/\/app.visiodrom.de\/wp-content\/uploads\/BAL_3134776-1.jpg\" alt=\"\" title=\"BAL_3134776\" srcset=\"https:\/\/app.visiodrom.de\/wp-content\/uploads\/BAL_3134776-1.jpg 730w, https:\/\/app.visiodrom.de\/wp-content\/uploads\/BAL_3134776-1-225x300.jpg 225w\" sizes=\"auto, (max-width: 730px) 100vw, 730px\" \/>\n<figcaption class=\"gb-headline gb-headline-4874a8fe gb-headline-text\"><strong>Theodorus van Gogh<\/strong><br>photographi\u00e9 en 1889 \u00e0 Paris<\/figcaption>\n<\/figure>\n\n\n\n<p class=\"has-text-align-center\"><strong>\u00ab<\/strong>Tu vois ce que j&rsquo;ai trouv\u00e9, mon travail ; Et tu vois aussi<br\/>ce que je n&rsquo;ai pas trouv\u00e9, tout ce dont on a besoin d&rsquo;autre dans la vie.\u00bb<\/p>\n\n\n\n<p class=\"has-text-align-right\"><em>Lettre (249) \u00e0 Th\u00e9o, juillet 1882<\/em><\/p>\n\n<\/div>\n\t\t\t\t\t\n\t\t\t\t<\/div>\n\t\t\t\t\n\t\t\t\t\n\t\t\t\n<\/div>\n\t\t\t\t<div class=\"controls-wrapper\">\n\t\t\t\t\t<div class=\"swiper-controls\">\n\t\t\t\t\t\t<span class=\"page-swiper-button-prev\"><\/span>\n\t\t\t\t\t\t<span class=\"page-swiper-button-next\"><\/span>\n\t\t\t\t\t<\/div>\n\t\t\t\t\t<div class=\"slider-menu\">\n\t\t\t\t\t\t\t\t<nav class=\"main-navigation has-menu-bar-items sub-menu-right\" id=\"site-navigation\" aria-label=\"Principal\"  itemtype=\"https:\/\/schema.org\/SiteNavigationElement\" itemscope>\n\t\t\t<div class=\"inside-navigation grid-container\">\n\t\t\t\t\t\t\t\t<button class=\"menu-toggle\" aria-controls=\"generate-slideout-menu\" aria-expanded=\"false\">\n\t\t\t\t\t<span class=\"gp-icon icon-menu-bars\"><svg viewBox=\"0 0 512 512\" aria-hidden=\"true\" xmlns=\"http:\/\/www.w3.org\/2000\/svg\" width=\"1em\" height=\"1em\"><path d=\"M0 96c0-13.255 10.745-24 24-24h464c13.255 0 24 10.745 24 24s-10.745 24-24 24H24c-13.255 0-24-10.745-24-24zm0 160c0-13.255 10.745-24 24-24h464c13.255 0 24 10.745 24 24s-10.745 24-24 24H24c-13.255 0-24-10.745-24-24zm0 160c0-13.255 10.745-24 24-24h464c13.255 0 24 10.745 24 24s-10.745 24-24 24H24c-13.255 0-24-10.745-24-24z\" \/><\/svg><svg viewBox=\"0 0 512 512\" aria-hidden=\"true\" xmlns=\"http:\/\/www.w3.org\/2000\/svg\" width=\"1em\" height=\"1em\"><path d=\"M71.029 71.029c9.373-9.372 24.569-9.372 33.942 0L256 222.059l151.029-151.03c9.373-9.372 24.569-9.372 33.942 0 9.372 9.373 9.372 24.569 0 33.942L289.941 256l151.03 151.029c9.372 9.373 9.372 24.569 0 33.942-9.373 9.372-24.569 9.372-33.942 0L256 289.941l-151.029 151.03c-9.373 9.372-24.569 9.372-33.942 0-9.372-9.373-9.372-24.569 0-33.942L222.059 256 71.029 104.971c-9.372-9.373-9.372-24.569 0-33.942z\" \/><\/svg><\/span><span class=\"mobile-menu\">Aper\u00e7u des chapitres<\/span>\t\t\t\t<\/button>\n\t\t\t\t<div class=\"menu-bar-items\"><\/div>\t\t\t<\/div>\n\t\t<\/nav>\n\t\t\t\t\t\t\t<\/div>\n\t\t\t\t<\/div>\n\t\t\t<\/div>\n\t\t\t\n\t\t\t\n<\/div>\n<\/section>","protected":false},"excerpt":{"rendered":"","protected":false},"author":1,"featured_media":0,"parent":0,"menu_order":7,"comment_status":"closed","ping_status":"closed","template":"","meta":{"footnotes":""},"class_list":["post-5595","page","type-page","status-publish"],"acf":[],"_links":{"self":[{"href":"https:\/\/app.visiodrom.de\/fr\/wp-json\/wp\/v2\/pages\/5595","targetHints":{"allow":["GET"]}}],"collection":[{"href":"https:\/\/app.visiodrom.de\/fr\/wp-json\/wp\/v2\/pages"}],"about":[{"href":"https:\/\/app.visiodrom.de\/fr\/wp-json\/wp\/v2\/types\/page"}],"author":[{"embeddable":true,"href":"https:\/\/app.visiodrom.de\/fr\/wp-json\/wp\/v2\/users\/1"}],"replies":[{"embeddable":true,"href":"https:\/\/app.visiodrom.de\/fr\/wp-json\/wp\/v2\/comments?post=5595"}],"version-history":[{"count":1,"href":"https:\/\/app.visiodrom.de\/fr\/wp-json\/wp\/v2\/pages\/5595\/revisions"}],"predecessor-version":[{"id":5596,"href":"https:\/\/app.visiodrom.de\/fr\/wp-json\/wp\/v2\/pages\/5595\/revisions\/5596"}],"wp:attachment":[{"href":"https:\/\/app.visiodrom.de\/fr\/wp-json\/wp\/v2\/media?parent=5595"}],"curies":[{"name":"wp","href":"https:\/\/api.w.org\/{rel}","templated":true}]}}