{"id":5268,"date":"2025-03-13T16:20:26","date_gmt":"2025-03-13T15:20:26","guid":{"rendered":"https:\/\/app-visiodrom.pixel-tal.de\/le-chemin-vers-la-celebrite\/"},"modified":"2025-03-21T10:43:51","modified_gmt":"2025-03-21T09:43:51","slug":"le-chemin-vers-la-celebrite","status":"publish","type":"page","link":"https:\/\/app.visiodrom.de\/fr\/le-chemin-vers-la-celebrite\/","title":{"rendered":"La voie vers la gloire"},"content":{"rendered":"<section class=\"gb-container gb-container-d9d80a22\">\n<div class=\"gb-container gb-container-a6fda573\">\n\n\t\t\t<div class=\"page-slider swiper\">\n\t\t\t\t\t\t\t\t<div class=\"page-slider-inner swiper-wrapper\">\n\n\t\t\t\t\t\t\t\t\n\t\t\t\t<div id=\"slide-77be73412db6f6ba2da37dd0d416b886\" class=\"swiper-slide slide\">\n\n\t\t\t\t\t<div class=\"acf-innerblocks-container\">\n\n<div class=\"wp-block-pixel-headline headlines is-subheadline-bottom has-text-align-left\"><h3 class=\"headline\" style=\"color:\">Les experts en tant que multiplicateurs<\/h3><\/div>\n\n\n\n<p>Ces individus furent pr\u00e9cocement inspir\u00e9s par l&rsquo;art de Vincent et contribu\u00e8rent de mani\u00e8re significative \u00e0 sa diffusion.<\/p>\n\n\n\n<div class=\"wp-block-pixel-headline headlines is-subheadline-bottom has-text-align-left\"><h4 class=\"headline\" style=\"color:\">Paul Cassirer<\/h4><span class=\"subheadline\" style=\"color:\">(1871\u20131926)<\/span><\/div>\n\n\n\n<figure class=\"gb-block-image gb-block-image-8d3aa06f\"><img loading=\"lazy\" decoding=\"async\" width=\"730\" height=\"992\" class=\"gb-image gb-image-8d3aa06f\" src=\"https:\/\/app.visiodrom.de\/wp-content\/uploads\/BAL_3001905.jpg\" alt=\"\" title=\"BAL_3001905\" srcset=\"https:\/\/app.visiodrom.de\/wp-content\/uploads\/BAL_3001905.jpg 730w, https:\/\/app.visiodrom.de\/wp-content\/uploads\/BAL_3001905-221x300.jpg 221w\" sizes=\"auto, (max-width: 730px) 100vw, 730px\" \/>\n<figcaption class=\"gb-headline gb-headline-1090da15 gb-headline-text\">Photographie de Paul Cassirer (1871\u20131926)<br>circa 1905<\/figcaption>\n<\/figure>\n\n\n\n<p>Le marchand d&rsquo;art et \u00e9diteur allemand Paul Cassirer (1871\u20131926) organisa, outre de nombreuses expositions stationnaires, des expositions itin\u00e9rantes \u00e0 Vienne, Dresde et Hambourg. Jusqu&rsquo;\u00e0 la Premi\u00e8re Guerre mondiale, environ 120 tableaux de Van Gogh se trouvaient en Allemagne. 80 d&rsquo;entre eux furent uniquement n\u00e9goci\u00e9s par le commerce d&rsquo;art de Paul Cassirer.  <\/p>\n\n\n\n<div class=\"wp-block-pixel-headline headlines is-subheadline-bottom has-text-align-left\"><h4 class=\"headline\" style=\"color:\">Julius Meier-Graefe<\/h4><span class=\"subheadline\" style=\"color:\">(1867\u20131935)<\/span><\/div>\n\n\n\n<figure class=\"gb-block-image gb-block-image-a1d37d70\"><img loading=\"lazy\" decoding=\"async\" width=\"730\" height=\"973\" class=\"gb-image gb-image-a1d37d70\" src=\"https:\/\/app.visiodrom.de\/wp-content\/uploads\/BAL_7308942.jpg\" alt=\"\" title=\"BAL_7308942\" srcset=\"https:\/\/app.visiodrom.de\/wp-content\/uploads\/BAL_7308942.jpg 730w, https:\/\/app.visiodrom.de\/wp-content\/uploads\/BAL_7308942-225x300.jpg 225w\" sizes=\"auto, (max-width: 730px) 100vw, 730px\" \/>\n<figcaption class=\"gb-headline gb-headline-44ddb57c gb-headline-text\">Julius Meier-Graefe<br>Edvard Munch (1863\u20131944), vers 1894<br>Huile sur toile, 100 x 75 cm<br>Mus\u00e9e national d&rsquo;Oslo, Norv\u00e8ge<\/figcaption>\n<\/figure>\n\n\n\n<p>L&rsquo;influent historien de l&rsquo;art et \u00e9crivain Julius Meier-Graefe (1867\u20131935) reconnut pr\u00e9cocement l&rsquo;importance de l&rsquo;\u0153uvre de Van Gogh. En 1900, il \u00e9crivit pour la premi\u00e8re fois sur Van Gogh dans la revue &lsquo;Die Insel&rsquo;. Dans son ouvrage &lsquo;Histoire du d\u00e9veloppement de l&rsquo;art moderne&rsquo;, il lui consacra d\u00e9j\u00e0 un chapitre entier, avant de publier en 1910 &lsquo;Vincent van Gogh&rsquo;, le premier livre enti\u00e8rement d\u00e9di\u00e9 au peintre &#8211; un ouvrage qui continue d&rsquo;\u00eatre \u00e9dit\u00e9 jusqu&rsquo;\u00e0 aujourd&rsquo;hui.  <\/p>\n\n\n\n<div class=\"wp-block-pixel-headline headlines is-subheadline-bottom has-text-align-left\"><h4 class=\"headline\" style=\"color:\">Helene Kr\u00f6ller-M\u00fcller<\/h4><span class=\"subheadline\" style=\"color:\">(1869\u20131939)<\/span><\/div>\n\n\n\n<figure class=\"gb-block-image gb-block-image-96983d1e\"><img loading=\"lazy\" decoding=\"async\" width=\"730\" height=\"982\" class=\"gb-image gb-image-96983d1e\" src=\"https:\/\/app.visiodrom.de\/wp-content\/uploads\/Helene_Mueller_and_Anton_Kroeller_cropped-1.jpg\" alt=\"\" title=\"Helene_M\u00fcller_and_Anton_Kr\u00f6ller_(cropped)\" srcset=\"https:\/\/app.visiodrom.de\/wp-content\/uploads\/Helene_Mueller_and_Anton_Kroeller_cropped-1.jpg 730w, https:\/\/app.visiodrom.de\/wp-content\/uploads\/Helene_Mueller_and_Anton_Kroeller_cropped-1-223x300.jpg 223w\" sizes=\"auto, (max-width: 730px) 100vw, 730px\" \/>\n<figcaption class=\"gb-headline gb-headline-29d35730 gb-headline-text\">Helene M\u00fcller vers 1887\/88<br>Peu apr\u00e8s suivit ses fian\u00e7ailles avec le riche entrepreneur en b\u00e2timent Anton Kr\u00f6ller.<\/figcaption>\n<\/figure>\n\n\n\n<p>Helene Kr\u00f6ller-M\u00fcller fut profond\u00e9ment touch\u00e9e par le style artistique de Van Gogh. Sa fortune fit d&rsquo;elle une collectionneuse passionn\u00e9e. En 1908, elle acquit pour 110 florins son premier tableau de Van Gogh &lsquo;Lisi\u00e8re de for\u00eat&rsquo;.  <\/p>\n\n\n\n<p>88 tableaux et 172 dessins devaient suivre. En 1938, elle fonda avec son mari Anton le Mus\u00e9e Kr\u00f6ller-M\u00fcller \u00e0 Otterlo, Pays-Bas, afin de rendre l&rsquo;art de Vincent accessible \u00e0 tous. <\/p>\n\n<\/div>\n\t\t\t\t\t\n\t\t\t\t<\/div>\n\t\t\t\t\n\t\t\t\t\n\t\t\t\n\n\n\t\t\t\t\t\t\t\t\n\t\t\t\t<div id=\"slide-77be73412db6f6ba2da37dd0d416b886\" class=\"swiper-slide slide\">\n\n\t\t\t\t\t<div class=\"acf-innerblocks-container\">\n\n<div class=\"wp-block-pixel-headline headlines is-subheadline-bottom has-text-align-left\"><h3 class=\"headline\" style=\"color:\">Reconnaissance de son vivant<\/h3><\/div>\n\n\n\n<p>Le 17 ao\u00fbt 1889, une critique parut dans la revue &lsquo;De Portefeuille: Kunst- en Letterbode&rsquo; :<br><br><strong>\u00ab<\/strong>Qui nous transmet en formes et en couleurs la vie grandiose et puissante dont ce dix-neuvi\u00e8me si\u00e8cle prend \u00e0 nouveau conscience ? [&#8230;] J&rsquo;en connais un, un pionnier solitaire, il se tient seul combattant dans la nuit profonde, son nom, Vincent, est destin\u00e9 \u00e0 la post\u00e9rit\u00e9. Il y aura plus \u00e0 dire ult\u00e9rieurement sur ce h\u00e9ros remarquable &#8211; un N\u00e9erlandais.\u00bb  <\/p>\n\n\n\n<p>L&rsquo;auteur de cette premi\u00e8re mention de Van Gogh dans la presse artistique, J.J. Isaacson (1859\u20131942), \u00e9tait \u00e9galement peintre et n\u00e9erlandais.<\/p>\n\n\n\n<div class=\"wp-block-pixel-headline headlines is-subheadline-bottom has-text-align-left\"><h4 class=\"headline\" style=\"color:\">Revue Mercure de France<\/h4><span class=\"subheadline\" style=\"color:\">(\u00c9dition : 29 janvier 1890, article &lsquo;Les Isol\u00e9s&rsquo;, pages 24\u201329)<\/span><\/div>\n\n\n\n<p>Dans ce premier article de plusieurs pages, le critique d&rsquo;art fran\u00e7ais Albert Aurier (1865\u20131892) exprima son admiration pour les cr\u00e9ations artistiques non conventionnelles, passionn\u00e9es et vivantes de Van Gogh.<br><br>Aurier \u00e9tait d&rsquo;avis que la v\u00e9ritable essence de Van Gogh ne pouvait jamais \u00eatre pleinement comprise, car son art \u00e9tait \u00bbtrop simple et en m\u00eame temps trop subtil pour l&rsquo;esprit bourgeois contemporain\u00bb.<br><br><strong>\u00ab<\/strong>Comment pourrions-nous expliquer le Semeur, sans consid\u00e9rer l&rsquo;id\u00e9e [&#8230;] d&rsquo;un Messie, d&rsquo;un &lsquo;semeur de v\u00e9rit\u00e9&rsquo;, qui r\u00e9g\u00e9n\u00e9rerait la d\u00e9cadence de notre art [&#8230;] ?\u00bb<br><br>Albert Aurier dans &lsquo;Mercure de France&rsquo;, janvier 1890<\/p>\n\n\n\n<figure class=\"gb-block-image gb-block-image-9918e4f4\"><img loading=\"lazy\" decoding=\"async\" width=\"730\" height=\"1274\" class=\"gb-image gb-image-9918e4f4\" src=\"https:\/\/app.visiodrom.de\/wp-content\/uploads\/mercure_de_france.jpg\" alt=\"\" title=\"mercure_de_france\" srcset=\"https:\/\/app.visiodrom.de\/wp-content\/uploads\/mercure_de_france.jpg 730w, https:\/\/app.visiodrom.de\/wp-content\/uploads\/mercure_de_france-172x300.jpg 172w, https:\/\/app.visiodrom.de\/wp-content\/uploads\/mercure_de_france-587x1024.jpg 587w\" sizes=\"auto, (max-width: 730px) 100vw, 730px\" \/>\n<figcaption class=\"gb-headline gb-headline-b03a96ae gb-headline-text\">Page de titre du premier article d&rsquo;Albert Aurier (1865\u20131892),<br>consacr\u00e9 exclusivement \u00e0 Van Gogh et \u00e0 son art.<\/figcaption>\n<\/figure>\n\n<\/div>\n\t\t\t\t\t\n\t\t\t\t<\/div>\n\t\t\t\t\n\t\t\t\t\n\t\t\t\n\n\n\t\t\t\t\t\t\t\t\n\t\t\t\t<div id=\"slide-77be73412db6f6ba2da37dd0d416b886\" class=\"swiper-slide slide\">\n\n\t\t\t\t\t<div class=\"acf-innerblocks-container\">\n\n<div class=\"wp-block-pixel-headline headlines is-subheadline-bottom has-text-align-left\"><h3 class=\"headline\" style=\"color:\">Courte production, grand h\u00e9ritage<\/h3><\/div>\n\n\n\n<p>Avec seulement dix ann\u00e9es, la p\u00e9riode cr\u00e9ative de Van Gogh fut exceptionnellement br\u00e8ve &#8211; \u00e0 titre de comparaison : Claude Monet peignit environ 60 ans, Pablo Picasso m\u00eame 83. N\u00e9anmoins, il y eut des contemporains qui reconnurent le mode d&rsquo;expression puissant de l&rsquo;autodidacte n\u00e9erlandais (voir &lsquo;Reconnaissance de son vivant&rsquo;).<\/p>\n\n\n\n<div class=\"wp-block-pixel-headline headlines is-subheadline-bottom has-text-align-left\"><h3 class=\"headline\" style=\"color:\">L&rsquo;extraordinaire Jo van Gogh-Bonger<\/h3><\/div>\n\n\n\n<figure class=\"gb-block-image gb-block-image-25d8984f\"><img loading=\"lazy\" decoding=\"async\" width=\"730\" height=\"1115\" class=\"gb-image gb-image-25d8984f\" src=\"https:\/\/app.visiodrom.de\/wp-content\/uploads\/urn-gvn-VGM01-b4820-large-1.jpg\" alt=\"\" title=\"urn-gvn-VGM01-b4820-large\" srcset=\"https:\/\/app.visiodrom.de\/wp-content\/uploads\/urn-gvn-VGM01-b4820-large-1.jpg 730w, https:\/\/app.visiodrom.de\/wp-content\/uploads\/urn-gvn-VGM01-b4820-large-1-196x300.jpg 196w, https:\/\/app.visiodrom.de\/wp-content\/uploads\/urn-gvn-VGM01-b4820-large-1-670x1024.jpg 670w\" sizes=\"auto, (max-width: 730px) 100vw, 730px\" \/>\n<figcaption class=\"gb-headline gb-headline-c78c081a gb-headline-text\">Une photographie de Johanna van Gogh-Bonger d&rsquo;avril 1889. Elle fut la personne d\u00e9terminante dans la diffusion de l&rsquo;\u0153uvre de Van Gogh apr\u00e8s sa mort. <\/figcaption>\n<\/figure>\n\n\n\n<p>&lsquo;Jo&rsquo; fit de l&rsquo;h\u00e9ritage artistique de son beau-fr\u00e8re sa mission de vie : \u00bbEn plus de l&rsquo;\u00e9ducation des enfants, il [Theo] me laissa une autre t\u00e2che : l&rsquo;\u0153uvre de Vincent &#8211; la montrer, la faire admirer aussi souvent que possible\u00bb, \u00e9crivit-elle d\u00e9but 1891 dans son journal.<\/p>\n\n\n\n<figure class=\"gb-block-image gb-block-image-6a30c02b\"><img loading=\"lazy\" decoding=\"async\" width=\"730\" height=\"872\" class=\"gb-image gb-image-6a30c02b\" src=\"https:\/\/app.visiodrom.de\/wp-content\/uploads\/Johanna_Bonger_et_famille_cropped-1.jpg\" alt=\"\" title=\"Johanna_Bonger_et_famille_(cropped)\" srcset=\"https:\/\/app.visiodrom.de\/wp-content\/uploads\/Johanna_Bonger_et_famille_cropped-1.jpg 730w, https:\/\/app.visiodrom.de\/wp-content\/uploads\/Johanna_Bonger_et_famille_cropped-1-251x300.jpg 251w\" sizes=\"auto, (max-width: 730px) 100vw, 730px\" \/>\n<figcaption class=\"gb-headline gb-headline-4ececcae gb-headline-text\">Johanna van Gogh-Bonger vers 1905 avec son fils Vincent Willem (1890\u20131978) et son second \u00e9poux, le peintre Cohen Gosschalk (1873\u20131912). En arri\u00e8re-plan, on reconna\u00eet le tableau de Van Gogh &lsquo;Le pont de Langlois&rsquo;. <\/figcaption>\n<\/figure>\n\n\n\n<p>Le 1er mai 1891, Johanna ouvrit la pension &lsquo;Villa Helma&rsquo; \u00e0 Bussum pr\u00e8s d&rsquo;Amsterdam, qu&rsquo;elle d\u00e9cora avec les tableaux de Van Gogh. Dans une lettre \u00e0 \u00c9mile Bernard, elle \u00e9crivit : <strong>\u00ab<\/strong>Soyez cependant rassur\u00e9 : les tableaux ne finiront pas dans une grange ou une arri\u00e8re-salle obscure. Au contraire, je d\u00e9corerai toute la maison avec.\u00bb  <br><br>Au cours des ann\u00e9es suivantes, gr\u00e2ce \u00e0 des expositions, des ventes judicieuses, des publications et de nombreux contacts personnels, Johanna r\u00e9ussit \u00e0 faire conna\u00eetre l&rsquo;\u0153uvre de son beau-fr\u00e8re aupr\u00e8s des galeristes, des collectionneurs et des directeurs de mus\u00e9es. Tout au long de sa vie, Johanna vendit les \u0153uvres de Van Gogh avec discernement et en conserva de nombreuses afin de pr\u00e9server l&rsquo;h\u00e9ritage artistique de son beau-fr\u00e8re. <br><br><strong>La question de la fondation<\/strong><br><br>Le fils de Johanna, Vincent Willem van Gogh, poursuivit l&rsquo;\u0153uvre de sa vie. \u00c0 l&rsquo;instar de sa m\u00e8re, il pr\u00eata r\u00e9guli\u00e8rement des tableaux de son oncle \u00e0 des mus\u00e9es. En 1960, il cr\u00e9a une fondation pour g\u00e9rer l&rsquo;h\u00e9ritage. Celle-ci construisit en 1973 le Mus\u00e9e Van Gogh \u00e0 Amsterdam. Il abrite \u00e0 ce jour la plus grande collection de ses \u0153uvres au monde.    <\/p>\n\n<\/div>\n\t\t\t\t\t\n\t\t\t\t<\/div>\n\t\t\t\t\n\t\t\t\t\n\t\t\t\n\n\n\t\t\t\t\t\t\t\t\n\t\t\t\t<div id=\"slide-77be73412db6f6ba2da37dd0d416b886\" class=\"swiper-slide slide\">\n\n\t\t\t\t\t<div class=\"acf-innerblocks-container\">\n\n<div class=\"wp-block-pixel-headline headlines is-subheadline-bottom has-text-align-left\"><h3 class=\"headline\" style=\"color:\">Les expositions<\/h3><\/div>\n\n\n\n<p>Johanna van Gogh-Bonger pr\u00eata r\u00e9guli\u00e8rement des peintures et des dessins pour des expositions dans toute l&rsquo;Europe, et particuli\u00e8rement en Allemagne.<\/p>\n\n\n\n<figure class=\"gb-block-image gb-block-image-b410521d\"><img loading=\"lazy\" decoding=\"async\" width=\"730\" height=\"1158\" class=\"gb-image gb-image-b410521d\" src=\"https:\/\/app.visiodrom.de\/wp-content\/uploads\/Paris1901-1.jpg\" alt=\"\" title=\"Paris1901\" srcset=\"https:\/\/app.visiodrom.de\/wp-content\/uploads\/Paris1901-1.jpg 730w, https:\/\/app.visiodrom.de\/wp-content\/uploads\/Paris1901-1-189x300.jpg 189w, https:\/\/app.visiodrom.de\/wp-content\/uploads\/Paris1901-1-646x1024.jpg 646w\" sizes=\"auto, (max-width: 730px) 100vw, 730px\" \/><\/figure>\n\n\n\n<p><strong>Paris, 1901<\/strong><br><br>Le premier point culminant fut une exposition \u00e0 Paris en 1901, qui pr\u00e9senta pour la premi\u00e8re fois plus de 70 peintures de Van Gogh. Parmi les pr\u00eateurs figuraient d\u00e9j\u00e0 Auguste Rodin, Camille Pissarro et d&rsquo;autres peintres \u00e9minents. L&rsquo;exposition enthousiasma de nombreux visiteurs, y compris d&rsquo;Allemagne. Les premi\u00e8res voix s&rsquo;\u00e9lev\u00e8rent pour consid\u00e9rer Van Gogh comme &lsquo;l&rsquo;apog\u00e9e la plus r\u00e9cente de la tradition picturale fran\u00e7aise&rsquo;.   <\/p>\n\n\n\n<figure class=\"gb-block-image gb-block-image-8e7ca7fa\"><img loading=\"lazy\" decoding=\"async\" width=\"973\" height=\"1290\" class=\"gb-image gb-image-8e7ca7fa\" src=\"https:\/\/app.visiodrom.de\/wp-content\/uploads\/cartel-de-la-exposicion-de-vincent-van-gogh-en-el-DWP7CHSSLNDN7AC7H3544N4TQI.jpg\" alt=\"\" title=\"cartel-de-la-exposicion-de-vincent-van-gogh-en-el-DWP7CHSSLNDN7AC7H3544N4TQI\" srcset=\"https:\/\/app.visiodrom.de\/wp-content\/uploads\/cartel-de-la-exposicion-de-vincent-van-gogh-en-el-DWP7CHSSLNDN7AC7H3544N4TQI.jpg 973w, https:\/\/app.visiodrom.de\/wp-content\/uploads\/cartel-de-la-exposicion-de-vincent-van-gogh-en-el-DWP7CHSSLNDN7AC7H3544N4TQI-226x300.jpg 226w, https:\/\/app.visiodrom.de\/wp-content\/uploads\/cartel-de-la-exposicion-de-vincent-van-gogh-en-el-DWP7CHSSLNDN7AC7H3544N4TQI-772x1024.jpg 772w, https:\/\/app.visiodrom.de\/wp-content\/uploads\/cartel-de-la-exposicion-de-vincent-van-gogh-en-el-DWP7CHSSLNDN7AC7H3544N4TQI-768x1018.jpg 768w\" sizes=\"auto, (max-width: 973px) 100vw, 973px\" \/>\n<figcaption class=\"gb-headline gb-headline-ed71c943 gb-headline-text\">&lsquo;Tentoonstelling \u2013 Exposition&rsquo; \u2013 c&rsquo;est ainsi que le grand art peut se pr\u00e9senter simplement. Fait curieux : le jeudi, le prix d&rsquo;entr\u00e9e \u00e9tait deux fois plus \u00e9lev\u00e9. <\/figcaption>\n<\/figure>\n\n\n\n<p><strong>Amsterdam, 1905<\/strong><br><br>L&rsquo;ann\u00e9e 1905 marqua la perc\u00e9e \u00e9conomique. Johanna organisa elle-m\u00eame une grande r\u00e9trospective Van Gogh \u00e0 Amsterdam avec plus de 450 (!) pi\u00e8ces expos\u00e9es. Apr\u00e8s cette exposition, les prix des peintures de Van Gogh augment\u00e8rent consid\u00e9rablement.  <\/p>\n\n\n\n<figure class=\"gb-block-image gb-block-image-03d72296\"><img loading=\"lazy\" decoding=\"async\" width=\"730\" height=\"1031\" class=\"gb-image gb-image-03d72296\" src=\"https:\/\/app.visiodrom.de\/wp-content\/uploads\/Bildschirmfoto-2025-03-03-um-15.36.jpg\" alt=\"\" title=\"Bildschirmfoto-2025-03-03-um-15.36\" srcset=\"https:\/\/app.visiodrom.de\/wp-content\/uploads\/Bildschirmfoto-2025-03-03-um-15.36.jpg 730w, https:\/\/app.visiodrom.de\/wp-content\/uploads\/Bildschirmfoto-2025-03-03-um-15.36-212x300.jpg 212w, https:\/\/app.visiodrom.de\/wp-content\/uploads\/Bildschirmfoto-2025-03-03-um-15.36-725x1024.jpg 725w\" sizes=\"auto, (max-width: 730px) 100vw, 730px\" \/><\/figure>\n\n\n\n<p><strong>Cologne, 1912<\/strong><br><br>L&rsquo;exposition du Sonderbund \u00e0 Cologne en 1912 se concentra sur la &lsquo;peinture moderne controvers\u00e9e&rsquo; telle que l&rsquo;impressionnisme et le post-impressionnisme. Dans 29 salles, 634 peintures devaient &lsquo;permettre \u00e0 la modernit\u00e9 de percer&rsquo;. Les salles un \u00e0 cinq \u00e9taient exclusivement r\u00e9serv\u00e9es aux \u0153uvres de Van Gogh \u2013 107 au total.  <br><br>Par la suite, l&rsquo;Allemagne devint un centre de l&rsquo;art de Van Gogh.<\/p>\n\n\n\n<figure class=\"gb-block-image gb-block-image-a3aa1dc5\"><img loading=\"lazy\" decoding=\"async\" width=\"730\" height=\"960\" class=\"gb-image gb-image-a3aa1dc5\" src=\"https:\/\/app.visiodrom.de\/wp-content\/uploads\/katalog_titel.jpg\" alt=\"\" title=\"katalog_titel\" srcset=\"https:\/\/app.visiodrom.de\/wp-content\/uploads\/katalog_titel.jpg 730w, https:\/\/app.visiodrom.de\/wp-content\/uploads\/katalog_titel-228x300.jpg 228w\" sizes=\"auto, (max-width: 730px) 100vw, 730px\" \/><\/figure>\n\n\n\n<p><strong>Berlin, 1914<\/strong><br><br>Pour illustrer le grand engagement du marchand d&rsquo;art Paul Cassirer (1871-1926), mentionnons ici la dixi\u00e8me exposition Van Gogh qu&rsquo;il organisa \u00e0 Berlin. Dans la pr\u00e9face du catalogue, il remercie express\u00e9ment Mme &lsquo;J. van Gogh-Bonger&rsquo;, mais \u00e9galement les nombreux collectionneurs priv\u00e9s d\u00e9j\u00e0 existants pour leurs pr\u00eats.  <\/p>\n\n<\/div>\n\t\t\t\t\t\n\t\t\t\t<\/div>\n\t\t\t\t\n\t\t\t\t\n\t\t\t\n\n\n\t\t\t\t\t\t\t\t\n\t\t\t\t<div id=\"slide-77be73412db6f6ba2da37dd0d416b886\" class=\"swiper-slide slide\">\n\n\t\t\t\t\t<div class=\"acf-innerblocks-container\">\n\n<div class=\"wp-block-pixel-headline headlines is-subheadline-bottom has-text-align-left\"><h3 class=\"headline\" style=\"color:\">X-Ray-Rubbel<\/h3><\/div>\n\n\n\n<p>Vincent van Gogh utilisait les toiles deux fois pour \u00e9conomiser de l&rsquo;argent. Il y eut des p\u00e9riodes o\u00f9 il ne faisait que des croquis pendant des semaines, car il ne pouvait pas se permettre d&rsquo;acheter de la peinture \u00e0 l&rsquo;huile. C&rsquo;est pourquoi de nombreuses peintures sont examin\u00e9es aux rayons X \u00e0 la recherche de couches de couleur cach\u00e9es.  <\/p>\n\n\n\n<figure class=\"gb-block-image gb-block-image-90d8d9c0\"><img loading=\"lazy\" decoding=\"async\" width=\"730\" height=\"970\" class=\"gb-image gb-image-90d8d9c0\" src=\"https:\/\/app.visiodrom.de\/wp-content\/uploads\/Van_Gogh_-_Kopf_einer_Baeuerin_mit_weisser_Haube28.jpg\" alt=\"\" title=\"Van_Gogh_-_Kopf_einer_B\u00e4uerin_mit_wei\u00dfer_Haube28\" srcset=\"https:\/\/app.visiodrom.de\/wp-content\/uploads\/Van_Gogh_-_Kopf_einer_Baeuerin_mit_weisser_Haube28.jpg 730w, https:\/\/app.visiodrom.de\/wp-content\/uploads\/Van_Gogh_-_Kopf_einer_Baeuerin_mit_weisser_Haube28-226x300.jpg 226w\" sizes=\"auto, (max-width: 730px) 100vw, 730px\" \/>\n<figcaption class=\"gb-headline gb-headline-e9657f14 gb-headline-text\"><strong>T\u00eate de paysanne,<\/strong> avril 1885<br>Huile sur toile, 48 x 36 cm<br>National Gallery \u00c9dimbourg, Grande-Bretagne<\/figcaption>\n<\/figure>\n\n\n\n<p>Lorsque les experts de la Galerie nationale d&rsquo;\u00c9cosse ont examin\u00e9 le tableau de Van Gogh &lsquo;T\u00eate de paysanne&rsquo; en 2022, ils ont d\u00e9couvert sous le carton au dos un autoportrait jusqu&rsquo;alors inconnu du peintre. Vous pouvez r\u00e9v\u00e9ler le portrait sur l&rsquo;\u00e9cran en frottant avec votre doigt. <\/p>\n\n<\/div>\n\t\t\t\t\t\n\t\t\t\t<\/div>\n\t\t\t\t\n\t\t\t\t\n\t\t\t\n<\/div>\n\t\t\t\t<div class=\"controls-wrapper\">\n\t\t\t\t\t<div class=\"swiper-controls\">\n\t\t\t\t\t\t<span class=\"page-swiper-button-prev\"><\/span>\n\t\t\t\t\t\t<span class=\"page-swiper-button-next\"><\/span>\n\t\t\t\t\t<\/div>\n\t\t\t\t\t<div class=\"slider-menu\">\n\t\t\t\t\t\t\t\t<nav class=\"main-navigation has-menu-bar-items sub-menu-right\" id=\"site-navigation\" aria-label=\"Principal\"  itemtype=\"https:\/\/schema.org\/SiteNavigationElement\" itemscope>\n\t\t\t<div class=\"inside-navigation grid-container\">\n\t\t\t\t\t\t\t\t<button class=\"menu-toggle\" aria-controls=\"generate-slideout-menu\" aria-expanded=\"false\">\n\t\t\t\t\t<span class=\"gp-icon icon-menu-bars\"><svg viewBox=\"0 0 512 512\" aria-hidden=\"true\" xmlns=\"http:\/\/www.w3.org\/2000\/svg\" width=\"1em\" height=\"1em\"><path d=\"M0 96c0-13.255 10.745-24 24-24h464c13.255 0 24 10.745 24 24s-10.745 24-24 24H24c-13.255 0-24-10.745-24-24zm0 160c0-13.255 10.745-24 24-24h464c13.255 0 24 10.745 24 24s-10.745 24-24 24H24c-13.255 0-24-10.745-24-24zm0 160c0-13.255 10.745-24 24-24h464c13.255 0 24 10.745 24 24s-10.745 24-24 24H24c-13.255 0-24-10.745-24-24z\" \/><\/svg><svg viewBox=\"0 0 512 512\" aria-hidden=\"true\" xmlns=\"http:\/\/www.w3.org\/2000\/svg\" width=\"1em\" height=\"1em\"><path d=\"M71.029 71.029c9.373-9.372 24.569-9.372 33.942 0L256 222.059l151.029-151.03c9.373-9.372 24.569-9.372 33.942 0 9.372 9.373 9.372 24.569 0 33.942L289.941 256l151.03 151.029c9.372 9.373 9.372 24.569 0 33.942-9.373 9.372-24.569 9.372-33.942 0L256 289.941l-151.029 151.03c-9.373 9.372-24.569 9.372-33.942 0-9.372-9.373-9.372-24.569 0-33.942L222.059 256 71.029 104.971c-9.372-9.373-9.372-24.569 0-33.942z\" \/><\/svg><\/span><span class=\"mobile-menu\">Aper\u00e7u des chapitres<\/span>\t\t\t\t<\/button>\n\t\t\t\t<div class=\"menu-bar-items\"><\/div>\t\t\t<\/div>\n\t\t<\/nav>\n\t\t\t\t\t\t\t<\/div>\n\t\t\t\t<\/div>\n\t\t\t<\/div>\n\t\t\t\n\t\t\t\n<\/div>\n<\/section>","protected":false},"excerpt":{"rendered":"","protected":false},"author":1,"featured_media":0,"parent":0,"menu_order":12,"comment_status":"closed","ping_status":"closed","template":"","meta":{"footnotes":""},"class_list":["post-5268","page","type-page","status-publish"],"acf":[],"_links":{"self":[{"href":"https:\/\/app.visiodrom.de\/fr\/wp-json\/wp\/v2\/pages\/5268","targetHints":{"allow":["GET"]}}],"collection":[{"href":"https:\/\/app.visiodrom.de\/fr\/wp-json\/wp\/v2\/pages"}],"about":[{"href":"https:\/\/app.visiodrom.de\/fr\/wp-json\/wp\/v2\/types\/page"}],"author":[{"embeddable":true,"href":"https:\/\/app.visiodrom.de\/fr\/wp-json\/wp\/v2\/users\/1"}],"replies":[{"embeddable":true,"href":"https:\/\/app.visiodrom.de\/fr\/wp-json\/wp\/v2\/comments?post=5268"}],"version-history":[{"count":4,"href":"https:\/\/app.visiodrom.de\/fr\/wp-json\/wp\/v2\/pages\/5268\/revisions"}],"predecessor-version":[{"id":5798,"href":"https:\/\/app.visiodrom.de\/fr\/wp-json\/wp\/v2\/pages\/5268\/revisions\/5798"}],"wp:attachment":[{"href":"https:\/\/app.visiodrom.de\/fr\/wp-json\/wp\/v2\/media?parent=5268"}],"curies":[{"name":"wp","href":"https:\/\/api.w.org\/{rel}","templated":true}]}}