{"id":5265,"date":"2025-03-13T15:41:55","date_gmt":"2025-03-13T14:41:55","guid":{"rendered":"https:\/\/app-visiodrom.pixel-tal.de\/lettres\/"},"modified":"2025-03-21T10:43:20","modified_gmt":"2025-03-21T09:43:20","slug":"lettres","status":"publish","type":"page","link":"https:\/\/app.visiodrom.de\/fr\/lettres\/","title":{"rendered":"Lettres"},"content":{"rendered":"<section class=\"gb-container gb-container-d9d80a22\">\n<div class=\"gb-container gb-container-a6fda573\">\n\n\t\t\t<div class=\"page-slider swiper\">\n\t\t\t\t\t\t\t\t<div class=\"page-slider-inner swiper-wrapper\">\n\n\t\t\t\t\t\t\t\t\n\t\t\t\t<div id=\"slide-2fa0029e38fccc118d804dd50a0ad332\" class=\"swiper-slide slide\">\n\n\t\t\t\t\t<div class=\"acf-innerblocks-container\">\n\n<div class=\"wp-block-pixel-headline headlines is-subheadline-bottom has-text-align-left\"><h3 class=\"headline\" style=\"color:\"><strong>Une vie en lettres<\/strong><\/h3><\/div>\n\n\n\n<p>Outre ses peintures, Vincent van Gogh a \u00e9galement laiss\u00e9 des centaines de lettres. Sur les plus de 2 000 lettres qu&rsquo;il aurait \u00e9crites, 903 ont \u00e9t\u00e9 conserv\u00e9es. Plus de 600 d&rsquo;entre elles \u00e9taient adress\u00e9es \u00e0 son fr\u00e8re Theo, son confident le plus important et son plus grand soutien. Les lettres de Vincent van Gogh offrent un aper\u00e7u unique de sa vie, de ses pens\u00e9es, de l&rsquo;\u00e9poque \u00e0 laquelle il a v\u00e9cu et de son art.   <br><br>Les lettres contiennent plus de 240 croquis, principalement de peintures ult\u00e9rieures. Vincent lui-m\u00eame les appelait des &lsquo;griffonnages&rsquo;. Par \u00e9crit, il r\u00e9fl\u00e9chissait, en particulier dans les lettres \u00e0 Theo, sur les \u0153uvres d&rsquo;autres artistes tels que Millet, Delacroix et Rembrandt, qui l&rsquo;inspiraient. Afin d&rsquo;\u00eatre reconnu comme artiste en France, il n&rsquo;\u00e9crivit plus ses lettres qu&rsquo;en fran\u00e7ais \u00e0 partir de 1886, la langue la plus importante au niveau international.   <br><br>\u00c0 droite, vous pouvez voir une lettre typique de Vincent \u00e0 son fr\u00e8re. Elle porte la date du 29 septembre 1888. Vincent se trouvait \u00e0 Arles et \u00e9tait enthousiaste de la lumi\u00e8re et de la chaleur qui y r\u00e9gnaient, tandis que son fr\u00e8re Theo, souffrant de la jambe, s\u00e9journait \u00e0 Paris.  <br><br>Les lettres montrent Vincent van Gogh comme un homme sensible et r\u00e9fl\u00e9chi, pouss\u00e9 par le d\u00e9sir d&rsquo;expliquer le monde \u00e0 travers l&rsquo;art, et cherchant simultan\u00e9ment \u00e0 \u00e9tablir un lien avec le monde \u00e0 travers l&rsquo;art.<br><br>Vincent envoyait \u00e0 son fr\u00e8re, qui continuait \u00e0 vivre comme marchand d&rsquo;art \u00e0 Paris, non seulement de nombreuses lettres, mais aussi ses peintures que Theo essayait de vendre. Des messagers apportaient les toiles enroul\u00e9es ou dans des bo\u00eetes \u00e0 Paris. Au d\u00e9but, les tableaux \u00e9taient une contrepartie morale, puis plus tard une contrepartie pr\u00e9cieuse au soutien financier mensuel que Theo apportait \u00e0 Vincent.  <\/p>\n\n<\/div>\n\t\t\t\t\t\n\t\t\t\t<\/div>\n\t\t\t\t\n\t\t\t\t\n\t\t\t\n\n\n\t\t\t\t\t\t\t\t\n\t\t\t\t<div id=\"slide-2fa0029e38fccc118d804dd50a0ad332\" class=\"swiper-slide slide\">\n\n\t\t\t\t\t<div class=\"acf-innerblocks-container\">\n\n<figure class=\"gb-block-image gb-block-image-14aea125\"><img loading=\"lazy\" decoding=\"async\" width=\"730\" height=\"1115\" class=\"gb-image gb-image-14aea125\" src=\"https:\/\/app.visiodrom.de\/wp-content\/uploads\/brief_1.jpg\" alt=\"\" title=\"brief_1\" srcset=\"https:\/\/app.visiodrom.de\/wp-content\/uploads\/brief_1.jpg 730w, https:\/\/app.visiodrom.de\/wp-content\/uploads\/brief_1-196x300.jpg 196w, https:\/\/app.visiodrom.de\/wp-content\/uploads\/brief_1-670x1024.jpg 670w\" sizes=\"auto, (max-width: 730px) 100vw, 730px\" \/><\/figure>\n\n\n\n<p><strong>1 | Un d\u00e9but typique<\/strong><\/p>\n\n\n\n<p>Vincent remerciait souvent au d\u00e9but son fr\u00e8re pour son soutien.<\/p>\n\n\n\n<p>\u00bbMon cher Theo,<br>Merci beaucoup pour ta lettre et le billet de 50 francs qu&rsquo;elle contenait. La situation ne semble pas favorable si les douleurs dans ta jambe sont revenues &#8211; mon Dieu -, il devrait \u00eatre possible que tu vives aussi dans le Sud, car je pense constamment que nous avons besoin de soleil, de beau temps et d&rsquo;air bleu comme rem\u00e8de le plus fiable.\u00bb<\/p>\n\n\n\n<p><strong>2 | La nostalgie des amis<\/strong><\/p>\n\n\n\n<p>Vincent ressentait de l&rsquo;anticipation pour sa colonie d&rsquo;artistes dans le Sud.<\/p>\n\n\n\n<p>\u00bbComme je pense \u00e0 toi et \u00e0 Gauguin et \u00e0 Bernard, \u00e0 chaque instant et partout. C&rsquo;est si beau et je souhaiterais tellement voir tout le monde ici.\u00bb<\/p>\n\n\n\n<p><strong>3 | Discussion sur l&rsquo;art<\/strong><\/p>\n\n\n\n<p>Ici, Vincent d\u00e9crivait en d\u00e9tail sa peinture &lsquo;La Nuit \u00e9toil\u00e9e sur le Rh\u00f4ne&rsquo; et y joignait un croquis.<\/p>\n\n<\/div>\n\t\t\t\t\t\n\t\t\t\t<\/div>\n\t\t\t\t\n\t\t\t\t\n\t\t\t\n\n\n\t\t\t\t\t\t\t\t\n\t\t\t\t<div id=\"slide-2fa0029e38fccc118d804dd50a0ad332\" class=\"swiper-slide slide\">\n\n\t\t\t\t\t<div class=\"acf-innerblocks-container\">\n\n<figure class=\"gb-block-image gb-block-image-b9ae6ea9\"><img loading=\"lazy\" decoding=\"async\" width=\"730\" height=\"976\" class=\"gb-image gb-image-b9ae6ea9\" src=\"https:\/\/app.visiodrom.de\/wp-content\/uploads\/brief_2.jpg\" alt=\"\" title=\"brief_2\" srcset=\"https:\/\/app.visiodrom.de\/wp-content\/uploads\/brief_2.jpg 730w, https:\/\/app.visiodrom.de\/wp-content\/uploads\/brief_2-224x300.jpg 224w\" sizes=\"auto, (max-width: 730px) 100vw, 730px\" \/><\/figure>\n\n\n\n<p><strong>4 | <\/strong>S&rsquo;ensuivait une autre description avec un croquis du tableau &lsquo;La Maison Jaune&rsquo;.<\/p>\n\n\n\n<p><strong>5 | Travail et religion<\/strong><\/p>\n\n\n\n<p>Vincent semblait \u00e9galement se r\u00e9fugier dans la peinture. Le th\u00e8me de la religion ne l&rsquo;a jamais quitt\u00e9 et \u00e9tait probablement aussi la motivation pour le tableau &lsquo;La Nuit \u00e9toil\u00e9e sur le Rh\u00f4ne&rsquo;. <\/p>\n\n\n\n<p>\u00bbEt cela me fait du bien de faire quelque chose de difficile. Cela ne change rien au fait que j&rsquo;ai un terrible besoin de, devrais-je dire le mot ? &#8211; de religion &#8211; alors je sors la nuit pour peindre les \u00e9toiles, et je r\u00eave constamment d&rsquo;un tel tableau avec un groupe de figures vivantes, les amis.\u00bb<\/p>\n\n\n\n<figure class=\"gb-block-image gb-block-image-0d19125d\"><img loading=\"lazy\" decoding=\"async\" width=\"730\" height=\"1130\" class=\"gb-image gb-image-0d19125d\" src=\"https:\/\/app.visiodrom.de\/wp-content\/uploads\/brief_3.jpg\" alt=\"\" title=\"brief_3\" srcset=\"https:\/\/app.visiodrom.de\/wp-content\/uploads\/brief_3.jpg 730w, https:\/\/app.visiodrom.de\/wp-content\/uploads\/brief_3-194x300.jpg 194w, https:\/\/app.visiodrom.de\/wp-content\/uploads\/brief_3-662x1024.jpg 662w\" sizes=\"auto, (max-width: 730px) 100vw, 730px\" \/><\/figure>\n\n<\/div>\n\t\t\t\t\t\n\t\t\t\t<\/div>\n\t\t\t\t\n\t\t\t\t\n\t\t\t\n\n\n\t\t\t\t\t\t\t\t\n\t\t\t\t<div id=\"slide-2fa0029e38fccc118d804dd50a0ad332\" class=\"swiper-slide slide\">\n\n\t\t\t\t\t<div class=\"acf-innerblocks-container\">\n\n<figure class=\"gb-block-image gb-block-image-8ea1c112\"><img loading=\"lazy\" decoding=\"async\" width=\"730\" height=\"1117\" class=\"gb-image gb-image-8ea1c112\" src=\"https:\/\/app.visiodrom.de\/wp-content\/uploads\/brief_4.jpg\" alt=\"\" title=\"brief_4\" srcset=\"https:\/\/app.visiodrom.de\/wp-content\/uploads\/brief_4.jpg 730w, https:\/\/app.visiodrom.de\/wp-content\/uploads\/brief_4-196x300.jpg 196w, https:\/\/app.visiodrom.de\/wp-content\/uploads\/brief_4-669x1024.jpg 669w\" sizes=\"auto, (max-width: 730px) 100vw, 730px\" \/><\/figure>\n\n\n\n<p><strong>6 | Confiance en son propre go\u00fbt<\/strong><\/p>\n\n\n\n<p>Peindre selon sa propre conviction ou pour la vente ? Une question \u00e0 laquelle chaque peintre doit se confronter. La r\u00e9ponse de Van Gogh montre \u00e0 quel point il prenait la peinture au s\u00e9rieux. <br><br>\u00bbDe plus en plus, je crois que nous devons croire que le v\u00e9ritable et juste commerce de tableaux consiste \u00e0 faire confiance \u00e0 son propre go\u00fbt, \u00e0 l&rsquo;\u00e9ducation acquise devant les ma\u00eetres, en un mot, \u00e0 sa propre foi. Ce n&rsquo;est pas plus facile, j&rsquo;en suis convaincu, de faire un bon tableau que de trouver un diamant ou une perle, cela demande de l&rsquo;effort, et on y risque sa vie, tant comme marchand que comme artiste.\u00bb<\/p>\n\n<\/div>\n\t\t\t\t\t\n\t\t\t\t<\/div>\n\t\t\t\t\n\t\t\t\t\n\t\t\t\n\n\n\t\t\t\t\t\t\t\t\n\t\t\t\t<div id=\"slide-2fa0029e38fccc118d804dd50a0ad332\" class=\"swiper-slide slide\">\n\n\t\t\t\t\t<div class=\"acf-innerblocks-container\">\n\n<figure class=\"gb-block-image gb-block-image-1027ba3f\"><img loading=\"lazy\" decoding=\"async\" width=\"730\" height=\"1124\" class=\"gb-image gb-image-1027ba3f\" src=\"https:\/\/app.visiodrom.de\/wp-content\/uploads\/brief_5.jpg\" alt=\"\" title=\"brief_5\" srcset=\"https:\/\/app.visiodrom.de\/wp-content\/uploads\/brief_5.jpg 730w, https:\/\/app.visiodrom.de\/wp-content\/uploads\/brief_5-195x300.jpg 195w, https:\/\/app.visiodrom.de\/wp-content\/uploads\/brief_5-665x1024.jpg 665w\" sizes=\"auto, (max-width: 730px) 100vw, 730px\" \/><\/figure>\n\n\n\n<p><strong>7 | \u00c9change de tableaux<\/strong><\/p>\n\n\n\n<p>Ici, Van Gogh parle de son ami Paul-Eug\u00e8ne Milliet &#8211; un lieutenant qu&rsquo;il admirait pour ses escapades amoureuses (c&rsquo;est pourquoi son portrait s&rsquo;appelle aujourd&rsquo;hui &lsquo;L&rsquo;Amant&rsquo;).<br><br>\u00bbMilliet te salue chaleureusement, j&rsquo;ai maintenant son portrait avec le k\u00e9pi rouge sur fond \u00e9meraude, et dans ce fond les signes de son r\u00e9giment, le croissant de lune et une \u00e9toile \u00e0 5 branches.\u00bb<\/p>\n\n<\/div>\n\t\t\t\t\t\n\t\t\t\t<\/div>\n\t\t\t\t\n\t\t\t\t\n\t\t\t\n\n\n\t\t\t\t\t\t\t\t\n\t\t\t\t<div id=\"slide-2fa0029e38fccc118d804dd50a0ad332\" class=\"swiper-slide slide\">\n\n\t\t\t\t\t<div class=\"acf-innerblocks-container\">\n\n<figure class=\"gb-block-image gb-block-image-661ddd0d\"><img loading=\"lazy\" decoding=\"async\" width=\"1000\" height=\"645\" class=\"gb-image gb-image-661ddd0d\" src=\"https:\/\/app.visiodrom.de\/wp-content\/uploads\/brief_skizze_7.jpg\" alt=\"\" title=\"brief_skizze_7\" srcset=\"https:\/\/app.visiodrom.de\/wp-content\/uploads\/brief_skizze_7.jpg 1000w, https:\/\/app.visiodrom.de\/wp-content\/uploads\/brief_skizze_7-300x194.jpg 300w, https:\/\/app.visiodrom.de\/wp-content\/uploads\/brief_skizze_7-768x495.jpg 768w\" sizes=\"auto, (max-width: 1000px) 100vw, 1000px\" \/><\/figure>\n\n\n\n<p>\u00bbCi-joint, la petite esquisse d&rsquo;une toile carr\u00e9e n\u00b0 30 \u2013 enfin le ciel \u00e9toil\u00e9, peint la nuit, \u00e0 la lumi\u00e8re du gaz. Le ciel est bleu-vert, l&rsquo;eau est bleu royal, les champs sont lilas p\u00e2le. La ville est bleue et violette. La lumi\u00e8re du gaz est jaune, et ses reflets sont or rouge, descendant jusqu&rsquo;au vert bronze. Sur le champ bleu-vert du ciel, la Grande Ourse a un \u00e9clat vert et rose, dont la p\u00e2leur subtile contraste avec l&rsquo;or cru de la lumi\u00e8re du gaz. Deux figures color\u00e9es d&rsquo;amoureux au premier plan.\u00bb<\/p>\n\n\n\n<figure class=\"gb-block-image gb-block-image-e94d3434\"><img loading=\"lazy\" decoding=\"async\" width=\"1000\" height=\"635\" class=\"gb-image gb-image-e94d3434\" src=\"https:\/\/app.visiodrom.de\/wp-content\/uploads\/brief_skizze_6.jpg\" alt=\"\" title=\"br\u00e8ve_esquisse_6\" srcset=\"https:\/\/app.visiodrom.de\/wp-content\/uploads\/brief_skizze_6.jpg 1000w, https:\/\/app.visiodrom.de\/wp-content\/uploads\/brief_skizze_6-300x191.jpg 300w, https:\/\/app.visiodrom.de\/wp-content\/uploads\/brief_skizze_6-768x488.jpg 768w\" sizes=\"auto, (max-width: 1000px) 100vw, 1000px\" \/><\/figure>\n\n\n\n<p>\u00bbDe m\u00eame, l&rsquo;esquisse d&rsquo;une toile carr\u00e9e n\u00b0 30, montrant la maison et ses environs sous un soleil jaune soufre, sous un ciel de pur cobalt. C&rsquo;est un sujet v\u00e9ritablement ardu ! Mais c&rsquo;est pr\u00e9cis\u00e9ment pour cela que je veux le ma\u00eetriser. Car c&rsquo;est terrible, ces maisons jaunes sous le soleil, et puis cette incomparable fra\u00eecheur du bleu.<\/p>\n\n\n\n<p>Tout le sol est \u00e9galement jaune. Je vous enverrai encore un dessin qui sera meilleur que cette esquisse de m\u00e9moire ; la maison \u00e0 gauche est rose, avec des volets verts ; celle dans l&rsquo;ombre de l&rsquo;arbre est le restaurant o\u00f9 je d\u00eene chaque jour. Mon ami, le ma\u00eetre de poste, habite au bout de la rue \u00e0 gauche, entre les deux ponts de chemin de fer.\u00bb  <\/p>\n\n<\/div>\n\t\t\t\t\t\n\t\t\t\t<\/div>\n\t\t\t\t\n\t\t\t\t\n\t\t\t\n<\/div>\n\t\t\t\t<div class=\"controls-wrapper\">\n\t\t\t\t\t<div class=\"swiper-controls\">\n\t\t\t\t\t\t<span class=\"page-swiper-button-prev\"><\/span>\n\t\t\t\t\t\t<span class=\"page-swiper-button-next\"><\/span>\n\t\t\t\t\t<\/div>\n\t\t\t\t\t<div class=\"slider-menu\">\n\t\t\t\t\t\t\t\t<nav class=\"main-navigation has-menu-bar-items sub-menu-right\" id=\"site-navigation\" aria-label=\"Principal\"  itemtype=\"https:\/\/schema.org\/SiteNavigationElement\" itemscope>\n\t\t\t<div class=\"inside-navigation grid-container\">\n\t\t\t\t\t\t\t\t<button class=\"menu-toggle\" aria-controls=\"generate-slideout-menu\" aria-expanded=\"false\">\n\t\t\t\t\t<span class=\"gp-icon icon-menu-bars\"><svg viewBox=\"0 0 512 512\" aria-hidden=\"true\" xmlns=\"http:\/\/www.w3.org\/2000\/svg\" width=\"1em\" height=\"1em\"><path d=\"M0 96c0-13.255 10.745-24 24-24h464c13.255 0 24 10.745 24 24s-10.745 24-24 24H24c-13.255 0-24-10.745-24-24zm0 160c0-13.255 10.745-24 24-24h464c13.255 0 24 10.745 24 24s-10.745 24-24 24H24c-13.255 0-24-10.745-24-24zm0 160c0-13.255 10.745-24 24-24h464c13.255 0 24 10.745 24 24s-10.745 24-24 24H24c-13.255 0-24-10.745-24-24z\" \/><\/svg><svg viewBox=\"0 0 512 512\" aria-hidden=\"true\" xmlns=\"http:\/\/www.w3.org\/2000\/svg\" width=\"1em\" height=\"1em\"><path d=\"M71.029 71.029c9.373-9.372 24.569-9.372 33.942 0L256 222.059l151.029-151.03c9.373-9.372 24.569-9.372 33.942 0 9.372 9.373 9.372 24.569 0 33.942L289.941 256l151.03 151.029c9.372 9.373 9.372 24.569 0 33.942-9.373 9.372-24.569 9.372-33.942 0L256 289.941l-151.029 151.03c-9.373 9.372-24.569 9.372-33.942 0-9.372-9.373-9.372-24.569 0-33.942L222.059 256 71.029 104.971c-9.372-9.373-9.372-24.569 0-33.942z\" \/><\/svg><\/span><span class=\"mobile-menu\">Aper\u00e7u des chapitres<\/span>\t\t\t\t<\/button>\n\t\t\t\t<div class=\"menu-bar-items\"><\/div>\t\t\t<\/div>\n\t\t<\/nav>\n\t\t\t\t\t\t\t<\/div>\n\t\t\t\t<\/div>\n\t\t\t<\/div>\n\t\t\t\n\t\t\t\n<\/div>\n<\/section>","protected":false},"excerpt":{"rendered":"","protected":false},"author":1,"featured_media":0,"parent":0,"menu_order":11,"comment_status":"closed","ping_status":"closed","template":"","meta":{"footnotes":""},"class_list":["post-5265","page","type-page","status-publish"],"acf":[],"_links":{"self":[{"href":"https:\/\/app.visiodrom.de\/fr\/wp-json\/wp\/v2\/pages\/5265","targetHints":{"allow":["GET"]}}],"collection":[{"href":"https:\/\/app.visiodrom.de\/fr\/wp-json\/wp\/v2\/pages"}],"about":[{"href":"https:\/\/app.visiodrom.de\/fr\/wp-json\/wp\/v2\/types\/page"}],"author":[{"embeddable":true,"href":"https:\/\/app.visiodrom.de\/fr\/wp-json\/wp\/v2\/users\/1"}],"replies":[{"embeddable":true,"href":"https:\/\/app.visiodrom.de\/fr\/wp-json\/wp\/v2\/comments?post=5265"}],"version-history":[{"count":3,"href":"https:\/\/app.visiodrom.de\/fr\/wp-json\/wp\/v2\/pages\/5265\/revisions"}],"predecessor-version":[{"id":5797,"href":"https:\/\/app.visiodrom.de\/fr\/wp-json\/wp\/v2\/pages\/5265\/revisions\/5797"}],"wp:attachment":[{"href":"https:\/\/app.visiodrom.de\/fr\/wp-json\/wp\/v2\/media?parent=5265"}],"curies":[{"name":"wp","href":"https:\/\/api.w.org\/{rel}","templated":true}]}}