{"id":5257,"date":"2025-03-13T14:57:08","date_gmt":"2025-03-13T13:57:08","guid":{"rendered":"https:\/\/app-visiodrom.pixel-tal.de\/nuit-etoilee-au-dessus-du-rhone\/"},"modified":"2025-03-20T15:18:10","modified_gmt":"2025-03-20T14:18:10","slug":"nuit-etoilee-au-dessus-du-rhone","status":"publish","type":"page","link":"https:\/\/app.visiodrom.de\/fr\/nuit-etoilee-au-dessus-du-rhone\/","title":{"rendered":"Nuit \u00e9toil\u00e9e"},"content":{"rendered":"<section class=\"gb-container gb-container-d9d80a22\">\n<div class=\"gb-container gb-container-a6fda573\">\n\n\t\t\t<div class=\"page-slider swiper\">\n\t\t\t\t\t\t\t\t<div class=\"page-slider-inner swiper-wrapper\">\n\n\t\t\t\t\t\t\t\t\n\t\t\t\t<div id=\"slide-027f4619ddb6782b330da0eb052b6db3\" class=\"swiper-slide slide\">\n\n\t\t\t\t\t<div class=\"acf-innerblocks-container\">\n\n<figure class=\"gb-block-image gb-block-image-97336339\"><img loading=\"lazy\" decoding=\"async\" width=\"730\" height=\"580\" class=\"gb-image gb-image-97336339\" src=\"https:\/\/app.visiodrom.de\/wp-content\/uploads\/BAL_4680375-1.jpg\" alt=\"\" title=\"BAL_4680375\" srcset=\"https:\/\/app.visiodrom.de\/wp-content\/uploads\/BAL_4680375-1.jpg 730w, https:\/\/app.visiodrom.de\/wp-content\/uploads\/BAL_4680375-1-300x238.jpg 300w\" sizes=\"auto, (max-width: 730px) 100vw, 730px\" \/>\n<figcaption class=\"gb-headline gb-headline-8f019864 gb-headline-text\"><strong>La Nuit \u00e9toil\u00e9e sur le Rh\u00f4ne,<\/strong> septembre 1888<br>Huile sur toile, 73 x 92 cm<br>Mus\u00e9e d&rsquo;Orsay Paris, France<\/figcaption>\n<\/figure>\n\n\n\n<p>Vincent van Gogh semblait \u00e9galement chercher du r\u00e9confort dans ses tableaux nocturnes. L&rsquo;ambiance paisible et les couleurs utilis\u00e9es vont dans ce sens. <\/p>\n\n\n\n<p>Au milieu du ciel, on distingue clairement la constellation de la Grande Ourse. Van Gogh a color\u00e9 les \u00e9toiles : <strong>\u00bb<\/strong>[&#8230;] vous verrez que certaines \u00e9toiles sont citronn\u00e9es, d&rsquo;autres ont du rose, du vert, du bleu, [&#8230;] il est \u00e9vident que pour peindre un ciel \u00e9toil\u00e9, il ne suffit pas de poser des points blancs [&#8230;] sur du bleu-noir.\u00bb <\/p>\n\n\n\n<p>Les reflets sur l&rsquo;eau pourraient \u00e9galement provenir des premiers lampadaires \u00e9lectriques. Van Gogh serait ainsi l&rsquo;un des premiers peintres \u00e0 avoir fix\u00e9 la lumi\u00e8re \u00e9lectrique sur une toile. <\/p>\n\n\n\n<figure class=\"gb-block-image gb-block-image-32afffc9\"><img loading=\"lazy\" decoding=\"async\" width=\"730\" height=\"578\" class=\"gb-image gb-image-32afffc9\" src=\"https:\/\/app.visiodrom.de\/wp-content\/uploads\/BAL_702746.jpg\" alt=\"\" title=\"BAL_702746\" srcset=\"https:\/\/app.visiodrom.de\/wp-content\/uploads\/BAL_702746.jpg 730w, https:\/\/app.visiodrom.de\/wp-content\/uploads\/BAL_702746-300x238.jpg 300w\" sizes=\"auto, (max-width: 730px) 100vw, 730px\" \/>\n<figcaption class=\"gb-headline gb-headline-d20cbe0a gb-headline-text\"><strong>Nuit \u00e9toil\u00e9e,<\/strong> juin 1889<br>Huile sur toile, 74 x 92 cm<br>Museum of Modern Art New York, \u00c9tats-Unis<\/figcaption>\n<\/figure>\n\n\n\n<p>Vincent van Gogh a peint cette \u0153uvre c\u00e9l\u00e8bre alors qu&rsquo;il se trouvait \u00e0 l&rsquo;h\u00f4pital psychiatrique de Saint-R\u00e9my. Comme dans de nombreux tableaux de Van Gogh, les positions des astres sont repr\u00e9sent\u00e9es de mani\u00e8re r\u00e9aliste. Que Van Gogh ait r\u00e9ellement vu le tourbillon au centre ou qu&rsquo;il s&rsquo;agisse d&rsquo;un symbole de son \u00e9tat \u00e9motionnel restera \u00e0 jamais son secret.  <br\/><br\/>La perspective du tableau place le spectateur \u00e0 une fen\u00eatre du premier \u00e9tage de l&rsquo;asile. Comme Van Gogh n&rsquo;y \u00e9tait autoris\u00e9 \u00e0 peindre que sous surveillance, les experts estiment aujourd&rsquo;hui qu&rsquo;il est probable qu&rsquo;il ait \u00e9t\u00e9 peint de m\u00e9moire dans l&rsquo;atelier. <\/p>\n\n<\/div>\n\t\t\t\t\t\n\t\t\t\t<\/div>\n\t\t\t\t\n\t\t\t\t\n\t\t\t\n<\/div>\n\t\t\t\t<div class=\"controls-wrapper\">\n\t\t\t\t\t<div class=\"swiper-controls\">\n\t\t\t\t\t\t<span class=\"page-swiper-button-prev\"><\/span>\n\t\t\t\t\t\t<span class=\"page-swiper-button-next\"><\/span>\n\t\t\t\t\t<\/div>\n\t\t\t\t\t<div class=\"slider-menu\">\n\t\t\t\t\t\t\t\t<nav class=\"main-navigation has-menu-bar-items sub-menu-right\" id=\"site-navigation\" aria-label=\"Principal\"  itemtype=\"https:\/\/schema.org\/SiteNavigationElement\" itemscope>\n\t\t\t<div class=\"inside-navigation grid-container\">\n\t\t\t\t\t\t\t\t<button class=\"menu-toggle\" aria-controls=\"generate-slideout-menu\" aria-expanded=\"false\">\n\t\t\t\t\t<span class=\"gp-icon icon-menu-bars\"><svg viewBox=\"0 0 512 512\" aria-hidden=\"true\" xmlns=\"http:\/\/www.w3.org\/2000\/svg\" width=\"1em\" height=\"1em\"><path d=\"M0 96c0-13.255 10.745-24 24-24h464c13.255 0 24 10.745 24 24s-10.745 24-24 24H24c-13.255 0-24-10.745-24-24zm0 160c0-13.255 10.745-24 24-24h464c13.255 0 24 10.745 24 24s-10.745 24-24 24H24c-13.255 0-24-10.745-24-24zm0 160c0-13.255 10.745-24 24-24h464c13.255 0 24 10.745 24 24s-10.745 24-24 24H24c-13.255 0-24-10.745-24-24z\" \/><\/svg><svg viewBox=\"0 0 512 512\" aria-hidden=\"true\" xmlns=\"http:\/\/www.w3.org\/2000\/svg\" width=\"1em\" height=\"1em\"><path d=\"M71.029 71.029c9.373-9.372 24.569-9.372 33.942 0L256 222.059l151.029-151.03c9.373-9.372 24.569-9.372 33.942 0 9.372 9.373 9.372 24.569 0 33.942L289.941 256l151.03 151.029c9.372 9.373 9.372 24.569 0 33.942-9.373 9.372-24.569 9.372-33.942 0L256 289.941l-151.029 151.03c-9.373 9.372-24.569 9.372-33.942 0-9.372-9.373-9.372-24.569 0-33.942L222.059 256 71.029 104.971c-9.372-9.373-9.372-24.569 0-33.942z\" \/><\/svg><\/span><span class=\"mobile-menu\">Aper\u00e7u des chapitres<\/span>\t\t\t\t<\/button>\n\t\t\t\t<div class=\"menu-bar-items\"><\/div>\t\t\t<\/div>\n\t\t<\/nav>\n\t\t\t\t\t\t\t<\/div>\n\t\t\t\t<\/div>\n\t\t\t<\/div>\n\t\t\t\n\t\t\t\n<\/div>\n<\/section>","protected":false},"excerpt":{"rendered":"","protected":false},"author":1,"featured_media":0,"parent":0,"menu_order":10,"comment_status":"closed","ping_status":"closed","template":"","meta":{"footnotes":""},"class_list":["post-5257","page","type-page","status-publish"],"acf":[],"_links":{"self":[{"href":"https:\/\/app.visiodrom.de\/fr\/wp-json\/wp\/v2\/pages\/5257","targetHints":{"allow":["GET"]}}],"collection":[{"href":"https:\/\/app.visiodrom.de\/fr\/wp-json\/wp\/v2\/pages"}],"about":[{"href":"https:\/\/app.visiodrom.de\/fr\/wp-json\/wp\/v2\/types\/page"}],"author":[{"embeddable":true,"href":"https:\/\/app.visiodrom.de\/fr\/wp-json\/wp\/v2\/users\/1"}],"replies":[{"embeddable":true,"href":"https:\/\/app.visiodrom.de\/fr\/wp-json\/wp\/v2\/comments?post=5257"}],"version-history":[{"count":3,"href":"https:\/\/app.visiodrom.de\/fr\/wp-json\/wp\/v2\/pages\/5257\/revisions"}],"predecessor-version":[{"id":5641,"href":"https:\/\/app.visiodrom.de\/fr\/wp-json\/wp\/v2\/pages\/5257\/revisions\/5641"}],"wp:attachment":[{"href":"https:\/\/app.visiodrom.de\/fr\/wp-json\/wp\/v2\/media?parent=5257"}],"curies":[{"name":"wp","href":"https:\/\/api.w.org\/{rel}","templated":true}]}}