{"id":2178,"date":"2023-08-22T13:55:58","date_gmt":"2023-08-22T11:55:58","guid":{"rendered":"https:\/\/app.visiodrom.de\/protection-des-donnees\/"},"modified":"2023-08-22T15:16:50","modified_gmt":"2023-08-22T13:16:50","slug":"protection-des-donnees","status":"publish","type":"page","link":"https:\/\/app.visiodrom.de\/fr\/protection-des-donnees\/","title":{"rendered":"Protection des donn\u00e9es"},"content":{"rendered":"<section class=\"gb-container gb-container-d9d80a22\">\n<div class=\"gb-container gb-container-a6fda573\">\n<div class=\"gb-grid-wrapper gb-grid-wrapper-6995cf4b\">\n<div class=\"gb-grid-column gb-grid-column-518bc6b2\"><div class=\"gb-container gb-container-518bc6b2\">\n\n<div class=\"wp-block-pixel-headline headlines is-subheadline-bottom has-text-align-left\"><h3 class=\"headline\" style=\"color:\">1. la protection des donn\u00e9es en un coup d&rsquo;\u0153il<\/h3><\/div>\n\n\n\n<div class=\"wp-block-pixel-headline headlines is-subheadline-bottom has-text-align-left\"><h4 class=\"headline\" style=\"color:\">Remarques g\u00e9n\u00e9rales<\/h4><\/div>\n\n\n\n<p>Les indications suivantes donnent un aper\u00e7u simple de ce qui se passe avec vos donn\u00e9es personnelles lorsque vous visitez notre site web. Les donn\u00e9es personnelles sont toutes les donn\u00e9es qui permettent de vous identifier personnellement. Vous trouverez des informations d\u00e9taill\u00e9es sur le th\u00e8me de la protection des donn\u00e9es dans notre d\u00e9claration de protection des donn\u00e9es mentionn\u00e9e sous ce texte.<\/p>\n\n\n\n<div class=\"wp-block-pixel-headline headlines is-subheadline-bottom has-text-align-left\"><h4 class=\"headline\" style=\"color:\">Collecte de donn\u00e9es sur notre site web<\/h4><\/div>\n\n\n\n<p><strong>Qui est responsable de la collecte des donn\u00e9es sur ce site ?<\/strong><\/p>\n\n\n\n<p>Le traitement des donn\u00e9es sur ce site web est effectu\u00e9 par l&rsquo;exploitant du site web. Vous trouverez ses coordonn\u00e9es dans les mentions l\u00e9gales de ce site.<\/p>\n\n\n\n<p><strong>Comment recueillons-nous vos donn\u00e9es ?<\/strong><\/p>\n\n\n\n<p>Vos donn\u00e9es sont collect\u00e9es, d&rsquo;une part, lorsque vous nous les communiquez. Il peut s&rsquo;agir, par exemple, de donn\u00e9es que vous saisissez dans un formulaire de contact.<\/p>\n\n\n\n<p>D&rsquo;autres donn\u00e9es sont automatiquement collect\u00e9es par nos syst\u00e8mes informatiques lors de la visite du site. Il s&rsquo;agit principalement de donn\u00e9es techniques (par exemple, le navigateur Internet, le syst\u00e8me d&rsquo;exploitation ou l&rsquo;heure de consultation de la page). La collecte de ces donn\u00e9es se fait automatiquement d\u00e8s que vous entrez sur notre site.<\/p>\n\n\n\n<p><strong>\u00c0 quelles fins utilisons-nous vos donn\u00e9es ?<\/strong><\/p>\n\n\n\n<p>Une partie des donn\u00e9es est collect\u00e9e afin de garantir une mise \u00e0 disposition sans erreur du site web. D&rsquo;autres donn\u00e9es peuvent \u00eatre utilis\u00e9es pour analyser votre comportement d&rsquo;utilisateur.<\/p>\n\n\n\n<p><strong>Quels sont vos droits concernant vos donn\u00e9es ?<\/strong><\/p>\n\n\n\n<p>Vous avez \u00e0 tout moment le droit d&rsquo;obtenir gratuitement des informations sur l&rsquo;origine, le destinataire et la finalit\u00e9 de vos donn\u00e9es personnelles enregistr\u00e9es. Vous avez \u00e9galement le droit de demander la rectification, le blocage ou la suppression de ces donn\u00e9es. Vous pouvez nous contacter \u00e0 tout moment \u00e0 ce sujet ainsi que pour toute autre question relative \u00e0 la protection des donn\u00e9es \u00e0 l&rsquo;adresse indiqu\u00e9e dans les mentions l\u00e9gales. En outre, vous disposez d&rsquo;un droit de recours aupr\u00e8s de l&rsquo;autorit\u00e9 de surveillance comp\u00e9tente.<\/p>\n\n\n\n<div class=\"wp-block-pixel-headline headlines is-subheadline-bottom has-text-align-left\"><h4 class=\"headline\" style=\"color:\">Outils d&rsquo;analyse et outils de tiers<\/h4><\/div>\n\n\n\n<p>Lorsque vous visitez notre site web, votre comportement de navigation peut faire l&rsquo;objet d&rsquo;une \u00e9valuation statistique. Cela se fait principalement \u00e0 l&rsquo;aide de cookies et de programmes dits d&rsquo;analyse. L&rsquo;analyse de votre comportement de navigation se fait en g\u00e9n\u00e9ral de mani\u00e8re anonyme ; le comportement de navigation ne peut pas \u00eatre retrac\u00e9 jusqu&rsquo;\u00e0 vous. Vous pouvez vous opposer \u00e0 cette analyse ou l&#8217;emp\u00eacher en n&rsquo;utilisant pas certains outils. Vous trouverez des informations d\u00e9taill\u00e9es \u00e0 ce sujet dans la d\u00e9claration de protection des donn\u00e9es ci-dessous.<\/p>\n\n\n\n<p>Vous pouvez vous opposer \u00e0 cette analyse. Nous vous informerons des possibilit\u00e9s d&rsquo;opposition dans la pr\u00e9sente d\u00e9claration de protection des donn\u00e9es.<\/p>\n\n\n\n<div class=\"wp-block-pixel-headline headlines is-subheadline-bottom has-text-align-left\"><h3 class=\"headline\" style=\"color:\">2. indications g\u00e9n\u00e9rales et informations obligatoires<\/h3><\/div>\n\n\n\n<div class=\"wp-block-pixel-headline headlines is-subheadline-bottom has-text-align-left\"><h4 class=\"headline\" style=\"color:\">Protection des donn\u00e9es<\/h4><\/div>\n\n\n\n<p>Les exploitants de ces pages prennent la protection de vos donn\u00e9es personnelles tr\u00e8s au s\u00e9rieux. Nous traitons vos donn\u00e9es personnelles de mani\u00e8re confidentielle et conform\u00e9ment aux dispositions l\u00e9gales en mati\u00e8re de protection des donn\u00e9es et \u00e0 la pr\u00e9sente d\u00e9claration de confidentialit\u00e9.<\/p>\n\n\n\n<p>Lorsque vous utilisez ce site web, diff\u00e9rentes donn\u00e9es personnelles sont collect\u00e9es. Les donn\u00e9es personnelles sont des donn\u00e9es qui permettent de vous identifier personnellement. La pr\u00e9sente d\u00e9claration de confidentialit\u00e9 explique quelles donn\u00e9es nous collectons et \u00e0 quelles fins nous les utilisons. Elle explique \u00e9galement comment et dans quel but cela est fait.<\/p>\n\n\n\n<p>Nous attirons votre attention sur le fait que la transmission de donn\u00e9es sur Internet (par exemple lors de la communication par e-mail) peut pr\u00e9senter des failles de s\u00e9curit\u00e9. Une protection compl\u00e8te des donn\u00e9es contre l&rsquo;acc\u00e8s par des tiers n&rsquo;est pas possible.<\/p>\n\n\n\n<div class=\"wp-block-pixel-headline headlines is-subheadline-bottom has-text-align-left\"><h4 class=\"headline\" style=\"color:\">Remarque sur le service responsable<\/h4><\/div>\n\n\n\n<p>Le responsable du traitement des donn\u00e9es sur ce site est :<\/p>\n\n\n\n<p><strong>Visiodrom GmbH<\/strong><br\/>Friedrich-Ebert-Str. 130<br\/>42117 Wuppertal<\/p>\n\n\n\n<p>T\u00e9l\u00e9phone : <a href=\"tel:+4920243048670\">+49 202 430 486-70<\/a><br\/>T\u00e9l\u00e9copieur : +49 202 430 486-79<br\/>Courrier \u00e9lectronique : <a href=\"mailto:info@visiodrom.de\">info@visiodrom.de<\/a><\/p>\n\n\n\n<p>Le responsable du traitement est la personne physique ou morale qui, seule ou conjointement avec d&rsquo;autres, d\u00e9termine les finalit\u00e9s et les moyens du traitement des donn\u00e9es \u00e0 caract\u00e8re personnel (par exemple, les noms, les adresses \u00e9lectroniques ou autres).<\/p>\n\n\n\n<div class=\"wp-block-pixel-headline headlines is-subheadline-bottom has-text-align-left\"><h4 class=\"headline\" style=\"color:\">R\u00e9vocation de votre consentement au traitement des donn\u00e9es<\/h4><\/div>\n\n\n\n<p>De nombreuses op\u00e9rations de traitement des donn\u00e9es ne sont possibles qu&rsquo;avec votre consentement explicite. Vous pouvez r\u00e9voquer \u00e0 tout moment un consentement d\u00e9j\u00e0 donn\u00e9. Il suffit pour cela de nous envoyer un message informel par e-mail. La l\u00e9galit\u00e9 du traitement des donn\u00e9es effectu\u00e9 jusqu&rsquo;\u00e0 la r\u00e9vocation n&rsquo;est pas affect\u00e9e par la r\u00e9vocation.<\/p>\n\n\n\n<div class=\"wp-block-pixel-headline headlines is-subheadline-bottom has-text-align-left\"><h4 class=\"headline\" style=\"color:\">Droit de recours aupr\u00e8s de l&rsquo;autorit\u00e9 de surveillance comp\u00e9tente<\/h4><\/div>\n\n\n\n<p>En cas d&rsquo;infraction \u00e0 la l\u00e9gislation sur la protection des donn\u00e9es, la personne concern\u00e9e dispose d&rsquo;un droit de recours aupr\u00e8s de l&rsquo;autorit\u00e9 de surveillance comp\u00e9tente. L&rsquo;autorit\u00e9 de surveillance comp\u00e9tente pour les questions relatives \u00e0 la protection des donn\u00e9es est le responsable r\u00e9gional de la protection des donn\u00e9es du Land dans lequel notre entreprise a son si\u00e8ge. Une liste des d\u00e9l\u00e9gu\u00e9s \u00e0 la protection des donn\u00e9es ainsi que leurs coordonn\u00e9es peuvent \u00eatre consult\u00e9es sur le lien suivant <a href=\"https:\/\/www.bfdi.bund.de\/DE\/Infothek\/Anschriften_Links\/anschriften_links-node.html\" target=\"_blank\" rel=\"noreferrer noopener\">: https:\/\/www.bfdi.bund.de\/DE\/Infothek\/Anschriften_Links\/anschriften_links-node.html.<\/a><\/p>\n\n\n\n<div class=\"wp-block-pixel-headline headlines is-subheadline-bottom has-text-align-left\"><h4 class=\"headline\" style=\"color:\">Chiffrement SSL ou TLS<\/h4><\/div>\n\n\n\n<p>Pour des raisons de s\u00e9curit\u00e9 et pour prot\u00e9ger la transmission de contenus confidentiels, tels que les commandes ou les demandes que vous nous envoyez en tant qu&rsquo;exploitant du site, ce site utilise un cryptage SSL ou TLS. Vous reconnaissez une connexion crypt\u00e9e au fait que la ligne d&rsquo;adresse du navigateur passe de \u00ab\u00a0http:\/\/\u00a0\u00bb \u00e0 \u00ab\u00a0https:\/\/\u00a0\u00bb et au symbole du cadenas dans la ligne de votre navigateur.<\/p>\n\n\n\n<p>Si le cryptage SSL ou TLS est activ\u00e9, les donn\u00e9es que vous nous transmettez ne peuvent pas \u00eatre lues par des tiers.<\/p>\n\n\n\n<div class=\"wp-block-pixel-headline headlines is-subheadline-bottom has-text-align-left\"><h4 class=\"headline\" style=\"color:\">Information, blocage, suppression<\/h4><\/div>\n\n\n\n<p>Dans le cadre des dispositions l\u00e9gales en vigueur, vous avez \u00e0 tout moment le droit d&rsquo;obtenir gratuitement des informations sur vos donn\u00e9es personnelles enregistr\u00e9es, leur origine et leur destinataire ainsi que sur la finalit\u00e9 du traitement des donn\u00e9es et, le cas \u00e9ch\u00e9ant, un droit de rectification, de blocage ou de suppression de ces donn\u00e9es. Vous pouvez nous contacter \u00e0 tout moment \u00e0 ce sujet ainsi que pour toute autre question relative aux donn\u00e9es personnelles \u00e0 l&rsquo;adresse indiqu\u00e9e dans les mentions l\u00e9gales.<\/p>\n\n\n\n<div class=\"wp-block-pixel-headline headlines is-subheadline-bottom has-text-align-left\"><h3 class=\"headline\" style=\"color:\">3. collecte de donn\u00e9es sur notre site web<\/h3><\/div>\n\n\n\n<div class=\"wp-block-pixel-headline headlines is-subheadline-bottom has-text-align-left\"><h4 class=\"headline\" style=\"color:\">Cookies<\/h4><\/div>\n\n\n\n<p>Les pages Internet utilisent en partie ce que l&rsquo;on appelle des cookies. Les cookies n&rsquo;endommagent pas votre ordinateur et ne contiennent pas de virus. Les cookies servent \u00e0 rendre notre offre plus conviviale, plus efficace et plus s\u00fbre. Les cookies sont de petits fichiers texte qui sont d\u00e9pos\u00e9s sur votre ordinateur et que votre navigateur enregistre.<\/p>\n\n\n\n<p>La plupart des cookies que nous utilisons sont des \u00ab\u00a0cookies de session\u00a0\u00bb. Ils sont automatiquement supprim\u00e9s \u00e0 la fin de votre visite. D&rsquo;autres cookies restent enregistr\u00e9s sur votre terminal jusqu&rsquo;\u00e0 ce que vous les supprimiez. Ces cookies nous permettent de reconna\u00eetre votre navigateur lors de votre prochaine visite.<\/p>\n\n\n\n<p>Vous pouvez configurer votre navigateur de mani\u00e8re \u00e0 \u00eatre inform\u00e9 de l&rsquo;installation de cookies et \u00e0 n&rsquo;autoriser les cookies qu&rsquo;au cas par cas, \u00e0 exclure l&rsquo;acceptation des cookies dans certains cas ou de mani\u00e8re g\u00e9n\u00e9rale, et \u00e0 activer la suppression automatique des cookies \u00e0 la fermeture du navigateur. Si les cookies sont d\u00e9sactiv\u00e9s, la fonctionnalit\u00e9 de ce site web peut \u00eatre limit\u00e9e.<\/p>\n\n\n\n<p>Les cookies n\u00e9cessaires \u00e0 l&rsquo;ex\u00e9cution du processus de communication \u00e9lectronique ou \u00e0 la mise \u00e0 disposition de certaines fonctions que vous avez souhait\u00e9es (par exemple la fonction de panier d&rsquo;achat) sont enregistr\u00e9s sur la base de l&rsquo;article 6, paragraphe 1, de la loi sur la protection des donn\u00e9es. 1 lit. f du RGPD. L&rsquo;exploitant du site web a un int\u00e9r\u00eat l\u00e9gitime \u00e0 l&rsquo;enregistrement de cookies pour une mise \u00e0 disposition de ses services sans erreur technique et optimis\u00e9e. Dans la mesure o\u00f9 d&rsquo;autres cookies (par exemple des cookies permettant d&rsquo;analyser votre comportement de navigation) sont enregistr\u00e9s, ils sont trait\u00e9s s\u00e9par\u00e9ment dans la pr\u00e9sente d\u00e9claration de confidentialit\u00e9.<\/p>\n\n\n<a href=\"#\" class=\"borlabs-cookie-preference\">\u00c4ndern Sie Ihre Cookie-Zustimmungseinstellungen.<\/a>\n\n\n\n<div class=\"wp-block-pixel-headline headlines is-subheadline-bottom has-text-align-left\"><h4 class=\"headline\" style=\"color:\">Fichiers journaux du serveur<\/h4><\/div>\n\n\n\n<p>Le fournisseur des pages collecte et enregistre automatiquement des informations dans ce que l&rsquo;on appelle des fichiers journaux du serveur, que votre navigateur nous transmet automatiquement. Il s&rsquo;agit de<\/p>\n\n\n\n<ul class=\"wp-block-list\">\n<li>Type et version du navigateur<\/li>\n\n\n\n<li>le syst\u00e8me d&rsquo;exploitation utilis\u00e9<\/li>\n\n\n\n<li>URL du r\u00e9f\u00e9rent<\/li>\n\n\n\n<li>nom d&rsquo;h\u00f4te de l&rsquo;ordinateur qui acc\u00e8de au site<\/li>\n\n\n\n<li>Heure de la demande du serveur<\/li>\n\n\n\n<li>Adresse IP<\/li>\n<\/ul>\n\n\n\n<p>Ces donn\u00e9es ne sont pas recoup\u00e9es avec d&rsquo;autres sources de donn\u00e9es.<\/p>\n\n\n\n<p>La base du traitement des donn\u00e9es est l&rsquo;art. 6, al. 1 lit. f du RGPD, qui autorise le traitement des donn\u00e9es pour l&rsquo;ex\u00e9cution d&rsquo;un contrat ou de mesures pr\u00e9contractuelles.<\/p>\n\n\n\n<div class=\"wp-block-pixel-headline headlines is-subheadline-bottom has-text-align-left\"><h4 class=\"headline\" style=\"color:\">Formulaire de contact<\/h4><\/div>\n\n\n\n<p>Si vous nous faites parvenir des demandes par le biais du formulaire de contact, les informations que vous avez fournies dans le formulaire de demande, y compris les donn\u00e9es de contact que vous y avez indiqu\u00e9es, sont enregistr\u00e9es chez nous \u00e0 des fins de traitement de la demande et en cas de questions de suivi. Nous ne transmettons pas ces donn\u00e9es sans votre consentement.<\/p>\n\n\n\n<p>Le traitement des donn\u00e9es saisies dans le formulaire de contact se fait donc exclusivement sur la base de votre consentement (article 6, paragraphe 1, point a du RGPD). Vous pouvez r\u00e9voquer ce consentement \u00e0 tout moment. Il suffit pour cela de nous envoyer un message informel par e-mail. La l\u00e9galit\u00e9 des op\u00e9rations de traitement des donn\u00e9es effectu\u00e9es jusqu&rsquo;\u00e0 la r\u00e9vocation n&rsquo;est pas affect\u00e9e par la r\u00e9vocation.<\/p>\n\n\n\n<p>Les donn\u00e9es que vous avez saisies dans le formulaire de contact restent chez nous jusqu&rsquo;\u00e0 ce que vous nous demandiez de les supprimer, que vous r\u00e9voquiez votre consentement \u00e0 leur stockage ou que le but du stockage des donn\u00e9es devienne caduc (par exemple, une fois que votre demande a \u00e9t\u00e9 trait\u00e9e). Les dispositions l\u00e9gales contraignantes &#8211; notamment les d\u00e9lais de conservation &#8211; ne sont pas affect\u00e9es.<\/p>\n\n\n\n<div class=\"wp-block-pixel-headline headlines is-subheadline-bottom has-text-align-left\"><h3 class=\"headline\" style=\"color:\">4. outils d&rsquo;analyse et publicit\u00e9<\/h3><\/div>\n\n\n\n<div class=\"wp-block-pixel-headline headlines is-subheadline-bottom has-text-align-left\"><h4 class=\"headline\" style=\"color:\">Google Analytics<\/h4><\/div>\n\n\n\n<p>Ce site web utilise des fonctions du service d&rsquo;analyse web Google Analytics. Le fournisseur est Google Inc., 1600 Amphitheatre Parkway, Mountain View, CA 94043, USA.<\/p>\n\n\n\n<p>Google Analytics utilise ce que l&rsquo;on appelle des \u00ab\u00a0cookies\u00a0\u00bb. Il s&rsquo;agit de fichiers texte qui sont enregistr\u00e9s sur votre ordinateur et qui permettent d&rsquo;analyser votre utilisation du site web. Les informations g\u00e9n\u00e9r\u00e9es par le cookie concernant votre utilisation de ce site web sont g\u00e9n\u00e9ralement transmises \u00e0 un serveur de Google aux \u00c9tats-Unis et y sont enregistr\u00e9es.<\/p>\n\n\n\n<p>Le stockage des cookies de Google Analytics se fait sur la base de l&rsquo;art. 6 al. 1 lit. f du RGPD. L&rsquo;exploitant du site web a un int\u00e9r\u00eat l\u00e9gitime \u00e0 analyser le comportement des utilisateurs afin d&rsquo;optimiser \u00e0 la fois son offre web et sa publicit\u00e9.<\/p>\n\n\n\n<p><strong>Anonymisation des IP<\/strong><\/p>\n\n\n\n<p>Nous avons activ\u00e9 la fonction d&rsquo;anonymisation IP sur ce site web. Ainsi, votre adresse IP sera raccourcie par Google dans les \u00c9tats membres de l&rsquo;Union europ\u00e9enne ou dans d&rsquo;autres \u00c9tats signataires de l&rsquo;accord sur l&rsquo;Espace \u00e9conomique europ\u00e9en avant d&rsquo;\u00eatre transmise aux \u00c9tats-Unis. Ce n&rsquo;est que dans des cas exceptionnels que l&rsquo;adresse IP compl\u00e8te est transmise \u00e0 un serveur de Google aux \u00c9tats-Unis et y est raccourcie. Google utilisera ces informations pour le compte de l&rsquo;exploitant de ce site web afin d&rsquo;\u00e9valuer votre utilisation du site web, de compiler des rapports sur les activit\u00e9s du site web et de fournir \u00e0 l&rsquo;exploitant du site web d&rsquo;autres services li\u00e9s \u00e0 l&rsquo;utilisation du site web et d&rsquo;Internet. L&rsquo;adresse IP transmise par votre navigateur dans le cadre de Google Analytics n&rsquo;est pas recoup\u00e9e avec d&rsquo;autres donn\u00e9es de Google.<\/p>\n\n\n\n<p><strong>Plugin de navigateur<\/strong><\/p>\n\n\n\n<p>Vous pouvez emp\u00eacher l&rsquo;enregistrement des cookies en param\u00e9trant votre logiciel de navigation en cons\u00e9quence ; nous attirons toutefois votre attention sur le fait que, dans ce cas, vous ne pourrez peut-\u00eatre pas utiliser toutes les fonctions de ce site web dans leur int\u00e9gralit\u00e9. Vous pouvez en outre emp\u00eacher la saisie par Google des donn\u00e9es g\u00e9n\u00e9r\u00e9es par le cookie et se rapportant \u00e0 votre utilisation du site web (y compris votre adresse IP) ainsi que le traitement de ces donn\u00e9es par Google en t\u00e9l\u00e9chargeant et en installant le plug-in de navigateur disponible sous le lien suivant <a href=\"https:\/\/tools.google.com\/dlpage\/gaoptout?hl=de\" target=\"_blank\" rel=\"noreferrer noopener\">: https:\/\/tools.google.com\/dlpage\/gaoptout?hl=de.<\/a><\/p>\n\n\n\n<p><strong>Traitement des donn\u00e9es de commande<\/strong><\/p>\n\n\n\n<p>Nous avons conclu un contrat avec Google pour le traitement des donn\u00e9es de commande et appliquons int\u00e9gralement les directives strictes des autorit\u00e9s allemandes de protection des donn\u00e9es lors de l&rsquo;utilisation de Google Analytics.<\/p>\n\n\n\n<p><strong>Caract\u00e9ristiques d\u00e9mographiques dans Google Analytics<\/strong><\/p>\n\n\n\n<p>Ce site utilise la fonction \u00ab\u00a0caract\u00e9ristiques d\u00e9mographiques\u00a0\u00bb de Google Analytics. Cela permet de cr\u00e9er des rapports contenant des d\u00e9clarations sur l&rsquo;\u00e2ge, le sexe et les int\u00e9r\u00eats des visiteurs du site. Ces donn\u00e9es proviennent de la publicit\u00e9 cibl\u00e9e par centres d&rsquo;int\u00e9r\u00eat de Google ainsi que de donn\u00e9es de visiteurs de fournisseurs tiers. Ces donn\u00e9es ne peuvent pas \u00eatre attribu\u00e9es \u00e0 une personne en particulier. Vous pouvez \u00e0 tout moment d\u00e9sactiver cette fonction via les param\u00e8tres des annonces dans votre compte Google ou interdire de mani\u00e8re g\u00e9n\u00e9rale la collecte de vos donn\u00e9es par Google Analytics comme indiqu\u00e9 au point \u00ab\u00a0Opposition \u00e0 la collecte de donn\u00e9es\u00a0\u00bb.<\/p>\n\n<\/div><\/div>\n<\/div>\n<\/div>\n<\/section>","protected":false},"excerpt":{"rendered":"","protected":false},"author":1,"featured_media":0,"parent":0,"menu_order":17,"comment_status":"closed","ping_status":"closed","template":"","meta":{"footnotes":""},"class_list":["post-2178","page","type-page","status-publish"],"acf":[],"_links":{"self":[{"href":"https:\/\/app.visiodrom.de\/fr\/wp-json\/wp\/v2\/pages\/2178","targetHints":{"allow":["GET"]}}],"collection":[{"href":"https:\/\/app.visiodrom.de\/fr\/wp-json\/wp\/v2\/pages"}],"about":[{"href":"https:\/\/app.visiodrom.de\/fr\/wp-json\/wp\/v2\/types\/page"}],"author":[{"embeddable":true,"href":"https:\/\/app.visiodrom.de\/fr\/wp-json\/wp\/v2\/users\/1"}],"replies":[{"embeddable":true,"href":"https:\/\/app.visiodrom.de\/fr\/wp-json\/wp\/v2\/comments?post=2178"}],"version-history":[{"count":2,"href":"https:\/\/app.visiodrom.de\/fr\/wp-json\/wp\/v2\/pages\/2178\/revisions"}],"predecessor-version":[{"id":2188,"href":"https:\/\/app.visiodrom.de\/fr\/wp-json\/wp\/v2\/pages\/2178\/revisions\/2188"}],"wp:attachment":[{"href":"https:\/\/app.visiodrom.de\/fr\/wp-json\/wp\/v2\/media?parent=2178"}],"curies":[{"name":"wp","href":"https:\/\/api.w.org\/{rel}","templated":true}]}}