{"id":5601,"date":"2025-03-17T17:09:45","date_gmt":"2025-03-17T16:09:45","guid":{"rendered":"https:\/\/app-visiodrom.pixel-tal.de\/retratos\/"},"modified":"2025-03-20T15:12:41","modified_gmt":"2025-03-20T14:12:41","slug":"retratos","status":"publish","type":"page","link":"https:\/\/app.visiodrom.de\/es\/retratos\/","title":{"rendered":"Retratos"},"content":{"rendered":"<section class=\"gb-container gb-container-d9d80a22\">\n<div class=\"gb-container gb-container-a6fda573\">\n\n\t\t\t<div class=\"page-slider swiper\">\n\t\t\t\t\t\t\t\t<div class=\"page-slider-inner swiper-wrapper\">\n\n\t\t\t\t\t\t\t\t\n\t\t\t\t<div id=\"slide-ff672125070af6899095140b55a6add9\" class=\"swiper-slide slide\">\n\n\t\t\t\t\t<div class=\"acf-innerblocks-container\">\n\n<p><strong>La mirada hacia los otros<\/strong><\/p>\n\n\n\n<p>Vincent van Gogh rara vez tuvo la oportunidad de elegir libremente a sus modelos. Dado que a menudo era considerado un exc\u00e9ntrico social, muchos de sus contempor\u00e1neos no estaban dispuestos a ser retratados por \u00e9l. Por consiguiente, frecuentemente pintaba a conocidos o amigos. La familia del cartero Joseph Roulin, amigo de Van Gogh, est\u00e1 representada tres veces en esta pared.   <br\/><br\/>Los retratos acompa\u00f1aron a Van Gogh a trav\u00e9s de todas sus fases creativas. La selecci\u00f3n aqu\u00ed expuesta proviene predominantemente de sus dos \u00faltimos a\u00f1os de vida y muestra la celeridad de su desarrollo art\u00edstico. La pintura &#8216;Dos ni\u00f1as peque\u00f1as&#8217; fue creada aproximadamente un mes antes de su fallecimiento. En esta obra, Van Gogh trascendi\u00f3 la mera representaci\u00f3n e intent\u00f3 capturar la esencia de las figuras. El cuadro exhibe el estilo final y exuberante de Van Gogh. En contraste, el retrato de Alexander Reid data de la \u00e9poca parisina alrededor de 1887. Aqu\u00ed a\u00fan es claramente discernible la confrontaci\u00f3n con otros estilos art\u00edsticos.      <br\/><\/p>\n\n\n\n<figure class=\"gb-block-image gb-block-image-64e120c0\"><img loading=\"lazy\" decoding=\"async\" width=\"730\" height=\"953\" class=\"gb-image gb-image-64e120c0\" src=\"https:\/\/app.visiodrom.de\/wp-content\/uploads\/BAL_4588710-1.jpg\" alt=\"\" title=\"JLJ4588710\" srcset=\"https:\/\/app.visiodrom.de\/wp-content\/uploads\/BAL_4588710-1.jpg 730w, https:\/\/app.visiodrom.de\/wp-content\/uploads\/BAL_4588710-1-230x300.jpg 230w\" sizes=\"auto, (max-width: 730px) 100vw, 730px\" \/>\n<figcaption class=\"gb-headline gb-headline-7b44ed58 gb-headline-text\"><strong>Retrato de P\u00e8re Tanguy,<\/strong> invierno 1887\/88<br>\u00d3leo sobre lienzo, 65 x 51 cm<br>Colecci\u00f3n Stavros S. Niarchos, Grecia<\/figcaption>\n<\/figure>\n\n\n\n<figure class=\"gb-block-image gb-block-image-43bdf518\"><img loading=\"lazy\" decoding=\"async\" width=\"730\" height=\"879\" class=\"gb-image gb-image-43bdf518\" src=\"https:\/\/app.visiodrom.de\/wp-content\/uploads\/BAL_37574.jpg\" alt=\"\" title=\"BAL_37574\" srcset=\"https:\/\/app.visiodrom.de\/wp-content\/uploads\/BAL_37574.jpg 730w, https:\/\/app.visiodrom.de\/wp-content\/uploads\/BAL_37574-249x300.jpg 249w\" sizes=\"auto, (max-width: 730px) 100vw, 730px\" \/>\n<figcaption class=\"gb-headline gb-headline-8e8a250a gb-headline-text\"><strong>Retrato del Doctor F\u00e9lix Rey,<\/strong> enero 1889<br>\u00d3leo sobre lienzo, 64 x 53 cm<br>Museo Pushkin Mosc\u00fa, Rusia<\/figcaption>\n<\/figure>\n\n\n\n<figure class=\"gb-block-image gb-block-image-375a5b5e\"><img loading=\"lazy\" decoding=\"async\" width=\"730\" height=\"902\" class=\"gb-image gb-image-375a5b5e\" src=\"https:\/\/app.visiodrom.de\/wp-content\/uploads\/BAL_4664424.jpg\" alt=\"\" title=\"BAL_4664424\" srcset=\"https:\/\/app.visiodrom.de\/wp-content\/uploads\/BAL_4664424.jpg 730w, https:\/\/app.visiodrom.de\/wp-content\/uploads\/BAL_4664424-243x300.jpg 243w\" sizes=\"auto, (max-width: 730px) 100vw, 730px\" \/>\n<figcaption class=\"gb-headline gb-headline-31d53748 gb-headline-text\"><strong>L&#8217;Arl\u00e9sienne (Madame Ginoux),<\/strong> febrero 1890<br>\u00d3leo sobre lienzo, 60 x 50 cm<br>Galleria Nazionale d&#8217;Arte Moderna Roma, Italia<\/figcaption>\n<\/figure>\n\n\n\n<figure class=\"gb-block-image gb-block-image-335454ae\"><img loading=\"lazy\" decoding=\"async\" width=\"730\" height=\"911\" class=\"gb-image gb-image-335454ae\" src=\"https:\/\/app.visiodrom.de\/wp-content\/uploads\/BAL_221092.jpg\" alt=\"\" title=\"BAL_221092\" srcset=\"https:\/\/app.visiodrom.de\/wp-content\/uploads\/BAL_221092.jpg 730w, https:\/\/app.visiodrom.de\/wp-content\/uploads\/BAL_221092-240x300.jpg 240w\" sizes=\"auto, (max-width: 730px) 100vw, 730px\" \/>\n<figcaption class=\"gb-headline gb-headline-2f8824da gb-headline-text\"><strong>El zuavo,<\/strong> junio 1888<br>\u00d3leo sobre lienzo, 81 x 65 cm<br>Colecci\u00f3n privada, Argentina<\/figcaption>\n<\/figure>\n\n\n\n<figure class=\"gb-block-image gb-block-image-48259a46\"><img loading=\"lazy\" decoding=\"async\" width=\"730\" height=\"918\" class=\"gb-image gb-image-48259a46\" src=\"https:\/\/app.visiodrom.de\/wp-content\/uploads\/BAL_30719.jpg\" alt=\"\" title=\"BAL_30719\" srcset=\"https:\/\/app.visiodrom.de\/wp-content\/uploads\/BAL_30719.jpg 730w, https:\/\/app.visiodrom.de\/wp-content\/uploads\/BAL_30719-239x300.jpg 239w\" sizes=\"auto, (max-width: 730px) 100vw, 730px\" \/>\n<figcaption class=\"gb-headline gb-headline-806ae362 gb-headline-text\"><strong>La nana (Augustine Roulin),<\/strong> enero 1889<br>\u00d3leo sobre lienzo, 93 x 73 cm<br>The Art Institute of Chicago, Estados Unidos<\/figcaption>\n<\/figure>\n\n\n\n<figure class=\"gb-block-image gb-block-image-c4a1860d\"><img loading=\"lazy\" decoding=\"async\" width=\"730\" height=\"725\" class=\"gb-image gb-image-c4a1860d\" src=\"https:\/\/app.visiodrom.de\/wp-content\/uploads\/BAL_4591676-1.jpg\" alt=\"\" title=\"JLJ4591676\" srcset=\"https:\/\/app.visiodrom.de\/wp-content\/uploads\/BAL_4591676-1.jpg 730w, https:\/\/app.visiodrom.de\/wp-content\/uploads\/BAL_4591676-1-300x298.jpg 300w, https:\/\/app.visiodrom.de\/wp-content\/uploads\/BAL_4591676-1-150x150.jpg 150w\" sizes=\"auto, (max-width: 730px) 100vw, 730px\" \/>\n<figcaption class=\"gb-headline gb-headline-288ba032 gb-headline-text\"><strong>Dos ni\u00f1as peque\u00f1as,<\/strong> junio 1890<br>\u00d3leo sobre lienzo, 51 x 51 cm<br>Mus\u00e9e d&#8217;Orsay Par\u00eds, Francia<\/figcaption>\n<\/figure>\n\n\n\n<figure class=\"gb-block-image gb-block-image-e65bcb05\"><img loading=\"lazy\" decoding=\"async\" width=\"730\" height=\"882\" class=\"gb-image gb-image-e65bcb05\" src=\"https:\/\/app.visiodrom.de\/wp-content\/uploads\/BAL_8610756.jpg\" alt=\"\" title=\"BAL_8610756\" srcset=\"https:\/\/app.visiodrom.de\/wp-content\/uploads\/BAL_8610756.jpg 730w, https:\/\/app.visiodrom.de\/wp-content\/uploads\/BAL_8610756-248x300.jpg 248w\" sizes=\"auto, (max-width: 730px) 100vw, 730px\" \/>\n<figcaption class=\"gb-headline gb-headline-2caae0d7 gb-headline-text\"><strong>Retrato de Joseph Roulin,<\/strong> marzo 1889<br>\u00d3leo sobre lienzo, 65 x 54 cm<br>Museo Kr\u00f6ller-M\u00fcller Otterlo, Pa\u00edses Bajos<\/figcaption>\n<\/figure>\n\n\n\n<figure class=\"gb-block-image gb-block-image-5431f2bd\"><img loading=\"lazy\" decoding=\"async\" width=\"730\" height=\"1017\" class=\"gb-image gb-image-5431f2bd\" src=\"https:\/\/app.visiodrom.de\/wp-content\/uploads\/BAL_5223.jpg\" alt=\"\" title=\"BAL_5223\" srcset=\"https:\/\/app.visiodrom.de\/wp-content\/uploads\/BAL_5223.jpg 730w, https:\/\/app.visiodrom.de\/wp-content\/uploads\/BAL_5223-215x300.jpg 215w\" sizes=\"auto, (max-width: 730px) 100vw, 730px\" \/>\n<figcaption class=\"gb-headline gb-headline-a1dffc0d gb-headline-text\"><strong>Retrato de Adeline Ravoux,<\/strong> junio 1890<br>\u00d3leo sobre lienzo, 74 x 55 cm<br>Colecci\u00f3n privada<\/figcaption>\n<\/figure>\n\n\n\n<figure class=\"gb-block-image gb-block-image-f7cffd69\"><img loading=\"lazy\" decoding=\"async\" width=\"730\" height=\"915\" class=\"gb-image gb-image-f7cffd69\" src=\"https:\/\/app.visiodrom.de\/wp-content\/uploads\/BAL_9035677-1.jpg\" alt=\"\" title=\"BAL_9035677\" srcset=\"https:\/\/app.visiodrom.de\/wp-content\/uploads\/BAL_9035677-1.jpg 730w, https:\/\/app.visiodrom.de\/wp-content\/uploads\/BAL_9035677-1-239x300.jpg 239w\" sizes=\"auto, (max-width: 730px) 100vw, 730px\" \/>\n<figcaption class=\"gb-headline gb-headline-928879bd gb-headline-text\"><strong>Retrato de un joven con aciano<\/strong><br>Junio 1890, \u00f3leo sobre lienzo, 41 x 32 cm<br>Colecci\u00f3n privada Dallas, Estados Unidos<\/figcaption>\n<\/figure>\n\n\n\n<figure class=\"gb-block-image gb-block-image-d2086831\"><img loading=\"lazy\" decoding=\"async\" width=\"730\" height=\"922\" class=\"gb-image gb-image-d2086831\" src=\"https:\/\/app.visiodrom.de\/wp-content\/uploads\/BAL_7063.jpg\" alt=\"\" title=\"BAL_7063\" srcset=\"https:\/\/app.visiodrom.de\/wp-content\/uploads\/BAL_7063.jpg 730w, https:\/\/app.visiodrom.de\/wp-content\/uploads\/BAL_7063-238x300.jpg 238w\" sizes=\"auto, (max-width: 730px) 100vw, 730px\" \/>\n<figcaption class=\"gb-headline gb-headline-e96da89e gb-headline-text\"><strong>Alexander Reid (marchante de arte),<\/strong> primavera 1887<br>\u00d3leo sobre cart\u00f3n, 42 x 34 cm<br>Art Gallery and Museum Glasgow, Gran Breta\u00f1a<\/figcaption>\n<\/figure>\n\n\n\n<figure class=\"gb-block-image gb-block-image-ba53ac18\"><img loading=\"lazy\" decoding=\"async\" width=\"730\" height=\"896\" class=\"gb-image gb-image-ba53ac18\" src=\"https:\/\/app.visiodrom.de\/wp-content\/uploads\/BAL_221903.jpg\" alt=\"\" title=\"BAL_221903\" srcset=\"https:\/\/app.visiodrom.de\/wp-content\/uploads\/BAL_221903.jpg 730w, https:\/\/app.visiodrom.de\/wp-content\/uploads\/BAL_221903-244x300.jpg 244w\" sizes=\"auto, (max-width: 730px) 100vw, 730px\" \/>\n<figcaption class=\"gb-headline gb-headline-9a57131c gb-headline-text\"><strong>Retrato de Patience Escalier,<\/strong> agosto 1888<br>\u00d3leo sobre lienzo, 69 x 56 cm<br>Colecci\u00f3n Stavros S. Niarchos, Grecia<\/figcaption>\n<\/figure>\n\n\n\n<figure class=\"gb-block-image gb-block-image-928b9bae\"><img loading=\"lazy\" decoding=\"async\" width=\"730\" height=\"903\" class=\"gb-image gb-image-928b9bae\" src=\"https:\/\/app.visiodrom.de\/wp-content\/uploads\/BAL_60961.jpg\" alt=\"\" title=\"BAL_60961\" srcset=\"https:\/\/app.visiodrom.de\/wp-content\/uploads\/BAL_60961.jpg 730w, https:\/\/app.visiodrom.de\/wp-content\/uploads\/BAL_60961-243x300.jpg 243w\" sizes=\"auto, (max-width: 730px) 100vw, 730px\" \/>\n<figcaption class=\"gb-headline gb-headline-7afef26f gb-headline-text\"><strong>Retrato de Armand Roulin a los 17 a\u00f1os,<\/strong> nov.\/dic. 1888<br>\u00d3leo sobre lienzo, 65 x 54 cm<br>Museum Folkwang Essen, Alemania<\/figcaption>\n<\/figure>\n\n<\/div>\n\t\t\t\t\t\n\t\t\t\t<\/div>\n\t\t\t\t\n\t\t\t\t\n\t\t\t\n<\/div>\n\t\t\t\t<div class=\"controls-wrapper\">\n\t\t\t\t\t<div class=\"swiper-controls\">\n\t\t\t\t\t\t<span class=\"page-swiper-button-prev\"><\/span>\n\t\t\t\t\t\t<span class=\"page-swiper-button-next\"><\/span>\n\t\t\t\t\t<\/div>\n\t\t\t\t\t<div class=\"slider-menu\">\n\t\t\t\t\t\t\t\t<nav class=\"main-navigation has-menu-bar-items sub-menu-right\" id=\"site-navigation\" aria-label=\"Principal\"  itemtype=\"https:\/\/schema.org\/SiteNavigationElement\" itemscope>\n\t\t\t<div class=\"inside-navigation grid-container\">\n\t\t\t\t\t\t\t\t<button class=\"menu-toggle\" aria-controls=\"generate-slideout-menu\" aria-expanded=\"false\">\n\t\t\t\t\t<span class=\"gp-icon icon-menu-bars\"><svg viewBox=\"0 0 512 512\" aria-hidden=\"true\" xmlns=\"http:\/\/www.w3.org\/2000\/svg\" width=\"1em\" height=\"1em\"><path d=\"M0 96c0-13.255 10.745-24 24-24h464c13.255 0 24 10.745 24 24s-10.745 24-24 24H24c-13.255 0-24-10.745-24-24zm0 160c0-13.255 10.745-24 24-24h464c13.255 0 24 10.745 24 24s-10.745 24-24 24H24c-13.255 0-24-10.745-24-24zm0 160c0-13.255 10.745-24 24-24h464c13.255 0 24 10.745 24 24s-10.745 24-24 24H24c-13.255 0-24-10.745-24-24z\" \/><\/svg><svg viewBox=\"0 0 512 512\" aria-hidden=\"true\" xmlns=\"http:\/\/www.w3.org\/2000\/svg\" width=\"1em\" height=\"1em\"><path d=\"M71.029 71.029c9.373-9.372 24.569-9.372 33.942 0L256 222.059l151.029-151.03c9.373-9.372 24.569-9.372 33.942 0 9.372 9.373 9.372 24.569 0 33.942L289.941 256l151.03 151.029c9.372 9.373 9.372 24.569 0 33.942-9.373 9.372-24.569 9.372-33.942 0L256 289.941l-151.029 151.03c-9.373 9.372-24.569 9.372-33.942 0-9.372-9.373-9.372-24.569 0-33.942L222.059 256 71.029 104.971c-9.372-9.373-9.372-24.569 0-33.942z\" \/><\/svg><\/span><span class=\"mobile-menu\">Resumen del cap\u00edtulo<\/span>\t\t\t\t<\/button>\n\t\t\t\t<div class=\"menu-bar-items\"><\/div>\t\t\t<\/div>\n\t\t<\/nav>\n\t\t\t\t\t\t\t<\/div>\n\t\t\t\t<\/div>\n\t\t\t<\/div>\n\t\t\t\n\t\t\t\n<\/div>\n<\/section>","protected":false},"excerpt":{"rendered":"","protected":false},"author":1,"featured_media":0,"parent":0,"menu_order":5,"comment_status":"closed","ping_status":"closed","template":"","meta":{"footnotes":""},"class_list":["post-5601","page","type-page","status-publish"],"acf":[],"_links":{"self":[{"href":"https:\/\/app.visiodrom.de\/es\/wp-json\/wp\/v2\/pages\/5601","targetHints":{"allow":["GET"]}}],"collection":[{"href":"https:\/\/app.visiodrom.de\/es\/wp-json\/wp\/v2\/pages"}],"about":[{"href":"https:\/\/app.visiodrom.de\/es\/wp-json\/wp\/v2\/types\/page"}],"author":[{"embeddable":true,"href":"https:\/\/app.visiodrom.de\/es\/wp-json\/wp\/v2\/users\/1"}],"replies":[{"embeddable":true,"href":"https:\/\/app.visiodrom.de\/es\/wp-json\/wp\/v2\/comments?post=5601"}],"version-history":[{"count":1,"href":"https:\/\/app.visiodrom.de\/es\/wp-json\/wp\/v2\/pages\/5601\/revisions"}],"predecessor-version":[{"id":5602,"href":"https:\/\/app.visiodrom.de\/es\/wp-json\/wp\/v2\/pages\/5601\/revisions\/5602"}],"wp:attachment":[{"href":"https:\/\/app.visiodrom.de\/es\/wp-json\/wp\/v2\/media?parent=5601"}],"curies":[{"name":"wp","href":"https:\/\/api.w.org\/{rel}","templated":true}]}}