{"id":5583,"date":"2025-03-17T17:28:34","date_gmt":"2025-03-17T16:28:34","guid":{"rendered":"https:\/\/app-visiodrom.pixel-tal.de\/el-hermano-theo-van-gogh\/"},"modified":"2025-03-20T15:11:55","modified_gmt":"2025-03-20T14:11:55","slug":"el-hermano-theo-van-gogh","status":"publish","type":"page","link":"https:\/\/app.visiodrom.de\/es\/el-hermano-theo-van-gogh\/","title":{"rendered":"El hermano Theo van Gogh"},"content":{"rendered":"<section class=\"gb-container gb-container-d9d80a22\">\n<div class=\"gb-container gb-container-a6fda573\">\n\n\t\t\t<div class=\"page-slider swiper\">\n\t\t\t\t\t\t\t\t<div class=\"page-slider-inner swiper-wrapper\">\n\n\t\t\t\t\t\t\t\t\n\t\t\t\t<div id=\"slide-404e0bb3b3c73d91885f0fe2fc567060\" class=\"swiper-slide slide\">\n\n\t\t\t\t\t<div class=\"acf-innerblocks-container\">\n\n<p><strong>Un retrato enigm\u00e1tico<\/strong><\/p>\n\n\n\n<p>\u00bfConoce usted esta imagen? Tambi\u00e9n se encuentra en la sala con los numerosos autorretratos; sin embargo, la identidad del sujeto retratado permanece incierta. Los expertos discrepan sobre si representa a Vincent o a Theo van Gogh. Se ha descrito a ambos hermanos como muy similares en apariencia. Hasta la fecha, no se ha encontrado una prueba concluyente.    <br\/><br\/>El retrato es inusualmente peque\u00f1o, probablemente influenciado por la fotograf\u00eda, para la cual tales formatos eran t\u00edpicos. En una misiva dirigida a su hermano el 14 de diciembre de 1885, Vincent explic\u00f3: <strong>\u00ab<\/strong>Y no abandono mi idea sobre los retratos, [&#8230;] para mostrar a las personas que hay algo m\u00e1s en el ser humano que lo que el fot\u00f3grafo puede extraer de \u00e9l con su m\u00e1quina.\u00bb <br\/><br\/>Con esto, Van Gogh anticipa el anhelo de capturar con su pintura lo que &#8216;es&#8217;, no lo que &#8216;se ve&#8217;. Para lograr este objetivo, rompe con las reglas formales que definen los estilos pict\u00f3ricos. <\/p>\n\n\n\n<figure class=\"gb-block-image gb-block-image-f6c197e5\"><img loading=\"lazy\" decoding=\"async\" width=\"730\" height=\"992\" class=\"gb-image gb-image-f6c197e5\" src=\"https:\/\/app.visiodrom.de\/wp-content\/uploads\/BAL_5403720.jpg\" alt=\"\" title=\"BAL_5403720\" srcset=\"https:\/\/app.visiodrom.de\/wp-content\/uploads\/BAL_5403720.jpg 730w, https:\/\/app.visiodrom.de\/wp-content\/uploads\/BAL_5403720-221x300.jpg 221w\" sizes=\"auto, (max-width: 730px) 100vw, 730px\" \/>\n<figcaption class=\"gb-headline gb-headline-1fb4522d gb-headline-text\"><strong>Autorretrato o retrato de Theo van Gogh,<\/strong> verano de 1887<br>\u00d3leo sobre cart\u00f3n, 19 x 14 cm<br>Museo Van Gogh, \u00c1msterdam, Pa\u00edses Bajos<\/figcaption>\n<\/figure>\n\n\n\n<p>Fue Theo van Gogh quien convenci\u00f3 a su hermano Vincent de convertirse en pintor. Lo apoy\u00f3 en todas las circunstancias de su vida y, como marchante de arte en Par\u00eds, siempre estuvo al tanto de las tendencias pict\u00f3ricas. Durante su estancia en Par\u00eds, Vincent vivi\u00f3 con su hermano. Tambi\u00e9n fue Theo quien persuadi\u00f3 a Paul Gauguin para que visitara a Vincent en su casa amarilla. Asimismo, el traslado de Vincent a Auvers-sur-Oise, cerca de Par\u00eds, al final de su vida, se debi\u00f3 al cuidado y amor de su omnipresente hermano.    <br\/><br\/>El hijo de Theo, Vincent Willem van Gogh, continu\u00f3 la obra de sus padres. En la d\u00e9cada de 1960, apoy\u00f3 la fundaci\u00f3n de un museo que hiciera accesible de forma permanente la obra de Van Gogh, y cedi\u00f3 todo el legado a la &#8216;Fundaci\u00f3n Vincent van Gogh&#8217;. En 1973 se inaugur\u00f3 el Museo Van Gogh en \u00c1msterdam, que hasta la fecha alberga la mayor colecci\u00f3n de sus obras en el mundo.  <\/p>\n\n\n\n<figure class=\"gb-block-image gb-block-image-12092769\"><img loading=\"lazy\" decoding=\"async\" width=\"730\" height=\"973\" class=\"gb-image gb-image-12092769\" src=\"https:\/\/app.visiodrom.de\/wp-content\/uploads\/BAL_3134776-1.jpg\" alt=\"\" title=\"BAL_3134776\" srcset=\"https:\/\/app.visiodrom.de\/wp-content\/uploads\/BAL_3134776-1.jpg 730w, https:\/\/app.visiodrom.de\/wp-content\/uploads\/BAL_3134776-1-225x300.jpg 225w\" sizes=\"auto, (max-width: 730px) 100vw, 730px\" \/>\n<figcaption class=\"gb-headline gb-headline-4874a8fe gb-headline-text\"><strong>Theodorus van Gogh<\/strong><br>fotografiado en 1889 en Par\u00eds<\/figcaption>\n<\/figure>\n\n\n\n<p class=\"has-text-align-center\"><strong>\u00ab<\/strong>Ves lo que he encontrado, mi trabajo; Y tambi\u00e9n ves<br\/>lo que no he encontrado, todo lo dem\u00e1s que se necesita para vivir.\u00bb<\/p>\n\n\n\n<p class=\"has-text-align-right\"><em>Carta (249) a Theo, julio de 1882<\/em><\/p>\n\n<\/div>\n\t\t\t\t\t\n\t\t\t\t<\/div>\n\t\t\t\t\n\t\t\t\t\n\t\t\t\n<\/div>\n\t\t\t\t<div class=\"controls-wrapper\">\n\t\t\t\t\t<div class=\"swiper-controls\">\n\t\t\t\t\t\t<span class=\"page-swiper-button-prev\"><\/span>\n\t\t\t\t\t\t<span class=\"page-swiper-button-next\"><\/span>\n\t\t\t\t\t<\/div>\n\t\t\t\t\t<div class=\"slider-menu\">\n\t\t\t\t\t\t\t\t<nav class=\"main-navigation has-menu-bar-items sub-menu-right\" id=\"site-navigation\" aria-label=\"Principal\"  itemtype=\"https:\/\/schema.org\/SiteNavigationElement\" itemscope>\n\t\t\t<div class=\"inside-navigation grid-container\">\n\t\t\t\t\t\t\t\t<button class=\"menu-toggle\" aria-controls=\"generate-slideout-menu\" aria-expanded=\"false\">\n\t\t\t\t\t<span class=\"gp-icon icon-menu-bars\"><svg viewBox=\"0 0 512 512\" aria-hidden=\"true\" xmlns=\"http:\/\/www.w3.org\/2000\/svg\" width=\"1em\" height=\"1em\"><path d=\"M0 96c0-13.255 10.745-24 24-24h464c13.255 0 24 10.745 24 24s-10.745 24-24 24H24c-13.255 0-24-10.745-24-24zm0 160c0-13.255 10.745-24 24-24h464c13.255 0 24 10.745 24 24s-10.745 24-24 24H24c-13.255 0-24-10.745-24-24zm0 160c0-13.255 10.745-24 24-24h464c13.255 0 24 10.745 24 24s-10.745 24-24 24H24c-13.255 0-24-10.745-24-24z\" \/><\/svg><svg viewBox=\"0 0 512 512\" aria-hidden=\"true\" xmlns=\"http:\/\/www.w3.org\/2000\/svg\" width=\"1em\" height=\"1em\"><path d=\"M71.029 71.029c9.373-9.372 24.569-9.372 33.942 0L256 222.059l151.029-151.03c9.373-9.372 24.569-9.372 33.942 0 9.372 9.373 9.372 24.569 0 33.942L289.941 256l151.03 151.029c9.372 9.373 9.372 24.569 0 33.942-9.373 9.372-24.569 9.372-33.942 0L256 289.941l-151.029 151.03c-9.373 9.372-24.569 9.372-33.942 0-9.372-9.373-9.372-24.569 0-33.942L222.059 256 71.029 104.971c-9.372-9.373-9.372-24.569 0-33.942z\" \/><\/svg><\/span><span class=\"mobile-menu\">Resumen del cap\u00edtulo<\/span>\t\t\t\t<\/button>\n\t\t\t\t<div class=\"menu-bar-items\"><\/div>\t\t\t<\/div>\n\t\t<\/nav>\n\t\t\t\t\t\t\t<\/div>\n\t\t\t\t<\/div>\n\t\t\t<\/div>\n\t\t\t\n\t\t\t\n<\/div>\n<\/section>","protected":false},"excerpt":{"rendered":"","protected":false},"author":1,"featured_media":0,"parent":0,"menu_order":7,"comment_status":"closed","ping_status":"closed","template":"","meta":{"footnotes":""},"class_list":["post-5583","page","type-page","status-publish"],"acf":[],"_links":{"self":[{"href":"https:\/\/app.visiodrom.de\/es\/wp-json\/wp\/v2\/pages\/5583","targetHints":{"allow":["GET"]}}],"collection":[{"href":"https:\/\/app.visiodrom.de\/es\/wp-json\/wp\/v2\/pages"}],"about":[{"href":"https:\/\/app.visiodrom.de\/es\/wp-json\/wp\/v2\/types\/page"}],"author":[{"embeddable":true,"href":"https:\/\/app.visiodrom.de\/es\/wp-json\/wp\/v2\/users\/1"}],"replies":[{"embeddable":true,"href":"https:\/\/app.visiodrom.de\/es\/wp-json\/wp\/v2\/comments?post=5583"}],"version-history":[{"count":1,"href":"https:\/\/app.visiodrom.de\/es\/wp-json\/wp\/v2\/pages\/5583\/revisions"}],"predecessor-version":[{"id":5584,"href":"https:\/\/app.visiodrom.de\/es\/wp-json\/wp\/v2\/pages\/5583\/revisions\/5584"}],"wp:attachment":[{"href":"https:\/\/app.visiodrom.de\/es\/wp-json\/wp\/v2\/media?parent=5583"}],"curies":[{"name":"wp","href":"https:\/\/api.w.org\/{rel}","templated":true}]}}