{"id":5411,"date":"2025-03-11T13:26:04","date_gmt":"2025-03-11T12:26:04","guid":{"rendered":"https:\/\/app-visiodrom.pixel-tal.de\/cabana\/"},"modified":"2025-03-20T15:14:36","modified_gmt":"2025-03-20T14:14:36","slug":"cabana","status":"publish","type":"page","link":"https:\/\/app.visiodrom.de\/es\/cabana\/","title":{"rendered":"Estancia en los Pa\u00edses Bajos (caba\u00f1a)"},"content":{"rendered":"<section class=\"gb-container gb-container-d9d80a22\">\n<div class=\"gb-container gb-container-a6fda573\">\n\n\t\t\t<div class=\"page-slider swiper\">\n\t\t\t\t\t\t\t\t<div class=\"page-slider-inner swiper-wrapper\">\n\n\t\t\t\t\t\t\t\t\n\t\t\t\t<div id=\"slide-1dbbb3b8df5164eaee3697961017f3dd\" class=\"swiper-slide slide\">\n\n\t\t\t\t\t<div class=\"acf-innerblocks-container\">\n\n<div class=\"wp-block-pixel-headline headlines is-subheadline-bottom has-text-align-left\"><h3 class=\"headline\" style=\"color:\">Una vida por la fe<\/h3><\/div>\n\n\n\n<p><strong>Religi\u00f3n y naturaleza<\/strong><br\/><br\/>La religi\u00f3n cristiana ejerci\u00f3 una profunda influencia en la vida y la obra de Vincent van Gogh. Hasta los 26 a\u00f1os quiso ser sacerdote o misionero. Como hijo de sacerdote, creci\u00f3 siendo estrictamente religioso. Con el tiempo, la forma en que Vincent entend\u00eda la fe se fue alejando cada vez m\u00e1s de las ense\u00f1anzas de la Iglesia. Para \u00e9l, la fe estaba arraigada en la compasi\u00f3n de la gente corriente: trabajadores y campesinos. Ve\u00eda a Dios en todas partes: en la creaci\u00f3n del mundo, en los detalles de la naturaleza, en las personas&#8230; en todo lo que existe.     <\/p>\n\n\n\n<figure class=\"gb-block-image gb-block-image-09798e32\"><img loading=\"lazy\" decoding=\"async\" width=\"730\" height=\"605\" class=\"gb-image gb-image-09798e32\" src=\"https:\/\/app.visiodrom.de\/wp-content\/uploads\/BAL_1765526.jpg\" alt=\"\" title=\"BAL_1765526\" srcset=\"https:\/\/app.visiodrom.de\/wp-content\/uploads\/BAL_1765526.jpg 730w, https:\/\/app.visiodrom.de\/wp-content\/uploads\/BAL_1765526-300x249.jpg 300w\" sizes=\"auto, (max-width: 730px) 100vw, 730px\" \/>\n<figcaption class=\"gb-headline gb-headline-9fdc44d8 gb-headline-text\"><strong>Naturaleza muerta con Biblia,<\/strong> abril de 1885<br>\u00d3leo sobre lienzo, 66 x 79 cm<br>Museo Van Gogh Amsterdam, Pa\u00edses Bajos<\/figcaption>\n<\/figure>\n\n\n\n<p>En esta obra, Vincent van Gogh muestra su actitud hacia la fe y la iluminaci\u00f3n. La Biblia ocupa la mayor parte del cuadro. En primer plano, la novela de \u00c9mile Zola <strong>\u00bb<\/strong>La alegr\u00eda de vivir\u00bb (<strong>\u00bb<\/strong>La joie de vivre\u00bb) destaca en primer plano, s\u00edmbolo del pensamiento moderno e ilustrado. La vela del cuadro se ha apagado, su luz no conecta los libros. Queda por ver por qu\u00e9 escuela de pensamiento se decanta Vincent.    <\/p>\n\n<\/div>\n\t\t\t\t\t\n\t\t\t\t<\/div>\n\t\t\t\t\n\t\t\t\t\n\t\t\t\n\n\n\t\t\t\t\t\t\t\t\n\t\t\t\t<div id=\"slide-1dbbb3b8df5164eaee3697961017f3dd\" class=\"swiper-slide slide\">\n\n\t\t\t\t\t<div class=\"acf-innerblocks-container\">\n\n<div class=\"wp-block-pixel-headline headlines is-subheadline-bottom has-text-align-left\"><h3 class=\"headline\" style=\"color:\">Los comienzos<\/h3><\/div>\n\n\n\n<div class=\"wp-block-pixel-headline headlines is-subheadline-bottom has-text-align-left\"><h4 class=\"headline\" style=\"color:\">Homenaje a la dura vida en el campo<\/h4><\/div>\n\n\n\n<p>En este cuadro, Van Gogh capta el humor y la dureza de la sencilla vida campesina. La paleta de colores consiste en tonos pardos oscuros. Las figuras parecen relajadas. A Vincent le impresion\u00f3 la original franqueza de esa vida:   <br\/><strong><strong>\u00bb<\/strong><\/strong>[&#8230;] que estas personas [&#8230;] han trabajado ellas mismas la tierra con sus manos, que han echado en el cuenco [&#8230;] y se han ganado as\u00ed honradamente su alimento.<strong>\u00bb<\/strong><\/p>\n\n\n\n<p>El cuadro fue muy criticado en su momento por su car\u00e1cter tosco y sus colores oscuros. Para Van Gogh, sin embargo, el mensaje del cuadro era m\u00e1s importante que la perfecci\u00f3n t\u00e9cnica. Documenta el profundo respeto de Van Gogh por la clase obrera y muestra su desarrollo como pintor realista. Hoy en d\u00eda, este cuadro se considera una obra maestra de su primera etapa y es una de sus pinturas m\u00e1s famosas.   <\/p>\n\n\n\n<figure class=\"gb-block-image gb-block-image-57428d64\"><img loading=\"lazy\" decoding=\"async\" width=\"730\" height=\"518\" class=\"gb-image gb-image-57428d64\" src=\"https:\/\/app.visiodrom.de\/wp-content\/uploads\/BAL_1765540.jpg\" alt=\"\" title=\"BAL_1765540\" srcset=\"https:\/\/app.visiodrom.de\/wp-content\/uploads\/BAL_1765540.jpg 730w, https:\/\/app.visiodrom.de\/wp-content\/uploads\/BAL_1765540-300x213.jpg 300w\" sizes=\"auto, (max-width: 730px) 100vw, 730px\" \/>\n<figcaption class=\"gb-headline gb-headline-462a9c3e gb-headline-text\"><strong>Los comedores de patatas,<\/strong> abril de 1885<br>\u00d3leo sobre lienzo, 82 x 115 cm<br>Museo Van Gogh Amsterdam, Pa\u00edses Bajos<\/figcaption>\n<\/figure>\n\n\n\n<h4 class=\"gb-headline gb-headline-5b895480 gb-headline-text\">La familia Van Gogh<\/h4>\n\n\n<div class=\"gb-grid-wrapper gb-grid-wrapper-c82f257c\">\n<div class=\"gb-grid-column gb-grid-column-59c410a9\"><div class=\"gb-container gb-container-59c410a9\">\n\n<figure class=\"gb-block-image gb-block-image-52909b1f\"><img loading=\"lazy\" decoding=\"async\" width=\"730\" height=\"1047\" class=\"gb-image gb-image-52909b1f\" src=\"https:\/\/app.visiodrom.de\/wp-content\/uploads\/Father_of_Van_Gogh.png\" alt=\"\" title=\"Father_of_Van_Gogh\" srcset=\"https:\/\/app.visiodrom.de\/wp-content\/uploads\/Father_of_Van_Gogh.png 730w, https:\/\/app.visiodrom.de\/wp-content\/uploads\/Father_of_Van_Gogh-209x300.png 209w, https:\/\/app.visiodrom.de\/wp-content\/uploads\/Father_of_Van_Gogh-714x1024.png 714w\" sizes=\"auto, (max-width: 730px) 100vw, 730px\" \/>\n<figcaption class=\"gb-headline gb-headline-f0577dd9 gb-headline-text\">Padre Theodorus van Gogh<br>(1822-1885)<\/figcaption>\n<\/figure>\n\n\n\n<figure class=\"gb-block-image gb-block-image-6e698151\"><img loading=\"lazy\" decoding=\"async\" width=\"730\" height=\"973\" class=\"gb-image gb-image-6e698151\" src=\"https:\/\/app.visiodrom.de\/wp-content\/uploads\/BAL_5362404-1.jpg\" alt=\"\" title=\"BAL_5362404\" srcset=\"https:\/\/app.visiodrom.de\/wp-content\/uploads\/BAL_5362404-1.jpg 730w, https:\/\/app.visiodrom.de\/wp-content\/uploads\/BAL_5362404-1-225x300.jpg 225w\" sizes=\"auto, (max-width: 730px) 100vw, 730px\" \/>\n<figcaption class=\"gb-headline gb-headline-5b756296 gb-headline-text\">Vincent van Gogh en 1871 a la edad de 18 a\u00f1os<\/figcaption>\n<\/figure>\n\n<\/div><\/div>\n\n<div class=\"gb-grid-column gb-grid-column-7f4d823f\"><div class=\"gb-container gb-container-7f4d823f\">\n\n<figure class=\"gb-block-image gb-block-image-3703f786\"><img loading=\"lazy\" decoding=\"async\" width=\"730\" height=\"1047\" class=\"gb-image gb-image-3703f786\" src=\"https:\/\/app.visiodrom.de\/wp-content\/uploads\/Mother_of_Van_Gogh.png\" alt=\"\" title=\"Mother_of_Van_Gogh\" srcset=\"https:\/\/app.visiodrom.de\/wp-content\/uploads\/Mother_of_Van_Gogh.png 730w, https:\/\/app.visiodrom.de\/wp-content\/uploads\/Mother_of_Van_Gogh-209x300.png 209w, https:\/\/app.visiodrom.de\/wp-content\/uploads\/Mother_of_Van_Gogh-714x1024.png 714w\" sizes=\"auto, (max-width: 730px) 100vw, 730px\" \/>\n<figcaption class=\"gb-headline gb-headline-09e9ddb7 gb-headline-text\">Madre Anna Cornelia van Gogh<br>de soltera Carbentus (1819-1907)<\/figcaption>\n<\/figure>\n\n\n\n<figure class=\"gb-block-image gb-block-image-a16495a2\"><img loading=\"lazy\" decoding=\"async\" width=\"730\" height=\"973\" class=\"gb-image gb-image-a16495a2\" src=\"https:\/\/app.visiodrom.de\/wp-content\/uploads\/BAL_3134776-1.jpg\" alt=\"\" title=\"BAL_3134776\" srcset=\"https:\/\/app.visiodrom.de\/wp-content\/uploads\/BAL_3134776-1.jpg 730w, https:\/\/app.visiodrom.de\/wp-content\/uploads\/BAL_3134776-1-225x300.jpg 225w\" sizes=\"auto, (max-width: 730px) 100vw, 730px\" \/>\n<figcaption class=\"gb-headline gb-headline-a4b61cbc gb-headline-text\">El hermano menor de Vincent, Theodorus van Gogh, llamado Theo (1857-1891), fotografiado hacia 1889<\/figcaption>\n<\/figure>\n\n<\/div><\/div>\n<\/div>\n\n\n<p>Vincent van Gogh naci\u00f3 el 30 de marzo de 1853 en el pueblo de Zundert, al sur de Holanda. Su padre, Theodorus, era un sacerdote profundamente religioso y conservador, mientras que su madre, Anna, cuidaba del joven Vincent con m\u00e1s que cari\u00f1o. Su primer hijo, que tambi\u00e9n se llamaba Vincent, hab\u00eda nacido muerto exactamente un a\u00f1o antes. Y la familia sigui\u00f3 creciendo: Vincent ten\u00eda cinco hermanos peque\u00f1os: tres hermanas y dos hermanos, incluido su amigo de toda la vida Theodorus, conocido como Theo.   <\/p>\n\n\n\n<p>La extensa familia Van Gogh era considerablemente m\u00e1s rica y privilegiada que la pobre poblaci\u00f3n rural que Vincent pint\u00f3 con tanta pasi\u00f3n en sus primeros a\u00f1os. Entre ellos estaban el t\u00edo \u00abJan\u00bb, contraalmirante de la marina, y el t\u00edo \u00abCent\u00bb, cofundador del concesionario de arte Goupil &amp; Cie, que form\u00f3 a Vincent y Theo en la sucursal de La Haya. <\/p>\n\n\n\n<p><strong>El hermano insustituible<\/strong><\/p>\n\n\n\n<p>La relaci\u00f3n entre Vincent van Gogh y su hermano menor Theo era excepcionalmente estrecha. 652 cartas conservadas documentan c\u00f3mo Vincent compart\u00eda su vida, su obra y sus pensamientos m\u00e1s \u00edntimos con Theo. Especialmente en tiempos de enfermedad y duda, Theo apoy\u00f3 a Vincent como su consejero, mecenas, cr\u00edtico y amigo m\u00e1s \u00edntimo. Como marchante de arte de \u00e9xito, Theo contribuy\u00f3 decisivamente al desarrollo art\u00edstico de Vincent. La vida y la obra de Vincent habr\u00edan sido inimaginables sin el apoyo financiero y moral de Theo.    <\/p>\n\n\n\n<p><strong>Naturaleza<\/strong><\/p>\n\n\n\n<p>A la familia Van Gogh le encantaban los largos paseos por la campi\u00f1a circundante, lo que despert\u00f3 en Vincent una profunda conexi\u00f3n con la naturaleza a una edad temprana. Su fuerza primigenia y la dura vida de los campesinos le impresionaron mucho m\u00e1s que la escuela, que termin\u00f3 a los 15 a\u00f1os sin ning\u00fan t\u00edtulo. <\/p>\n\n\n\n<p>Vincent siempre dibuj\u00f3 con regularidad, pero no se decidi\u00f3 finalmente a convertirse en pintor hasta los 27 a\u00f1os. En su primera y temprana etapa, se ve\u00eda a s\u00ed mismo como un <strong>\u00bb<\/strong>pintor de jornaleros y campesinos\u00bb. Sus obras de este periodo se caracterizaban por los tonos marrones terrosos de los campos que defin\u00edan la vida de la gente corriente.  <\/p>\n\n\n\n<figure class=\"gb-block-image gb-block-image-0d55efa5\"><img loading=\"lazy\" decoding=\"async\" width=\"730\" height=\"609\" class=\"gb-image gb-image-0d55efa5\" src=\"https:\/\/app.visiodrom.de\/wp-content\/uploads\/BAL_8604955.jpg\" alt=\"\" title=\"BAL_8604955\" srcset=\"https:\/\/app.visiodrom.de\/wp-content\/uploads\/BAL_8604955.jpg 730w, https:\/\/app.visiodrom.de\/wp-content\/uploads\/BAL_8604955-300x250.jpg 300w\" sizes=\"auto, (max-width: 730px) 100vw, 730px\" \/>\n<figcaption class=\"gb-headline gb-headline-3a3a8468 gb-headline-text\"><strong>Choza de paja al atardecer,<\/strong> mayo de 1885<br>\u00d3leo sobre lienzo, 66 x 79 cm<br>Museo Van Gogh Amsterdam, Pa\u00edses Bajos<\/figcaption>\n<\/figure>\n\n\n\n<p>La caba\u00f1a en la que te encuentras est\u00e1 inspirada en este motivo t\u00edpico de Vincent van Gogh. Llam\u00f3 a estas modestas granjas <strong>\u00bb<\/strong>nidos de gente\u00bb, subrayando su efecto protector. <\/p>\n\n\n\n<figure class=\"gb-block-image gb-block-image-4cd8091e\"><img loading=\"lazy\" decoding=\"async\" width=\"730\" height=\"943\" class=\"gb-image gb-image-4cd8091e\" src=\"https:\/\/app.visiodrom.de\/wp-content\/uploads\/BAL_3106588.jpg\" alt=\"\" title=\"BAL_3106588\" srcset=\"https:\/\/app.visiodrom.de\/wp-content\/uploads\/BAL_3106588.jpg 730w, https:\/\/app.visiodrom.de\/wp-content\/uploads\/BAL_3106588-232x300.jpg 232w\" sizes=\"auto, (max-width: 730px) 100vw, 730px\" \/>\n<figcaption class=\"gb-headline gb-headline-f2846455 gb-headline-text\"><strong>Cabeza de campesina con bonete blanco<br>(Gordina de Groot),<\/strong> marzo de 1885<br>\u00d3leo sobre lienzo, 33 x 43 cm<br>Museo Van Gogh Amsterdam, Pa\u00edses Bajos<\/figcaption>\n<\/figure>\n\n\n\n<p>Van Gogh pint\u00f3 mucho en serie. En la primavera de 1885, realiz\u00f3 muchos retratos de campesinas. Le fascinaba el contraste entre sus tradicionales bonetes blancos y sus rostros oscuros y curtidos.  <\/p>\n\n\n\n<p>Entre los retratos de campesinos de este periodo, \u00e9ste es el \u00fanico en el que se conoce el nombre de la modelo: Gordina de Groot. Tambi\u00e9n se la puede ver en el cuadro <strong>\u00bb<\/strong>Los comedores de patatas\u00bb. <\/p>\n\n\n\n<figure class=\"gb-block-image gb-block-image-a8f18419\"><img loading=\"lazy\" decoding=\"async\" width=\"730\" height=\"505\" class=\"gb-image gb-image-a8f18419\" src=\"https:\/\/app.visiodrom.de\/wp-content\/uploads\/BAL_5404423.jpg\" alt=\"\" title=\"BAL_5404423\" srcset=\"https:\/\/app.visiodrom.de\/wp-content\/uploads\/BAL_5404423.jpg 730w, https:\/\/app.visiodrom.de\/wp-content\/uploads\/BAL_5404423-300x208.jpg 300w\" sizes=\"auto, (max-width: 730px) 100vw, 730px\" \/>\n<figcaption class=\"gb-headline gb-headline-b783784f gb-headline-text\"><strong>Playa de Scheveningen con tiempo tormentoso,<\/strong> agosto de 1882<br>\u00d3leo sobre papel y lienzo, 36 x 52 cm<br>Museo Van Gogh Amsterdam, Pa\u00edses Bajos<\/figcaption>\n<\/figure>\n\n\n\n<p><strong>\u00bb<\/strong>Las olas se suced\u00edan tan deprisa que una desplazaba a la otra y el choque de las masas de agua creaba una especie de espuma [&#8230;], tanto m\u00e1s impresionante si la observabas durante m\u00e1s tiempo, pues hac\u00eda muy poco ruido. El mar ten\u00eda el color del agua sucia y jabonosa.\u00bb<br\/> As\u00ed describ\u00eda Vincent el cuadro en una carta a su hermano Theo el 26 de agosto de 1882. Se mostraba como un observador preciso de las fuerzas de la naturaleza y las plasmaba con la misma precisi\u00f3n en el lienzo.  <\/p>\n\n<\/div>\n\t\t\t\t\t\n\t\t\t\t<\/div>\n\t\t\t\t\n\t\t\t\t\n\t\t\t\n\n\n\t\t\t\t\t\t\t\t\n\t\t\t\t<div id=\"slide-1dbbb3b8df5164eaee3697961017f3dd\" class=\"swiper-slide slide\">\n\n\t\t\t\t\t<div class=\"acf-innerblocks-container\">\n\n<p><strong>Art\u00edsticamente un hijo de su tiempo<\/strong><\/p>\n\n\n\n<p>Vincent van Gogh naci\u00f3 en los albores de la industrializaci\u00f3n. Le fascinaban especialmente los telares de las estrechas granjas. En abril de 1884, le dijo a su hermano Theo: <strong>\u00bb<\/strong>&#8216;A\u00fan tendr\u00e9 mucho trabajo duro en estos telares, pero en realidad las cosas son tan hermosas -toda esa vieja madera de roble contra una pared gris\u00e1cea- que me parece correcto pintarlas&#8217;.\u00bb Van Gogh pensaba intensamente en el efecto y el mensaje de sus cuadros. Su deseo era conmover a la gente, despertar su fascinaci\u00f3n y explicar el mundo a trav\u00e9s de la pintura, ya fuera a trav\u00e9s de un telar o de la belleza de la naturaleza.  <\/p>\n\n\n\n<figure class=\"gb-block-image gb-block-image-a6c2c77b\"><img loading=\"lazy\" decoding=\"async\" width=\"730\" height=\"589\" class=\"gb-image gb-image-a6c2c77b\" src=\"https:\/\/app.visiodrom.de\/wp-content\/uploads\/BAL_6383801.jpg\" alt=\"\" title=\"BAL_6383801\" srcset=\"https:\/\/app.visiodrom.de\/wp-content\/uploads\/BAL_6383801.jpg 730w, https:\/\/app.visiodrom.de\/wp-content\/uploads\/BAL_6383801-300x242.jpg 300w\" sizes=\"auto, (max-width: 730px) 100vw, 730px\" \/>\n<figcaption class=\"gb-headline gb-headline-7e68c43f gb-headline-text\"><strong>Tejedor en el telar,<\/strong> mayo de 1884<br>\u00d3leo sobre lienzo, 70 x 85 cm<br>Museo Kr\u00f6ller-M\u00fcller, Pa\u00edses Bajos<\/figcaption>\n<\/figure>\n\n\n\n<p>Contra la pared de color claro, la figura de la tejedora casi se funde con la poderosa m\u00e1quina. La luz de la peque\u00f1a l\u00e1mpara situada a la derecha del cuadro no es suficiente para iluminar tan intensamente la pared del fondo. Sin embargo, Van Gogh necesita la superficie brillante para resaltar los detalles del telar.  <\/p>\n\n\n\n<p><strong>Naturaleza muerta &#8211; el principio de todo<\/strong><\/p>\n\n\n\n<p>Las naturalezas muertas son un reto pict\u00f3rico: el objetivo es extraer la poes\u00eda del momento de los motivos sencillos mediante el uso de la luz, la t\u00e9cnica pict\u00f3rica y el color, para crear un estado de \u00e1nimo tangible o un significado primordial. Las m\u00e1s de 170 naturalezas muertas creadas s\u00f3lo por Vincent van Gogh muestran su evoluci\u00f3n art\u00edstica desde sus oscuros comienzos hasta los girasoles de vivos colores. <\/p>\n\n\n\n<figure class=\"gb-block-image gb-block-image-19db9617\"><img loading=\"lazy\" decoding=\"async\" width=\"730\" height=\"449\" class=\"gb-image gb-image-19db9617\" src=\"https:\/\/app.visiodrom.de\/wp-content\/uploads\/BAL_8604957.jpg\" alt=\"\" title=\"BAL_8604957\" srcset=\"https:\/\/app.visiodrom.de\/wp-content\/uploads\/BAL_8604957.jpg 730w, https:\/\/app.visiodrom.de\/wp-content\/uploads\/BAL_8604957-300x185.jpg 300w\" sizes=\"auto, (max-width: 730px) 100vw, 730px\" \/>\n<figcaption class=\"gb-headline gb-headline-40a00521 gb-headline-text\"><strong>Bodeg\u00f3n con col y zuecos,<\/strong> noviembre de 1881<br>\u00d3leo sobre papel y madera, 35 x 55 cm<br>Museo Van Gogh Amsterdam, Pa\u00edses Bajos<\/figcaption>\n<\/figure>\n\n\n\n<p>Este bodeg\u00f3n es uno de los primeros cuadros de Van Gogh. En este primer intento al \u00f3leo, Vincent sigue luchando con las superficies de los distintos materiales. <\/p>\n\n\n\n<figure class=\"gb-block-image gb-block-image-d488959d\"><img loading=\"lazy\" decoding=\"async\" width=\"730\" height=\"554\" class=\"gb-image gb-image-d488959d\" src=\"https:\/\/app.visiodrom.de\/wp-content\/uploads\/BAL_115428.jpg\" alt=\"\" title=\"BAL_115428\" srcset=\"https:\/\/app.visiodrom.de\/wp-content\/uploads\/BAL_115428.jpg 730w, https:\/\/app.visiodrom.de\/wp-content\/uploads\/BAL_115428-300x228.jpg 300w\" sizes=\"auto, (max-width: 730px) 100vw, 730px\" \/>\n<figcaption class=\"gb-headline gb-headline-498f85ec gb-headline-text\"><strong>Bodeg\u00f3n con loza, vaso de cerveza y botellas,<\/strong> noviembre de 1884<br>\u00d3leo sobre lienzo y madera, 31 x 41 cm<br>Colecci\u00f3n particular, EE.UU.<\/figcaption>\n<\/figure>\n\n\n\n<p>Un retrato t\u00edpico de su \u00e9poca. Aqu\u00ed, Van Gogh utiliza la cer\u00e1mica y la cristaler\u00eda como motivo. \u00c9stos fueron de los primeros bienes que las f\u00e1bricas pudieron producir a gran escala.  <\/p>\n\n<\/div>\n\t\t\t\t\t\n\t\t\t\t<\/div>\n\t\t\t\t\n\t\t\t\t\n\t\t\t\n\n\n\t\t\t\t\t\t\t\t\n\t\t\t\t<div id=\"slide-1dbbb3b8df5164eaee3697961017f3dd\" class=\"swiper-slide slide\">\n\n\t\t\t\t\t<div class=\"acf-innerblocks-container\">\n\n<figure class=\"gb-block-image gb-block-image-48e4c3de\"><img loading=\"lazy\" decoding=\"async\" width=\"730\" height=\"297\" class=\"gb-image gb-image-48e4c3de\" src=\"https:\/\/app.visiodrom.de\/wp-content\/uploads\/BAL_166547.jpg\" alt=\"\" title=\"BAL_166547\" srcset=\"https:\/\/app.visiodrom.de\/wp-content\/uploads\/BAL_166547.jpg 730w, https:\/\/app.visiodrom.de\/wp-content\/uploads\/BAL_166547-300x122.jpg 300w\" sizes=\"auto, (max-width: 730px) 100vw, 730px\" \/>\n<figcaption class=\"gb-headline gb-headline-b42910c5 gb-headline-text\"><strong>Plantaci\u00f3n de patatas,<\/strong> septiembre de 1884<br>\u00d3leo sobre lienzo, 71 x 170 cm<br>Von der Heydt-Museum Wuppertal, Alemania<\/figcaption>\n<\/figure>\n\n\n\n<p>Art\u00edculo invitado: Descripci\u00f3n de im\u00e1genes por el Dr. Roland M\u00f6nig, Director<br\/>Von der Heydt-Museum, Wuppertal<br\/><br\/>El cuadro pertenece a un grupo de pinturas que el orfebre de Eindhoven Antoon Hermans encarg\u00f3 en 1884 para decorar una habitaci\u00f3n de su casa. Pretend\u00edan ilustrar las cuatro estaciones utilizando representaciones de la vida de los campesinos. Van Gogh eligi\u00f3 como motivos el sembrador, el labrador, la cosecha, la plantaci\u00f3n de patatas y -para el invierno- un pastor con un carro de bueyes.  <\/p>\n\n\n\n<p>El cuadro de Wuppertal es la obra m\u00e1s famosa de este ciclo, del que s\u00f3lo se conservan fragmentos. Marca un punto culminante en esta fase de la obra del artista. El cuadro obtiene su efecto especial de la raya de luz en el horizonte, un fen\u00f3meno natural observado con precisi\u00f3n que, sin duda, tambi\u00e9n ten\u00eda un significado religioso para el profundamente religioso Van Gogh.  <\/p>\n\n<\/div>\n\t\t\t\t\t\n\t\t\t\t<\/div>\n\t\t\t\t\n\t\t\t\t\n\t\t\t\n\n\n\t\t\t\t\t\t\t\t\n\t\t\t\t<div id=\"slide-1dbbb3b8df5164eaee3697961017f3dd\" class=\"swiper-slide slide\">\n\n\t\t\t\t\t<div class=\"acf-innerblocks-container\">\n\n<figure class=\"gb-block-image gb-block-image-3bd97627\"><img loading=\"lazy\" decoding=\"async\" width=\"730\" height=\"968\" class=\"gb-image gb-image-3bd97627\" src=\"https:\/\/app.visiodrom.de\/wp-content\/uploads\/BAL_7225175.jpg\" alt=\"\" title=\"BAL_7225175\" srcset=\"https:\/\/app.visiodrom.de\/wp-content\/uploads\/BAL_7225175.jpg 730w, https:\/\/app.visiodrom.de\/wp-content\/uploads\/BAL_7225175-226x300.jpg 226w\" sizes=\"auto, (max-width: 730px) 100vw, 730px\" \/>\n<figcaption class=\"gb-headline gb-headline-a7cd05b3 gb-headline-text\"><strong>Calavera con cigarrillo encendido,<\/strong> enero de 1886<br>\u00d3leo sobre lienzo, 32 x 25 cm<br>Museo Van Gogh Amsterdam, Pa\u00edses Bajos<\/figcaption>\n<\/figure>\n\n\n\n<figure class=\"gb-block-image gb-block-image-1c6b3113\"><img loading=\"lazy\" decoding=\"async\" width=\"730\" height=\"518\" class=\"gb-image gb-image-1c6b3113\" src=\"https:\/\/app.visiodrom.de\/wp-content\/uploads\/BAL_100768.jpg\" alt=\"\" title=\"BAL_100768\" srcset=\"https:\/\/app.visiodrom.de\/wp-content\/uploads\/BAL_100768.jpg 730w, https:\/\/app.visiodrom.de\/wp-content\/uploads\/BAL_100768-300x213.jpg 300w\" sizes=\"auto, (max-width: 730px) 100vw, 730px\" \/>\n<figcaption class=\"gb-headline gb-headline-381a3642 gb-headline-text\"><strong>Dos ratas,<\/strong> noviembre de 1884<br>\u00d3leo sobre madera, 30 x42 cm<br>Colecci\u00f3n particular<\/figcaption>\n<\/figure>\n\n\n\n<figure class=\"gb-block-image gb-block-image-28d3b072\"><img loading=\"lazy\" decoding=\"async\" width=\"730\" height=\"591\" class=\"gb-image gb-image-28d3b072\" src=\"https:\/\/app.visiodrom.de\/wp-content\/uploads\/BAL_433466.jpg\" alt=\"\" title=\"BAL_433466\" srcset=\"https:\/\/app.visiodrom.de\/wp-content\/uploads\/BAL_433466.jpg 730w, https:\/\/app.visiodrom.de\/wp-content\/uploads\/BAL_433466-300x243.jpg 300w\" sizes=\"auto, (max-width: 730px) 100vw, 730px\" \/>\n<figcaption class=\"gb-headline gb-headline-b6b0a979 gb-headline-text\"><strong>Un par de zapatos,<\/strong> primavera de 1887<br>\u00d3leo sobre lienzo, 38 x 46 cm<br>Colecci\u00f3n particular<\/figcaption>\n<\/figure>\n\n\n\n<figure class=\"gb-block-image gb-block-image-6732af60\"><img loading=\"lazy\" decoding=\"async\" width=\"730\" height=\"376\" class=\"gb-image gb-image-6732af60\" src=\"https:\/\/app.visiodrom.de\/wp-content\/uploads\/BAL_5404447.jpg\" alt=\"\" title=\"BAL_5404447\" srcset=\"https:\/\/app.visiodrom.de\/wp-content\/uploads\/BAL_5404447.jpg 730w, https:\/\/app.visiodrom.de\/wp-content\/uploads\/BAL_5404447-300x155.jpg 300w\" sizes=\"auto, (max-width: 730px) 100vw, 730px\" \/>\n<figcaption class=\"gb-headline gb-headline-03ca1f9c gb-headline-text\"><strong>El murci\u00e9lago,<\/strong> 2\u00aa mitad de 1886<br>\u00d3leo sobre lienzo, 41 x 79 cm<br>Museo Van Gogh Amsterdam, Pa\u00edses Bajos<\/figcaption>\n<\/figure>\n\n<\/div>\n\t\t\t\t\t\n\t\t\t\t<\/div>\n\t\t\t\t\n\t\t\t\t\n\t\t\t\n<\/div>\n\t\t\t\t<div class=\"controls-wrapper\">\n\t\t\t\t\t<div class=\"swiper-controls\">\n\t\t\t\t\t\t<span class=\"page-swiper-button-prev\"><\/span>\n\t\t\t\t\t\t<span class=\"page-swiper-button-next\"><\/span>\n\t\t\t\t\t<\/div>\n\t\t\t\t\t<div class=\"slider-menu\">\n\t\t\t\t\t\t\t\t<nav class=\"main-navigation has-menu-bar-items sub-menu-right\" id=\"site-navigation\" aria-label=\"Principal\"  itemtype=\"https:\/\/schema.org\/SiteNavigationElement\" itemscope>\n\t\t\t<div class=\"inside-navigation grid-container\">\n\t\t\t\t\t\t\t\t<button class=\"menu-toggle\" aria-controls=\"generate-slideout-menu\" aria-expanded=\"false\">\n\t\t\t\t\t<span class=\"gp-icon icon-menu-bars\"><svg viewBox=\"0 0 512 512\" aria-hidden=\"true\" xmlns=\"http:\/\/www.w3.org\/2000\/svg\" width=\"1em\" height=\"1em\"><path d=\"M0 96c0-13.255 10.745-24 24-24h464c13.255 0 24 10.745 24 24s-10.745 24-24 24H24c-13.255 0-24-10.745-24-24zm0 160c0-13.255 10.745-24 24-24h464c13.255 0 24 10.745 24 24s-10.745 24-24 24H24c-13.255 0-24-10.745-24-24zm0 160c0-13.255 10.745-24 24-24h464c13.255 0 24 10.745 24 24s-10.745 24-24 24H24c-13.255 0-24-10.745-24-24z\" \/><\/svg><svg viewBox=\"0 0 512 512\" aria-hidden=\"true\" xmlns=\"http:\/\/www.w3.org\/2000\/svg\" width=\"1em\" height=\"1em\"><path d=\"M71.029 71.029c9.373-9.372 24.569-9.372 33.942 0L256 222.059l151.029-151.03c9.373-9.372 24.569-9.372 33.942 0 9.372 9.373 9.372 24.569 0 33.942L289.941 256l151.03 151.029c9.372 9.373 9.372 24.569 0 33.942-9.373 9.372-24.569 9.372-33.942 0L256 289.941l-151.029 151.03c-9.373 9.372-24.569 9.372-33.942 0-9.372-9.373-9.372-24.569 0-33.942L222.059 256 71.029 104.971c-9.372-9.373-9.372-24.569 0-33.942z\" \/><\/svg><\/span><span class=\"mobile-menu\">Resumen del cap\u00edtulo<\/span>\t\t\t\t<\/button>\n\t\t\t\t<div class=\"menu-bar-items\"><\/div>\t\t\t<\/div>\n\t\t<\/nav>\n\t\t\t\t\t\t\t<\/div>\n\t\t\t\t<\/div>\n\t\t\t<\/div>\n\t\t\t\n\t\t\t\n<\/div>\n<\/section>","protected":false},"excerpt":{"rendered":"","protected":false},"author":1,"featured_media":0,"parent":0,"menu_order":2,"comment_status":"closed","ping_status":"closed","template":"","meta":{"footnotes":""},"class_list":["post-5411","page","type-page","status-publish"],"acf":[],"_links":{"self":[{"href":"https:\/\/app.visiodrom.de\/es\/wp-json\/wp\/v2\/pages\/5411","targetHints":{"allow":["GET"]}}],"collection":[{"href":"https:\/\/app.visiodrom.de\/es\/wp-json\/wp\/v2\/pages"}],"about":[{"href":"https:\/\/app.visiodrom.de\/es\/wp-json\/wp\/v2\/types\/page"}],"author":[{"embeddable":true,"href":"https:\/\/app.visiodrom.de\/es\/wp-json\/wp\/v2\/users\/1"}],"replies":[{"embeddable":true,"href":"https:\/\/app.visiodrom.de\/es\/wp-json\/wp\/v2\/comments?post=5411"}],"version-history":[{"count":3,"href":"https:\/\/app.visiodrom.de\/es\/wp-json\/wp\/v2\/pages\/5411\/revisions"}],"predecessor-version":[{"id":5615,"href":"https:\/\/app.visiodrom.de\/es\/wp-json\/wp\/v2\/pages\/5411\/revisions\/5615"}],"wp:attachment":[{"href":"https:\/\/app.visiodrom.de\/es\/wp-json\/wp\/v2\/media?parent=5411"}],"curies":[{"name":"wp","href":"https:\/\/api.w.org\/{rel}","templated":true}]}}