{"id":5349,"date":"2025-03-13T15:41:55","date_gmt":"2025-03-13T14:41:55","guid":{"rendered":"https:\/\/app-visiodrom.pixel-tal.de\/cartas\/"},"modified":"2025-03-21T10:48:33","modified_gmt":"2025-03-21T09:48:33","slug":"cartas","status":"publish","type":"page","link":"https:\/\/app.visiodrom.de\/es\/cartas\/","title":{"rendered":"Cartas"},"content":{"rendered":"<section class=\"gb-container gb-container-d9d80a22\">\n<div class=\"gb-container gb-container-a6fda573\">\n\n\t\t\t<div class=\"page-slider swiper\">\n\t\t\t\t\t\t\t\t<div class=\"page-slider-inner swiper-wrapper\">\n\n\t\t\t\t\t\t\t\t\n\t\t\t\t<div id=\"slide-55d777eb345b48f1bfa71ad45f403041\" class=\"swiper-slide slide\">\n\n\t\t\t\t\t<div class=\"acf-innerblocks-container\">\n\n<div class=\"wp-block-pixel-headline headlines is-subheadline-bottom has-text-align-left\"><h3 class=\"headline\" style=\"color:\"><strong>Una vida en cartas<\/strong><\/h3><\/div>\n\n\n\n<p>Vincent van Gogh ha dejado, adem\u00e1s de sus pinturas, cientos de cartas. De las m\u00e1s de 2.000 cartas que se dice que escribi\u00f3, se conservan 903. M\u00e1s de 600 de ellas fueron dirigidas a su hermano Theo, su confidente m\u00e1s importante y su mayor apoyo. Las cartas de Vincent van Gogh ofrecen una visi\u00f3n \u00fanica de su vida, sus pensamientos, la \u00e9poca en la que vivi\u00f3 y su arte.   <br><br>Las cartas contienen m\u00e1s de 240 bocetos, la mayor\u00eda de ellos de pinturas posteriores. El propio Vincent los llamaba &#8216;garabatos&#8217;. Por escrito, especialmente en las cartas a Theo, reflexionaba sobre las obras de otros artistas como Millet, Delacroix y Rembrandt, que le inspiraron. Para ser reconocido como artista en Francia, a partir de 1886 escribi\u00f3 todas sus cartas exclusivamente en franc\u00e9s, el idioma internacionalmente m\u00e1s importante.   <br><br>A la derecha puede observar una carta t\u00edpica de Vincent a su hermano. Est\u00e1 fechada el 29 de septiembre de 1888. Vincent se encontraba en Arles y estaba entusiasmado con la luz y el calor de all\u00ed, mientras que su hermano Theo, enfermo de la pierna, permanec\u00eda en Par\u00eds.  <br><br>Las cartas muestran a Vincent van Gogh como una persona sensible y reflexiva, impulsada por el anhelo de explicar el mundo a trav\u00e9s del arte y que, al mismo tiempo, buscaba una conexi\u00f3n con el mundo a trav\u00e9s del arte.<br><br>Vincent enviaba a su hermano, que segu\u00eda viviendo como marchante de arte en Par\u00eds, adem\u00e1s de las numerosas cartas, tambi\u00e9n sus pinturas, que Theo intentaba vender. Los mensajeros llevaban los lienzos enrollados o en cajas a Par\u00eds. Al principio, las pinturas eran una contrapartida moral, m\u00e1s tarde valiosa, por el hecho de que Theo apoyaba mensualmente a Vincent.  <\/p>\n\n<\/div>\n\t\t\t\t\t\n\t\t\t\t<\/div>\n\t\t\t\t\n\t\t\t\t\n\t\t\t\n\n\n\t\t\t\t\t\t\t\t\n\t\t\t\t<div id=\"slide-55d777eb345b48f1bfa71ad45f403041\" class=\"swiper-slide slide\">\n\n\t\t\t\t\t<div class=\"acf-innerblocks-container\">\n\n<figure class=\"gb-block-image gb-block-image-14aea125\"><img loading=\"lazy\" decoding=\"async\" width=\"730\" height=\"1115\" class=\"gb-image gb-image-14aea125\" src=\"https:\/\/app.visiodrom.de\/wp-content\/uploads\/brief_1.jpg\" alt=\"\" title=\"brief_1\" srcset=\"https:\/\/app.visiodrom.de\/wp-content\/uploads\/brief_1.jpg 730w, https:\/\/app.visiodrom.de\/wp-content\/uploads\/brief_1-196x300.jpg 196w, https:\/\/app.visiodrom.de\/wp-content\/uploads\/brief_1-670x1024.jpg 670w\" sizes=\"auto, (max-width: 730px) 100vw, 730px\" \/><\/figure>\n\n\n\n<p><strong>1 | Un comienzo t\u00edpico<\/strong><\/p>\n\n\n\n<p>Vincent a menudo agradec\u00eda inicialmente el apoyo de su hermano.<\/p>\n\n\n\n<p>\u00bbMi querido Theo:<br>Muchas gracias por tu carta y el billete de 50 francos que conten\u00eda. No parece halag\u00fce\u00f1o si los dolores en tu pierna han vuelto &#8211; Dios m\u00edo -, deber\u00eda ser posible que t\u00fa tambi\u00e9n vivas en el sur, pues constantemente pienso que necesitamos el sol y el buen tiempo y el aire azul como el remedio m\u00e1s fiable.\u00bb<\/p>\n\n\n\n<p><strong>2 | El anhelo por los amigos<\/strong><\/p>\n\n\n\n<p>Vincent sent\u00eda anticipaci\u00f3n por su colonia de artistas en el sur.<\/p>\n\n\n\n<p>\u00bbCu\u00e1nto pienso en ti y en Gauguin y en Bernard, a cada momento y en todas partes. Es tan hermoso y desear\u00eda tanto ver a todos aqu\u00ed.\u00bb<\/p>\n\n\n\n<p><strong>3 | Discusi\u00f3n sobre arte<\/strong><\/p>\n\n\n\n<p>Aqu\u00ed Vincent describi\u00f3 detalladamente su pintura &#8216;Noche estrellada sobre el R\u00f3dano&#8217; e incluy\u00f3 un boceto.<\/p>\n\n<\/div>\n\t\t\t\t\t\n\t\t\t\t<\/div>\n\t\t\t\t\n\t\t\t\t\n\t\t\t\n\n\n\t\t\t\t\t\t\t\t\n\t\t\t\t<div id=\"slide-55d777eb345b48f1bfa71ad45f403041\" class=\"swiper-slide slide\">\n\n\t\t\t\t\t<div class=\"acf-innerblocks-container\">\n\n<figure class=\"gb-block-image gb-block-image-b9ae6ea9\"><img loading=\"lazy\" decoding=\"async\" width=\"730\" height=\"976\" class=\"gb-image gb-image-b9ae6ea9\" src=\"https:\/\/app.visiodrom.de\/wp-content\/uploads\/brief_2.jpg\" alt=\"\" title=\"brief_2\" srcset=\"https:\/\/app.visiodrom.de\/wp-content\/uploads\/brief_2.jpg 730w, https:\/\/app.visiodrom.de\/wp-content\/uploads\/brief_2-224x300.jpg 224w\" sizes=\"auto, (max-width: 730px) 100vw, 730px\" \/><\/figure>\n\n\n\n<p><strong>4 | <\/strong>Sigui\u00f3 otra descripci\u00f3n con un boceto de la pintura &#8216;La casa amarilla&#8217;.<\/p>\n\n\n\n<p><strong>5 | Trabajo y religi\u00f3n<\/strong><\/p>\n\n\n\n<p>Vincent parec\u00eda refugiarse tambi\u00e9n en la pintura. El tema de la religi\u00f3n nunca le abandon\u00f3 y probablemente fue tambi\u00e9n la motivaci\u00f3n para la pintura &#8216;Noche estrellada sobre el R\u00f3dano&#8217;. <\/p>\n\n\n\n<p>\u00bbY me hace bien hacer algo dif\u00edcil. Eso no cambia el hecho de que tengo una terrible necesidad de, \u00bfdebo decir la palabra? &#8211; religi\u00f3n &#8211; as\u00ed que salgo por la noche a pintar las estrellas, y sue\u00f1o constantemente con un cuadro as\u00ed con un grupo de figuras vivas, los amigos.\u00bb<\/p>\n\n\n\n<figure class=\"gb-block-image gb-block-image-0d19125d\"><img loading=\"lazy\" decoding=\"async\" width=\"730\" height=\"1130\" class=\"gb-image gb-image-0d19125d\" src=\"https:\/\/app.visiodrom.de\/wp-content\/uploads\/brief_3.jpg\" alt=\"\" title=\"brief_3\" srcset=\"https:\/\/app.visiodrom.de\/wp-content\/uploads\/brief_3.jpg 730w, https:\/\/app.visiodrom.de\/wp-content\/uploads\/brief_3-194x300.jpg 194w, https:\/\/app.visiodrom.de\/wp-content\/uploads\/brief_3-662x1024.jpg 662w\" sizes=\"auto, (max-width: 730px) 100vw, 730px\" \/><\/figure>\n\n<\/div>\n\t\t\t\t\t\n\t\t\t\t<\/div>\n\t\t\t\t\n\t\t\t\t\n\t\t\t\n\n\n\t\t\t\t\t\t\t\t\n\t\t\t\t<div id=\"slide-55d777eb345b48f1bfa71ad45f403041\" class=\"swiper-slide slide\">\n\n\t\t\t\t\t<div class=\"acf-innerblocks-container\">\n\n<figure class=\"gb-block-image gb-block-image-8ea1c112\"><img loading=\"lazy\" decoding=\"async\" width=\"730\" height=\"1117\" class=\"gb-image gb-image-8ea1c112\" src=\"https:\/\/app.visiodrom.de\/wp-content\/uploads\/brief_4.jpg\" alt=\"\" title=\"brief_4\" srcset=\"https:\/\/app.visiodrom.de\/wp-content\/uploads\/brief_4.jpg 730w, https:\/\/app.visiodrom.de\/wp-content\/uploads\/brief_4-196x300.jpg 196w, https:\/\/app.visiodrom.de\/wp-content\/uploads\/brief_4-669x1024.jpg 669w\" sizes=\"auto, (max-width: 730px) 100vw, 730px\" \/><\/figure>\n\n\n\n<p><strong>6 | Confianza en el propio gusto<\/strong><\/p>\n\n\n\n<p>\u00bfPintar seg\u00fan la propia convicci\u00f3n o para la venta? Una pregunta que todo pintor debe plantearse. La respuesta de Van Gogh a esto muestra cu\u00e1n en serio se tomaba la pintura. <br><br>\u00bbCada vez m\u00e1s creo que debemos creer que el verdadero y correcto comercio de cuadros consiste en confiar en el propio gusto, en la educaci\u00f3n ganada ante los maestros, en una palabra, en la propia fe. No es m\u00e1s f\u00e1cil, estoy convencido, hacer un buen cuadro que encontrar un diamante o una perla, requiere esfuerzo, y uno arriesga su vida en ello, tanto como comerciante como artista.\u00bb<\/p>\n\n<\/div>\n\t\t\t\t\t\n\t\t\t\t<\/div>\n\t\t\t\t\n\t\t\t\t\n\t\t\t\n\n\n\t\t\t\t\t\t\t\t\n\t\t\t\t<div id=\"slide-55d777eb345b48f1bfa71ad45f403041\" class=\"swiper-slide slide\">\n\n\t\t\t\t\t<div class=\"acf-innerblocks-container\">\n\n<figure class=\"gb-block-image gb-block-image-1027ba3f\"><img loading=\"lazy\" decoding=\"async\" width=\"730\" height=\"1124\" class=\"gb-image gb-image-1027ba3f\" src=\"https:\/\/app.visiodrom.de\/wp-content\/uploads\/brief_5.jpg\" alt=\"\" title=\"brief_5\" srcset=\"https:\/\/app.visiodrom.de\/wp-content\/uploads\/brief_5.jpg 730w, https:\/\/app.visiodrom.de\/wp-content\/uploads\/brief_5-195x300.jpg 195w, https:\/\/app.visiodrom.de\/wp-content\/uploads\/brief_5-665x1024.jpg 665w\" sizes=\"auto, (max-width: 730px) 100vw, 730px\" \/><\/figure>\n\n\n\n<p><strong>7 | Intercambio de cuadros<\/strong><\/p>\n\n\n\n<p>Aqu\u00ed Van Gogh habla de su amigo Paul-Eug\u00e8ne Milliet &#8211; un teniente al que admiraba por sus escapadas amorosas (por eso su retrato se llama hoy &#8216;El amante&#8217;).<br><br>\u00bbMilliet te env\u00eda saludos cordiales, ahora tengo su retrato con la gorra roja sobre fondo esmeralda, y en este fondo los signos de su regimiento, la media luna y una estrella de 5 puntas.\u00bb<\/p>\n\n<\/div>\n\t\t\t\t\t\n\t\t\t\t<\/div>\n\t\t\t\t\n\t\t\t\t\n\t\t\t\n\n\n\t\t\t\t\t\t\t\t\n\t\t\t\t<div id=\"slide-55d777eb345b48f1bfa71ad45f403041\" class=\"swiper-slide slide\">\n\n\t\t\t\t\t<div class=\"acf-innerblocks-container\">\n\n<figure class=\"gb-block-image gb-block-image-661ddd0d\"><img loading=\"lazy\" decoding=\"async\" width=\"1000\" height=\"645\" class=\"gb-image gb-image-661ddd0d\" src=\"https:\/\/app.visiodrom.de\/wp-content\/uploads\/brief_skizze_7.jpg\" alt=\"\" title=\"brief_skizze_7\" srcset=\"https:\/\/app.visiodrom.de\/wp-content\/uploads\/brief_skizze_7.jpg 1000w, https:\/\/app.visiodrom.de\/wp-content\/uploads\/brief_skizze_7-300x194.jpg 300w, https:\/\/app.visiodrom.de\/wp-content\/uploads\/brief_skizze_7-768x495.jpg 768w\" sizes=\"auto, (max-width: 1000px) 100vw, 1000px\" \/><\/figure>\n\n\n\n<p>\u00bbAdjunto se encuentra el peque\u00f1o boceto de un lienzo cuadrado n\u00famero 30 &#8211; finalmente el cielo estrellado, pintado durante la noche, bajo la luz de gas. El firmamento es de un tono azul verdoso, el agua de un azul real, los campos de un p\u00farpura p\u00e1lido. La ciudad se presenta en tonos azules y violetas. La luz de gas es amarilla, y sus reflejos var\u00edan desde el oro rojizo hasta el verde bronc\u00edneo. En el campo azul verdoso del cielo, la Osa Mayor exhibe un brillo verde y rosado, cuya sutil palidez contrasta con el oro crudo de la luz de gas. Dos figuras coloridas de amantes se destacan en el primer plano.\u00bb<\/p>\n\n\n\n<figure class=\"gb-block-image gb-block-image-e94d3434\"><img loading=\"lazy\" decoding=\"async\" width=\"1000\" height=\"635\" class=\"gb-image gb-image-e94d3434\" src=\"https:\/\/app.visiodrom.de\/wp-content\/uploads\/brief_skizze_6.jpg\" alt=\"\" title=\"boceto_breve_6\" srcset=\"https:\/\/app.visiodrom.de\/wp-content\/uploads\/brief_skizze_6.jpg 1000w, https:\/\/app.visiodrom.de\/wp-content\/uploads\/brief_skizze_6-300x191.jpg 300w, https:\/\/app.visiodrom.de\/wp-content\/uploads\/brief_skizze_6-768x488.jpg 768w\" sizes=\"auto, (max-width: 1000px) 100vw, 1000px\" \/><\/figure>\n\n\n\n<p>\u00bbDe igual manera, el boceto de un lienzo cuadrado n\u00famero 30, que representa la casa y sus alrededores bajo un sol de color amarillo azufre, bajo un cielo de cobalto puro. \u00a1Es, ciertamente, un tema de considerable dificultad! No obstante, es precisamente por ello que deseo dominarlo. Pues resulta verdaderamente impresionante, estas casas amarillas bajo el sol, y luego la incomparable frescura del azul.<\/p>\n\n\n\n<p>El suelo en su totalidad es asimismo amarillo. Le enviar\u00e9 posteriormente un dibujo m\u00e1s preciso que este boceto realizado de memoria; la casa a la izquierda es de color rosa, con contraventanas verdes; aquella bajo la sombra del \u00e1rbol es el restaurante donde ceno diariamente. Mi estimado amigo, el jefe de correos, reside al final de la calle a la izquierda, entre los dos puentes ferroviarios.\u00bb  <\/p>\n\n<\/div>\n\t\t\t\t\t\n\t\t\t\t<\/div>\n\t\t\t\t\n\t\t\t\t\n\t\t\t\n<\/div>\n\t\t\t\t<div class=\"controls-wrapper\">\n\t\t\t\t\t<div class=\"swiper-controls\">\n\t\t\t\t\t\t<span class=\"page-swiper-button-prev\"><\/span>\n\t\t\t\t\t\t<span class=\"page-swiper-button-next\"><\/span>\n\t\t\t\t\t<\/div>\n\t\t\t\t\t<div class=\"slider-menu\">\n\t\t\t\t\t\t\t\t<nav class=\"main-navigation has-menu-bar-items sub-menu-right\" id=\"site-navigation\" aria-label=\"Principal\"  itemtype=\"https:\/\/schema.org\/SiteNavigationElement\" itemscope>\n\t\t\t<div class=\"inside-navigation grid-container\">\n\t\t\t\t\t\t\t\t<button class=\"menu-toggle\" aria-controls=\"generate-slideout-menu\" aria-expanded=\"false\">\n\t\t\t\t\t<span class=\"gp-icon icon-menu-bars\"><svg viewBox=\"0 0 512 512\" aria-hidden=\"true\" xmlns=\"http:\/\/www.w3.org\/2000\/svg\" width=\"1em\" height=\"1em\"><path d=\"M0 96c0-13.255 10.745-24 24-24h464c13.255 0 24 10.745 24 24s-10.745 24-24 24H24c-13.255 0-24-10.745-24-24zm0 160c0-13.255 10.745-24 24-24h464c13.255 0 24 10.745 24 24s-10.745 24-24 24H24c-13.255 0-24-10.745-24-24zm0 160c0-13.255 10.745-24 24-24h464c13.255 0 24 10.745 24 24s-10.745 24-24 24H24c-13.255 0-24-10.745-24-24z\" \/><\/svg><svg viewBox=\"0 0 512 512\" aria-hidden=\"true\" xmlns=\"http:\/\/www.w3.org\/2000\/svg\" width=\"1em\" height=\"1em\"><path d=\"M71.029 71.029c9.373-9.372 24.569-9.372 33.942 0L256 222.059l151.029-151.03c9.373-9.372 24.569-9.372 33.942 0 9.372 9.373 9.372 24.569 0 33.942L289.941 256l151.03 151.029c9.372 9.373 9.372 24.569 0 33.942-9.373 9.372-24.569 9.372-33.942 0L256 289.941l-151.029 151.03c-9.373 9.372-24.569 9.372-33.942 0-9.372-9.373-9.372-24.569 0-33.942L222.059 256 71.029 104.971c-9.372-9.373-9.372-24.569 0-33.942z\" \/><\/svg><\/span><span class=\"mobile-menu\">Resumen del cap\u00edtulo<\/span>\t\t\t\t<\/button>\n\t\t\t\t<div class=\"menu-bar-items\"><\/div>\t\t\t<\/div>\n\t\t<\/nav>\n\t\t\t\t\t\t\t<\/div>\n\t\t\t\t<\/div>\n\t\t\t<\/div>\n\t\t\t\n\t\t\t\n<\/div>\n<\/section>","protected":false},"excerpt":{"rendered":"","protected":false},"author":1,"featured_media":0,"parent":0,"menu_order":11,"comment_status":"closed","ping_status":"closed","template":"","meta":{"footnotes":""},"class_list":["post-5349","page","type-page","status-publish"],"acf":[],"_links":{"self":[{"href":"https:\/\/app.visiodrom.de\/es\/wp-json\/wp\/v2\/pages\/5349","targetHints":{"allow":["GET"]}}],"collection":[{"href":"https:\/\/app.visiodrom.de\/es\/wp-json\/wp\/v2\/pages"}],"about":[{"href":"https:\/\/app.visiodrom.de\/es\/wp-json\/wp\/v2\/types\/page"}],"author":[{"embeddable":true,"href":"https:\/\/app.visiodrom.de\/es\/wp-json\/wp\/v2\/users\/1"}],"replies":[{"embeddable":true,"href":"https:\/\/app.visiodrom.de\/es\/wp-json\/wp\/v2\/comments?post=5349"}],"version-history":[{"count":3,"href":"https:\/\/app.visiodrom.de\/es\/wp-json\/wp\/v2\/pages\/5349\/revisions"}],"predecessor-version":[{"id":5803,"href":"https:\/\/app.visiodrom.de\/es\/wp-json\/wp\/v2\/pages\/5349\/revisions\/5803"}],"wp:attachment":[{"href":"https:\/\/app.visiodrom.de\/es\/wp-json\/wp\/v2\/media?parent=5349"}],"curies":[{"name":"wp","href":"https:\/\/api.w.org\/{rel}","templated":true}]}}