{"id":5295,"date":"2025-03-13T16:20:26","date_gmt":"2025-03-13T15:20:26","guid":{"rendered":"https:\/\/app-visiodrom.pixel-tal.de\/el-camino-a-la-fama\/"},"modified":"2025-03-21T10:49:09","modified_gmt":"2025-03-21T09:49:09","slug":"el-camino-a-la-fama","status":"publish","type":"page","link":"https:\/\/app.visiodrom.de\/es\/el-camino-a-la-fama\/","title":{"rendered":"El camino hacia la gloria"},"content":{"rendered":"<section class=\"gb-container gb-container-d9d80a22\">\n<div class=\"gb-container gb-container-a6fda573\">\n\n\t\t\t<div class=\"page-slider swiper\">\n\t\t\t\t\t\t\t\t<div class=\"page-slider-inner swiper-wrapper\">\n\n\t\t\t\t\t\t\t\t\n\t\t\t\t<div id=\"slide-f4663c0729fa5010c4065a6b32b31a3d\" class=\"swiper-slide slide\">\n\n\t\t\t\t\t<div class=\"acf-innerblocks-container\">\n\n<div class=\"wp-block-pixel-headline headlines is-subheadline-bottom has-text-align-left\"><h3 class=\"headline\" style=\"color:\">Expertos como multiplicadores<\/h3><\/div>\n\n\n\n<p>Estas personas se inspiraron tempranamente en el arte de Vincent y contribuyeron significativamente a su difusi\u00f3n.<\/p>\n\n\n\n<div class=\"wp-block-pixel-headline headlines is-subheadline-bottom has-text-align-left\"><h4 class=\"headline\" style=\"color:\">Paul Cassirer<\/h4><span class=\"subheadline\" style=\"color:\">(1871\u20131926)<\/span><\/div>\n\n\n\n<figure class=\"gb-block-image gb-block-image-8d3aa06f\"><img loading=\"lazy\" decoding=\"async\" width=\"730\" height=\"992\" class=\"gb-image gb-image-8d3aa06f\" src=\"https:\/\/app.visiodrom.de\/wp-content\/uploads\/BAL_3001905.jpg\" alt=\"\" title=\"BAL_3001905\" srcset=\"https:\/\/app.visiodrom.de\/wp-content\/uploads\/BAL_3001905.jpg 730w, https:\/\/app.visiodrom.de\/wp-content\/uploads\/BAL_3001905-221x300.jpg 221w\" sizes=\"auto, (max-width: 730px) 100vw, 730px\" \/>\n<figcaption class=\"gb-headline gb-headline-1090da15 gb-headline-text\">Fotograf\u00eda de Paul Cassirer (1871\u20131926)<br>circa 1905<\/figcaption>\n<\/figure>\n\n\n\n<p>El marchante de arte y editor alem\u00e1n Paul Cassirer (1871\u20131926) organiz\u00f3, adem\u00e1s de numerosas exposiciones estacionarias, exhibiciones itinerantes en Viena, Dresde y Hamburgo. Hasta la Primera Guerra Mundial, aproximadamente 120 pinturas de Van Gogh se encontraban en Alemania. 80 de ellas fueron intermediadas exclusivamente por el comercio de arte de Paul Cassirer.  <\/p>\n\n\n\n<div class=\"wp-block-pixel-headline headlines is-subheadline-bottom has-text-align-left\"><h4 class=\"headline\" style=\"color:\">Julius Meier-Graefe<\/h4><span class=\"subheadline\" style=\"color:\">(1867\u20131935)<\/span><\/div>\n\n\n\n<figure class=\"gb-block-image gb-block-image-a1d37d70\"><img loading=\"lazy\" decoding=\"async\" width=\"730\" height=\"973\" class=\"gb-image gb-image-a1d37d70\" src=\"https:\/\/app.visiodrom.de\/wp-content\/uploads\/BAL_7308942.jpg\" alt=\"\" title=\"BAL_7308942\" srcset=\"https:\/\/app.visiodrom.de\/wp-content\/uploads\/BAL_7308942.jpg 730w, https:\/\/app.visiodrom.de\/wp-content\/uploads\/BAL_7308942-225x300.jpg 225w\" sizes=\"auto, (max-width: 730px) 100vw, 730px\" \/>\n<figcaption class=\"gb-headline gb-headline-44ddb57c gb-headline-text\">Julius Meier-Graefe<br>Edvard Munch (1863\u20131944), alrededor de 1894<br>\u00d3leo sobre lienzo, 100 x 75 cm<br>Museo Nacional de Oslo, Noruega<\/figcaption>\n<\/figure>\n\n\n\n<p>El influyente historiador del arte y escritor Julius Meier-Graefe (1867\u20131935) reconoci\u00f3 tempranamente la importancia de la obra de Van Gogh. En 1900 escribi\u00f3 por primera vez sobre Van Gogh en la revista &#8216;Die Insel&#8217;. En su libro &#8216;Historia del desarrollo del arte moderno&#8217; ya le dedic\u00f3 un cap\u00edtulo entero, antes de publicar en 1910 &#8216;Vincent van Gogh&#8217;, el primer libro propio sobre el pintor, una obra que sigue siendo publicada hasta el d\u00eda de hoy.  <\/p>\n\n\n\n<div class=\"wp-block-pixel-headline headlines is-subheadline-bottom has-text-align-left\"><h4 class=\"headline\" style=\"color:\">Helene Kr\u00f6ller-M\u00fcller<\/h4><span class=\"subheadline\" style=\"color:\">(1869\u20131939)<\/span><\/div>\n\n\n\n<figure class=\"gb-block-image gb-block-image-96983d1e\"><img loading=\"lazy\" decoding=\"async\" width=\"730\" height=\"982\" class=\"gb-image gb-image-96983d1e\" src=\"https:\/\/app.visiodrom.de\/wp-content\/uploads\/Helene_Mueller_and_Anton_Kroeller_cropped-1.jpg\" alt=\"\" title=\"Helene_M\u00fcller_and_Anton_Kr\u00f6ller_(cropped)\" srcset=\"https:\/\/app.visiodrom.de\/wp-content\/uploads\/Helene_Mueller_and_Anton_Kroeller_cropped-1.jpg 730w, https:\/\/app.visiodrom.de\/wp-content\/uploads\/Helene_Mueller_and_Anton_Kroeller_cropped-1-223x300.jpg 223w\" sizes=\"auto, (max-width: 730px) 100vw, 730px\" \/>\n<figcaption class=\"gb-headline gb-headline-29d35730 gb-headline-text\">Helene M\u00fcller alrededor del a\u00f1o 1887\/88<br>Poco despu\u00e9s sigui\u00f3 su compromiso con el acaudalado empresario de la construcci\u00f3n Anton Kr\u00f6ller.<\/figcaption>\n<\/figure>\n\n\n\n<p>El arte de Van Gogh conmovi\u00f3 profundamente a Helene Kr\u00f6ller-M\u00fcller. Su fortuna la convirti\u00f3 en una apasionada coleccionista. En 1908 adquiri\u00f3 su primera pintura de Van Gogh, &#8216;Linde de bosque&#8217;, por 110 florines.  <\/p>\n\n\n\n<p>Seguir\u00edan 88 pinturas y 172 dibujos. En 1938, fund\u00f3 junto a su esposo Anton el Museo Kr\u00f6ller-M\u00fcller en Otterlo, Pa\u00edses Bajos, para hacer accesible el arte de Vincent a todos. <\/p>\n\n<\/div>\n\t\t\t\t\t\n\t\t\t\t<\/div>\n\t\t\t\t\n\t\t\t\t\n\t\t\t\n\n\n\t\t\t\t\t\t\t\t\n\t\t\t\t<div id=\"slide-f4663c0729fa5010c4065a6b32b31a3d\" class=\"swiper-slide slide\">\n\n\t\t\t\t\t<div class=\"acf-innerblocks-container\">\n\n<div class=\"wp-block-pixel-headline headlines is-subheadline-bottom has-text-align-left\"><h3 class=\"headline\" style=\"color:\">Reconocimiento en vida<\/h3><\/div>\n\n\n\n<p>El 17 de agosto de 1889 apareci\u00f3 una cr\u00edtica en la revista &#8216;De Portefeuille: Kunst- en Letterbode&#8217;:<br><br><strong>\u00ab<\/strong>\u00bfQui\u00e9n nos transmite en formas y colores la grandiosa y poderosa vida de la que este siglo XIX vuelve a tomar conciencia? [&#8230;] Conozco a uno, un pionero solitario, que lucha solo en la profunda noche, su nombre, Vincent, est\u00e1 destinado a la posteridad. Sobre este notable h\u00e9roe \u2014un holand\u00e9s\u2014 habr\u00e1 m\u00e1s que decir m\u00e1s adelante.\u00bb  <\/p>\n\n\n\n<p>El autor de esta primera menci\u00f3n de Van Gogh en la prensa art\u00edstica, J.J. Isaacson (1859\u20131942), era tambi\u00e9n pintor y neerland\u00e9s.<\/p>\n\n\n\n<div class=\"wp-block-pixel-headline headlines is-subheadline-bottom has-text-align-left\"><h4 class=\"headline\" style=\"color:\">Revista Mercure de France<\/h4><span class=\"subheadline\" style=\"color:\">(Edici\u00f3n: 29 de enero de 1890, art\u00edculo &#8216;Los Aislados&#8217;, p\u00e1ginas 24\u201329)<\/span><\/div>\n\n\n\n<p>En este primer art\u00edculo de varias p\u00e1ginas, el cr\u00edtico de arte franc\u00e9s Albert Aurier (1865\u20131892) expres\u00f3 su admiraci\u00f3n por las creaciones art\u00edsticas no convencionales, apasionadas y v\u00edvidas de Van Gogh.<br><br>Aurier opinaba que la verdadera esencia de Van Gogh nunca podr\u00eda ser completamente comprendida porque su arte era \u00bbdemasiado simple y al mismo tiempo demasiado sutil para el esp\u00edritu burgu\u00e9s contempor\u00e1neo\u00bb.<br><br><strong>\u00ab<\/strong>\u00bfC\u00f3mo podr\u00edamos explicar al sembrador sin considerar la idea [&#8230;] de un Mes\u00edas, un &#8216;sembrador de la verdad&#8217;, que regenerar\u00eda la decadencia de nuestro arte [&#8230;]?\u00bb<br><br>Albert Aurier en &#8216;Mercure de France&#8217;, enero de 1890<\/p>\n\n\n\n<figure class=\"gb-block-image gb-block-image-9918e4f4\"><img loading=\"lazy\" decoding=\"async\" width=\"730\" height=\"1274\" class=\"gb-image gb-image-9918e4f4\" src=\"https:\/\/app.visiodrom.de\/wp-content\/uploads\/mercure_de_france.jpg\" alt=\"\" title=\"mercure_de_france\" srcset=\"https:\/\/app.visiodrom.de\/wp-content\/uploads\/mercure_de_france.jpg 730w, https:\/\/app.visiodrom.de\/wp-content\/uploads\/mercure_de_france-172x300.jpg 172w, https:\/\/app.visiodrom.de\/wp-content\/uploads\/mercure_de_france-587x1024.jpg 587w\" sizes=\"auto, (max-width: 730px) 100vw, 730px\" \/>\n<figcaption class=\"gb-headline gb-headline-b03a96ae gb-headline-text\">Portada del primer art\u00edculo de Albert Aurier (1865\u20131892),<br>que se ocupa exclusivamente de Van Gogh y su arte.<\/figcaption>\n<\/figure>\n\n<\/div>\n\t\t\t\t\t\n\t\t\t\t<\/div>\n\t\t\t\t\n\t\t\t\t\n\t\t\t\n\n\n\t\t\t\t\t\t\t\t\n\t\t\t\t<div id=\"slide-f4663c0729fa5010c4065a6b32b31a3d\" class=\"swiper-slide slide\">\n\n\t\t\t\t\t<div class=\"acf-innerblocks-container\">\n\n<div class=\"wp-block-pixel-headline headlines is-subheadline-bottom has-text-align-left\"><h3 class=\"headline\" style=\"color:\">Breve producci\u00f3n, gran legado<\/h3><\/div>\n\n\n\n<p>Con solo diez a\u00f1os, el per\u00edodo creativo de Van Gogh fue excepcionalmente corto \u2014en comparaci\u00f3n: Claude Monet pint\u00f3 durante unos 60 a\u00f1os, Pablo Picasso incluso 83. Sin embargo, hubo contempor\u00e1neos que reconocieron la poderosa forma de expresi\u00f3n del autodidacta neerland\u00e9s (v\u00e9ase &#8216;Reconocimiento en vida&#8217;).<\/p>\n\n\n\n<div class=\"wp-block-pixel-headline headlines is-subheadline-bottom has-text-align-left\"><h3 class=\"headline\" style=\"color:\">La extraordinaria Jo van Gogh-Bonger<\/h3><\/div>\n\n\n\n<figure class=\"gb-block-image gb-block-image-25d8984f\"><img loading=\"lazy\" decoding=\"async\" width=\"730\" height=\"1115\" class=\"gb-image gb-image-25d8984f\" src=\"https:\/\/app.visiodrom.de\/wp-content\/uploads\/urn-gvn-VGM01-b4820-large-1.jpg\" alt=\"\" title=\"urn-gvn-VGM01-b4820-large\" srcset=\"https:\/\/app.visiodrom.de\/wp-content\/uploads\/urn-gvn-VGM01-b4820-large-1.jpg 730w, https:\/\/app.visiodrom.de\/wp-content\/uploads\/urn-gvn-VGM01-b4820-large-1-196x300.jpg 196w, https:\/\/app.visiodrom.de\/wp-content\/uploads\/urn-gvn-VGM01-b4820-large-1-670x1024.jpg 670w\" sizes=\"auto, (max-width: 730px) 100vw, 730px\" \/>\n<figcaption class=\"gb-headline gb-headline-c78c081a gb-headline-text\">Una fotograf\u00eda de Johanna van Gogh-Bonger de abril de 1889. Ella fue la persona decisiva en la difusi\u00f3n de la obra de Van Gogh tras su muerte. <\/figcaption>\n<\/figure>\n\n\n\n<p>&#8216;Jo&#8217; hizo del legado art\u00edstico de su cu\u00f1ado la misi\u00f3n de su vida: \u00bbAdem\u00e1s de la crianza de los ni\u00f1os, \u00e9l [Theo] me dej\u00f3 otra tarea: la obra de Vincent \u2014mostrarla, hacer que sea admirada tan a menudo como sea posible\u00bb, escribi\u00f3 en su diario a principios de 1891.<\/p>\n\n\n\n<figure class=\"gb-block-image gb-block-image-6a30c02b\"><img loading=\"lazy\" decoding=\"async\" width=\"730\" height=\"872\" class=\"gb-image gb-image-6a30c02b\" src=\"https:\/\/app.visiodrom.de\/wp-content\/uploads\/Johanna_Bonger_et_famille_cropped-1.jpg\" alt=\"\" title=\"Johanna_Bonger_et_famille_(cropped)\" srcset=\"https:\/\/app.visiodrom.de\/wp-content\/uploads\/Johanna_Bonger_et_famille_cropped-1.jpg 730w, https:\/\/app.visiodrom.de\/wp-content\/uploads\/Johanna_Bonger_et_famille_cropped-1-251x300.jpg 251w\" sizes=\"auto, (max-width: 730px) 100vw, 730px\" \/>\n<figcaption class=\"gb-headline gb-headline-4ececcae gb-headline-text\">Johanna van Gogh-Bonger alrededor de 1905 con su hijo Vincent Willem (1890\u20131978) y su segundo esposo, el pintor Cohen Gosschalk (1873\u20131912). En el fondo se puede ver la pintura de Van Gogh &#8216;El puente de Langlois&#8217;. <\/figcaption>\n<\/figure>\n\n\n\n<p>El 1 de mayo de 1891, Johanna inaugur\u00f3 la pensi\u00f3n &#8216;Villa Helma&#8217; en Bussum, cerca de \u00c1msterdam, que decor\u00f3 con cuadros de Van Gogh. En una carta a \u00c9mile Bernard, escribi\u00f3: <strong>\u00ab<\/strong>No obstante, est\u00e9 tranquilo: los cuadros no terminar\u00e1n en un granero o en un cuarto trasero oscuro. M\u00e1s bien, decorar\u00e9 toda la casa con ellos.\u00bb  <br><br>En los a\u00f1os subsiguientes, mediante exposiciones, ventas juiciosamente consideradas, publicaciones y numerosos contactos personales, Johanna logr\u00f3 dar a conocer la obra de su cu\u00f1ado entre galeristas, coleccionistas y directores de museos. A lo largo de toda su vida, Johanna vendi\u00f3 las obras de Van Gogh con prudencia y preserv\u00f3 numerosas pinturas con el fin de salvaguardar el legado art\u00edstico de su cu\u00f1ado. <br><br><strong>La cuesti\u00f3n de la fundaci\u00f3n<\/strong><br><br>Vincent Willem van Gogh, hijo de Johanna, prosigui\u00f3 con la obra de su madre. Al igual que ella, prest\u00f3 reiteradamente cuadros de su t\u00edo a museos. En 1960, fund\u00f3 una instituci\u00f3n para administrar el legado. Esta entidad construy\u00f3 el Museo Van Gogh en \u00c1msterdam en 1973, el cual alberga hasta el d\u00eda de hoy la colecci\u00f3n m\u00e1s extensa de sus obras a nivel mundial.    <\/p>\n\n<\/div>\n\t\t\t\t\t\n\t\t\t\t<\/div>\n\t\t\t\t\n\t\t\t\t\n\t\t\t\n\n\n\t\t\t\t\t\t\t\t\n\t\t\t\t<div id=\"slide-f4663c0729fa5010c4065a6b32b31a3d\" class=\"swiper-slide slide\">\n\n\t\t\t\t\t<div class=\"acf-innerblocks-container\">\n\n<div class=\"wp-block-pixel-headline headlines is-subheadline-bottom has-text-align-left\"><h3 class=\"headline\" style=\"color:\">Las exposiciones<\/h3><\/div>\n\n\n\n<p>Johanna van Gogh-Bonger prestaba constantemente pinturas y dibujos para exposiciones en toda Europa, particularmente en Alemania.<\/p>\n\n\n\n<figure class=\"gb-block-image gb-block-image-b410521d\"><img loading=\"lazy\" decoding=\"async\" width=\"730\" height=\"1158\" class=\"gb-image gb-image-b410521d\" src=\"https:\/\/app.visiodrom.de\/wp-content\/uploads\/Paris1901-1.jpg\" alt=\"\" title=\"Paris1901\" srcset=\"https:\/\/app.visiodrom.de\/wp-content\/uploads\/Paris1901-1.jpg 730w, https:\/\/app.visiodrom.de\/wp-content\/uploads\/Paris1901-1-189x300.jpg 189w, https:\/\/app.visiodrom.de\/wp-content\/uploads\/Paris1901-1-646x1024.jpg 646w\" sizes=\"auto, (max-width: 730px) 100vw, 730px\" \/><\/figure>\n\n\n\n<p><strong>Par\u00eds, 1901<\/strong><br><br>El primer punto culminante fue una exposici\u00f3n en Par\u00eds en 1901, que exhibi\u00f3 por primera vez m\u00e1s de 70 pinturas de Van Gogh. Entre los prestadores figuraban ya entonces Auguste Rodin, Camille Pissarro y otros pintores de renombre. La muestra entusiasm\u00f3 a numerosos visitantes, incluso procedentes de Alemania. Se alzaron las primeras voces que consideraban a Van Gogh como &#8216;el m\u00e1s reciente punto culminante de la tradici\u00f3n pict\u00f3rica francesa&#8217;.   <\/p>\n\n\n\n<figure class=\"gb-block-image gb-block-image-8e7ca7fa\"><img loading=\"lazy\" decoding=\"async\" width=\"973\" height=\"1290\" class=\"gb-image gb-image-8e7ca7fa\" src=\"https:\/\/app.visiodrom.de\/wp-content\/uploads\/cartel-de-la-exposicion-de-vincent-van-gogh-en-el-DWP7CHSSLNDN7AC7H3544N4TQI.jpg\" alt=\"\" title=\"cartel-de-la-exposicion-de-vincent-van-gogh-en-el-DWP7CHSSLNDN7AC7H3544N4TQI\" srcset=\"https:\/\/app.visiodrom.de\/wp-content\/uploads\/cartel-de-la-exposicion-de-vincent-van-gogh-en-el-DWP7CHSSLNDN7AC7H3544N4TQI.jpg 973w, https:\/\/app.visiodrom.de\/wp-content\/uploads\/cartel-de-la-exposicion-de-vincent-van-gogh-en-el-DWP7CHSSLNDN7AC7H3544N4TQI-226x300.jpg 226w, https:\/\/app.visiodrom.de\/wp-content\/uploads\/cartel-de-la-exposicion-de-vincent-van-gogh-en-el-DWP7CHSSLNDN7AC7H3544N4TQI-772x1024.jpg 772w, https:\/\/app.visiodrom.de\/wp-content\/uploads\/cartel-de-la-exposicion-de-vincent-van-gogh-en-el-DWP7CHSSLNDN7AC7H3544N4TQI-768x1018.jpg 768w\" sizes=\"auto, (max-width: 973px) 100vw, 973px\" \/>\n<figcaption class=\"gb-headline gb-headline-ed71c943 gb-headline-text\">&#8216;Tentoonstelling \u2013 Exposici\u00f3n&#8217; \u2013 as\u00ed de sencilla puede presentarse el gran arte. Curiosidad: los jueves, el precio de la entrada se duplicaba. <\/figcaption>\n<\/figure>\n\n\n\n<p><strong>\u00c1msterdam, 1905<\/strong><br><br>El a\u00f1o 1905 marc\u00f3 el punto de inflexi\u00f3n econ\u00f3mico. La propia Johanna organiz\u00f3 una gran retrospectiva de Van Gogh en \u00c1msterdam con m\u00e1s de 450 (\u00a1!) piezas expuestas. Tras esta exhibici\u00f3n, los precios de las pinturas de Van Gogh se incrementaron considerablemente.  <\/p>\n\n\n\n<figure class=\"gb-block-image gb-block-image-03d72296\"><img loading=\"lazy\" decoding=\"async\" width=\"730\" height=\"1031\" class=\"gb-image gb-image-03d72296\" src=\"https:\/\/app.visiodrom.de\/wp-content\/uploads\/Bildschirmfoto-2025-03-03-um-15.36.jpg\" alt=\"\" title=\"Bildschirmfoto-2025-03-03-um-15.36\" srcset=\"https:\/\/app.visiodrom.de\/wp-content\/uploads\/Bildschirmfoto-2025-03-03-um-15.36.jpg 730w, https:\/\/app.visiodrom.de\/wp-content\/uploads\/Bildschirmfoto-2025-03-03-um-15.36-212x300.jpg 212w, https:\/\/app.visiodrom.de\/wp-content\/uploads\/Bildschirmfoto-2025-03-03-um-15.36-725x1024.jpg 725w\" sizes=\"auto, (max-width: 730px) 100vw, 730px\" \/><\/figure>\n\n\n\n<p><strong>Colonia, 1912<\/strong><br><br>La exposici\u00f3n Sonderbund de 1912 en Colonia se centr\u00f3 en la &#8216;controvertida pintura moderna&#8217; como el impresionismo y el postimpresionismo. En 29 salas, se pretend\u00eda &#8216;impulsar el avance del arte moderno&#8217; con 634 pinturas. Las salas de la uno a la cinco estaban reservadas exclusivamente a obras de Van Gogh \u2013 107 en total.  <br><br>Como consecuencia, Alemania se convirti\u00f3 en un centro neur\u00e1lgico del arte de Van Gogh.<\/p>\n\n\n\n<figure class=\"gb-block-image gb-block-image-a3aa1dc5\"><img loading=\"lazy\" decoding=\"async\" width=\"730\" height=\"960\" class=\"gb-image gb-image-a3aa1dc5\" src=\"https:\/\/app.visiodrom.de\/wp-content\/uploads\/katalog_titel.jpg\" alt=\"\" title=\"katalog_titel\" srcset=\"https:\/\/app.visiodrom.de\/wp-content\/uploads\/katalog_titel.jpg 730w, https:\/\/app.visiodrom.de\/wp-content\/uploads\/katalog_titel-228x300.jpg 228w\" sizes=\"auto, (max-width: 730px) 100vw, 730px\" \/><\/figure>\n\n\n\n<p><strong>Berl\u00edn, 1914<\/strong><br><br>Como ejemplo del alto compromiso del marchante de arte Paul Cassirer (1871-1926), cabe mencionar aqu\u00ed la d\u00e9cima exposici\u00f3n de Van Gogh que organiz\u00f3 en Berl\u00edn. En el pr\u00f3logo del cat\u00e1logo, agradece expresamente a la se\u00f1ora &#8216;J. van Gogh-Bonger&#8217;, as\u00ed como a los ya numerosos coleccionistas privados por sus pr\u00e9stamos.  <\/p>\n\n<\/div>\n\t\t\t\t\t\n\t\t\t\t<\/div>\n\t\t\t\t\n\t\t\t\t\n\t\t\t\n\n\n\t\t\t\t\t\t\t\t\n\t\t\t\t<div id=\"slide-f4663c0729fa5010c4065a6b32b31a3d\" class=\"swiper-slide slide\">\n\n\t\t\t\t\t<div class=\"acf-innerblocks-container\">\n\n<div class=\"wp-block-pixel-headline headlines is-subheadline-bottom has-text-align-left\"><h3 class=\"headline\" style=\"color:\">X-Ray-Rubbel<\/h3><\/div>\n\n\n\n<p>Vincent van Gogh utilizaba los lienzos dos veces para economizar. Hubo per\u00edodos en los que solo realizaba bocetos durante semanas porque no pod\u00eda permitirse comprar pintura al \u00f3leo. Por este motivo, numerosas pinturas son examinadas con rayos X en busca de capas de color ocultas.  <\/p>\n\n\n\n<figure class=\"gb-block-image gb-block-image-90d8d9c0\"><img loading=\"lazy\" decoding=\"async\" width=\"730\" height=\"970\" class=\"gb-image gb-image-90d8d9c0\" src=\"https:\/\/app.visiodrom.de\/wp-content\/uploads\/Van_Gogh_-_Kopf_einer_Baeuerin_mit_weisser_Haube28.jpg\" alt=\"\" title=\"Van_Gogh_-_Kopf_einer_B\u00e4uerin_mit_wei\u00dfer_Haube28\" srcset=\"https:\/\/app.visiodrom.de\/wp-content\/uploads\/Van_Gogh_-_Kopf_einer_Baeuerin_mit_weisser_Haube28.jpg 730w, https:\/\/app.visiodrom.de\/wp-content\/uploads\/Van_Gogh_-_Kopf_einer_Baeuerin_mit_weisser_Haube28-226x300.jpg 226w\" sizes=\"auto, (max-width: 730px) 100vw, 730px\" \/>\n<figcaption class=\"gb-headline gb-headline-e9657f14 gb-headline-text\"><strong>Cabeza de campesina,<\/strong> abril de 1885<br>\u00d3leo sobre lienzo, 48 x 36 cm<br>Galer\u00eda Nacional de Edimburgo, Gran Breta\u00f1a<\/figcaption>\n<\/figure>\n\n\n\n<p>Cuando los expertos de la Galer\u00eda Nacional de Escocia examinaron en 2022 el cuadro de Van Gogh &#8216;Cabeza de campesina&#8217;, descubrieron bajo el cart\u00f3n del reverso un autorretrato del pintor hasta entonces desconocido. Puede usted revelar el retrato frotando con el dedo en el monitor. <\/p>\n\n<\/div>\n\t\t\t\t\t\n\t\t\t\t<\/div>\n\t\t\t\t\n\t\t\t\t\n\t\t\t\n<\/div>\n\t\t\t\t<div class=\"controls-wrapper\">\n\t\t\t\t\t<div class=\"swiper-controls\">\n\t\t\t\t\t\t<span class=\"page-swiper-button-prev\"><\/span>\n\t\t\t\t\t\t<span class=\"page-swiper-button-next\"><\/span>\n\t\t\t\t\t<\/div>\n\t\t\t\t\t<div class=\"slider-menu\">\n\t\t\t\t\t\t\t\t<nav class=\"main-navigation has-menu-bar-items sub-menu-right\" id=\"site-navigation\" aria-label=\"Principal\"  itemtype=\"https:\/\/schema.org\/SiteNavigationElement\" itemscope>\n\t\t\t<div class=\"inside-navigation grid-container\">\n\t\t\t\t\t\t\t\t<button class=\"menu-toggle\" aria-controls=\"generate-slideout-menu\" aria-expanded=\"false\">\n\t\t\t\t\t<span class=\"gp-icon icon-menu-bars\"><svg viewBox=\"0 0 512 512\" aria-hidden=\"true\" xmlns=\"http:\/\/www.w3.org\/2000\/svg\" width=\"1em\" height=\"1em\"><path d=\"M0 96c0-13.255 10.745-24 24-24h464c13.255 0 24 10.745 24 24s-10.745 24-24 24H24c-13.255 0-24-10.745-24-24zm0 160c0-13.255 10.745-24 24-24h464c13.255 0 24 10.745 24 24s-10.745 24-24 24H24c-13.255 0-24-10.745-24-24zm0 160c0-13.255 10.745-24 24-24h464c13.255 0 24 10.745 24 24s-10.745 24-24 24H24c-13.255 0-24-10.745-24-24z\" \/><\/svg><svg viewBox=\"0 0 512 512\" aria-hidden=\"true\" xmlns=\"http:\/\/www.w3.org\/2000\/svg\" width=\"1em\" height=\"1em\"><path d=\"M71.029 71.029c9.373-9.372 24.569-9.372 33.942 0L256 222.059l151.029-151.03c9.373-9.372 24.569-9.372 33.942 0 9.372 9.373 9.372 24.569 0 33.942L289.941 256l151.03 151.029c9.372 9.373 9.372 24.569 0 33.942-9.373 9.372-24.569 9.372-33.942 0L256 289.941l-151.029 151.03c-9.373 9.372-24.569 9.372-33.942 0-9.372-9.373-9.372-24.569 0-33.942L222.059 256 71.029 104.971c-9.372-9.373-9.372-24.569 0-33.942z\" \/><\/svg><\/span><span class=\"mobile-menu\">Resumen del cap\u00edtulo<\/span>\t\t\t\t<\/button>\n\t\t\t\t<div class=\"menu-bar-items\"><\/div>\t\t\t<\/div>\n\t\t<\/nav>\n\t\t\t\t\t\t\t<\/div>\n\t\t\t\t<\/div>\n\t\t\t<\/div>\n\t\t\t\n\t\t\t\n<\/div>\n<\/section>","protected":false},"excerpt":{"rendered":"","protected":false},"author":1,"featured_media":0,"parent":0,"menu_order":12,"comment_status":"closed","ping_status":"closed","template":"","meta":{"footnotes":""},"class_list":["post-5295","page","type-page","status-publish"],"acf":[],"_links":{"self":[{"href":"https:\/\/app.visiodrom.de\/es\/wp-json\/wp\/v2\/pages\/5295","targetHints":{"allow":["GET"]}}],"collection":[{"href":"https:\/\/app.visiodrom.de\/es\/wp-json\/wp\/v2\/pages"}],"about":[{"href":"https:\/\/app.visiodrom.de\/es\/wp-json\/wp\/v2\/types\/page"}],"author":[{"embeddable":true,"href":"https:\/\/app.visiodrom.de\/es\/wp-json\/wp\/v2\/users\/1"}],"replies":[{"embeddable":true,"href":"https:\/\/app.visiodrom.de\/es\/wp-json\/wp\/v2\/comments?post=5295"}],"version-history":[{"count":4,"href":"https:\/\/app.visiodrom.de\/es\/wp-json\/wp\/v2\/pages\/5295\/revisions"}],"predecessor-version":[{"id":5805,"href":"https:\/\/app.visiodrom.de\/es\/wp-json\/wp\/v2\/pages\/5295\/revisions\/5805"}],"wp:attachment":[{"href":"https:\/\/app.visiodrom.de\/es\/wp-json\/wp\/v2\/media?parent=5295"}],"curies":[{"name":"wp","href":"https:\/\/api.w.org\/{rel}","templated":true}]}}