{"id":5290,"date":"2025-03-13T16:28:57","date_gmt":"2025-03-13T15:28:57","guid":{"rendered":"https:\/\/app-visiodrom.pixel-tal.de\/rebelde-de-la-vanguardia\/"},"modified":"2025-03-20T15:17:29","modified_gmt":"2025-03-20T14:17:29","slug":"rebelde-de-la-vanguardia","status":"publish","type":"page","link":"https:\/\/app.visiodrom.de\/es\/rebelde-de-la-vanguardia\/","title":{"rendered":"Rebelde de la vanguardia"},"content":{"rendered":"<section class=\"gb-container gb-container-d9d80a22\">\n<div class=\"gb-container gb-container-a6fda573\">\n\n\t\t\t<div class=\"page-slider swiper\">\n\t\t\t\t\t\t\t\t<div class=\"page-slider-inner swiper-wrapper\">\n\n\t\t\t\t\t\t\t\t\n\t\t\t\t<div id=\"slide-130fc6146c6fe9a08c89be6c2cbc767f\" class=\"swiper-slide slide\">\n\n\t\t\t\t\t<div class=\"acf-innerblocks-container\">\n\n<div class=\"wp-block-pixel-headline headlines is-subheadline-bottom has-text-align-left\"><h3 class=\"headline\" style=\"color:\"><strong>Influencias de Van Gogh en otros pintores<\/strong><\/h3><\/div>\n\n\n\n<p><strong>Influencia en el modernismo<\/strong><\/p>\n\n\n\n<p>Los impresionistas constituyeron la vanguardia pict\u00f3rica alrededor de 1880. Hicieron caso omiso de las &#8216;reglas convencionales de la pintura&#8217; para plasmar en el lienzo su propia impresi\u00f3n subjetiva de la naturaleza. No obstante, deb\u00eda permanecer siempre como una impresi\u00f3n de la naturaleza percibida como realista. As\u00ed, los colores se reproduc\u00edan siempre con fidelidad a la naturaleza. Van Gogh no se someti\u00f3 a estas restricciones. Utiliz\u00f3 el color para expresar los sentimientos que experimentaba al contemplar la naturaleza. Quiz\u00e1s sin pretenderlo conscientemente, Van Gogh se convirti\u00f3 as\u00ed en el precursor de las generaciones venideras de pintores que, gracias a su ejemplo, ahora reproduc\u00edan en sus cuadros su &#8216;impresi\u00f3n interior de las cosas&#8217; con absoluta libertad, sin reglas externas. Los j\u00f3venes artistas, impresionados por el valor y la representaci\u00f3n de Van Gogh, pronto le llamaron &#8216;padre del modernismo&#8217;.       <\/p>\n\n\n\n<figure class=\"gb-block-image gb-block-image-b85bfa9d\"><img loading=\"lazy\" decoding=\"async\" width=\"730\" height=\"609\" class=\"gb-image gb-image-b85bfa9d\" src=\"https:\/\/app.visiodrom.de\/wp-content\/uploads\/BAL_5377694.jpg\" alt=\"\" title=\"BAL_5377694\" srcset=\"https:\/\/app.visiodrom.de\/wp-content\/uploads\/BAL_5377694.jpg 730w, https:\/\/app.visiodrom.de\/wp-content\/uploads\/BAL_5377694-300x250.jpg 300w\" sizes=\"auto, (max-width: 730px) 100vw, 730px\" \/>\n<figcaption class=\"gb-headline gb-headline-3101d83a gb-headline-text\"><strong>Barcas de pesca en Collioure, <\/strong>1905<strong><br><\/strong>Andr\u00e9 Derain (1880-1954)<br>\u00d3leo sobre lienzo, 38 x 46 cm<br>Museum of Modern Art Nueva York Estados Unidos<\/figcaption>\n<\/figure>\n\n\n\n<p>Andr\u00e9 Derain (1880-1954) fue, junto a Henri Matisse (1869-1954) y Maurice de Vlaminck (1876-1958), uno de los principales representantes del fauvismo, un movimiento art\u00edstico caracterizado por el uso de colores vibrantes y expresivos. Van Gogh ya pintaba sus barcas en 1888 con grandes \u00e1reas de color que no siguen realmente la perspectiva, ya que son demasiado bidimensionales. <\/p>\n\n\n\n<figure class=\"gb-block-image gb-block-image-2e107d36\"><img loading=\"lazy\" decoding=\"async\" width=\"730\" height=\"590\" class=\"gb-image gb-image-2e107d36\" src=\"https:\/\/app.visiodrom.de\/wp-content\/uploads\/BAL_1765541.jpg\" alt=\"\" title=\"BAL_1765541\" srcset=\"https:\/\/app.visiodrom.de\/wp-content\/uploads\/BAL_1765541.jpg 730w, https:\/\/app.visiodrom.de\/wp-content\/uploads\/BAL_1765541-300x242.jpg 300w\" sizes=\"auto, (max-width: 730px) 100vw, 730px\" \/>\n<figcaption class=\"gb-headline gb-headline-d8658495 gb-headline-text\"><strong>Barcas de pesca en Les Saintes-Maries-de-la-Mer, <\/strong>junio de 1888<strong><br><\/strong>Vincent van Gogh (1853-1890)<br>\u00d3leo sobre lienzo, 65 x 82 cm<br>Museo Van Gogh \u00c1msterdam, Pa\u00edses Bajos<\/figcaption>\n<\/figure>\n\n<\/div>\n\t\t\t\t\t\n\t\t\t\t<\/div>\n\t\t\t\t\n\t\t\t\t\n\t\t\t\n\n\n\t\t\t\t\t\t\t\t\n\t\t\t\t<div id=\"slide-130fc6146c6fe9a08c89be6c2cbc767f\" class=\"swiper-slide slide\">\n\n\t\t\t\t\t<div class=\"acf-innerblocks-container\">\n\n<figure class=\"gb-block-image gb-block-image-ea1d6324\"><img loading=\"lazy\" decoding=\"async\" width=\"730\" height=\"886\" class=\"gb-image gb-image-ea1d6324\" src=\"https:\/\/app.visiodrom.de\/wp-content\/uploads\/BAL_11741305.jpg\" alt=\"\" title=\"BAL_11741305\" srcset=\"https:\/\/app.visiodrom.de\/wp-content\/uploads\/BAL_11741305.jpg 730w, https:\/\/app.visiodrom.de\/wp-content\/uploads\/BAL_11741305-247x300.jpg 247w\" sizes=\"auto, (max-width: 730px) 100vw, 730px\" \/>\n<figcaption class=\"gb-headline gb-headline-5d93e1d2 gb-headline-text\"><strong>Autorretrato, <\/strong>1904<strong><br><\/strong>Alexej von Jawlensky (1865-1941)<br>\u00d3leo sobre lienzo, 48 x 59 cm<br>Colecci\u00f3n privada<\/figcaption>\n<\/figure>\n\n\n\n<figure class=\"gb-block-image gb-block-image-14fa0ac8\"><img loading=\"lazy\" decoding=\"async\" width=\"730\" height=\"886\" class=\"gb-image gb-image-14fa0ac8\" src=\"https:\/\/app.visiodrom.de\/wp-content\/uploads\/BAL_5404481.jpg\" alt=\"\" title=\"BAL_5404481\" srcset=\"https:\/\/app.visiodrom.de\/wp-content\/uploads\/BAL_5404481.jpg 730w, https:\/\/app.visiodrom.de\/wp-content\/uploads\/BAL_5404481-247x300.jpg 247w\" sizes=\"auto, (max-width: 730px) 100vw, 730px\" \/>\n<figcaption class=\"gb-headline gb-headline-edced97d gb-headline-text\"><strong>Autorretrato con sombrero de fieltro, <\/strong>invierno 1887\/88<strong><br><\/strong>Vincent van Gogh (1853-1890)<br>\u00d3leo sobre lienzo, 44 x 38 cm<br>Museo Van Gogh \u00c1msterdam, Pa\u00edses Bajos<\/figcaption>\n<\/figure>\n\n\n\n<p>El expresionista germano-ruso Alexej von Jawlensky fue cofundador del grupo art\u00edstico &#8216;El Jinete Azul&#8217; en M\u00fanich, junto con Wassily Kandinsky y Franz Marc. A diferencia de Van Gogh, sin embargo, las pinceladas en el fondo no siguen el contorno de la cabeza. <\/p>\n\n\n\n<figure class=\"gb-block-image gb-block-image-25ea2209\"><img loading=\"lazy\" decoding=\"async\" width=\"730\" height=\"577\" class=\"gb-image gb-image-25ea2209\" src=\"https:\/\/app.visiodrom.de\/wp-content\/uploads\/BAL_1765646.jpg\" alt=\"\" title=\"BAL_1765646\" srcset=\"https:\/\/app.visiodrom.de\/wp-content\/uploads\/BAL_1765646.jpg 730w, https:\/\/app.visiodrom.de\/wp-content\/uploads\/BAL_1765646-300x237.jpg 300w\" sizes=\"auto, (max-width: 730px) 100vw, 730px\" \/>\n<figcaption class=\"gb-headline gb-headline-044f48c1 gb-headline-text\"><strong>Almendro en flor, <\/strong>febrero de 1890<strong><br><\/strong>Vincent van Gogh (1853-1890)<br>\u00d3leo sobre lienzo, 73 x 92 cm<br>Museo Van Gogh \u00c1msterdam, Pa\u00edses Bajos<\/figcaption>\n<\/figure>\n\n\n\n<figure class=\"gb-block-image gb-block-image-0d24a64f\"><img loading=\"lazy\" decoding=\"async\" width=\"730\" height=\"1424\" class=\"gb-image gb-image-0d24a64f\" src=\"https:\/\/app.visiodrom.de\/wp-content\/uploads\/BAL_5400562.jpg\" alt=\"\" title=\"BAL_5400562\" srcset=\"https:\/\/app.visiodrom.de\/wp-content\/uploads\/BAL_5400562.jpg 730w, https:\/\/app.visiodrom.de\/wp-content\/uploads\/BAL_5400562-154x300.jpg 154w, https:\/\/app.visiodrom.de\/wp-content\/uploads\/BAL_5400562-525x1024.jpg 525w\" sizes=\"auto, (max-width: 730px) 100vw, 730px\" \/>\n<figcaption class=\"gb-headline gb-headline-e458fd21 gb-headline-text\"><strong>El \u00e1rbol rojo, <\/strong>1905<strong><br><\/strong>Odilon Redon (1840-1916)<br>Temple sobre lienzo, 173 x 88 cm<br>Museo Van Gogh \u00c1msterdam, Pa\u00edses Bajos<\/figcaption>\n<\/figure>\n\n\n\n<p>Motivo similar &#8211; mismo mensaje. Odilon Redon tom\u00f3 el motivo del almendro en flor y reforz\u00f3 la dimensi\u00f3n espiritual de la obra de Van Gogh con una figura de Buda bajo su \u00e1rbol. <\/p>\n\n<\/div>\n\t\t\t\t\t\n\t\t\t\t<\/div>\n\t\t\t\t\n\t\t\t\t\n\t\t\t\n\n\n\t\t\t\t\t\t\t\t\n\t\t\t\t<div id=\"slide-130fc6146c6fe9a08c89be6c2cbc767f\" class=\"swiper-slide slide\">\n\n\t\t\t\t\t<div class=\"acf-innerblocks-container\">\n\n<div class=\"wp-block-pixel-headline headlines is-subheadline-bottom has-text-align-left\"><h3 class=\"headline\" style=\"color:\">\u00a1Al primero&#8230; al segundo&#8230; y&#8230; al tercero!  <\/h3><\/div>\n\n\n\n<div class=\"wp-block-pixel-headline headlines is-subheadline-bottom has-text-align-left\"><h4 class=\"headline\" style=\"color:\"><strong>Los &#8216;Van Goghs&#8217; m\u00e1s caros de todos los tiempos<\/strong><\/h4><\/div>\n\n\n\n<figure class=\"gb-block-image gb-block-image-8e0351e5\"><img loading=\"lazy\" decoding=\"async\" width=\"730\" height=\"880\" class=\"gb-image gb-image-8e0351e5\" src=\"https:\/\/app.visiodrom.de\/wp-content\/uploads\/BAL_2639904.jpg\" alt=\"\" title=\"BAL_2639904\" srcset=\"https:\/\/app.visiodrom.de\/wp-content\/uploads\/BAL_2639904.jpg 730w, https:\/\/app.visiodrom.de\/wp-content\/uploads\/BAL_2639904-249x300.jpg 249w\" sizes=\"auto, (max-width: 730px) 100vw, 730px\" \/>\n<figcaption class=\"gb-headline gb-headline-2467d305 gb-headline-text\"><strong>T\u00edtulo: Retrato del Dr. Gachet<\/strong><br><strong>Fecha:<\/strong> 15.5.1990<br><strong>Vendedor:<\/strong> Herederos de Siegfried Kramarsky<br><strong>Comprador:<\/strong> Sait\u014d Ry\u014dei<br><strong>Precio: <\/strong>82,5 millones de $<br><strong>Lugar:<\/strong> Christie&#8217;s Nueva York<\/figcaption>\n<\/figure>\n\n\n\n<figure class=\"gb-block-image gb-block-image-b8c07b04\"><img loading=\"lazy\" decoding=\"async\" width=\"730\" height=\"562\" class=\"gb-image gb-image-b8c07b04\" src=\"https:\/\/app.visiodrom.de\/wp-content\/uploads\/BAL_40070.jpg\" alt=\"\" title=\"BAL_40070\" srcset=\"https:\/\/app.visiodrom.de\/wp-content\/uploads\/BAL_40070.jpg 730w, https:\/\/app.visiodrom.de\/wp-content\/uploads\/BAL_40070-300x231.jpg 300w\" sizes=\"auto, (max-width: 730px) 100vw, 730px\" \/>\n<figcaption class=\"gb-headline gb-headline-041f3002 gb-headline-text\"><strong>T\u00edtulo: Lirios<\/strong><br><strong>Fecha:<\/strong> 11.11.1987 <br><strong>Vendedor:<\/strong> John Whitney Payson<br><strong>Comprador:<\/strong> Alan Bond<br><strong>Precio: <\/strong>53,9 millones de $<br><strong>Lugar:<\/strong> Sotheby&#8217;s Nueva York<\/figcaption>\n<\/figure>\n\n\n\n<figure class=\"gb-block-image gb-block-image-2388a259\"><img loading=\"lazy\" decoding=\"async\" width=\"730\" height=\"919\" class=\"gb-image gb-image-2388a259\" src=\"https:\/\/app.visiodrom.de\/wp-content\/uploads\/BAL_119794.jpg\" alt=\"\" title=\"BAL_119794\" srcset=\"https:\/\/app.visiodrom.de\/wp-content\/uploads\/BAL_119794.jpg 730w, https:\/\/app.visiodrom.de\/wp-content\/uploads\/BAL_119794-238x300.jpg 238w\" sizes=\"auto, (max-width: 730px) 100vw, 730px\" \/>\n<figcaption class=\"gb-headline gb-headline-f3894660 gb-headline-text\"><strong>T\u00edtulo:<\/strong> <strong>Quince girasoles en un jarr\u00f3n<\/strong><br><strong>Fecha:<\/strong> 30.3.1987<br><strong>Vendedor:<\/strong> Helen G. Beatty<br><strong>Comprador:<\/strong> Yasuda Seguros Jap\u00f3n<br><strong>Precio: <\/strong>39,9 millones de $<br><strong>Lugar:<\/strong> Christie&#8217;s Londres<\/figcaption>\n<\/figure>\n\n\n\n<p>Todos estos cuadros fueron en su momento la pintura m\u00e1s cara de todos los tiempos. Es notable: Entre la venta de los &#8216;Girasoles&#8217; y el &#8216;Retrato del Dr. Gachet&#8217; solo transcurren tres a\u00f1os. El precio se duplic\u00f3 en este tiempo.  <\/p>\n\n<\/div>\n\t\t\t\t\t\n\t\t\t\t<\/div>\n\t\t\t\t\n\t\t\t\t\n\t\t\t\n\n\n\t\t\t\t\t\t\t\t\n\t\t\t\t<div id=\"slide-130fc6146c6fe9a08c89be6c2cbc767f\" class=\"swiper-slide slide\">\n\n\t\t\t\t\t<div class=\"acf-innerblocks-container\">\n\n<div class=\"wp-block-pixel-headline headlines is-subheadline-bottom has-text-align-left\"><h3 class=\"headline\" style=\"color:\">Las pinturas m\u00e1s caras del mundo (a fecha de 2024)<\/h3><\/div>\n\n\n\n<figure class=\"gb-block-image gb-block-image-bb009045\"><img loading=\"lazy\" decoding=\"async\" width=\"730\" height=\"1056\" class=\"gb-image gb-image-bb009045\" src=\"https:\/\/app.visiodrom.de\/wp-content\/uploads\/BAL_5385563-1.jpg\" alt=\"\" title=\"BAL_5385563\" srcset=\"https:\/\/app.visiodrom.de\/wp-content\/uploads\/BAL_5385563-1.jpg 730w, https:\/\/app.visiodrom.de\/wp-content\/uploads\/BAL_5385563-1-207x300.jpg 207w, https:\/\/app.visiodrom.de\/wp-content\/uploads\/BAL_5385563-1-708x1024.jpg 708w\" sizes=\"auto, (max-width: 730px) 100vw, 730px\" \/>\n<figcaption class=\"gb-headline gb-headline-f0ae1cac gb-headline-text\"><strong>T\u00edtulo: Salvator Mundi, <\/strong>Leonardo da Vinci<br><strong>Fecha:<\/strong> 15.11.2017 <br><strong>Vendedor:<\/strong> Dmitri Yevgenyevich Rybolovlev<br><strong>Comprador:<\/strong> Autoridad de Cultura de Abu Dhabi<br><strong>Precio: <\/strong>450,3 millones de $<br><strong>Lugar:<\/strong> Christie&#8217;s Nueva York<\/figcaption>\n<\/figure>\n\n\n<div class=\"gb-container gb-container-99939b28\">\n\n<p class=\"has-text-align-center\">La imagen no puede mostrarse por motivos de derechos de autor.<\/p>\n\n<\/div>\n\n\n<p><em><strong>T\u00edtulo: Shot Sage Blue Marilyn, <\/strong>Andy Warhol<br\/><strong>Fecha:<\/strong> 10.5.2022<br\/><strong>Vendedor:<\/strong> Fundaci\u00f3n Thomas y Doris Ammann<br\/><strong>Comprador:<\/strong> desconocido<br\/><strong>Precio: <\/strong>195,04 millones de $<br\/><strong>Lugar:<\/strong> Christie&#8217;s Nueva York<\/em><\/p>\n\n\n<div class=\"gb-container gb-container-8d851d1c\">\n\n<p class=\"has-text-align-center\">La imagen no puede mostrarse por motivos de derechos de autor.<\/p>\n\n<\/div>\n\n\n<p><em><strong>T\u00edtulo: Las mujeres de Argel<\/strong> (Versi\u00f3n &#8216;O&#8217;), Pablo Picasso<br\/><strong>Fecha:<\/strong> 11.5.2015<br\/><strong>Vendedor:<\/strong> desconocido<br\/><strong>Comprador:<\/strong> desconocido<br\/><strong>Precio: <\/strong>179,4 millones de $<br\/><strong>Lugar:<\/strong> Christie&#8217;s Nueva York<\/em><\/p>\n\n\n\n<figure class=\"gb-block-image gb-block-image-bda66a54\"><img loading=\"lazy\" decoding=\"async\" width=\"730\" height=\"484\" class=\"gb-image gb-image-bda66a54\" src=\"https:\/\/app.visiodrom.de\/wp-content\/uploads\/BAL_2899511-1.jpg\" alt=\"\" title=\"BAL_2899511\" srcset=\"https:\/\/app.visiodrom.de\/wp-content\/uploads\/BAL_2899511-1.jpg 730w, https:\/\/app.visiodrom.de\/wp-content\/uploads\/BAL_2899511-1-300x199.jpg 300w\" sizes=\"auto, (max-width: 730px) 100vw, 730px\" \/>\n<figcaption class=\"gb-headline gb-headline-d929ffc9 gb-headline-text\"><strong>T\u00edtulo: Nu couch\u00e9,<\/strong> Amedeo Clemente Modigliani<br><strong>Fecha:<\/strong> 9.11.2015 <br><strong>Vendedor:<\/strong> Laura Mattioli Rossi<br><strong>Comprador:<\/strong> Long Museum China<br><strong>Precio: <\/strong>170,4 millones de $<br><strong>Lugar:<\/strong> Christie&#8217;s Nueva York<\/figcaption>\n<\/figure>\n\n\n\n<figure class=\"gb-block-image gb-block-image-3ac506ab\"><img loading=\"lazy\" decoding=\"async\" width=\"730\" height=\"441\" class=\"gb-image gb-image-3ac506ab\" src=\"https:\/\/app.visiodrom.de\/wp-content\/uploads\/BAL_5946554.jpg\" alt=\"\" title=\"BAL_5946554\" srcset=\"https:\/\/app.visiodrom.de\/wp-content\/uploads\/BAL_5946554.jpg 730w, https:\/\/app.visiodrom.de\/wp-content\/uploads\/BAL_5946554-300x181.jpg 300w\" sizes=\"auto, (max-width: 730px) 100vw, 730px\" \/>\n<figcaption class=\"gb-headline gb-headline-ce73f6fb gb-headline-text\"><strong>T\u00edtulo: Nu couch\u00e9 (sur le c\u00f4t\u00e9 gauche),<\/strong> Amedeo Clemente Modigliani<br><strong>Fecha:<\/strong> 14.5.2018<br><strong>Vendedor:<\/strong> desconocido<br><strong>Comprador:<\/strong> desconocido<br><strong>Precio: <\/strong>157 millones de $<br><strong>Lugar:<\/strong> Sotheby&#8217;s Nueva York<\/figcaption>\n<\/figure>\n\n\n<div class=\"gb-container gb-container-28f38100\">\n\n<p class=\"has-text-align-center\">La imagen no puede mostrarse por motivos de derechos de autor.<\/p>\n\n<\/div>\n\n\n<p><em><strong>T\u00edtulo: Three Studies of Lucian Freud,<\/strong> Francis Bacon<br\/><strong>Fecha:<\/strong> 11.2013<br\/><strong>Vendedor:<\/strong> desconocido<br\/><strong>Comprador:<\/strong> desconocido<br\/><strong>Precio: <\/strong>142,4 millones de $<br\/><strong>Lugar:<\/strong> Christie&#8217;s Nueva York<\/em><\/p>\n\n\n\n<figure class=\"gb-block-image gb-block-image-a4a9c9af\"><img loading=\"lazy\" decoding=\"async\" width=\"730\" height=\"581\" class=\"gb-image gb-image-a4a9c9af\" src=\"https:\/\/app.visiodrom.de\/wp-content\/uploads\/BAL_9019541.jpg\" alt=\"\" title=\"BAL_9019541\" srcset=\"https:\/\/app.visiodrom.de\/wp-content\/uploads\/BAL_9019541.jpg 730w, https:\/\/app.visiodrom.de\/wp-content\/uploads\/BAL_9019541-300x239.jpg 300w\" sizes=\"auto, (max-width: 730px) 100vw, 730px\" \/>\n<figcaption class=\"gb-headline gb-headline-5f78fc22 gb-headline-text\"><strong>T\u00edtulo: Les Poseuses<\/strong> (versi\u00f3n peque\u00f1a), Georges Seurat<br><strong>Fecha:<\/strong> 9.11.2022 <br><strong>Vendedor:<\/strong> Herederos de Paul Allen<br><strong>Comprador:<\/strong> desconocido<br><strong>Precio: <\/strong>149,2 millones de $<br><strong>Lugar:<\/strong> Christie&#8217;s Nueva York<\/figcaption>\n<\/figure>\n\n\n<div class=\"gb-container gb-container-ba86c6d5\">\n\n<p class=\"has-text-align-center\">La imagen no puede mostrarse por motivos de derechos de autor.<\/p>\n\n<\/div>\n\n\n<p><em><strong>T\u00edtulo: No. 5, 1948,<\/strong> Jackson Pollock<br\/><strong>Fecha:<\/strong> 2.11.2006<br\/><strong>Vendedor:<\/strong> David Geffen<br\/><strong>Comprador:<\/strong> desconocido<br\/><strong>Precio: <\/strong>140 millones de $<br\/><strong>Lugar:<\/strong> Venta privada a trav\u00e9s de Sotheby&#8217;s<\/em><\/p>\n\n\n<div class=\"gb-container gb-container-d8b3f1c9\">\n\n<p class=\"has-text-align-center\">La imagen no puede mostrarse por motivos de derechos de autor.<\/p>\n\n<\/div>\n\n\n<p><em><strong>T\u00edtulo: Femme \u00e0 la montre,<\/strong> Pablo Picasso<br\/><strong>Fecha:<\/strong> 8.11.2023 <br\/><strong>Vendedor:<\/strong> Herederos de Emily Fisher Landau<br\/><strong>Comprador:<\/strong> desconocido<br\/><strong>Precio: <\/strong>139,4 millones de $<br\/><strong>Lugar:<\/strong> Sotheby&#8217;s Nueva York<\/em><\/p>\n\n\n\n<figure class=\"gb-block-image gb-block-image-2eef59c0\"><img loading=\"lazy\" decoding=\"async\" width=\"730\" height=\"586\" class=\"gb-image gb-image-2eef59c0\" src=\"https:\/\/app.visiodrom.de\/wp-content\/uploads\/BAL_4654643-1.jpg\" alt=\"\" title=\"JLJ4654643\" srcset=\"https:\/\/app.visiodrom.de\/wp-content\/uploads\/BAL_4654643-1.jpg 730w, https:\/\/app.visiodrom.de\/wp-content\/uploads\/BAL_4654643-1-300x241.jpg 300w\" sizes=\"auto, (max-width: 730px) 100vw, 730px\" \/>\n<figcaption class=\"gb-headline gb-headline-513cd384 gb-headline-text\"><strong>T\u00edtulo: Montagne Sainte-Victoire,<\/strong> Paul C\u00e9zanne<br><strong>Fecha:<\/strong> 9.11.2022<br><strong>Vendedor:<\/strong> Herederos de Paul Allen<br><strong>Comprador:<\/strong> desconocido<br><strong>Precio: <\/strong>137,8 millones de $<br><strong>Lugar:<\/strong> Christie&#8217;s Nueva York<\/figcaption>\n<\/figure>\n\n\n\n<figure class=\"gb-block-image gb-block-image-01e028dd\"><img loading=\"lazy\" decoding=\"async\" width=\"730\" height=\"586\" class=\"gb-image gb-image-01e028dd\" src=\"https:\/\/app.visiodrom.de\/wp-content\/uploads\/BAL_7345250.jpg\" alt=\"\" title=\"BAL_7345250\" srcset=\"https:\/\/app.visiodrom.de\/wp-content\/uploads\/BAL_7345250.jpg 730w, https:\/\/app.visiodrom.de\/wp-content\/uploads\/BAL_7345250-300x241.jpg 300w\" sizes=\"auto, (max-width: 730px) 100vw, 730px\" \/>\n<figcaption class=\"gb-headline gb-headline-b3a40523 gb-headline-text\"><strong>T\u00edtulo: Huerto con cipreses,<\/strong> Vincent van Gogh<br><strong>Fecha:<\/strong> 9.11.2022 <br><strong>Vendedor:<\/strong> Herederos de Paul Allen<br><strong>Comprador:<\/strong> desconocido<br><strong>Precio: <\/strong>117,2 millones de $<br><strong>Lugar:<\/strong> Christie&#8217;s Nueva York<\/figcaption>\n<\/figure>\n\n<\/div>\n\t\t\t\t\t\n\t\t\t\t<\/div>\n\t\t\t\t\n\t\t\t\t\n\t\t\t\n\n\n\t\t\t\t\t\t\t\t\n\t\t\t\t<div id=\"slide-130fc6146c6fe9a08c89be6c2cbc767f\" class=\"swiper-slide slide\">\n\n\t\t\t\t\t<div class=\"acf-innerblocks-container\">\n\n<div class=\"wp-block-pixel-headline headlines is-subheadline-bottom has-text-align-left\"><h3 class=\"headline\" style=\"color:\">Van Gogh en la actualidad<\/h3><\/div>\n\n\n\n<p>Aproximadamente cien a\u00f1os despu\u00e9s del fallecimiento de Van Gogh, sus pinturas alcanzaron un valor de mercado que se correspond\u00eda con su importancia hist\u00f3rico-art\u00edstica. En 1987, un &#8216;Van Gogh&#8217; se convirti\u00f3 en dos ocasiones en &#8216;la pintura m\u00e1s cara del mundo&#8217;, y por tercera vez en 1990. En 2022, la pintura &#8216;Huerto con cipreses&#8217; alcanz\u00f3 un precio de m\u00e1s de 100 millones de d\u00f3lares en una subasta en Nueva York.<br\/>Hasta la fecha, sumas tan astron\u00f3micas solo se han pagado por obras de 14 artistas en todo el mundo<br\/>(a fecha de 2024).  <\/p>\n\n\n\n<figure class=\"gb-block-image gb-block-image-925e40e3\"><img loading=\"lazy\" decoding=\"async\" width=\"730\" height=\"880\" class=\"gb-image gb-image-925e40e3\" src=\"https:\/\/app.visiodrom.de\/wp-content\/uploads\/BAL_2639904.jpg\" alt=\"\" title=\"BAL_2639904\" srcset=\"https:\/\/app.visiodrom.de\/wp-content\/uploads\/BAL_2639904.jpg 730w, https:\/\/app.visiodrom.de\/wp-content\/uploads\/BAL_2639904-249x300.jpg 249w\" sizes=\"auto, (max-width: 730px) 100vw, 730px\" \/>\n<figcaption class=\"gb-headline gb-headline-6cf5f505 gb-headline-text\">Retrato del Dr. Gachet, junio de 1890<strong><br>Precio: 82,5 millones de d\u00f3lares<\/strong><br>\u00d3leo sobre lienzo, 67 x 56 cm<br>Colecci\u00f3n privada<\/figcaption>\n<\/figure>\n\n\n\n<figure class=\"gb-block-image gb-block-image-4da4bdfd\"><img loading=\"lazy\" decoding=\"async\" width=\"730\" height=\"562\" class=\"gb-image gb-image-4da4bdfd\" src=\"https:\/\/app.visiodrom.de\/wp-content\/uploads\/BAL_40070.jpg\" alt=\"\" title=\"BAL_40070\" srcset=\"https:\/\/app.visiodrom.de\/wp-content\/uploads\/BAL_40070.jpg 730w, https:\/\/app.visiodrom.de\/wp-content\/uploads\/BAL_40070-300x231.jpg 300w\" sizes=\"auto, (max-width: 730px) 100vw, 730px\" \/>\n<figcaption class=\"gb-headline gb-headline-8a294dc2 gb-headline-text\">Iris (lirios), mayo de 1889<br><strong>Precio: 53,9 millones de d\u00f3lares<\/strong><br>\u00d3leo sobre lienzo, 71 x 93 cm<br>Museo J. Paul Getty, Los \u00c1ngeles<br>Estados Unidos<\/figcaption>\n<\/figure>\n\n\n\n<figure class=\"gb-block-image gb-block-image-0f25f929\"><img loading=\"lazy\" decoding=\"async\" width=\"730\" height=\"919\" class=\"gb-image gb-image-0f25f929\" src=\"https:\/\/app.visiodrom.de\/wp-content\/uploads\/BAL_119794.jpg\" alt=\"\" title=\"BAL_119794\" srcset=\"https:\/\/app.visiodrom.de\/wp-content\/uploads\/BAL_119794.jpg 730w, https:\/\/app.visiodrom.de\/wp-content\/uploads\/BAL_119794-238x300.jpg 238w\" sizes=\"auto, (max-width: 730px) 100vw, 730px\" \/>\n<figcaption class=\"gb-headline gb-headline-c5f60733 gb-headline-text\">Girasoles, enero de 1889<strong><br>Precio: 39,9 millones de d\u00f3lares<\/strong><br>\u00d3leo sobre lienzo, 95 x 73 cm<br>Museo Sompo de Arte, Tokio, Jap\u00f3n<\/figcaption>\n<\/figure>\n\n\n\n<figure class=\"gb-block-image gb-block-image-2e8da37e\"><img loading=\"lazy\" decoding=\"async\" width=\"730\" height=\"586\" class=\"gb-image gb-image-2e8da37e\" src=\"https:\/\/app.visiodrom.de\/wp-content\/uploads\/BAL_7345250.jpg\" alt=\"\" title=\"BAL_7345250\" srcset=\"https:\/\/app.visiodrom.de\/wp-content\/uploads\/BAL_7345250.jpg 730w, https:\/\/app.visiodrom.de\/wp-content\/uploads\/BAL_7345250-300x241.jpg 300w\" sizes=\"auto, (max-width: 730px) 100vw, 730px\" \/>\n<figcaption class=\"gb-headline gb-headline-876b6508 gb-headline-text\">Huerto con cipreses, abril de 1888<strong><br>Precio: 117,2 millones de d\u00f3lares<\/strong><br>\u00d3leo sobre lienzo, 65 x 81 cm<br>Colecci\u00f3n privada<\/figcaption>\n<\/figure>\n\n\n\n<p>Los \u00e1rboles frutales en flor alrededor de Arl\u00e9s le recordaban a Van Gogh las xilograf\u00edas japonesas que tanto admiraba. Lleg\u00f3 a Arl\u00e9s en la primavera de 1888, y los \u00e1rboles frutales en flor al aire libre se convirtieron en uno de sus motivos predilectos. <\/p>\n\n<\/div>\n\t\t\t\t\t\n\t\t\t\t<\/div>\n\t\t\t\t\n\t\t\t\t\n\t\t\t\n<\/div>\n\t\t\t\t<div class=\"controls-wrapper\">\n\t\t\t\t\t<div class=\"swiper-controls\">\n\t\t\t\t\t\t<span class=\"page-swiper-button-prev\"><\/span>\n\t\t\t\t\t\t<span class=\"page-swiper-button-next\"><\/span>\n\t\t\t\t\t<\/div>\n\t\t\t\t\t<div class=\"slider-menu\">\n\t\t\t\t\t\t\t\t<nav class=\"main-navigation has-menu-bar-items sub-menu-right\" id=\"site-navigation\" aria-label=\"Principal\"  itemtype=\"https:\/\/schema.org\/SiteNavigationElement\" itemscope>\n\t\t\t<div class=\"inside-navigation grid-container\">\n\t\t\t\t\t\t\t\t<button class=\"menu-toggle\" aria-controls=\"generate-slideout-menu\" aria-expanded=\"false\">\n\t\t\t\t\t<span class=\"gp-icon icon-menu-bars\"><svg viewBox=\"0 0 512 512\" aria-hidden=\"true\" xmlns=\"http:\/\/www.w3.org\/2000\/svg\" width=\"1em\" height=\"1em\"><path d=\"M0 96c0-13.255 10.745-24 24-24h464c13.255 0 24 10.745 24 24s-10.745 24-24 24H24c-13.255 0-24-10.745-24-24zm0 160c0-13.255 10.745-24 24-24h464c13.255 0 24 10.745 24 24s-10.745 24-24 24H24c-13.255 0-24-10.745-24-24zm0 160c0-13.255 10.745-24 24-24h464c13.255 0 24 10.745 24 24s-10.745 24-24 24H24c-13.255 0-24-10.745-24-24z\" \/><\/svg><svg viewBox=\"0 0 512 512\" aria-hidden=\"true\" xmlns=\"http:\/\/www.w3.org\/2000\/svg\" width=\"1em\" height=\"1em\"><path d=\"M71.029 71.029c9.373-9.372 24.569-9.372 33.942 0L256 222.059l151.029-151.03c9.373-9.372 24.569-9.372 33.942 0 9.372 9.373 9.372 24.569 0 33.942L289.941 256l151.03 151.029c9.372 9.373 9.372 24.569 0 33.942-9.373 9.372-24.569 9.372-33.942 0L256 289.941l-151.029 151.03c-9.373 9.372-24.569 9.372-33.942 0-9.372-9.373-9.372-24.569 0-33.942L222.059 256 71.029 104.971c-9.372-9.373-9.372-24.569 0-33.942z\" \/><\/svg><\/span><span class=\"mobile-menu\">Resumen del cap\u00edtulo<\/span>\t\t\t\t<\/button>\n\t\t\t\t<div class=\"menu-bar-items\"><\/div>\t\t\t<\/div>\n\t\t<\/nav>\n\t\t\t\t\t\t\t<\/div>\n\t\t\t\t<\/div>\n\t\t\t<\/div>\n\t\t\t\n\t\t\t\n<\/div>\n<\/section>","protected":false},"excerpt":{"rendered":"","protected":false},"author":1,"featured_media":0,"parent":0,"menu_order":13,"comment_status":"closed","ping_status":"closed","template":"","meta":{"footnotes":""},"class_list":["post-5290","page","type-page","status-publish"],"acf":[],"_links":{"self":[{"href":"https:\/\/app.visiodrom.de\/es\/wp-json\/wp\/v2\/pages\/5290","targetHints":{"allow":["GET"]}}],"collection":[{"href":"https:\/\/app.visiodrom.de\/es\/wp-json\/wp\/v2\/pages"}],"about":[{"href":"https:\/\/app.visiodrom.de\/es\/wp-json\/wp\/v2\/types\/page"}],"author":[{"embeddable":true,"href":"https:\/\/app.visiodrom.de\/es\/wp-json\/wp\/v2\/users\/1"}],"replies":[{"embeddable":true,"href":"https:\/\/app.visiodrom.de\/es\/wp-json\/wp\/v2\/comments?post=5290"}],"version-history":[{"count":2,"href":"https:\/\/app.visiodrom.de\/es\/wp-json\/wp\/v2\/pages\/5290\/revisions"}],"predecessor-version":[{"id":5629,"href":"https:\/\/app.visiodrom.de\/es\/wp-json\/wp\/v2\/pages\/5290\/revisions\/5629"}],"wp:attachment":[{"href":"https:\/\/app.visiodrom.de\/es\/wp-json\/wp\/v2\/media?parent=5290"}],"curies":[{"name":"wp","href":"https:\/\/api.w.org\/{rel}","templated":true}]}}