{"id":5279,"date":"2025-03-13T14:57:08","date_gmt":"2025-03-13T13:57:08","guid":{"rendered":"https:\/\/app-visiodrom.pixel-tal.de\/noche-estrellada-sobre-el-rodano\/"},"modified":"2025-03-20T15:18:02","modified_gmt":"2025-03-20T14:18:02","slug":"noche-estrellada-sobre-el-rodano","status":"publish","type":"page","link":"https:\/\/app.visiodrom.de\/es\/noche-estrellada-sobre-el-rodano\/","title":{"rendered":"Noche estrellada"},"content":{"rendered":"<section class=\"gb-container gb-container-d9d80a22\">\n<div class=\"gb-container gb-container-a6fda573\">\n\n\t\t\t<div class=\"page-slider swiper\">\n\t\t\t\t\t\t\t\t<div class=\"page-slider-inner swiper-wrapper\">\n\n\t\t\t\t\t\t\t\t\n\t\t\t\t<div id=\"slide-68fd53d138c1fe2668e37a01a2e7df50\" class=\"swiper-slide slide\">\n\n\t\t\t\t\t<div class=\"acf-innerblocks-container\">\n\n<figure class=\"gb-block-image gb-block-image-97336339\"><img loading=\"lazy\" decoding=\"async\" width=\"730\" height=\"580\" class=\"gb-image gb-image-97336339\" src=\"https:\/\/app.visiodrom.de\/wp-content\/uploads\/BAL_4680375-1.jpg\" alt=\"\" title=\"BAL_4680375\" srcset=\"https:\/\/app.visiodrom.de\/wp-content\/uploads\/BAL_4680375-1.jpg 730w, https:\/\/app.visiodrom.de\/wp-content\/uploads\/BAL_4680375-1-300x238.jpg 300w\" sizes=\"auto, (max-width: 730px) 100vw, 730px\" \/>\n<figcaption class=\"gb-headline gb-headline-8f019864 gb-headline-text\"><strong>La noche estrellada sobre el R\u00f3dano,<\/strong> septiembre de 1888<br>\u00d3leo sobre lienzo, 73 x 92 cm<br>Museo de Orsay Par\u00eds, Francia<\/figcaption>\n<\/figure>\n\n\n\n<p>Vincent van Gogh tambi\u00e9n parec\u00eda buscar consuelo en sus pinturas nocturnas. El ambiente apacible y la combinaci\u00f3n de colores hablan por s\u00ed solos. <\/p>\n\n\n\n<p>La constelaci\u00f3n de la Osa Mayor es claramente visible en el centro del cielo. Van Gogh colore\u00f3 las estrellas: <strong>\u00bb<\/strong>[&#8230;] ver\u00e1s que algunas estrellas son de color lim\u00f3n, otras rosas, verdes, azules, [&#8230;] es evidente que para pintar un cielo estrellado no basta con poner puntos blancos [&#8230;] sobre negro azulado.\u00bb <\/p>\n\n\n\n<p>Los reflejos en el agua tambi\u00e9n podr\u00edan proceder de las primeras farolas el\u00e9ctricas. Esto convertir\u00eda a Van Gogh en uno de los primeros pintores en plasmar la luz el\u00e9ctrica en el lienzo. <\/p>\n\n\n\n<figure class=\"gb-block-image gb-block-image-32afffc9\"><img loading=\"lazy\" decoding=\"async\" width=\"730\" height=\"578\" class=\"gb-image gb-image-32afffc9\" src=\"https:\/\/app.visiodrom.de\/wp-content\/uploads\/BAL_702746.jpg\" alt=\"\" title=\"BAL_702746\" srcset=\"https:\/\/app.visiodrom.de\/wp-content\/uploads\/BAL_702746.jpg 730w, https:\/\/app.visiodrom.de\/wp-content\/uploads\/BAL_702746-300x238.jpg 300w\" sizes=\"auto, (max-width: 730px) 100vw, 730px\" \/>\n<figcaption class=\"gb-headline gb-headline-d20cbe0a gb-headline-text\"><strong>Noche estrellada,<\/strong> junio de 1889<br>\u00d3leo sobre lienzo, 74 x 92 cm<br>Museo de Arte Moderno de Nueva York, Estados Unidos<\/figcaption>\n<\/figure>\n\n\n\n<p>Vincent van Gogh pint\u00f3 esta famosa obra cuando estaba ingresado en el hospital psiqui\u00e1trico de Saint-R\u00e9my. Como en muchos de los cuadros de Van Gogh, las posiciones de las estrellas est\u00e1n representadas con realismo. Si Van Gogh vio realmente el v\u00f3rtice del centro, o si es un s\u00edmbolo de su estado emocional, seguir\u00e1 siendo su secreto para siempre.  <br\/><br\/>La perspectiva del cuadro transporta al espectador a una ventana del primer piso del sanatorio. Como Van Gogh s\u00f3lo pod\u00eda pintar all\u00ed bajo supervisi\u00f3n, los expertos consideran hoy probable que fuera pintado de memoria en el estudio. <\/p>\n\n<\/div>\n\t\t\t\t\t\n\t\t\t\t<\/div>\n\t\t\t\t\n\t\t\t\t\n\t\t\t\n<\/div>\n\t\t\t\t<div class=\"controls-wrapper\">\n\t\t\t\t\t<div class=\"swiper-controls\">\n\t\t\t\t\t\t<span class=\"page-swiper-button-prev\"><\/span>\n\t\t\t\t\t\t<span class=\"page-swiper-button-next\"><\/span>\n\t\t\t\t\t<\/div>\n\t\t\t\t\t<div class=\"slider-menu\">\n\t\t\t\t\t\t\t\t<nav class=\"main-navigation has-menu-bar-items sub-menu-right\" id=\"site-navigation\" aria-label=\"Principal\"  itemtype=\"https:\/\/schema.org\/SiteNavigationElement\" itemscope>\n\t\t\t<div class=\"inside-navigation grid-container\">\n\t\t\t\t\t\t\t\t<button class=\"menu-toggle\" aria-controls=\"generate-slideout-menu\" aria-expanded=\"false\">\n\t\t\t\t\t<span class=\"gp-icon icon-menu-bars\"><svg viewBox=\"0 0 512 512\" aria-hidden=\"true\" xmlns=\"http:\/\/www.w3.org\/2000\/svg\" width=\"1em\" height=\"1em\"><path d=\"M0 96c0-13.255 10.745-24 24-24h464c13.255 0 24 10.745 24 24s-10.745 24-24 24H24c-13.255 0-24-10.745-24-24zm0 160c0-13.255 10.745-24 24-24h464c13.255 0 24 10.745 24 24s-10.745 24-24 24H24c-13.255 0-24-10.745-24-24zm0 160c0-13.255 10.745-24 24-24h464c13.255 0 24 10.745 24 24s-10.745 24-24 24H24c-13.255 0-24-10.745-24-24z\" \/><\/svg><svg viewBox=\"0 0 512 512\" aria-hidden=\"true\" xmlns=\"http:\/\/www.w3.org\/2000\/svg\" width=\"1em\" height=\"1em\"><path d=\"M71.029 71.029c9.373-9.372 24.569-9.372 33.942 0L256 222.059l151.029-151.03c9.373-9.372 24.569-9.372 33.942 0 9.372 9.373 9.372 24.569 0 33.942L289.941 256l151.03 151.029c9.372 9.373 9.372 24.569 0 33.942-9.373 9.372-24.569 9.372-33.942 0L256 289.941l-151.029 151.03c-9.373 9.372-24.569 9.372-33.942 0-9.372-9.373-9.372-24.569 0-33.942L222.059 256 71.029 104.971c-9.372-9.373-9.372-24.569 0-33.942z\" \/><\/svg><\/span><span class=\"mobile-menu\">Resumen del cap\u00edtulo<\/span>\t\t\t\t<\/button>\n\t\t\t\t<div class=\"menu-bar-items\"><\/div>\t\t\t<\/div>\n\t\t<\/nav>\n\t\t\t\t\t\t\t<\/div>\n\t\t\t\t<\/div>\n\t\t\t<\/div>\n\t\t\t\n\t\t\t\n<\/div>\n<\/section>","protected":false},"excerpt":{"rendered":"","protected":false},"author":1,"featured_media":0,"parent":0,"menu_order":10,"comment_status":"closed","ping_status":"closed","template":"","meta":{"footnotes":""},"class_list":["post-5279","page","type-page","status-publish"],"acf":[],"_links":{"self":[{"href":"https:\/\/app.visiodrom.de\/es\/wp-json\/wp\/v2\/pages\/5279","targetHints":{"allow":["GET"]}}],"collection":[{"href":"https:\/\/app.visiodrom.de\/es\/wp-json\/wp\/v2\/pages"}],"about":[{"href":"https:\/\/app.visiodrom.de\/es\/wp-json\/wp\/v2\/types\/page"}],"author":[{"embeddable":true,"href":"https:\/\/app.visiodrom.de\/es\/wp-json\/wp\/v2\/users\/1"}],"replies":[{"embeddable":true,"href":"https:\/\/app.visiodrom.de\/es\/wp-json\/wp\/v2\/comments?post=5279"}],"version-history":[{"count":3,"href":"https:\/\/app.visiodrom.de\/es\/wp-json\/wp\/v2\/pages\/5279\/revisions"}],"predecessor-version":[{"id":5639,"href":"https:\/\/app.visiodrom.de\/es\/wp-json\/wp\/v2\/pages\/5279\/revisions\/5639"}],"wp:attachment":[{"href":"https:\/\/app.visiodrom.de\/es\/wp-json\/wp\/v2\/media?parent=5279"}],"curies":[{"name":"wp","href":"https:\/\/api.w.org\/{rel}","templated":true}]}}