{"id":2182,"date":"2023-08-22T13:55:58","date_gmt":"2023-08-22T11:55:58","guid":{"rendered":"https:\/\/app.visiodrom.de\/proteccion-de-datos\/"},"modified":"2023-08-22T15:16:50","modified_gmt":"2023-08-22T13:16:50","slug":"proteccion-de-datos","status":"publish","type":"page","link":"https:\/\/app.visiodrom.de\/es\/proteccion-de-datos\/","title":{"rendered":"Protecci\u00f3n de datos"},"content":{"rendered":"<section class=\"gb-container gb-container-d9d80a22\">\n<div class=\"gb-container gb-container-a6fda573\">\n<div class=\"gb-grid-wrapper gb-grid-wrapper-6995cf4b\">\n<div class=\"gb-grid-column gb-grid-column-518bc6b2\"><div class=\"gb-container gb-container-518bc6b2\">\n\n<div class=\"wp-block-pixel-headline headlines is-subheadline-bottom has-text-align-left\"><h3 class=\"headline\" style=\"color:\">1. la protecci\u00f3n de datos de un vistazo<\/h3><\/div>\n\n\n\n<div class=\"wp-block-pixel-headline headlines is-subheadline-bottom has-text-align-left\"><h4 class=\"headline\" style=\"color:\">Notas generales<\/h4><\/div>\n\n\n\n<p>Las siguientes notas ofrecen una visi\u00f3n sencilla de lo que ocurre con sus datos personales cuando visita nuestro sitio web. Los datos personales son aquellos que permiten identificarle personalmente. Si desea informaci\u00f3n detallada sobre el tema de la protecci\u00f3n de datos, consulte nuestra declaraci\u00f3n de protecci\u00f3n de datos que figura debajo de este texto.<\/p>\n\n\n\n<div class=\"wp-block-pixel-headline headlines is-subheadline-bottom has-text-align-left\"><h4 class=\"headline\" style=\"color:\">Recogida de datos en nuestro sitio web<\/h4><\/div>\n\n\n\n<p><strong>\u00bfQui\u00e9n es responsable de la recogida de datos en este sitio web?<\/strong><\/p>\n\n\n\n<p>El tratamiento de datos en este sitio web corre a cargo del operador del mismo. Encontrar\u00e1 sus datos de contacto en el pie de imprenta de este sitio web.<\/p>\n\n\n\n<p><strong>\u00bfC\u00f3mo recogemos sus datos?<\/strong><\/p>\n\n\n\n<p>Por una parte, sus datos se recogen cuando usted nos los facilita. Puede tratarse, por ejemplo, de los datos que introduzca en un formulario de contacto.<\/p>\n\n\n\n<p>Otros datos son recogidos autom\u00e1ticamente por nuestros sistemas inform\u00e1ticos cuando usted visita el sitio web. Se trata principalmente de datos t\u00e9cnicos (por ejemplo, navegador de Internet, sistema operativo o tiempo de visualizaci\u00f3n de la p\u00e1gina). Estos datos se recogen autom\u00e1ticamente en cuanto usted entra en nuestro sitio web.<\/p>\n\n\n\n<p><strong>\u00bfPara qu\u00e9 utilizamos sus datos?<\/strong><\/p>\n\n\n\n<p>Parte de los datos se recogen para garantizar un funcionamiento sin errores del sitio web. Otros datos pueden utilizarse para analizar su comportamiento como usuario.<\/p>\n\n\n\n<p><strong>\u00bfQu\u00e9 derechos tiene en relaci\u00f3n con sus datos?<\/strong><\/p>\n\n\n\n<p>Tiene derecho a recibir en cualquier momento informaci\u00f3n gratuita sobre el origen, el destinatario y la finalidad de sus datos personales almacenados. Tambi\u00e9n tiene derecho a solicitar la rectificaci\u00f3n, el bloqueo o la supresi\u00f3n de estos datos. Puede ponerse en contacto con nosotros en cualquier momento en la direcci\u00f3n indicada en el pie de imprenta en relaci\u00f3n con esta y otras cuestiones sobre el tema de la protecci\u00f3n de datos. Adem\u00e1s, tiene derecho a presentar una reclamaci\u00f3n ante la autoridad de control competente.<\/p>\n\n\n\n<div class=\"wp-block-pixel-headline headlines is-subheadline-bottom has-text-align-left\"><h4 class=\"headline\" style=\"color:\">Herramientas y herramientas de an\u00e1lisis de terceros<\/h4><\/div>\n\n\n\n<p>Al visitar nuestro sitio web, su comportamiento de navegaci\u00f3n puede evaluarse estad\u00edsticamente. Esto se hace principalmente con cookies y con los llamados programas de an\u00e1lisis. El an\u00e1lisis de su comportamiento de navegaci\u00f3n suele ser an\u00f3nimo; el comportamiento de navegaci\u00f3n no se puede rastrear hasta usted. Puede oponerse a este an\u00e1lisis o impedirlo no utilizando determinadas herramientas. Encontrar\u00e1 informaci\u00f3n detallada al respecto en la siguiente pol\u00edtica de privacidad.<\/p>\n\n\n\n<p>Puede oponerse a este an\u00e1lisis. Le informaremos sobre las opciones de objeci\u00f3n en esta pol\u00edtica de privacidad.<\/p>\n\n\n\n<div class=\"wp-block-pixel-headline headlines is-subheadline-bottom has-text-align-left\"><h3 class=\"headline\" style=\"color:\">2 Notas generales e informaci\u00f3n obligatoria<\/h3><\/div>\n\n\n\n<div class=\"wp-block-pixel-headline headlines is-subheadline-bottom has-text-align-left\"><h4 class=\"headline\" style=\"color:\">Protecci\u00f3n de datos<\/h4><\/div>\n\n\n\n<p>Los operadores de estas p\u00e1ginas se toman muy en serio la protecci\u00f3n de sus datos personales. Tratamos sus datos personales de forma confidencial y de acuerdo con la normativa legal de protecci\u00f3n de datos y esta declaraci\u00f3n de protecci\u00f3n de datos.<\/p>\n\n\n\n<p>Cuando usted utiliza este sitio web, se recogen diversos datos personales. Los datos personales son aquellos con los que se le puede identificar personalmente. Esta pol\u00edtica de privacidad explica qu\u00e9 datos recogemos y para qu\u00e9 los utilizamos. Tambi\u00e9n explica c\u00f3mo y para qu\u00e9 se hace.<\/p>\n\n\n\n<p>Nos gustar\u00eda se\u00f1alar que la transmisi\u00f3n de datos en Internet (por ejemplo, la comunicaci\u00f3n por correo electr\u00f3nico) puede presentar lagunas de seguridad. No es posible proteger completamente los datos contra el acceso de terceros.<\/p>\n\n\n\n<div class=\"wp-block-pixel-headline headlines is-subheadline-bottom has-text-align-left\"><h4 class=\"headline\" style=\"color:\">Nota sobre el organismo responsable<\/h4><\/div>\n\n\n\n<p>El responsable del tratamiento de datos de este sitio web es:<\/p>\n\n\n\n<p><strong>Visiodrom GmbH<\/strong><br\/>Friedrich-Ebert-Str. 130<br\/>42117 Wuppertal<\/p>\n\n\n\n<p>Tel\u00e9fono: <a href=\"tel:+4920243048670\">+49 202 430 486-70<\/a><br\/>Fax: +49 202 430 486-79<br\/>Correo electr\u00f3nico: <a href=\"mailto:info@visiodrom.de\">info@visiodrom.de<\/a><\/p>\n\n\n\n<p>El responsable del tratamiento es la persona f\u00edsica o jur\u00eddica que, sola o conjuntamente con otras, determina los fines y medios del tratamiento de datos personales (por ejemplo, nombres, direcciones de correo electr\u00f3nico, etc.).<\/p>\n\n\n\n<div class=\"wp-block-pixel-headline headlines is-subheadline-bottom has-text-align-left\"><h4 class=\"headline\" style=\"color:\">Revocaci\u00f3n de su consentimiento para el tratamiento de datos<\/h4><\/div>\n\n\n\n<p>Muchas operaciones de tratamiento de datos s\u00f3lo son posibles con su consentimiento expl\u00edcito. Puede revocar el consentimiento que ya ha dado en cualquier momento. S\u00f3lo tiene que enviarnos un mensaje informal por correo electr\u00f3nico. La legalidad del tratamiento de datos efectuado hasta la revocaci\u00f3n no se ver\u00e1 afectada por \u00e9sta.<\/p>\n\n\n\n<div class=\"wp-block-pixel-headline headlines is-subheadline-bottom has-text-align-left\"><h4 class=\"headline\" style=\"color:\">Derecho de recurso ante la autoridad de control competente<\/h4><\/div>\n\n\n\n<p>En caso de infracci\u00f3n de la legislaci\u00f3n sobre protecci\u00f3n de datos, el interesado tendr\u00e1 derecho a presentar una reclamaci\u00f3n ante la autoridad de control competente. La autoridad de control competente en materia de protecci\u00f3n de datos es el Comisionado de Protecci\u00f3n de Datos del Estado federado en el que tiene su sede nuestra empresa. Encontrar\u00e1 una lista de los responsables de la protecci\u00f3n de datos y sus datos de contacto en el siguiente enlace: <a href=\"https:\/\/www.bfdi.bund.de\/DE\/Infothek\/Anschriften_Links\/anschriften_links-node.html\" target=\"_blank\" rel=\"noreferrer noopener\">https:\/\/www.bfdi.bund.de\/DE\/Infothek\/Anschriften_Links\/anschriften_links-node.html.<\/a><\/p>\n\n\n\n<div class=\"wp-block-pixel-headline headlines is-subheadline-bottom has-text-align-left\"><h4 class=\"headline\" style=\"color:\">Cifrado SSL o TLS<\/h4><\/div>\n\n\n\n<p>Este sitio utiliza encriptaci\u00f3n SSL o TLS por razones de seguridad y para proteger la transmisi\u00f3n de contenido confidencial, como pedidos o consultas que nos env\u00ede como operador del sitio. Puede reconocer una conexi\u00f3n cifrada por el hecho de que la l\u00ednea de direcci\u00f3n del navegador cambia de \u00abhttp:\/\/\u00bb a \u00abhttps:\/\/\u00bb y por el s\u00edmbolo del candado en la l\u00ednea de su navegador.<\/p>\n\n\n\n<p>Si el cifrado SSL o TLS est\u00e1 activado, los datos que nos transmita no podr\u00e1n ser le\u00eddos por terceros.<\/p>\n\n\n\n<div class=\"wp-block-pixel-headline headlines is-subheadline-bottom has-text-align-left\"><h4 class=\"headline\" style=\"color:\">Informaci\u00f3n, bloqueo, supresi\u00f3n<\/h4><\/div>\n\n\n\n<p>En el marco de las disposiciones legales aplicables, usted tiene derecho en todo momento a la libre informaci\u00f3n sobre sus datos personales almacenados, su origen y destinatario y la finalidad del tratamiento de datos y, en su caso, un derecho de rectificaci\u00f3n, bloqueo o supresi\u00f3n de estos datos. Puede ponerse en contacto con nosotros en cualquier momento en la direcci\u00f3n indicada en el pie de imprenta a tal efecto y para otras cuestiones sobre el tema de los datos personales.<\/p>\n\n\n\n<div class=\"wp-block-pixel-headline headlines is-subheadline-bottom has-text-align-left\"><h3 class=\"headline\" style=\"color:\">3. recogida de datos en nuestro sitio web<\/h3><\/div>\n\n\n\n<div class=\"wp-block-pixel-headline headlines is-subheadline-bottom has-text-align-left\"><h4 class=\"headline\" style=\"color:\">Cookies<\/h4><\/div>\n\n\n\n<p>Las p\u00e1ginas de Internet utilizan en parte las denominadas cookies. Las cookies no causan ning\u00fan da\u00f1o a su ordenador y no contienen virus. Las cookies se utilizan para que nuestro sitio web sea m\u00e1s f\u00e1cil de usar, eficaz y seguro. Las cookies son peque\u00f1os archivos de texto que se almacenan en su ordenador y que guarda su navegador.<\/p>\n\n\n\n<p>La mayor\u00eda de las cookies que utilizamos son las denominadas \u00abcookies de sesi\u00f3n\u00bb. Se borran autom\u00e1ticamente al final de su visita. Otras cookies permanecen almacenadas en su dispositivo terminal hasta que usted las elimina. Estas cookies nos permiten reconocer su navegador en su pr\u00f3xima visita.<\/p>\n\n\n\n<p>Puede configurar su navegador para que le informe sobre la instalaci\u00f3n de cookies y permitirlas s\u00f3lo en casos individuales, excluir la aceptaci\u00f3n de cookies para determinados casos o en general y activar la eliminaci\u00f3n autom\u00e1tica de cookies al cerrar el navegador. Si se desactivan las cookies, la funcionalidad de este sitio web puede verse limitada.<\/p>\n\n\n\n<p>Las cookies que son necesarias para llevar a cabo el proceso de comunicaci\u00f3n electr\u00f3nica o para proporcionar ciertas funciones que usted ha solicitado (por ejemplo, la funci\u00f3n de cesta de la compra) se almacenan sobre la base del Art. 6 P\u00e1rr. 1 lit. f DSGVO almacenado. El operador del sitio web tiene un inter\u00e9s leg\u00edtimo en almacenar cookies para la prestaci\u00f3n t\u00e9cnicamente sin errores y optimizada de sus servicios. En la medida en que se almacenen otras cookies (por ejemplo, cookies para analizar su comportamiento de navegaci\u00f3n), \u00e9stas se tratan por separado en esta declaraci\u00f3n de protecci\u00f3n de datos.<\/p>\n\n\n<a href=\"#\" class=\"borlabs-cookie-preference\">\u00c4ndern Sie Ihre Cookie-Zustimmungseinstellungen.<\/a>\n\n\n\n<div class=\"wp-block-pixel-headline headlines is-subheadline-bottom has-text-align-left\"><h4 class=\"headline\" style=\"color:\">Archivos de registro del servidor<\/h4><\/div>\n\n\n\n<p>El proveedor de las p\u00e1ginas recoge y almacena autom\u00e1ticamente informaci\u00f3n en los denominados archivos de registro del servidor, que su navegador nos transmite autom\u00e1ticamente. Estos son:<\/p>\n\n\n\n<ul class=\"wp-block-list\">\n<li>Tipo y versi\u00f3n de navegador<\/li>\n\n\n\n<li>Sistema operativo utilizado<\/li>\n\n\n\n<li>URL de referencia<\/li>\n\n\n\n<li>Nombre de host del ordenador de acceso<\/li>\n\n\n\n<li>Hora de la solicitud al servidor<\/li>\n\n\n\n<li>Direcci\u00f3n IP<\/li>\n<\/ul>\n\n\n\n<p>Estos datos no se fusionan con otras fuentes de datos.<\/p>\n\n\n\n<p>La base para el tratamiento de datos es el Art. 6 para. 1 lit. f DSGVO, que permite el tratamiento de datos para la ejecuci\u00f3n de un contrato o de medidas precontractuales.<\/p>\n\n\n\n<div class=\"wp-block-pixel-headline headlines is-subheadline-bottom has-text-align-left\"><h4 class=\"headline\" style=\"color:\">Formulario de contacto<\/h4><\/div>\n\n\n\n<p>Si nos env\u00eda consultas a trav\u00e9s del formulario de contacto, sus datos del formulario de consulta, incluidos los datos de contacto que haya proporcionado all\u00ed, ser\u00e1n almacenados por nosotros con el fin de procesar la consulta y en caso de consultas de seguimiento. No transmitimos estos datos sin su consentimiento.<\/p>\n\n\n\n<p>Por lo tanto, el tratamiento de los datos introducidos en el formulario de contacto se basa exclusivamente en su consentimiento (art. 6, apdo. 1 lit. a DSGVO). Puede revocar este consentimiento en cualquier momento. S\u00f3lo tiene que enviarnos un mensaje informal por correo electr\u00f3nico. La legalidad de las operaciones de tratamiento de datos realizadas hasta la revocaci\u00f3n no se ver\u00e1 afectada por \u00e9sta.<\/p>\n\n\n\n<p>Los datos que introduzca en el formulario de contacto permanecer\u00e1n con nosotros hasta que nos solicite que los eliminemos, revoque su consentimiento para almacenarlos o deje de aplicarse el prop\u00f3sito para el que fueron almacenados (por ejemplo, despu\u00e9s de que hayamos terminado de procesar su consulta). Las disposiciones legales obligatorias -en particular los periodos de conservaci\u00f3n- no se ven afectadas.<\/p>\n\n\n\n<div class=\"wp-block-pixel-headline headlines is-subheadline-bottom has-text-align-left\"><h3 class=\"headline\" style=\"color:\">4. herramientas de an\u00e1lisis y publicidad<\/h3><\/div>\n\n\n\n<div class=\"wp-block-pixel-headline headlines is-subheadline-bottom has-text-align-left\"><h4 class=\"headline\" style=\"color:\">Google Analytics<\/h4><\/div>\n\n\n\n<p>Este sitio web utiliza funciones del servicio de an\u00e1lisis web Google Analytics. El proveedor es Google Inc, 1600 Amphitheatre Parkway, Mountain View, CA 94043, EE.UU..<\/p>\n\n\n\n<p>Google Analytics utiliza las denominadas \u00abcookies\u00bb. Se trata de archivos de texto que se almacenan en su ordenador y permiten analizar el uso que usted hace del sitio web. La informaci\u00f3n que genera la cookie acerca de su uso de este sitio web se transmite generalmente a un servidor de Google en los EE.UU. y se almacena all\u00ed.<\/p>\n\n\n\n<p>Las cookies de Google Analytics se almacenan sobre la base del Art. 6 para. 1 lit. f GDPR. El operador del sitio web tiene un inter\u00e9s leg\u00edtimo en analizar el comportamiento de los usuarios para optimizar tanto su sitio web como su publicidad.<\/p>\n\n\n\n<p><strong>Anonimizaci\u00f3n de IP<\/strong><\/p>\n\n\n\n<p>Hemos activado la funci\u00f3n de anonimizaci\u00f3n de IP en este sitio web. Esto significa que su direcci\u00f3n IP ser\u00e1 acortada por Google dentro de los estados miembros de la Uni\u00f3n Europea o en otros estados contratantes del Acuerdo sobre el Espacio Econ\u00f3mico Europeo antes de ser transmitida a los Estados Unidos. S\u00f3lo en casos excepcionales se transmitir\u00e1 la direcci\u00f3n IP completa a un servidor de Google en EE.UU. y se acortar\u00e1 all\u00ed. En nombre del operador de este sitio web, Google usar\u00e1 esta informaci\u00f3n con el prop\u00f3sito de evaluar su uso del sitio web, recopilando informes de la actividad del sitio web y prestando otros servicios relacionados con la actividad del sitio web y el uso de Internet al operador del sitio web. La direcci\u00f3n IP transmitida por su navegador como parte de Google Analytics no se fusionar\u00e1 con otros datos de Google.<\/p>\n\n\n\n<p><strong>Plugin del navegador<\/strong><\/p>\n\n\n\n<p>Usted puede rechazar el uso de cookies seleccionando la configuraci\u00f3n apropiada en su navegador; no obstante, tenga en cuenta que si lo hace es posible que no pueda utilizar todas las funciones de este sitio web. Tambi\u00e9n puede evitar la recopilaci\u00f3n de datos generados por la cookie y relacionados con su uso del sitio web (incluida su direcci\u00f3n IP) por parte de Google y el procesamiento de estos datos por parte de Google descargando e instalando el complemento del navegador disponible en el siguiente enlace: <a href=\"https:\/\/tools.google.com\/dlpage\/gaoptout?hl=de\" target=\"_blank\" rel=\"noreferrer noopener\">https:\/\/tools.google.com\/dlpage\/gaoptout?hl=de.<\/a><\/p>\n\n\n\n<p><strong>Tratamiento de datos de pedidos<\/strong><\/p>\n\n\n\n<p>Hemos celebrado un contrato de procesamiento de datos de pedidos con Google y aplicamos plenamente los estrictos requisitos de las autoridades alemanas de protecci\u00f3n de datos cuando utilizamos Google Analytics.<\/p>\n\n\n\n<p><strong>Caracter\u00edsticas demogr\u00e1ficas en Google Analytics<\/strong><\/p>\n\n\n\n<p>Este sitio web utiliza la funci\u00f3n \u00abcaracter\u00edsticas demogr\u00e1ficas\u00bb de Google Analytics. Esto permite crear informes que contienen datos sobre la edad, el sexo y los intereses de los visitantes del sitio. Estos datos proceden de la publicidad basada en intereses de Google y de los datos de visitas de terceros proveedores. Estos datos no pueden asignarse a una persona concreta. Puede desactivar esta funci\u00f3n en cualquier momento a trav\u00e9s de la configuraci\u00f3n de anuncios de su cuenta de Google o, en general, prohibir la recopilaci\u00f3n de sus datos por parte de Google Analytics, tal y como se indica en el punto \u00abObjeci\u00f3n a la recopilaci\u00f3n de datos\u00bb.<\/p>\n\n<\/div><\/div>\n<\/div>\n<\/div>\n<\/section>","protected":false},"excerpt":{"rendered":"","protected":false},"author":1,"featured_media":0,"parent":0,"menu_order":17,"comment_status":"closed","ping_status":"closed","template":"","meta":{"footnotes":""},"class_list":["post-2182","page","type-page","status-publish"],"acf":[],"_links":{"self":[{"href":"https:\/\/app.visiodrom.de\/es\/wp-json\/wp\/v2\/pages\/2182","targetHints":{"allow":["GET"]}}],"collection":[{"href":"https:\/\/app.visiodrom.de\/es\/wp-json\/wp\/v2\/pages"}],"about":[{"href":"https:\/\/app.visiodrom.de\/es\/wp-json\/wp\/v2\/types\/page"}],"author":[{"embeddable":true,"href":"https:\/\/app.visiodrom.de\/es\/wp-json\/wp\/v2\/users\/1"}],"replies":[{"embeddable":true,"href":"https:\/\/app.visiodrom.de\/es\/wp-json\/wp\/v2\/comments?post=2182"}],"version-history":[{"count":2,"href":"https:\/\/app.visiodrom.de\/es\/wp-json\/wp\/v2\/pages\/2182\/revisions"}],"predecessor-version":[{"id":2190,"href":"https:\/\/app.visiodrom.de\/es\/wp-json\/wp\/v2\/pages\/2182\/revisions\/2190"}],"wp:attachment":[{"href":"https:\/\/app.visiodrom.de\/es\/wp-json\/wp\/v2\/media?parent=2182"}],"curies":[{"name":"wp","href":"https:\/\/api.w.org\/{rel}","templated":true}]}}