{"id":5230,"date":"2025-03-13T16:28:57","date_gmt":"2025-03-13T15:28:57","guid":{"rendered":"https:\/\/app-visiodrom.pixel-tal.de\/rebel-of-the-avant-garde\/"},"modified":"2025-03-20T15:13:16","modified_gmt":"2025-03-20T14:13:16","slug":"rebel-of-the-avant-garde","status":"publish","type":"page","link":"https:\/\/app.visiodrom.de\/en\/rebel-of-the-avant-garde\/","title":{"rendered":"Rebel of the Avant-garde"},"content":{"rendered":"<section class=\"gb-container gb-container-d9d80a22\">\n<div class=\"gb-container gb-container-a6fda573\">\n\n\t\t\t<div class=\"page-slider swiper\">\n\t\t\t\t\t\t\t\t<div class=\"page-slider-inner swiper-wrapper\">\n\n\t\t\t\t\t\t\t\t\n\t\t\t\t<div id=\"slide-4a9bd0b9f45dff86be0e868d45ae6e4a\" class=\"swiper-slide slide\">\n\n\t\t\t\t\t<div class=\"acf-innerblocks-container\">\n\n<div class=\"wp-block-pixel-headline headlines is-subheadline-bottom has-text-align-left\"><h3 class=\"headline\" style=\"color:\"><strong>Van Gogh&#8217;s Influences on Other Painters<\/strong><\/h3><\/div>\n\n\n\n<p><strong>Influence on Modernism<\/strong><\/p>\n\n\n\n<p>Around 1880, the Impressionists formed the painterly avant-garde. They ignored the &#8216;common rules of painting&#8217; to bring their own subjective impression of nature to the canvas. However, it was always meant to remain a realistic impression of nature. Thus, colors were always reproduced true to nature. Van Gogh did not submit to these restrictions. He used color to express the feelings he experienced when observing nature. Perhaps without consciously intending to, Van Gogh became the pioneer for coming generations of painters who, thanks to his example, now reproduced their &#8216;inner impression of things&#8217; in their paintings with absolute freedom, without external rules. Young artists, impressed by Van Gogh&#8217;s courage and representation, soon called him the &#8216;Father of Modernism&#8217;.       <\/p>\n\n\n\n<figure class=\"gb-block-image gb-block-image-b85bfa9d\"><img loading=\"lazy\" decoding=\"async\" width=\"730\" height=\"609\" class=\"gb-image gb-image-b85bfa9d\" src=\"https:\/\/app.visiodrom.de\/wp-content\/uploads\/BAL_5377694.jpg\" alt=\"\" title=\"BAL_5377694\" srcset=\"https:\/\/app.visiodrom.de\/wp-content\/uploads\/BAL_5377694.jpg 730w, https:\/\/app.visiodrom.de\/wp-content\/uploads\/BAL_5377694-300x250.jpg 300w\" sizes=\"auto, (max-width: 730px) 100vw, 730px\" \/>\n<figcaption class=\"gb-headline gb-headline-3101d83a gb-headline-text\"><strong>Fishing Boats in Collioure, <\/strong>1905<strong><br><\/strong>Andr\u00e9 Derain (1880\u20131954)<br>Oil on canvas, 38 x 46 cm<br>Museum of Modern Art New York United States<\/figcaption>\n<\/figure>\n\n\n\n<p>Andr\u00e9 Derain (1880\u20131954) was, alongside Henri Matisse (1869\u20131954) and Maurice de Vlaminck (1876\u20131958), one of the main representatives of Fauvism, an art movement characterized by vibrant colors and expressive use of color. Van Gogh had already painted his boats in 1888 with large areas of color that don&#8217;t really follow perspective, as they are too two-dimensional. <\/p>\n\n\n\n<figure class=\"gb-block-image gb-block-image-2e107d36\"><img loading=\"lazy\" decoding=\"async\" width=\"730\" height=\"590\" class=\"gb-image gb-image-2e107d36\" src=\"https:\/\/app.visiodrom.de\/wp-content\/uploads\/BAL_1765541.jpg\" alt=\"\" title=\"BAL_1765541\" srcset=\"https:\/\/app.visiodrom.de\/wp-content\/uploads\/BAL_1765541.jpg 730w, https:\/\/app.visiodrom.de\/wp-content\/uploads\/BAL_1765541-300x242.jpg 300w\" sizes=\"auto, (max-width: 730px) 100vw, 730px\" \/>\n<figcaption class=\"gb-headline gb-headline-d8658495 gb-headline-text\"><strong>Fishing Boats at Les Saintes-Maries-de-la-Mer, <\/strong>June 1888<strong><br><\/strong>Vincent van Gogh (1853\u20131890)<br>Oil on canvas, 65 x 82 cm<br>Van Gogh Museum Amsterdam, Netherlands<\/figcaption>\n<\/figure>\n\n<\/div>\n\t\t\t\t\t\n\t\t\t\t<\/div>\n\t\t\t\t\n\t\t\t\t\n\t\t\t\n\n\n\t\t\t\t\t\t\t\t\n\t\t\t\t<div id=\"slide-4a9bd0b9f45dff86be0e868d45ae6e4a\" class=\"swiper-slide slide\">\n\n\t\t\t\t\t<div class=\"acf-innerblocks-container\">\n\n<figure class=\"gb-block-image gb-block-image-ea1d6324\"><img loading=\"lazy\" decoding=\"async\" width=\"730\" height=\"886\" class=\"gb-image gb-image-ea1d6324\" src=\"https:\/\/app.visiodrom.de\/wp-content\/uploads\/BAL_11741305.jpg\" alt=\"\" title=\"BAL_11741305\" srcset=\"https:\/\/app.visiodrom.de\/wp-content\/uploads\/BAL_11741305.jpg 730w, https:\/\/app.visiodrom.de\/wp-content\/uploads\/BAL_11741305-247x300.jpg 247w\" sizes=\"auto, (max-width: 730px) 100vw, 730px\" \/>\n<figcaption class=\"gb-headline gb-headline-5d93e1d2 gb-headline-text\"><strong>Self-portrait, <\/strong>1904<strong><br><\/strong>Alexej von Jawlensky (1865\u20131941)<br>Oil on canvas, 48 x 59 cm<br>Private Collection<\/figcaption>\n<\/figure>\n\n\n\n<figure class=\"gb-block-image gb-block-image-14fa0ac8\"><img loading=\"lazy\" decoding=\"async\" width=\"730\" height=\"886\" class=\"gb-image gb-image-14fa0ac8\" src=\"https:\/\/app.visiodrom.de\/wp-content\/uploads\/BAL_5404481.jpg\" alt=\"\" title=\"BAL_5404481\" srcset=\"https:\/\/app.visiodrom.de\/wp-content\/uploads\/BAL_5404481.jpg 730w, https:\/\/app.visiodrom.de\/wp-content\/uploads\/BAL_5404481-247x300.jpg 247w\" sizes=\"auto, (max-width: 730px) 100vw, 730px\" \/>\n<figcaption class=\"gb-headline gb-headline-edced97d gb-headline-text\"><strong>Self-portrait with Felt Hat, <\/strong>Winter 1887\/88<strong><br><\/strong>Vincent van Gogh (1853\u20131890)<br>Oil on canvas, 44 x 38 cm<br>Van Gogh Museum Amsterdam, Netherlands<\/figcaption>\n<\/figure>\n\n\n\n<p>The German-Russian Expressionist Alexej von Jawlensky was co-founder of the artists&#8217; group &#8216;Blue Rider&#8217; in Munich, together with Wassily Kandinsky and Franz Marc. Unlike Van Gogh, however, the brushwork in the background does not follow the contour of the head. <\/p>\n\n\n\n<figure class=\"gb-block-image gb-block-image-25ea2209\"><img loading=\"lazy\" decoding=\"async\" width=\"730\" height=\"577\" class=\"gb-image gb-image-25ea2209\" src=\"https:\/\/app.visiodrom.de\/wp-content\/uploads\/BAL_1765646.jpg\" alt=\"\" title=\"BAL_1765646\" srcset=\"https:\/\/app.visiodrom.de\/wp-content\/uploads\/BAL_1765646.jpg 730w, https:\/\/app.visiodrom.de\/wp-content\/uploads\/BAL_1765646-300x237.jpg 300w\" sizes=\"auto, (max-width: 730px) 100vw, 730px\" \/>\n<figcaption class=\"gb-headline gb-headline-044f48c1 gb-headline-text\"><strong>Almond Blossom,<\/strong> February 1890<strong><br><\/strong>Vincent van Gogh (1853\u20131890)<br>Oil on canvas, 73 x 92 cm<br>Van Gogh Museum Amsterdam, Netherlands<\/figcaption>\n<\/figure>\n\n\n\n<figure class=\"gb-block-image gb-block-image-0d24a64f\"><img loading=\"lazy\" decoding=\"async\" width=\"730\" height=\"1424\" class=\"gb-image gb-image-0d24a64f\" src=\"https:\/\/app.visiodrom.de\/wp-content\/uploads\/BAL_5400562.jpg\" alt=\"\" title=\"BAL_5400562\" srcset=\"https:\/\/app.visiodrom.de\/wp-content\/uploads\/BAL_5400562.jpg 730w, https:\/\/app.visiodrom.de\/wp-content\/uploads\/BAL_5400562-154x300.jpg 154w, https:\/\/app.visiodrom.de\/wp-content\/uploads\/BAL_5400562-525x1024.jpg 525w\" sizes=\"auto, (max-width: 730px) 100vw, 730px\" \/>\n<figcaption class=\"gb-headline gb-headline-e458fd21 gb-headline-text\"><strong>The Red Tree, <\/strong>1905<strong><br><\/strong>Odilon Redon (1840\u20131916)<br>Glue tempera on canvas, 173 x 88 cm<br>Van Gogh Museum Amsterdam, Netherlands<\/figcaption>\n<\/figure>\n\n\n\n<p>Similar motif \u2013 same statement. Odilon Redon took the motif of the almond blossom and enhanced the spiritual dimension from Van Gogh&#8217;s work with a Buddha figure under his tree. <\/p>\n\n<\/div>\n\t\t\t\t\t\n\t\t\t\t<\/div>\n\t\t\t\t\n\t\t\t\t\n\t\t\t\n\n\n\t\t\t\t\t\t\t\t\n\t\t\t\t<div id=\"slide-4a9bd0b9f45dff86be0e868d45ae6e4a\" class=\"swiper-slide slide\">\n\n\t\t\t\t\t<div class=\"acf-innerblocks-container\">\n\n<div class=\"wp-block-pixel-headline headlines is-subheadline-bottom has-text-align-left\"><h3 class=\"headline\" style=\"color:\">To the 1st&#8230; to the 2nd&#8230; and&#8230; to the 3rd!  <\/h3><\/div>\n\n\n\n<div class=\"wp-block-pixel-headline headlines is-subheadline-bottom has-text-align-left\"><h4 class=\"headline\" style=\"color:\"><strong>The Most Expensive &#8216;Van Goghs&#8217; of All Time<\/strong><\/h4><\/div>\n\n\n\n<figure class=\"gb-block-image gb-block-image-8e0351e5\"><img loading=\"lazy\" decoding=\"async\" width=\"730\" height=\"880\" class=\"gb-image gb-image-8e0351e5\" src=\"https:\/\/app.visiodrom.de\/wp-content\/uploads\/BAL_2639904.jpg\" alt=\"\" title=\"BAL_2639904\" srcset=\"https:\/\/app.visiodrom.de\/wp-content\/uploads\/BAL_2639904.jpg 730w, https:\/\/app.visiodrom.de\/wp-content\/uploads\/BAL_2639904-249x300.jpg 249w\" sizes=\"auto, (max-width: 730px) 100vw, 730px\" \/>\n<figcaption class=\"gb-headline gb-headline-2467d305 gb-headline-text\"><strong>Title: Portrait of Dr. Gachet<\/strong><br><strong>Date:<\/strong> 15.5.1990<br><strong>Seller:<\/strong> Heirs of Siegfried Kramarsky<br><strong>Buyer:<\/strong> Sait\u014d Ry\u014dei<br><strong>Price: <\/strong>82.5 million $<br><strong>Location:<\/strong> Christie&#8217;s New York<\/figcaption>\n<\/figure>\n\n\n\n<figure class=\"gb-block-image gb-block-image-b8c07b04\"><img loading=\"lazy\" decoding=\"async\" width=\"730\" height=\"562\" class=\"gb-image gb-image-b8c07b04\" src=\"https:\/\/app.visiodrom.de\/wp-content\/uploads\/BAL_40070.jpg\" alt=\"\" title=\"BAL_40070\" srcset=\"https:\/\/app.visiodrom.de\/wp-content\/uploads\/BAL_40070.jpg 730w, https:\/\/app.visiodrom.de\/wp-content\/uploads\/BAL_40070-300x231.jpg 300w\" sizes=\"auto, (max-width: 730px) 100vw, 730px\" \/>\n<figcaption class=\"gb-headline gb-headline-041f3002 gb-headline-text\"><strong>Title: Irises<\/strong><br><strong>Date:<\/strong> 11.11. 1987 <br><strong>Seller:<\/strong> John Whitney Payson<br><strong>Buyer:<\/strong> Alan Bond<br><strong>Price: <\/strong>53.9 million $<br><strong>Location:<\/strong> Sotheby&#8217;s New York<\/figcaption>\n<\/figure>\n\n\n\n<figure class=\"gb-block-image gb-block-image-2388a259\"><img loading=\"lazy\" decoding=\"async\" width=\"730\" height=\"919\" class=\"gb-image gb-image-2388a259\" src=\"https:\/\/app.visiodrom.de\/wp-content\/uploads\/BAL_119794.jpg\" alt=\"\" title=\"BAL_119794\" srcset=\"https:\/\/app.visiodrom.de\/wp-content\/uploads\/BAL_119794.jpg 730w, https:\/\/app.visiodrom.de\/wp-content\/uploads\/BAL_119794-238x300.jpg 238w\" sizes=\"auto, (max-width: 730px) 100vw, 730px\" \/>\n<figcaption class=\"gb-headline gb-headline-f3894660 gb-headline-text\"><strong>Title:<\/strong> <strong>Fifteen Sunflowers in a Vase<\/strong><br><strong>Date:<\/strong> 30.3.1987<br><strong>Seller:<\/strong> Helen G. Beatty<br><strong>Buyer:<\/strong> Yasuda Insurance Japan<br><strong>Price: <\/strong>39.9 million $<br><strong>Location:<\/strong> Christie&#8217;s London<\/figcaption>\n<\/figure>\n\n\n\n<p>All these paintings were the most expensive painting of all time in their day. Notable: Only three years separate the sale of the &#8216;Sunflowers&#8217; and the &#8216;Portrait of Dr. Gachet&#8217;. The price doubled in this time.  <\/p>\n\n<\/div>\n\t\t\t\t\t\n\t\t\t\t<\/div>\n\t\t\t\t\n\t\t\t\t\n\t\t\t\n\n\n\t\t\t\t\t\t\t\t\n\t\t\t\t<div id=\"slide-4a9bd0b9f45dff86be0e868d45ae6e4a\" class=\"swiper-slide slide\">\n\n\t\t\t\t\t<div class=\"acf-innerblocks-container\">\n\n<div class=\"wp-block-pixel-headline headlines is-subheadline-bottom has-text-align-left\"><h3 class=\"headline\" style=\"color:\">The Most Expensive Paintings in the World (As of 2024)<\/h3><\/div>\n\n\n\n<figure class=\"gb-block-image gb-block-image-bb009045\"><img loading=\"lazy\" decoding=\"async\" width=\"730\" height=\"1056\" class=\"gb-image gb-image-bb009045\" src=\"https:\/\/app.visiodrom.de\/wp-content\/uploads\/BAL_5385563-1.jpg\" alt=\"\" title=\"BAL_5385563\" srcset=\"https:\/\/app.visiodrom.de\/wp-content\/uploads\/BAL_5385563-1.jpg 730w, https:\/\/app.visiodrom.de\/wp-content\/uploads\/BAL_5385563-1-207x300.jpg 207w, https:\/\/app.visiodrom.de\/wp-content\/uploads\/BAL_5385563-1-708x1024.jpg 708w\" sizes=\"auto, (max-width: 730px) 100vw, 730px\" \/>\n<figcaption class=\"gb-headline gb-headline-f0ae1cac gb-headline-text\"><strong>Title: Salvator Mundi,<\/strong> Leonardo da Vinci<br><strong>Date:<\/strong> 15.11. 2017 <br><strong>Seller:<\/strong> Dmitry Yevgenyevich Rybolovlev<br><strong>Buyer:<\/strong> Department of Culture and Tourism, Abu Dhabi<br><strong>Price: <\/strong>450.3 million $<br><strong>Location:<\/strong> Christie&#8217;s New York<\/figcaption>\n<\/figure>\n\n\n<div class=\"gb-container gb-container-99939b28\">\n\n<p class=\"has-text-align-center\">Image cannot be shown due to copyright reasons.<\/p>\n\n<\/div>\n\n\n<p><em><strong>Title: Shot Sage Blue,<\/strong> Marilyn Andy Warhol<br\/><strong>Date:<\/strong> 10.5.2022<br\/><strong>Seller:<\/strong> Thomas and Doris Ammann Foundation<br\/><strong>Buyer:<\/strong> unknown<br\/><strong>Price: <\/strong>195.04 million $<br\/><strong>Location:<\/strong> Christie&#8217;s New York<\/em><\/p>\n\n\n<div class=\"gb-container gb-container-8d851d1c\">\n\n<p class=\"has-text-align-center\">Image cannot be shown due to copyright reasons.<\/p>\n\n<\/div>\n\n\n<p><em><strong>Title: The Women of Algiers<\/strong> (Version &#8216;O&#8217;), Pablo Picasso<br\/><strong>Date:<\/strong> 11.5.2015<br\/><strong>Seller:<\/strong> unknown<br\/><strong>Buyer:<\/strong> unknown<br\/><strong>Price: <\/strong>179.4 million $<br\/><strong>Location:<\/strong> Christie&#8217;s New York<\/em><\/p>\n\n\n\n<figure class=\"gb-block-image gb-block-image-bda66a54\"><img loading=\"lazy\" decoding=\"async\" width=\"730\" height=\"484\" class=\"gb-image gb-image-bda66a54\" src=\"https:\/\/app.visiodrom.de\/wp-content\/uploads\/BAL_2899511-1.jpg\" alt=\"\" title=\"BAL_2899511\" srcset=\"https:\/\/app.visiodrom.de\/wp-content\/uploads\/BAL_2899511-1.jpg 730w, https:\/\/app.visiodrom.de\/wp-content\/uploads\/BAL_2899511-1-300x199.jpg 300w\" sizes=\"auto, (max-width: 730px) 100vw, 730px\" \/>\n<figcaption class=\"gb-headline gb-headline-d929ffc9 gb-headline-text\"><strong>Title: Nu couch\u00e9,<\/strong> Amedeo Clemente Modigliani<br><strong>Date:<\/strong> 9.11.2015 <br><strong>Seller:<\/strong> Laura Mattioli Rossi<br><strong>Buyer:<\/strong> Long Museum China<br><strong>Price: <\/strong>170.4 million $<br><strong>Location:<\/strong> Christie&#8217;s New York<\/figcaption>\n<\/figure>\n\n\n\n<figure class=\"gb-block-image gb-block-image-3ac506ab\"><img loading=\"lazy\" decoding=\"async\" width=\"730\" height=\"441\" class=\"gb-image gb-image-3ac506ab\" src=\"https:\/\/app.visiodrom.de\/wp-content\/uploads\/BAL_5946554.jpg\" alt=\"\" title=\"BAL_5946554\" srcset=\"https:\/\/app.visiodrom.de\/wp-content\/uploads\/BAL_5946554.jpg 730w, https:\/\/app.visiodrom.de\/wp-content\/uploads\/BAL_5946554-300x181.jpg 300w\" sizes=\"auto, (max-width: 730px) 100vw, 730px\" \/>\n<figcaption class=\"gb-headline gb-headline-ce73f6fb gb-headline-text\"><strong>Title: Nu couch\u00e9 (sur le c\u00f4t\u00e9 gauche),<\/strong> Amedeo Clemente Modigliani<br><strong>Date:<\/strong> 14.5.2018<br><strong>Seller:<\/strong> unknown<br><strong>Buyer:<\/strong> unknown<br><strong>Price: <\/strong>157 million $<br><strong>Location:<\/strong> Sotheby&#8217;s New York<\/figcaption>\n<\/figure>\n\n\n<div class=\"gb-container gb-container-28f38100\">\n\n<p class=\"has-text-align-center\">Image cannot be shown due to copyright reasons.<\/p>\n\n<\/div>\n\n\n<p><em><strong>Title: Three Studies of Lucian Freud,<\/strong> Francis Bacon<br\/><strong>Date:<\/strong> 11.2013<br\/><strong>Seller:<\/strong> unknown<br\/><strong>Buyer:<\/strong> unknown<br\/><strong>Price: <\/strong>142.4 million $<br\/><strong>Location:<\/strong> Christie&#8217;s New York<\/em><\/p>\n\n\n\n<figure class=\"gb-block-image gb-block-image-a4a9c9af\"><img loading=\"lazy\" decoding=\"async\" width=\"730\" height=\"581\" class=\"gb-image gb-image-a4a9c9af\" src=\"https:\/\/app.visiodrom.de\/wp-content\/uploads\/BAL_9019541.jpg\" alt=\"\" title=\"BAL_9019541\" srcset=\"https:\/\/app.visiodrom.de\/wp-content\/uploads\/BAL_9019541.jpg 730w, https:\/\/app.visiodrom.de\/wp-content\/uploads\/BAL_9019541-300x239.jpg 300w\" sizes=\"auto, (max-width: 730px) 100vw, 730px\" \/>\n<figcaption class=\"gb-headline gb-headline-5f78fc22 gb-headline-text\"><strong>Title: Les Poseuses<\/strong> (small version), Georges Seurat<br><strong>Date:<\/strong> 9.11.2022 <br><strong>Seller:<\/strong> Heirs of Paul Allen<br><strong>Buyer:<\/strong> unknown<br><strong>Price: <\/strong>149.2 million $<br><strong>Location:<\/strong> Christie&#8217;s New York<\/figcaption>\n<\/figure>\n\n\n<div class=\"gb-container gb-container-ba86c6d5\">\n\n<p class=\"has-text-align-center\">Image cannot be shown due to copyright reasons.<\/p>\n\n<\/div>\n\n\n<p><em><strong>Title: No. 5, 1948,<\/strong> Jackson Pollock<br\/><strong>Date:<\/strong> 2.11.2006<br\/><strong>Seller:<\/strong> David Geffen<br\/><strong>Buyer:<\/strong> unknown<br\/><strong>Price: <\/strong>140 million $<br\/><strong>Location:<\/strong> Private sale through Sotheby&#8217;s<\/em><\/p>\n\n\n<div class=\"gb-container gb-container-d8b3f1c9\">\n\n<p class=\"has-text-align-center\">Image cannot be shown due to copyright reasons.<\/p>\n\n<\/div>\n\n\n<p><em><strong>Title: Femme \u00e0 la montre,<\/strong> Pablo Picasso<br\/><strong>Date:<\/strong> 8.11.2023 <br\/><strong>Seller:<\/strong> Heirs of Emily Fisher Landau<br\/><strong>Buyer:<\/strong> unknown<br\/><strong>Price: <\/strong>139.4 million $<br\/><strong>Location:<\/strong> Sotheby&#8217;s New York<\/em><\/p>\n\n\n\n<figure class=\"gb-block-image gb-block-image-2eef59c0\"><img loading=\"lazy\" decoding=\"async\" width=\"730\" height=\"586\" class=\"gb-image gb-image-2eef59c0\" src=\"https:\/\/app.visiodrom.de\/wp-content\/uploads\/BAL_4654643-1.jpg\" alt=\"\" title=\"JLJ4654643\" srcset=\"https:\/\/app.visiodrom.de\/wp-content\/uploads\/BAL_4654643-1.jpg 730w, https:\/\/app.visiodrom.de\/wp-content\/uploads\/BAL_4654643-1-300x241.jpg 300w\" sizes=\"auto, (max-width: 730px) 100vw, 730px\" \/>\n<figcaption class=\"gb-headline gb-headline-513cd384 gb-headline-text\"><strong>Title: Montagne Sainte-Victoire,<\/strong> Paul C\u00e9zanne<br><strong>Date:<\/strong> 9.11.2022<br><strong>Seller:<\/strong> Heirs of Paul Allen<br><strong>Buyer:<\/strong> unknown<br><strong>Price: <\/strong>137.8 million $<br><strong>Location:<\/strong> Christie&#8217;s New York<\/figcaption>\n<\/figure>\n\n\n\n<figure class=\"gb-block-image gb-block-image-01e028dd\"><img loading=\"lazy\" decoding=\"async\" width=\"730\" height=\"586\" class=\"gb-image gb-image-01e028dd\" src=\"https:\/\/app.visiodrom.de\/wp-content\/uploads\/BAL_7345250.jpg\" alt=\"\" title=\"BAL_7345250\" srcset=\"https:\/\/app.visiodrom.de\/wp-content\/uploads\/BAL_7345250.jpg 730w, https:\/\/app.visiodrom.de\/wp-content\/uploads\/BAL_7345250-300x241.jpg 300w\" sizes=\"auto, (max-width: 730px) 100vw, 730px\" \/>\n<figcaption class=\"gb-headline gb-headline-b3a40523 gb-headline-text\"><strong>Title: Orchard with Cypresses,<\/strong> Vincent van Gogh<br><strong>Date:<\/strong> 9.11.2022 <br><strong>Seller:<\/strong> Heirs of Paul Allen<br><strong>Buyer:<\/strong> unknown<br><strong>Price: <\/strong>117.2 million $<br><strong>Location:<\/strong> Christie&#8217;s New York<\/figcaption>\n<\/figure>\n\n<\/div>\n\t\t\t\t\t\n\t\t\t\t<\/div>\n\t\t\t\t\n\t\t\t\t\n\t\t\t\n\n\n\t\t\t\t\t\t\t\t\n\t\t\t\t<div id=\"slide-4a9bd0b9f45dff86be0e868d45ae6e4a\" class=\"swiper-slide slide\">\n\n\t\t\t\t\t<div class=\"acf-innerblocks-container\">\n\n<div class=\"wp-block-pixel-headline headlines is-subheadline-bottom has-text-align-left\"><h3 class=\"headline\" style=\"color:\">Van Gogh \u2013 Today<\/h3><\/div>\n\n\n\n<p>About 100 years after Van Gogh&#8217;s death, his paintings reached a market value that corresponded to their art historical significance. In 1987, a &#8216;Van Gogh&#8217; became the &#8216;most expensive painting in the world&#8217; twice in a row \u2013 and for the third time in 1990. In 2022, the painting &#8216;Orchard with Cypresses&#8217; achieved a price of over 100 million dollars at an auction in New York.<br\/>Such astronomical sums have so far only been paid for works by 14 artists worldwide<br\/>(as of 2024).  <\/p>\n\n\n\n<figure class=\"gb-block-image gb-block-image-925e40e3\"><img loading=\"lazy\" decoding=\"async\" width=\"730\" height=\"880\" class=\"gb-image gb-image-925e40e3\" src=\"https:\/\/app.visiodrom.de\/wp-content\/uploads\/BAL_2639904.jpg\" alt=\"\" title=\"BAL_2639904\" srcset=\"https:\/\/app.visiodrom.de\/wp-content\/uploads\/BAL_2639904.jpg 730w, https:\/\/app.visiodrom.de\/wp-content\/uploads\/BAL_2639904-249x300.jpg 249w\" sizes=\"auto, (max-width: 730px) 100vw, 730px\" \/>\n<figcaption class=\"gb-headline gb-headline-6cf5f505 gb-headline-text\">Portrait of Dr. Gachet, June 1890<strong><br>Price: 82.5 million dollars<\/strong><br>Oil on canvas, 67 x 56 cm<br>Private collection<\/figcaption>\n<\/figure>\n\n\n\n<figure class=\"gb-block-image gb-block-image-4da4bdfd\"><img loading=\"lazy\" decoding=\"async\" width=\"730\" height=\"562\" class=\"gb-image gb-image-4da4bdfd\" src=\"https:\/\/app.visiodrom.de\/wp-content\/uploads\/BAL_40070.jpg\" alt=\"\" title=\"BAL_40070\" srcset=\"https:\/\/app.visiodrom.de\/wp-content\/uploads\/BAL_40070.jpg 730w, https:\/\/app.visiodrom.de\/wp-content\/uploads\/BAL_40070-300x231.jpg 300w\" sizes=\"auto, (max-width: 730px) 100vw, 730px\" \/>\n<figcaption class=\"gb-headline gb-headline-8a294dc2 gb-headline-text\">Irises, May 1889<br><strong>Price: 53.9 million dollars<\/strong><br>Oil on canvas, 71 x 93 cm<br>J. Paul Getty Museum Los Angeles<br>United States<\/figcaption>\n<\/figure>\n\n\n\n<figure class=\"gb-block-image gb-block-image-0f25f929\"><img loading=\"lazy\" decoding=\"async\" width=\"730\" height=\"919\" class=\"gb-image gb-image-0f25f929\" src=\"https:\/\/app.visiodrom.de\/wp-content\/uploads\/BAL_119794.jpg\" alt=\"\" title=\"BAL_119794\" srcset=\"https:\/\/app.visiodrom.de\/wp-content\/uploads\/BAL_119794.jpg 730w, https:\/\/app.visiodrom.de\/wp-content\/uploads\/BAL_119794-238x300.jpg 238w\" sizes=\"auto, (max-width: 730px) 100vw, 730px\" \/>\n<figcaption class=\"gb-headline gb-headline-c5f60733 gb-headline-text\">Sunflowers, January 1889<strong><br>Price: 39.9 million dollars<\/strong><br>Oil on canvas, 95 x 73 cm<br>Sompo Museum of Art Tokyo, Japan<\/figcaption>\n<\/figure>\n\n\n\n<figure class=\"gb-block-image gb-block-image-2e8da37e\"><img loading=\"lazy\" decoding=\"async\" width=\"730\" height=\"586\" class=\"gb-image gb-image-2e8da37e\" src=\"https:\/\/app.visiodrom.de\/wp-content\/uploads\/BAL_7345250.jpg\" alt=\"\" title=\"BAL_7345250\" srcset=\"https:\/\/app.visiodrom.de\/wp-content\/uploads\/BAL_7345250.jpg 730w, https:\/\/app.visiodrom.de\/wp-content\/uploads\/BAL_7345250-300x241.jpg 300w\" sizes=\"auto, (max-width: 730px) 100vw, 730px\" \/>\n<figcaption class=\"gb-headline gb-headline-876b6508 gb-headline-text\">Orchard with Cypresses, April 1888<strong><br>Price: 117.2 million dollars<\/strong><br>Oil on canvas, 65 x 81 cm<br>Private collection<\/figcaption>\n<\/figure>\n\n\n\n<p>The blossoming fruit trees around Arles reminded Van Gogh of Japanese woodcuts, which he greatly admired. He arrived in Arles in the spring of 1888, and blossoming fruit trees in the open air were among his favorite motifs. <\/p>\n\n<\/div>\n\t\t\t\t\t\n\t\t\t\t<\/div>\n\t\t\t\t\n\t\t\t\t\n\t\t\t\n<\/div>\n\t\t\t\t<div class=\"controls-wrapper\">\n\t\t\t\t\t<div class=\"swiper-controls\">\n\t\t\t\t\t\t<span class=\"page-swiper-button-prev\"><\/span>\n\t\t\t\t\t\t<span class=\"page-swiper-button-next\"><\/span>\n\t\t\t\t\t<\/div>\n\t\t\t\t\t<div class=\"slider-menu\">\n\t\t\t\t\t\t\t\t<nav class=\"main-navigation has-menu-bar-items sub-menu-right\" id=\"site-navigation\" aria-label=\"Primary\"  itemtype=\"https:\/\/schema.org\/SiteNavigationElement\" itemscope>\n\t\t\t<div class=\"inside-navigation grid-container\">\n\t\t\t\t\t\t\t\t<button class=\"menu-toggle\" aria-controls=\"generate-slideout-menu\" aria-expanded=\"false\">\n\t\t\t\t\t<span class=\"gp-icon icon-menu-bars\"><svg viewBox=\"0 0 512 512\" aria-hidden=\"true\" xmlns=\"http:\/\/www.w3.org\/2000\/svg\" width=\"1em\" height=\"1em\"><path d=\"M0 96c0-13.255 10.745-24 24-24h464c13.255 0 24 10.745 24 24s-10.745 24-24 24H24c-13.255 0-24-10.745-24-24zm0 160c0-13.255 10.745-24 24-24h464c13.255 0 24 10.745 24 24s-10.745 24-24 24H24c-13.255 0-24-10.745-24-24zm0 160c0-13.255 10.745-24 24-24h464c13.255 0 24 10.745 24 24s-10.745 24-24 24H24c-13.255 0-24-10.745-24-24z\" \/><\/svg><svg viewBox=\"0 0 512 512\" aria-hidden=\"true\" xmlns=\"http:\/\/www.w3.org\/2000\/svg\" width=\"1em\" height=\"1em\"><path d=\"M71.029 71.029c9.373-9.372 24.569-9.372 33.942 0L256 222.059l151.029-151.03c9.373-9.372 24.569-9.372 33.942 0 9.372 9.373 9.372 24.569 0 33.942L289.941 256l151.03 151.029c9.372 9.373 9.372 24.569 0 33.942-9.373 9.372-24.569 9.372-33.942 0L256 289.941l-151.029 151.03c-9.373 9.372-24.569 9.372-33.942 0-9.372-9.373-9.372-24.569 0-33.942L222.059 256 71.029 104.971c-9.372-9.373-9.372-24.569 0-33.942z\" \/><\/svg><\/span><span class=\"mobile-menu\">Chapter overview<\/span>\t\t\t\t<\/button>\n\t\t\t\t<div class=\"menu-bar-items\"><\/div>\t\t\t<\/div>\n\t\t<\/nav>\n\t\t\t\t\t\t\t<\/div>\n\t\t\t\t<\/div>\n\t\t\t<\/div>\n\t\t\t\n\t\t\t\n<\/div>\n<\/section>","protected":false},"excerpt":{"rendered":"","protected":false},"author":1,"featured_media":0,"parent":0,"menu_order":13,"comment_status":"closed","ping_status":"closed","template":"","meta":{"footnotes":""},"class_list":["post-5230","page","type-page","status-publish"],"acf":[],"_links":{"self":[{"href":"https:\/\/app.visiodrom.de\/en\/wp-json\/wp\/v2\/pages\/5230","targetHints":{"allow":["GET"]}}],"collection":[{"href":"https:\/\/app.visiodrom.de\/en\/wp-json\/wp\/v2\/pages"}],"about":[{"href":"https:\/\/app.visiodrom.de\/en\/wp-json\/wp\/v2\/types\/page"}],"author":[{"embeddable":true,"href":"https:\/\/app.visiodrom.de\/en\/wp-json\/wp\/v2\/users\/1"}],"replies":[{"embeddable":true,"href":"https:\/\/app.visiodrom.de\/en\/wp-json\/wp\/v2\/comments?post=5230"}],"version-history":[{"count":3,"href":"https:\/\/app.visiodrom.de\/en\/wp-json\/wp\/v2\/pages\/5230\/revisions"}],"predecessor-version":[{"id":5606,"href":"https:\/\/app.visiodrom.de\/en\/wp-json\/wp\/v2\/pages\/5230\/revisions\/5606"}],"wp:attachment":[{"href":"https:\/\/app.visiodrom.de\/en\/wp-json\/wp\/v2\/media?parent=5230"}],"curies":[{"name":"wp","href":"https:\/\/api.w.org\/{rel}","templated":true}]}}